{"id":8390,"date":"2016-11-18T09:48:15","date_gmt":"2016-11-18T14:48:15","guid":{"rendered":"http:\/\/52.229.122.34\/fr\/?page_id=8390"},"modified":"2021-05-07T15:27:53","modified_gmt":"2021-05-07T19:27:53","slug":"on-avance-en-bref","status":"publish","type":"page","link":"https:\/\/www.ottawahospital.on.ca\/fr\/services-cliniques\/deptpgrmcs\/programmes\/le-programme-regional-dintervention-a-la-premiere-crise-de-psychose-du-district-champlain\/on-avance-en-bref\/","title":{"rendered":"\u00abOn avance \u00bb  en bref"},"content":{"rendered":"<h2>Le programme \u00ab On avance \u00bb en bref<\/h2>\n<p>Le programme \u00ab On avance \u00bb est un service communautaire de L\u2019H\u00f4pital d\u2019Ottawa. Ses locaux sont situ\u00e9s dans l\u2019immeuble de soins m\u00e9dicaux professionnels en face du centre commercial Billings Bridge. On y prodigue des soins aux gens de 16 \u00e0 35 ans qui vivent un \u00e9pisode psychotique.<\/p>\n<p>En collaboration avec la personne psychotique et sa famille, nous offrons des traitements de sant\u00e9 mentale, des renseignements, une prise en charge et bien d\u2019autres services essentiels afin d\u2019aider ces gens \u00e0 se remettre sur la bonne voie.<\/p>\n<p>Les patientes et patients orient\u00e9s vers \u00ab On avance \u00bb obtiennent rapidement une \u00e9valuation de d\u00e9pistage qui permettra de savoir s\u2019ils obtiendront des soins dans le cadre du programme ou si on les dirigera vers d\u2019autres programmes ou ressources.<\/p>\n<p>S\u2019il y a lieu, on s\u2019attend \u00e0 ce que le m\u00e9decin orienteur garde contact avec la patiente ou le patient et l\u2019accepte de nouveau dans son cabinet apr\u00e8s la fin du programme. \u00ab On avance \u00bb offre des traitements pendant une p\u00e9riode allant jusqu\u2019\u00e0 trois ans.<\/p>\n<h2>Faits sur \u00ab On avance \u00bb :<\/h2>\n<ul>\n<li>Le programme dessert le district de Champlain (de Deep River \u00e0 Cornwall), qui compte environ 1,2 million de personnes.<\/li>\n<li>On y accepte les personnes suivantes de 16 \u00e0 35 ans vivant un \u00e9pisode psychotique :\n<ul>\n<li>Elles ont d\u00e9j\u00e0 re\u00e7u des traitements pendant moins de six moins;<\/li>\n<li>Leurs sympt\u00f4mes ne d\u00e9coulent pas de l\u2019abus de drogues ni d\u2019autres probl\u00e8mes de sant\u00e9 mentale.<\/li>\n<\/ul>\n<\/li>\n<li>\u00ab On avance \u00bb est un service bilingue (fran\u00e7ais et anglais).<\/li>\n<li>Le programme compte divers partenariats avec des organismes communautaires de sant\u00e9 et de services sociaux, notamment l\u2019Association canadienne pour la sant\u00e9 mentale, la Corporation Salus d\u2019Ottawa, les centres de sant\u00e9 communautaire, l\u2019\u00c9quipe mobile d\u2019intervention en cas de crise, la Soci\u00e9t\u00e9 de schizophr\u00e9nie, etc.<\/li>\n<\/ul>\n<h2>L\u2019\u00e9quipe en bref<\/h2>\n<p>L\u2019\u00e9quipe se compose des professionnelles et professionnels suivants :<\/p>\n<ul>\n<li>du personnel administratif<\/li>\n<li>une di\u00e9t\u00e9tiste<\/li>\n<li>un neuropsychologue<\/li>\n<li>une ergoth\u00e9rapeute<\/li>\n<li>des psychiatres<\/li>\n<li>des psychologues<\/li>\n<li>une th\u00e9rapeute en loisirs<\/li>\n<li>des infirmi\u00e8res autoris\u00e9es et des infirmiers autoris\u00e9s<\/li>\n<li>des travailleuses sociales inscrites<\/li>\n<li>du personnel de recherche<\/li>\n<li>des \u00e9tudiantes et des r\u00e9sidents terminant leur formation sp\u00e9cialis\u00e9e sous la supervision du personnel<\/li>\n<\/ul>\n<h2>Pour nous joindre<\/h2>\n<p>Courriel : <a href=\"mailto:ontrack@toh.ca\">ontrack@toh.ca<\/a><\/p>\n","protected":false},"excerpt":{"rendered":"<p>Le programme \u00ab On avance \u00bb en bref Le programme \u00ab On avance \u00bb est un service communautaire de L\u2019H\u00f4pital d\u2019Ottawa. Ses locaux sont situ\u00e9s dans l\u2019immeuble de soins m\u00e9dicaux professionnels en face du centre commercial Billings Bridge. On y prodigue des soins aux gens de 16 \u00e0 35 ans qui vivent un \u00e9pisode psychotique. [&hellip;]<\/p>\n","protected":false},"author":25,"featured_media":0,"parent":8338,"menu_order":3,"comment_status":"closed","ping_status":"closed","template":"","meta":{"_acf_changed":false,"_mc_calendar":[],"footnotes":""},"class_list":["post-8390","page","type-page","status-publish","hentry"],"acf":[],"wps_subtitle":"","_links":{"self":[{"href":"https:\/\/www.ottawahospital.on.ca\/fr\/wp-json\/wp\/v2\/pages\/8390","targetHints":{"allow":["GET"]}}],"collection":[{"href":"https:\/\/www.ottawahospital.on.ca\/fr\/wp-json\/wp\/v2\/pages"}],"about":[{"href":"https:\/\/www.ottawahospital.on.ca\/fr\/wp-json\/wp\/v2\/types\/page"}],"author":[{"embeddable":true,"href":"https:\/\/www.ottawahospital.on.ca\/fr\/wp-json\/wp\/v2\/users\/25"}],"replies":[{"embeddable":true,"href":"https:\/\/www.ottawahospital.on.ca\/fr\/wp-json\/wp\/v2\/comments?post=8390"}],"version-history":[{"count":0,"href":"https:\/\/www.ottawahospital.on.ca\/fr\/wp-json\/wp\/v2\/pages\/8390\/revisions"}],"up":[{"embeddable":true,"href":"https:\/\/www.ottawahospital.on.ca\/fr\/wp-json\/wp\/v2\/pages\/8338"}],"wp:attachment":[{"href":"https:\/\/www.ottawahospital.on.ca\/fr\/wp-json\/wp\/v2\/media?parent=8390"}],"curies":[{"name":"wp","href":"https:\/\/api.w.org\/{rel}","templated":true}]}}