{"id":8384,"date":"2016-11-18T09:46:37","date_gmt":"2016-11-18T14:46:37","guid":{"rendered":"http:\/\/52.229.122.34\/fr\/?page_id=8384"},"modified":"2016-11-18T09:46:37","modified_gmt":"2016-11-18T14:46:37","slug":"quelque-chose-ne-va-pas","status":"publish","type":"page","link":"https:\/\/www.ottawahospital.on.ca\/fr\/services-cliniques\/deptpgrmcs\/programmes\/le-programme-regional-dintervention-a-la-premiere-crise-de-psychose-du-district-champlain\/savoir-reconnaitre-les-symptoms\/quelque-chose-ne-va-pas\/","title":{"rendered":"Quelque chose ne va pas"},"content":{"rendered":"<p>\u00ab J\u2019ai peur. Je ne sais pas ce qui se passe! \u00bb<\/p>\n<p>Si vous croyez avoir des sympt\u00f4mes psychotiques, n\u2019ayez pas peur ni honte de demander de l\u2019aide! La psychose <em>n\u2019est pas<\/em> un probl\u00e8me avec lequel on peut composer seul. Bien des ressources sont \u00e0 votre disposition. Parlez-en \u00e0 votre famille, \u00e0 vos amis, \u00e0 votre m\u00e9decin, \u00e0 votre conseill\u00e8re, ou appelez-nous.<\/p>\n<p>Les situations suivantes sont des signes potentiels de psychose :<\/p>\n<ul>\n<li>Vous constatez une modification de vos pens\u00e9es. Par exemple, souvent, vous avez peur ou vivez de l\u2019anxi\u00e9t\u00e9.<\/li>\n<li>Vous ne voulez plus vous tenir avec vos amis, ou ces derniers se demandent pourquoi vous avez chang\u00e9.<\/li>\n<li>Vous restez debout la nuit et dormez toute la journ\u00e9e.<\/li>\n<li>Vous ne comprenez pas ce que les gens disent.<\/li>\n<li>Les autres comprennent difficilement ce que vous dites.<\/li>\n<li>Des \u00e9motions vous submergent. La peur succ\u00e8de \u00e0 la tristesse. La col\u00e8re, la frustration ou la suspicion des autres vous envahissent.<\/li>\n<li>Vous croyez que d\u2019autres veulent contr\u00f4ler vos pens\u00e9es.<\/li>\n<li>Il est difficile de se concentrer sur ses \u00e9tudes. Par cons\u00e9quent, vos notes en souffrent et vous ne prenez plus plaisir \u00e0 faire du sport ou d\u2019autres activit\u00e9s.<\/li>\n<li>Vous entendez des voix \u00e9tranges et vous ne savez pas si elles sont r\u00e9elles.<\/li>\n<li>Vous avez simplement envie de ne rien faire.<\/li>\n<\/ul>\n","protected":false},"excerpt":{"rendered":"<p>\u00ab J\u2019ai peur. Je ne sais pas ce qui se passe! \u00bb Si vous croyez avoir des sympt\u00f4mes psychotiques, n\u2019ayez pas peur ni honte de demander de l\u2019aide! La psychose n\u2019est pas un probl\u00e8me avec lequel on peut composer seul. Bien des ressources sont \u00e0 votre disposition. Parlez-en \u00e0 votre famille, \u00e0 vos amis, \u00e0 [&hellip;]<\/p>\n","protected":false},"author":25,"featured_media":0,"parent":8375,"menu_order":2,"comment_status":"closed","ping_status":"closed","template":"","meta":{"_acf_changed":false,"_mc_calendar":[],"footnotes":""},"class_list":["post-8384","page","type-page","status-publish","hentry"],"acf":[],"wps_subtitle":"","_links":{"self":[{"href":"https:\/\/www.ottawahospital.on.ca\/fr\/wp-json\/wp\/v2\/pages\/8384","targetHints":{"allow":["GET"]}}],"collection":[{"href":"https:\/\/www.ottawahospital.on.ca\/fr\/wp-json\/wp\/v2\/pages"}],"about":[{"href":"https:\/\/www.ottawahospital.on.ca\/fr\/wp-json\/wp\/v2\/types\/page"}],"author":[{"embeddable":true,"href":"https:\/\/www.ottawahospital.on.ca\/fr\/wp-json\/wp\/v2\/users\/25"}],"replies":[{"embeddable":true,"href":"https:\/\/www.ottawahospital.on.ca\/fr\/wp-json\/wp\/v2\/comments?post=8384"}],"version-history":[{"count":0,"href":"https:\/\/www.ottawahospital.on.ca\/fr\/wp-json\/wp\/v2\/pages\/8384\/revisions"}],"up":[{"embeddable":true,"href":"https:\/\/www.ottawahospital.on.ca\/fr\/wp-json\/wp\/v2\/pages\/8375"}],"wp:attachment":[{"href":"https:\/\/www.ottawahospital.on.ca\/fr\/wp-json\/wp\/v2\/media?parent=8384"}],"curies":[{"name":"wp","href":"https:\/\/api.w.org\/{rel}","templated":true}]}}