{"id":8380,"date":"2016-11-18T09:45:16","date_gmt":"2016-11-18T14:45:16","guid":{"rendered":"http:\/\/52.229.122.34\/fr\/?page_id=8380"},"modified":"2016-11-18T09:45:16","modified_gmt":"2016-11-18T14:45:16","slug":"pourrait-il-sagir-de-psychose","status":"publish","type":"page","link":"https:\/\/www.ottawahospital.on.ca\/fr\/services-cliniques\/deptpgrmcs\/programmes\/le-programme-regional-dintervention-a-la-premiere-crise-de-psychose-du-district-champlain\/savoir-reconnaitre-les-symptoms\/pourrait-il-sagir-de-psychose\/","title":{"rendered":"Pourrait-il s&rsquo;agir de psychose?"},"content":{"rendered":"<h2>Quelque chose ne va pas&#8230;<\/h2>\n<p>La sant\u00e9 de votre fils, de votre fille ou d\u2019un ami vous pr\u00e9occupe-t-elle? Son comportement vous rend perplexe? Avez-vous l\u2019impression que quelque chose ne va pas?<\/p>\n<h2>La confusion et la peur, c\u2019est normal<\/h2>\n<p>Les familles et les amis sont souvent perplexes, incertains et ils ont peur lorsqu\u2019ils voient des changements inhabituels s\u2019op\u00e9rant chez quelqu\u2019un. Les membres de la famille ont aussi souvent un autre point de vue de la situation. La psychose se d\u00e9veloppe parfois tr\u00e8s lentement sur quelques ann\u00e9es; dans d\u2019autres cas, les sympt\u00f4mes apparaissent soudainement. C\u2019est pourquoi il est parfois plus facile de la d\u00e9tecter que dans d\u2019autres situations.<\/p>\n<h2>Il est normal que les personnes souffrant de psychose veuillent cacher la maladie<\/h2>\n<p>En outre, la situation se complique du fait que bien des gens ne veulent dire \u00e0 personne qu\u2019ils ont des sympt\u00f4mes, soit parce qu\u2019ils sont incapables d\u2019exprimer verbalement ce qu\u2019ils vivent ou ressentent, soit qu\u2019ils ont peur que leur entourage participe \u00e0 une conspiration. Parfois, on peut s\u2019aider mutuellement \u00e0 comprendre en posant des questions \u00e0 la personne sur son comportement \u00e9trange.<\/p>\n<h2>Il est important d\u2019obtenir de l\u2019aide!<\/h2>\n<p>Quelle que soit la situation, si une personne qui vous est ch\u00e8re ressent des sympt\u00f4mes de psychose, il faut lui prodiguer des soins m\u00e9dicaux d\u00e8s que possible!<\/p>\n","protected":false},"excerpt":{"rendered":"<p>Quelque chose ne va pas&#8230; La sant\u00e9 de votre fils, de votre fille ou d\u2019un ami vous pr\u00e9occupe-t-elle? Son comportement vous rend perplexe? Avez-vous l\u2019impression que quelque chose ne va pas? La confusion et la peur, c\u2019est normal Les familles et les amis sont souvent perplexes, incertains et ils ont peur lorsqu\u2019ils voient des changements [&hellip;]<\/p>\n","protected":false},"author":25,"featured_media":0,"parent":8375,"menu_order":1,"comment_status":"closed","ping_status":"closed","template":"","meta":{"_acf_changed":false,"_mc_calendar":[],"footnotes":""},"class_list":["post-8380","page","type-page","status-publish","hentry"],"acf":[],"wps_subtitle":"","_links":{"self":[{"href":"https:\/\/www.ottawahospital.on.ca\/fr\/wp-json\/wp\/v2\/pages\/8380","targetHints":{"allow":["GET"]}}],"collection":[{"href":"https:\/\/www.ottawahospital.on.ca\/fr\/wp-json\/wp\/v2\/pages"}],"about":[{"href":"https:\/\/www.ottawahospital.on.ca\/fr\/wp-json\/wp\/v2\/types\/page"}],"author":[{"embeddable":true,"href":"https:\/\/www.ottawahospital.on.ca\/fr\/wp-json\/wp\/v2\/users\/25"}],"replies":[{"embeddable":true,"href":"https:\/\/www.ottawahospital.on.ca\/fr\/wp-json\/wp\/v2\/comments?post=8380"}],"version-history":[{"count":0,"href":"https:\/\/www.ottawahospital.on.ca\/fr\/wp-json\/wp\/v2\/pages\/8380\/revisions"}],"up":[{"embeddable":true,"href":"https:\/\/www.ottawahospital.on.ca\/fr\/wp-json\/wp\/v2\/pages\/8375"}],"wp:attachment":[{"href":"https:\/\/www.ottawahospital.on.ca\/fr\/wp-json\/wp\/v2\/media?parent=8380"}],"curies":[{"name":"wp","href":"https:\/\/api.w.org\/{rel}","templated":true}]}}