{"id":8375,"date":"2016-11-18T09:43:24","date_gmt":"2016-11-18T14:43:24","guid":{"rendered":"http:\/\/52.229.122.34\/fr\/?page_id=8375"},"modified":"2016-12-14T13:53:21","modified_gmt":"2016-12-14T18:53:21","slug":"savoir-reconnaitre-les-symptoms","status":"publish","type":"page","link":"https:\/\/www.ottawahospital.on.ca\/fr\/services-cliniques\/deptpgrmcs\/programmes\/le-programme-regional-dintervention-a-la-premiere-crise-de-psychose-du-district-champlain\/savoir-reconnaitre-les-symptoms\/","title":{"rendered":"Savoir reconna\u00eetre les symptoms"},"content":{"rendered":"<h2>Les sympt\u00f4mes de la psychose :<\/h2>\n<p>Si votre ami ou un membre de la famille ressent l\u2019un ou l\u2019autre des signes ou sympt\u00f4mes suivants, veuillez en discuter avec votre m\u00e9decin ou <a href=\"\/fr\/services-cliniques\/deptpgrmcs\/programmes\/le-programme-regional-dintervention-a-la-premiere-crise-de-psychose-du-district-champlain\/pour-nous-joindre\/\">communiquez avec nous.<\/a><\/p>\n<ul>\n<li>#Desvoixoudesbruitsquepersonnedautrenepeutentendre\u00a0\u00bb&gt;des voix ou des bruits que personne d\u2019autre ne peut entendre;<\/li>\n<li><a href=\"#Desvisionsquepersonnedautrenepeutconstater\">des visions que personne d\u2019autre ne peut constater;<\/a><\/li>\n<li><a href=\"#Descroyancesfaussesoutranges\">des croyances fausses ou \u00e9tranges;<\/a><\/li>\n<li><a href=\"#Limpressiondtrepourchass\">l\u2019impression d\u2019\u00eatre pourchass\u00e9;<\/a><\/li>\n<li><a href=\"#Desmodificationsdelapenseoudellocution\">des modifications de la pens\u00e9e ou de l\u2019\u00e9locution;<\/a><\/li>\n<li><a href=\"#Deschangementsdecomportement\">des changements de comportement.<\/a><\/li>\n<\/ul>\n<h2 id=\"Desvoixoudesbruitsquepersonnedautrenepeutentendre\">Des voix ou des bruits que personne d\u2019autre ne peut entendre<\/h2>\n<p>Les <em>hallucinations<\/em> sont l\u2019un des signes les plus \u00e9vidents de psychose. Si une personne entend des voix ou des bruits non perceptibles par les autres, il s\u2019agit <em>d\u2019hallucinations auditives<\/em>. Par exemple, il peut s\u2019agir de voix dictant une conduite, de murmures, de commentaires sur ce qu\u2019elle fait et\/ou de d\u00e9nigrement \u00e0 son \u00e9gard. Ces voix peuvent \u00eatre d\u00e9rangeantes et d\u00e9routantes. Dans un tel cas, la personne est souvent distraite et ne se concentre pas sur ce que vous lui dites. Elle d\u00e9tourne parfois la t\u00eate ou regarde autour comme si elle r\u00e9pondait \u00e0 une voix.<\/p>\n<h2 id=\"Desvisionsquepersonnedautrenepeutconstater\">Des visions que personne d\u2019autre ne peut constater<\/h2>\n<p>Une personne psychotique voit parfois des choses invisibles pour les autres. Ce sont des <em>hallucinations visuelles<\/em>. Il peut s\u2019agir d\u2019ombres, de gens sortant du plancher, d\u2019insectes, de couleuvres ou de serpents. Dans ce cas, la personne touch\u00e9e pr\u00e9f\u00e8re demeurer dans l\u2019obscurit\u00e9 ou garder les lumi\u00e8res allum\u00e9es en tout temps.<\/p>\n<h2 id=\"Descroyancesfaussesoutranges\">Des croyances fausses ou \u00e9tranges<\/h2>\n<p>Autre sympt\u00f4me manifeste de psychose : le d\u00e9veloppement de croyances fausses ou \u00e9tranges, soit du <em>d\u00e9lire<\/em>. Le terme s\u2019entend de croyances erron\u00e9es qui semblent r\u00e9elles pour la personne, mais qu\u2019il est impossible pour les autres de croire.<\/p>\n<p>Il existe quelques formes de d\u00e9lire :<\/p>\n<ul>\n<li>Certaines personnes croient qu\u2019elles ont un probl\u00e8me physique, bien que les tests et examens ne le confirment pas. On parle alors de <em>d\u00e9lires somatiques<\/em>.<\/li>\n<li>D\u2019autres pensent qu\u2019on parle d\u2019elles \u00e0 la radio ou \u00e0 la t\u00e9l\u00e9vision. Cela fait partie des <em>d\u00e9lires de r\u00e9f\u00e9rence<\/em>.<\/li>\n<li>La personne psychotique d\u00e9veloppe parfois des <em>id\u00e9es de grandeur<\/em> (elle croit par exemple que Dieu lui a confi\u00e9 une mission particuli\u00e8re, elle se prend pour un superh\u00e9ros ou une vedette rock).<\/li>\n<\/ul>\n<h2 id=\"Limpressiondtrepourchass\">L\u2019impression d\u2019\u00eatre pourchass\u00e9<\/h2>\n<p>Les d\u00e9lires paranormaux comptent parmi les plus effrayants. Dans de tels cas, le sujet a peur de situations qu\u2019il n\u2019est pas facile de saisir pour les autres. Par exemple, la personne psychotique croit que des gens lui veulent du mal, qu\u2019on la suit, qu\u2019elle est victime d\u2019une conspiration ou qu\u2019on la surveille. Elle s\u2019imagine parfois qu\u2019on manipule les t\u00e9l\u00e9phones et les ordinateurs ou qu\u2019on a install\u00e9 des cam\u00e9ras pour la surveiller. Enfin, elle est parfois convaincue que sa famille essaie de l\u2019empoisonner.<\/p>\n<p>Parmi les signes de parano\u00efa, notons les suivants :<\/p>\n<ul>\n<li>la suspicion;<\/li>\n<li>le verrouillage des portes;<\/li>\n<li>le plus grand secret;<\/li>\n<li>le refus de quitter son domicile ou de sortir le soir;<\/li>\n<li>le d\u00e9branchement des ordinateurs;<\/li>\n<li>le fait de se d\u00e9guiser, de se cacher sous une cape, un capuchon ou de porter des lunettes de soleil;<\/li>\n<li>la volont\u00e9 exprim\u00e9e de partir ou l\u2019indication que d\u2019autres personnes se comportent de mani\u00e8re \u00e9trange par rapport \u00e0 la personne psychotique;<\/li>\n<li>le fait d\u2019avoir un couteau ou un b\u00e2ton de baseball \u00e0 port\u00e9e de main, ou de dormir avec l\u2019un ou l\u2019autre pr\u00e8s de soi pour se prot\u00e9ger.<\/li>\n<\/ul>\n<h2 id=\"Desmodificationsdelapenseoudellocution\">Des modifications de la pens\u00e9e ou de l\u2019\u00e9locution<\/h2>\n<p>D\u2019autres changements subtils se produisent parfois, par exemple la modification de la pens\u00e9e, mais il est plus difficile de les associer \u00e0 de possibles sympt\u00f4mes de psychose. On peut noter que la personne en cause commence \u00e0 communiquer difficilement. Par exemple, elle divague et il est difficile de suivre sa pens\u00e9e. Il lui est difficile de se concentrer et de se souvenir de certaines choses, ou elle peine \u00e0 organiser, \u00e0 planifier ou \u00e0 terminer des t\u00e2ches.<\/p>\n<h2 id=\"Deschangementsdecomportement\">Des changements de comportement<\/h2>\n<p>Avant l\u2019apparition de tous ces sympt\u00f4mes, habituellement, le comportement a d\u00e9j\u00e0 chang\u00e9, mais ces changements sont tr\u00e8s difficilement attribuables \u00e0 la psychose. Ils se produisent parfois si lentement que la famille et les amis ne s\u2019en aper\u00e7oivent pas. \u00c0 l\u2019inverse, s\u2019ils s\u2019en rendent compte, ils les attribueront \u00e0 d\u2019autres facteurs, par exemple un enfant ou un adolescent qui a chang\u00e9 d\u2019\u00e9cole, s\u2019est fait de nouveaux amis, des \u00e9v\u00e9nements survenus dans la famille, le stress, la consommation de drogues ou les processus normaux associ\u00e9s \u00e0 l\u2019adolescence.<\/p>\n<p>Voici quelques changements de comportement :<\/p>\n<ul>\n<li>une sociabilit\u00e9 r\u00e9duite et un isolement accru;<\/li>\n<li>la modification des habitudes de sommeil, par exemple rester debout la nuit et dormir durant le jour;<\/li>\n<li>la diminution graduelle du rendement scolaire, une motivation r\u00e9duite, une participation moindre aux activit\u00e9s que la personne aimait auparavant;<\/li>\n<li>une humeur changeante ou maussade, une anxi\u00e9t\u00e9 apparente ou une l\u00e9g\u00e8re suspicion;<\/li>\n<li>la consommation de marijuana.<\/li>\n<\/ul>\n","protected":false},"excerpt":{"rendered":"<p>Les sympt\u00f4mes de la psychose : Si votre ami ou un membre de la famille ressent l\u2019un ou l\u2019autre des signes ou sympt\u00f4mes suivants, veuillez en discuter avec votre m\u00e9decin ou communiquez avec nous. #Desvoixoudesbruitsquepersonnedautrenepeutentendre\u00a0\u00bb&gt;des voix ou des bruits que personne d\u2019autre ne peut entendre; des visions que personne d\u2019autre ne peut constater; des croyances [&hellip;]<\/p>\n","protected":false},"author":25,"featured_media":0,"parent":8338,"menu_order":2,"comment_status":"closed","ping_status":"closed","template":"","meta":{"_acf_changed":false,"_mc_calendar":[],"footnotes":""},"class_list":["post-8375","page","type-page","status-publish","hentry"],"acf":[],"wps_subtitle":"","_links":{"self":[{"href":"https:\/\/www.ottawahospital.on.ca\/fr\/wp-json\/wp\/v2\/pages\/8375","targetHints":{"allow":["GET"]}}],"collection":[{"href":"https:\/\/www.ottawahospital.on.ca\/fr\/wp-json\/wp\/v2\/pages"}],"about":[{"href":"https:\/\/www.ottawahospital.on.ca\/fr\/wp-json\/wp\/v2\/types\/page"}],"author":[{"embeddable":true,"href":"https:\/\/www.ottawahospital.on.ca\/fr\/wp-json\/wp\/v2\/users\/25"}],"replies":[{"embeddable":true,"href":"https:\/\/www.ottawahospital.on.ca\/fr\/wp-json\/wp\/v2\/comments?post=8375"}],"version-history":[{"count":0,"href":"https:\/\/www.ottawahospital.on.ca\/fr\/wp-json\/wp\/v2\/pages\/8375\/revisions"}],"up":[{"embeddable":true,"href":"https:\/\/www.ottawahospital.on.ca\/fr\/wp-json\/wp\/v2\/pages\/8338"}],"wp:attachment":[{"href":"https:\/\/www.ottawahospital.on.ca\/fr\/wp-json\/wp\/v2\/media?parent=8375"}],"curies":[{"name":"wp","href":"https:\/\/api.w.org\/{rel}","templated":true}]}}