{"id":83708,"date":"2024-08-15T10:17:52","date_gmt":"2024-08-15T14:17:52","guid":{"rendered":"https:\/\/www.ottawahospital.on.ca\/?page_id=83708"},"modified":"2025-07-09T10:11:23","modified_gmt":"2025-07-09T14:11:23","slug":"karen-gordon","status":"publish","type":"page","link":"https:\/\/www.ottawahospital.on.ca\/fr\/about-us\/notre-equipe-de-direction\/conseil-des-gouverneurs\/membres-du-conseil\/karen-gordon\/","title":{"rendered":"Karen Gordon"},"content":{"rendered":"<div class=\"wp-block-image is-style-default\">\n<figure class=\"alignleft size-full is-resized\"><img decoding=\"async\" width=\"377\" height=\"466\" src=\"https:\/\/www.ottawahospital.on.ca\/wp-content\/uploads\/2024\/08\/Karen-Gordon-Black-Background-1-002.jpg\" alt=\"Karen Gordon\" class=\"wp-image-83706\" style=\"width:184px\" srcset=\"https:\/\/www.ottawahospital.on.ca\/wp-content\/uploads\/2024\/08\/Karen-Gordon-Black-Background-1-002.jpg 377w, https:\/\/www.ottawahospital.on.ca\/wp-content\/uploads\/2024\/08\/Karen-Gordon-Black-Background-1-002-243x300.jpg 243w\" sizes=\"(max-width: 377px) 100vw, 377px\" \/><figcaption class=\"wp-element-caption\">Karen Gordon<\/figcaption><\/figure>\n<\/div>\n\n\n<p>Karen est directrice de Gordon Strategy. Elle poss\u00e8de plus de 20 ans d\u2019exp\u00e9rience en prestation de conseils \u00e0 de grands cabinets d\u2019avocats et \u00e0 leurs entreprises clientes, \u00e0 des employeurs, \u00e0 des organismes de services d\u2019urgence ainsi qu\u2019\u00e0 des ligues et \u00e0 des clubs sportifs.<\/p>\n\n\n\n<p>Elle offre une expertise approfondie et strat\u00e9gique en communications dans des domaines de pratique, y compris les litiges commerciaux et les relations de travail ainsi que la gestion des crises et des incidents. \u00c9minemment reconnue pour ses connaissances en communications, elle appara\u00eet r\u00e9guli\u00e8rement \u00e0 la radio et \u00e0 la t\u00e9l\u00e9vision \u00e0 titre d\u2019experte-commentatrice.<\/p>\n\n\n\n<p>Native de Manotick, Karen est pr\u00e9sidente de Ken Gordon Holdings, un bureau de gestion de patrimoine familial qui se concentre sur la promotion et l\u2019investissement immobiliers. Elle est membre du conseil d\u2019administration de la Soci\u00e9t\u00e9 des loteries et des jeux de l\u2019Ontario (OLG) et pr\u00e9sidente du conseil d\u2019administration de la Trafalgar Castle School.<\/p>\n","protected":false},"excerpt":{"rendered":"<p>Karen est directrice de Gordon Strategy. Elle poss\u00e8de plus de 20 ans d\u2019exp\u00e9rience en prestation de conseils \u00e0 de grands cabinets d\u2019avocats et \u00e0 leurs entreprises clientes, \u00e0 des employeurs, \u00e0 des organismes de services d\u2019urgence ainsi qu\u2019\u00e0 des ligues et \u00e0 des clubs sportifs. Elle offre une expertise approfondie et strat\u00e9gique en communications dans [&hellip;]<\/p>\n","protected":false},"author":25,"featured_media":0,"parent":4561,"menu_order":5,"comment_status":"closed","ping_status":"closed","template":"","meta":{"_acf_changed":false,"_mc_calendar":[],"footnotes":""},"class_list":["post-83708","page","type-page","status-publish","hentry"],"acf":[],"wps_subtitle":"","_links":{"self":[{"href":"https:\/\/www.ottawahospital.on.ca\/fr\/wp-json\/wp\/v2\/pages\/83708","targetHints":{"allow":["GET"]}}],"collection":[{"href":"https:\/\/www.ottawahospital.on.ca\/fr\/wp-json\/wp\/v2\/pages"}],"about":[{"href":"https:\/\/www.ottawahospital.on.ca\/fr\/wp-json\/wp\/v2\/types\/page"}],"author":[{"embeddable":true,"href":"https:\/\/www.ottawahospital.on.ca\/fr\/wp-json\/wp\/v2\/users\/25"}],"replies":[{"embeddable":true,"href":"https:\/\/www.ottawahospital.on.ca\/fr\/wp-json\/wp\/v2\/comments?post=83708"}],"version-history":[{"count":0,"href":"https:\/\/www.ottawahospital.on.ca\/fr\/wp-json\/wp\/v2\/pages\/83708\/revisions"}],"up":[{"embeddable":true,"href":"https:\/\/www.ottawahospital.on.ca\/fr\/wp-json\/wp\/v2\/pages\/4561"}],"wp:attachment":[{"href":"https:\/\/www.ottawahospital.on.ca\/fr\/wp-json\/wp\/v2\/media?parent=83708"}],"curies":[{"name":"wp","href":"https:\/\/api.w.org\/{rel}","templated":true}]}}