{"id":8364,"date":"2016-11-18T09:37:25","date_gmt":"2016-11-18T14:37:25","guid":{"rendered":"http:\/\/52.229.122.34\/fr\/?page_id=8364"},"modified":"2016-12-14T13:52:27","modified_gmt":"2016-12-14T18:52:27","slug":"quest-ce-quune-maladie-mentale","status":"publish","type":"page","link":"https:\/\/www.ottawahospital.on.ca\/fr\/services-cliniques\/deptpgrmcs\/programmes\/le-programme-regional-dintervention-a-la-premiere-crise-de-psychose-du-district-champlain\/quest-ce-que-la-psychose\/quest-ce-quune-maladie-mentale\/","title":{"rendered":"Qu&rsquo;est-ce qu&rsquo;une maladie mentale?"},"content":{"rendered":"<p>L\u2019expression \u00ab maladie mentale \u00bb fait parfois peur aux gens, mais si on prend le temps de s\u2019informer \u00e0 ce sujet, d\u2019en conna\u00eetre la fr\u00e9quence et de se renseigner sur les traitements, on peut apaiser cette crainte. Bien des Canadiennes et des Canadiens souffrant de maladie mentale ont une vie \u00e9panouie et productive.<\/p>\n<h2>La maladie mentale affecte le cerveau<\/h2>\n<p>Les troubles comme les maladies du c\u0153ur ou le diab\u00e8te influent sur le fonctionnement des organes principaux tels que le c\u0153ur et le pancr\u00e9as. Les personnes touch\u00e9es sont affaiblies et fatigu\u00e9es, souvent incapables d\u2019accomplir quotidiennement ce qu\u2019elles veulent. La maladie mentale a le m\u00eame effet. Dans ce cas, l\u2019organe qui fonctionne difficilement, c\u2019est le cerveau.<\/p>\n<p>Il existe bien des formes de maladie mentale, par exemple les troubles anxieux, les d\u00e9pressions majeures, les troubles bipolaires ou la schizophr\u00e9nie. Chaque trouble comporte ses sympt\u00f4mes. Les m\u00e9decins s\u2019appuient sur ces sympt\u00f4mes pour poser des diagnostics et prendre des d\u00e9cisions concernant les traitements adapt\u00e9s \u00e0 chaque situation.<\/p>\n<h2>La psychose est une maladie mentale qui fait perdre contact avec la r\u00e9alit\u00e9<\/h2>\n<p>La psychose englobe des sympt\u00f4mes de maladies mentales et physiques \u00e0 intensit\u00e9 variable. G\u00e9n\u00e9ralement, la personne n\u2019est plus capable de distinguer le r\u00e9el d\u2019avec l\u2019irr\u00e9el. En d\u00e9coulent souvent des hallucinations, des d\u00e9lires et des pens\u00e9es d\u00e9sorganis\u00e9es. Le programme <a href=\"\/fr\/services-cliniques\/deptpgrmcs\/programmes\/le-programme-regional-dintervention-a-la-premiere-crise-de-psychose-du-district-champlain\/on-avance-en-bref\/\">\u00ab On avance \u00bb<\/a>est con\u00e7u sp\u00e9cifiquement \u00e0 leur intention des personnes psychotiques.<\/p>\n<h2>Une maladie mentale survient lorsque les agents chimiques du cerveau sont d\u00e9s\u00e9quilibr\u00e9s<\/h2>\n<p>Le cerveau accomplit des milliers de t\u00e2ches en tout temps. Certaines sont absolument essentielles, dont les suivantes :<\/p>\n<ul>\n<li>organiser le d\u00e9bit de la pens\u00e9e et de la parole;<\/li>\n<li>capter les stimulus sensoriels comme la vue et le son;<\/li>\n<li>organiser ces stimulus et tracer une carte interne de la r\u00e9alit\u00e9 qui est conforme au monde ext\u00e9rieur;<\/li>\n<li>planifier les gestes et les comportements;<\/li>\n<li>permettre \u00e0 la personne de se souvenir de faits;<\/li>\n<li>permettre \u00e0 la personne de r\u00e9agir ad\u00e9quatement sur le plan \u00e9motif.<\/li>\n<\/ul>\n<p>Une maladie mentale survient lorsque les agents chimiques du cerveau sont d\u00e9s\u00e9quilibr\u00e9s; il est alors impossible d\u2019accomplir comme \u00e0 l\u2019habitude les t\u00e2ches \u00e9num\u00e9r\u00e9es ci-dessus. Il est parfois plus difficile de comprendre le monde ambiant et d\u2019interagir avec lui. Penser devient parfois plus difficile ou le processus est flou. Il est plus difficile d\u2019\u00e9tablir un lien avec les autres puisqu\u2019une modification des sentiments et des \u00e9motions se produit. Bien des gens s\u2019isolent alors de plus en plus. Il leur devient difficile d\u2019accomplir leurs t\u00e2ches quotidiennes ou ils ne s\u2019int\u00e9ressent plus \u00e0 leurs sujets et activit\u00e9s pr\u00e9f\u00e9r\u00e9s.<\/p>\n<h2>On peut traiter la maladie mentale<\/h2>\n<p>La maladie mentale est tout aussi traitable que le diab\u00e8te ou les maladies du c\u0153ur. Les psychiatres sont des m\u00e9decins qui aident les gens en \u00e9tant atteints. Un traitement pr\u00e9coce permet d\u2019en minimiser les effets n\u00e9gatifs sur la vie des gens.<\/p>\n<p>Au moment du contact initial avec la patiente ou le patient, la ou le psychiatre et l\u2019\u00e9quipe de sant\u00e9 mentale proc\u00e8dent \u00e0 une \u00e9valuation de son \u00e9tat mental et recommandent parfois des analyses sanguines ou d\u2019autres tests. Par la suite, l\u2019administration de m\u00e9dicaments am\u00e9liorera le fonctionnement des agents chimiques du cerveau et on pourra sugg\u00e9rer des th\u00e9rapies par la parole pr\u00e9cises. En collaboration avec la personne en question, l\u2019\u00e9quipe de sant\u00e9 mentale d\u00e9terminera quels types de stresseurs peuvent aggraver la maladie. On l\u2019informera, lui accordera du soutien et la mettra en contact avec d\u2019autres services communautaires.<\/p>\n<h2>De l\u2019aide \u00e0 port\u00e9e de main!<\/h2>\n<p>Votre ami, un membre de votre famille ou vous-m\u00eame pouvez vous renseigner sur les maladies mentales, en parler et obtenir des traitements. Vous n\u2019\u00eates pas seul! Nous pouvons vous aider \u00e0 vous remettre sur la bonne voie.<\/p>\n","protected":false},"excerpt":{"rendered":"<p>L\u2019expression \u00ab maladie mentale \u00bb fait parfois peur aux gens, mais si on prend le temps de s\u2019informer \u00e0 ce sujet, d\u2019en conna\u00eetre la fr\u00e9quence et de se renseigner sur les traitements, on peut apaiser cette crainte. Bien des Canadiennes et des Canadiens souffrant de maladie mentale ont une vie \u00e9panouie et productive. La maladie [&hellip;]<\/p>\n","protected":false},"author":25,"featured_media":0,"parent":8355,"menu_order":2,"comment_status":"closed","ping_status":"closed","template":"","meta":{"_acf_changed":false,"_mc_calendar":[],"footnotes":""},"class_list":["post-8364","page","type-page","status-publish","hentry"],"acf":[],"wps_subtitle":"","_links":{"self":[{"href":"https:\/\/www.ottawahospital.on.ca\/fr\/wp-json\/wp\/v2\/pages\/8364","targetHints":{"allow":["GET"]}}],"collection":[{"href":"https:\/\/www.ottawahospital.on.ca\/fr\/wp-json\/wp\/v2\/pages"}],"about":[{"href":"https:\/\/www.ottawahospital.on.ca\/fr\/wp-json\/wp\/v2\/types\/page"}],"author":[{"embeddable":true,"href":"https:\/\/www.ottawahospital.on.ca\/fr\/wp-json\/wp\/v2\/users\/25"}],"replies":[{"embeddable":true,"href":"https:\/\/www.ottawahospital.on.ca\/fr\/wp-json\/wp\/v2\/comments?post=8364"}],"version-history":[{"count":0,"href":"https:\/\/www.ottawahospital.on.ca\/fr\/wp-json\/wp\/v2\/pages\/8364\/revisions"}],"up":[{"embeddable":true,"href":"https:\/\/www.ottawahospital.on.ca\/fr\/wp-json\/wp\/v2\/pages\/8355"}],"wp:attachment":[{"href":"https:\/\/www.ottawahospital.on.ca\/fr\/wp-json\/wp\/v2\/media?parent=8364"}],"curies":[{"name":"wp","href":"https:\/\/api.w.org\/{rel}","templated":true}]}}