{"id":8359,"date":"2016-11-18T09:35:40","date_gmt":"2016-11-18T14:35:40","guid":{"rendered":"http:\/\/52.229.122.34\/fr\/?page_id=8359"},"modified":"2016-12-14T13:51:32","modified_gmt":"2016-12-14T18:51:32","slug":"comprendre-la-psychose","status":"publish","type":"page","link":"https:\/\/www.ottawahospital.on.ca\/fr\/services-cliniques\/deptpgrmcs\/programmes\/le-programme-regional-dintervention-a-la-premiere-crise-de-psychose-du-district-champlain\/quest-ce-que-la-psychose\/comprendre-la-psychose\/","title":{"rendered":"Comprendre la psychose"},"content":{"rendered":"<h2>La psychose fait perdre contact avec la r\u00e9alit\u00e9<\/h2>\n<p>Bien qu\u2019on ne connaisse pas la cause exacte de la psychose, on croit que les sympt\u00f4mes apparaissent lorsque l\u2019activit\u00e9 de certains agents chimiques du cerveau, soit les neurotransmetteurs, est perturb\u00e9e (p. ex., trop de neurotransmetteurs pr\u00e9cis sont actifs dans une r\u00e9gion sp\u00e9cifique du cerveau). La psychose se manifeste sous forme de diverses maladies mentales et physiques. On parle g\u00e9n\u00e9ralement de psychose si une personne a perdu la capacit\u00e9 de distinguer le r\u00e9el d\u2019avec l\u2019irr\u00e9el. Plus particuli\u00e8rement, les personnes psychotiques sont parfois en proie \u00e0 des <a href=\"\/fr\/services-cliniques\/deptpgrmcs\/programmes\/le-programme-regional-dintervention-a-la-premiere-crise-de-psychose-du-district-champlain\/savoir-reconnaitre-les-symptoms\/\">hallucinations<\/a> (elles per\u00e7oivent par les cinq grands sens des choses que les autres ne peuvent constater et qui n\u2019existent pas) et \u00e0 des d\u00e9lires (des croyances fix\u00e9es et fausses) et enfin, elles sont d\u00e9sorient\u00e9es sur le plan de la pens\u00e9e et du comportement.<\/p>\n<p>Dans certains cas, il est plus difficile de comprendre le monde ambiant et d\u2019interagir avec lui. Penser devient souvent plus difficile ou le processus n\u2019est pas n\u00e9cessairement logique ou bien organis\u00e9. Les sentiments ou l\u2019humeur changent rapidement, ce qui complique l\u2019\u00e9tablissement de rapport avec les autres. Par cons\u00e9quent, bien des gens s\u2019isolent de plus en plus. Il leur devient difficile d\u2019accomplir leurs t\u00e2ches quotidiennes ou ils ne s\u2019int\u00e9ressent plus \u00e0 leurs sujets et activit\u00e9s pr\u00e9f\u00e9r\u00e9s.<\/p>\n<h2>On peut traiter la psychose<\/h2>\n<p>La psychose \u00e9tant traitable, la plupart des gens constatent ensuite une grande am\u00e9lioration. Plus les traitements ont lieu t\u00f4t dans le processus, mieux la personne s\u2019en portera, et ce, bien que les traitements \u00e0 tous les stades soient efficaces. En somme, en obtenant de l\u2019aide rapidement, on augmente les chances de r\u00e9tablissement rapide et complet.<\/p>\n<p>Au moment du contact initial avec la patiente ou le patient, la ou le psychiatre et l\u2019\u00e9quipe de sant\u00e9 mentale proc\u00e8dent \u00e0 une \u00e9valuation de son \u00e9tat mental et recommandent parfois des analyses sanguines ou d\u2019autres tests. Par la suite, l\u2019administration de m\u00e9dicaments am\u00e9liorera le fonctionnement des agents chimiques du cerveau et on pourra sugg\u00e9rer des th\u00e9rapies par la parole pr\u00e9cises. En collaboration avec la personne en question, l\u2019\u00e9quipe de sant\u00e9 mentale d\u00e9terminera quels types de stresseurs peuvent aggraver la maladie. On l\u2019informera, lui accordera du soutien et la mettra en contact avec d\u2019autres services communautaires.<\/p>\n<h2>De l\u2019aide \u00e0 port\u00e9e de main!<\/h2>\n<p>Un proche ou vous-m\u00eame pouvez vous renseigner sur les maladies mentales, en parler et obtenir des traitements. Vous n\u2019\u00eates pas seul! Nous pouvons vous aider \u00e0 vous remettre sur la bonne voie.<\/p>\n","protected":false},"excerpt":{"rendered":"<p>La psychose fait perdre contact avec la r\u00e9alit\u00e9 Bien qu\u2019on ne connaisse pas la cause exacte de la psychose, on croit que les sympt\u00f4mes apparaissent lorsque l\u2019activit\u00e9 de certains agents chimiques du cerveau, soit les neurotransmetteurs, est perturb\u00e9e (p. ex., trop de neurotransmetteurs pr\u00e9cis sont actifs dans une r\u00e9gion sp\u00e9cifique du cerveau). La psychose se [&hellip;]<\/p>\n","protected":false},"author":25,"featured_media":0,"parent":8355,"menu_order":1,"comment_status":"closed","ping_status":"closed","template":"","meta":{"_acf_changed":false,"_mc_calendar":[],"footnotes":""},"class_list":["post-8359","page","type-page","status-publish","hentry"],"acf":[],"wps_subtitle":"","_links":{"self":[{"href":"https:\/\/www.ottawahospital.on.ca\/fr\/wp-json\/wp\/v2\/pages\/8359","targetHints":{"allow":["GET"]}}],"collection":[{"href":"https:\/\/www.ottawahospital.on.ca\/fr\/wp-json\/wp\/v2\/pages"}],"about":[{"href":"https:\/\/www.ottawahospital.on.ca\/fr\/wp-json\/wp\/v2\/types\/page"}],"author":[{"embeddable":true,"href":"https:\/\/www.ottawahospital.on.ca\/fr\/wp-json\/wp\/v2\/users\/25"}],"replies":[{"embeddable":true,"href":"https:\/\/www.ottawahospital.on.ca\/fr\/wp-json\/wp\/v2\/comments?post=8359"}],"version-history":[{"count":0,"href":"https:\/\/www.ottawahospital.on.ca\/fr\/wp-json\/wp\/v2\/pages\/8359\/revisions"}],"up":[{"embeddable":true,"href":"https:\/\/www.ottawahospital.on.ca\/fr\/wp-json\/wp\/v2\/pages\/8355"}],"wp:attachment":[{"href":"https:\/\/www.ottawahospital.on.ca\/fr\/wp-json\/wp\/v2\/media?parent=8359"}],"curies":[{"name":"wp","href":"https:\/\/api.w.org\/{rel}","templated":true}]}}