{"id":8355,"date":"2016-11-18T09:34:03","date_gmt":"2016-11-18T14:34:03","guid":{"rendered":"http:\/\/52.229.122.34\/fr\/?page_id=8355"},"modified":"2016-11-18T09:34:03","modified_gmt":"2016-11-18T14:34:03","slug":"quest-ce-que-la-psychose","status":"publish","type":"page","link":"https:\/\/www.ottawahospital.on.ca\/fr\/services-cliniques\/deptpgrmcs\/programmes\/le-programme-regional-dintervention-a-la-premiere-crise-de-psychose-du-district-champlain\/quest-ce-que-la-psychose\/","title":{"rendered":"Qu&rsquo;est-ce que la psychose?"},"content":{"rendered":"<p>Le mot \u00ab psychose \u00bb peut faire peur, mais si on prend le temps de se renseigner \u00e0 ce sujet, sur sa fr\u00e9quence et sur les traitements, on peut apaiser cette crainte. Bien des Canadiennes et des Canadiens souffrant de maladie mentale ont une vie \u00e9panouie et productive.<\/p>\n<p>Les troubles comme les maladies du c\u0153ur ou le diab\u00e8te influent sur le fonctionnement des organes principaux tels que le c\u0153ur et le pancr\u00e9as. Les personnes touch\u00e9es sont affaiblies et fatigu\u00e9es, souvent incapables d\u2019accomplir quotidiennement ce qu\u2019elles veulent. La maladie mentale a le m\u00eame effet. Dans ce cas, l\u2019organe qui fonctionne difficilement, c\u2019est le cerveau.<\/p>\n","protected":false},"excerpt":{"rendered":"<p>Le mot \u00ab psychose \u00bb peut faire peur, mais si on prend le temps de se renseigner \u00e0 ce sujet, sur sa fr\u00e9quence et sur les traitements, on peut apaiser cette crainte. Bien des Canadiennes et des Canadiens souffrant de maladie mentale ont une vie \u00e9panouie et productive. Les troubles comme les maladies du c\u0153ur [&hellip;]<\/p>\n","protected":false},"author":25,"featured_media":0,"parent":8338,"menu_order":1,"comment_status":"closed","ping_status":"closed","template":"","meta":{"_acf_changed":false,"_mc_calendar":[],"footnotes":""},"class_list":["post-8355","page","type-page","status-publish","hentry"],"acf":[],"wps_subtitle":"","_links":{"self":[{"href":"https:\/\/www.ottawahospital.on.ca\/fr\/wp-json\/wp\/v2\/pages\/8355","targetHints":{"allow":["GET"]}}],"collection":[{"href":"https:\/\/www.ottawahospital.on.ca\/fr\/wp-json\/wp\/v2\/pages"}],"about":[{"href":"https:\/\/www.ottawahospital.on.ca\/fr\/wp-json\/wp\/v2\/types\/page"}],"author":[{"embeddable":true,"href":"https:\/\/www.ottawahospital.on.ca\/fr\/wp-json\/wp\/v2\/users\/25"}],"replies":[{"embeddable":true,"href":"https:\/\/www.ottawahospital.on.ca\/fr\/wp-json\/wp\/v2\/comments?post=8355"}],"version-history":[{"count":0,"href":"https:\/\/www.ottawahospital.on.ca\/fr\/wp-json\/wp\/v2\/pages\/8355\/revisions"}],"up":[{"embeddable":true,"href":"https:\/\/www.ottawahospital.on.ca\/fr\/wp-json\/wp\/v2\/pages\/8338"}],"wp:attachment":[{"href":"https:\/\/www.ottawahospital.on.ca\/fr\/wp-json\/wp\/v2\/media?parent=8355"}],"curies":[{"name":"wp","href":"https:\/\/api.w.org\/{rel}","templated":true}]}}