{"id":8338,"date":"2016-11-18T09:19:57","date_gmt":"2016-11-18T14:19:57","guid":{"rendered":"http:\/\/52.229.122.34\/fr\/?page_id=8338"},"modified":"2017-06-20T10:36:26","modified_gmt":"2017-06-20T14:36:26","slug":"le-programme-regional-dintervention-a-la-premiere-crise-de-psychose-du-district-champlain","status":"publish","type":"page","link":"https:\/\/www.ottawahospital.on.ca\/fr\/services-cliniques\/deptpgrmcs\/programmes\/le-programme-regional-dintervention-a-la-premiere-crise-de-psychose-du-district-champlain\/","title":{"rendered":"Le Programme regional d&rsquo;intervention \u00e0 la premi\u00e8re crise de psychose du district Champlain"},"content":{"rendered":"<div class=\"table-responsive\" style=\"width: 210px; float: right;\">\n<table class=\"table feature rounded emergency text-center alignright\" title=\"Communiquez avec le programme On avance\">\n<caption class=\"hidecontent\">Communiquez avec le programme On avance<\/caption>\n<thead>\n<tr>\n<th class=\"text-center\" colspan=\"4\">Vous avez d&rsquo;autres questions?<\/th>\n<\/tr>\n<\/thead>\n<tbody>\n<tr>\n<td colspan=\"4\">\n<p style=\"margin: 0px;\">Communiquez avec<br \/>\nle programme On avance.<\/p>\n<p class=\" text-center\">Appelez-nous au<\/p>\n<p><span style=\"font-size: 25px;\">613-737-8069<\/span><\/p>\n<p class=\" text-center\"><a href=\"\/fr\/services-cliniques\/deptpgrmcs\/programmes\/le-programme-regional-dintervention-a-la-premiere-crise-de-psychose-du-district-champlain\/pour-nous-joindre\/en-situation-de-crise\/\"><strong><span style=\"font-size: large;\">En situation de crise<br \/>\n<\/span><\/strong><\/a><\/p>\n<\/td>\n<\/tr>\n<\/tbody>\n<\/table>\n<\/div>\n<div style=\"width: 550px; float:right;\">\n<h2>Regarde-moi. Je suis ici. J&rsquo;ai besoin de ton aide.<\/h2>\n<p>Une personne que vous connaissez n&rsquo;est plus la m\u00eame \u2014 elle s\u2019isole, semble d\u00e9sorient\u00e9e, s\u2019imagine des choses ou entend des voix \u2014 elle fait peut-\u00eatre un premier \u00e9pisode de psychose. Vous pouvez l&rsquo;aider. <strong>La psychose peut \u00eatre trait\u00e9e. Il est essentiel <\/strong><\/p>\n<p><strong>d&rsquo;intervenir d\u00e8s le d\u00e9but.<\/strong>.<\/p>\n<div class=\"table-responsive\">\n<table class=\"table aligncenter\" style=\"width: 520px;\">\n<tbody>\n<tr>\n<td class=\"text-center\" style=\"background-color: #d0dae8; width: 50%;\" colspan=\"2\"><strong>Vous vous inqui\u00e9tez pour une personne que<br \/>\nvous connaissez?<\/strong><\/td>\n<td class=\"text-center\" style=\"background-color: #d0dae8; width: 50%;\" colspan=\"2\"><strong>Vous \u00eates inquiet pour vous-m\u00eame?<\/strong><\/td>\n<\/tr>\n<tr>\n<td colspan=\"2\">Vous vous inqui\u00e9tez pour votre fils, votre fille ou un ami? Son comportement vous trouble? Vous avez l&rsquo;impression que quelque chose ne vas pas?<\/td>\n<td colspan=\"2\">Si vous pensez avoir des sympt\u00f4mes de psychose, n&rsquo;ayez pas peur ni honte de demander de l&rsquo;aide!<\/td>\n<\/tr>\n<tr>\n<td class=\"text-center\" style=\"height: 79px; width: 25%;\">\n<p class=\" text-center\"><strong>Les sympt\u00f4mes \u00e0 surveiller<br \/>\n<\/strong><a href=\"\/fr\/services-cliniques\/deptpgrmcs\/programmes\/le-programme-regional-dintervention-a-la-premiere-crise-de-psychose-du-district-champlain\/quest-ce-que-la-psychose\/comprendre-la-psychose\/\">Quels sont les comportements?\u00a0<\/a><\/p>\n<\/td>\n<td class=\"text-center\" style=\"height: 79px; width: 25%;\">\n<p class=\" text-center\"><strong>Obtenir de l&rsquo;aide pour un ami<\/strong><br \/>\n<a href=\"\/fr\/services-cliniques\/deptpgrmcs\/programmes\/le-programme-regional-dintervention-a-la-premiere-crise-de-psychose-du-district-champlain\/obtenir-de-laide\/ressources-pour-les-amis-et-la-famille\/\">Les options possibles pour un ami<\/a><\/p>\n<\/td>\n<td class=\"text-center\" style=\"height: 79px; width: 25%;\">\n<p class=\" text-center\"><strong>V\u00e9rifier mes sympt\u00f4mes<\/strong><br \/>\n<a href=\"\/fr\/services-cliniques\/deptpgrmcs\/programmes\/le-programme-regional-dintervention-a-la-premiere-crise-de-psychose-du-district-champlain\/savoir-reconnaitre-les-symptoms\/\">Est-ce la psychose? <\/a><\/p>\n<\/td>\n<td class=\"text-center\" style=\"height: 79px; width: 25%;\">\n<p class=\" text-center\"><strong>Obtenir de l&rsquo;aide pour moi<\/strong><br \/>\n<a href=\"\/fr\/services-cliniques\/deptpgrmcs\/programmes\/le-programme-regional-dintervention-a-la-premiere-crise-de-psychose-du-district-champlain\/obtenir-de-laide\/\">Les options possibles pour moi<\/a><\/p>\n<\/td>\n<\/tr>\n<\/tbody>\n<\/table>\n<\/div>\n<p><img decoding=\"async\" class=\"size-full wp-image-8339 alignleft img-responsive\" src=\"\/wp-content\/uploads\/2016\/11\/EPION-logo-FR.jpg\" alt=\"epion-logo-fr\" width=\"300\" height=\"117\" \/><\/p>\n<p>Le R\u00e9seau ontarien d\u2019intervention pour la psychose au stade pr\u00e9coce (EPION) est un r\u00e9seau de prestataires de services sp\u00e9cialis\u00e9s, clients et familles. <strong>Notre objectif est d\u2019offrir un traitement et un soutien d\u00e8s les premiers stades \u00e0 tous les Ontariens affect\u00e9s par la psychose.<\/strong><\/p>\n<\/div>\n","protected":false},"excerpt":{"rendered":"<p>Communiquez avec le programme On avance Vous avez d&rsquo;autres questions? Communiquez avec le programme On avance. Appelez-nous au 613-737-8069 En situation de crise Regarde-moi. Je suis ici. J&rsquo;ai besoin de ton aide. Une personne que vous connaissez n&rsquo;est plus la m\u00eame \u2014 elle s\u2019isole, semble d\u00e9sorient\u00e9e, s\u2019imagine des choses ou entend des voix \u2014 elle [&hellip;]<\/p>\n","protected":false},"author":25,"featured_media":0,"parent":7866,"menu_order":4,"comment_status":"closed","ping_status":"closed","template":"","meta":{"_acf_changed":false,"_mc_calendar":[],"footnotes":""},"class_list":["post-8338","page","type-page","status-publish","hentry"],"acf":[],"wps_subtitle":"","_links":{"self":[{"href":"https:\/\/www.ottawahospital.on.ca\/fr\/wp-json\/wp\/v2\/pages\/8338","targetHints":{"allow":["GET"]}}],"collection":[{"href":"https:\/\/www.ottawahospital.on.ca\/fr\/wp-json\/wp\/v2\/pages"}],"about":[{"href":"https:\/\/www.ottawahospital.on.ca\/fr\/wp-json\/wp\/v2\/types\/page"}],"author":[{"embeddable":true,"href":"https:\/\/www.ottawahospital.on.ca\/fr\/wp-json\/wp\/v2\/users\/25"}],"replies":[{"embeddable":true,"href":"https:\/\/www.ottawahospital.on.ca\/fr\/wp-json\/wp\/v2\/comments?post=8338"}],"version-history":[{"count":0,"href":"https:\/\/www.ottawahospital.on.ca\/fr\/wp-json\/wp\/v2\/pages\/8338\/revisions"}],"up":[{"embeddable":true,"href":"https:\/\/www.ottawahospital.on.ca\/fr\/wp-json\/wp\/v2\/pages\/7866"}],"wp:attachment":[{"href":"https:\/\/www.ottawahospital.on.ca\/fr\/wp-json\/wp\/v2\/media?parent=8338"}],"curies":[{"name":"wp","href":"https:\/\/api.w.org\/{rel}","templated":true}]}}