{"id":83229,"date":"2024-07-22T11:38:04","date_gmt":"2024-07-22T15:38:04","guid":{"rendered":"https:\/\/www.ottawahospital.on.ca\/?page_id=83229"},"modified":"2025-11-26T10:22:27","modified_gmt":"2025-11-26T15:22:27","slug":"donnees-sociodemographiques","status":"publish","type":"page","link":"https:\/\/www.ottawahospital.on.ca\/fr\/patients-et-visiteurs\/protection-des-renseignements-personnels\/donnees-sociodemographiques\/","title":{"rendered":"Donn\u00e9es sociod\u00e9mographiques"},"content":{"rendered":"\n<h2 class=\"wp-block-heading\">Collecte d\u2019information pour am\u00e9liorer les soins : Donn\u00e9es sociod\u00e9mographiques<\/h2>\n\n\n\n<p>L\u2019H\u00f4pital d\u2019Ottawa est conscient du sens profond de ses responsabilit\u00e9s sociales \u00e0 l\u2019\u00e9gard de la collectivit\u00e9 et il les accepte. L\u2019une de ces responsabilit\u00e9s consiste \u00e0 traiter du racisme, de la discrimination et des in\u00e9galit\u00e9s syst\u00e9miques qui sont omnipr\u00e9sents dans le syst\u00e8me de sant\u00e9. Lisez la suite pour comprendre pourquoi nous recueillons des renseignements sociod\u00e9mographiques aupr\u00e8s des patients, et comment cela va nous aider \u00e0 offrir de meilleurs soins.<\/p>\n\n\n\n<h2 class=\"wp-block-heading\">Foire aux questions<\/h2>\n\n\n\n<h3 class=\"wp-block-heading\">Qu\u2019entend-on par \u00ab&nbsp;donn\u00e9essociod\u00e9mographiques&nbsp;\u00bb?&nbsp;<\/h3>\n\n\n\n<p><a>Les <\/a>donn\u00e9es sociod\u00e9mographiques regroupent de l\u2019information sur les origines sociales d\u2019une personne, comme son \u00e9ducation, sa religion et son emploi, ainsi que sur ses origines d\u00e9mographiques, comme son \u00e2ge, son sexe, ses revenus, son ethnicit\u00e9 et sa race.<\/p>\n\n\n\n<h3 class=\"wp-block-heading\">Pourquoi L\u2019H\u00f4pital d\u2019Ottawa recueille-t-il de telles donn\u00e9es?&nbsp;&nbsp;<\/h3>\n\n\n\n<p>La collecte de donn\u00e9es sociod\u00e9mographiques est un volet important de la promesse prise par L\u2019H\u00f4pital d\u2019Ottawa de traiter tout le monde de mani\u00e8re \u00e9quitable et de faire en sorte que tout un chacun ait acc\u00e8s \u00e0 des soins de qualit\u00e9.<\/p>\n\n\n\n<p>Par exemple, le fait de regrouper de l\u2019information sur les diff\u00e9rentes origines des personnes que nous servons peut nous aider \u00e0 \u00e9laborer des politiques et des programmes qui respectent les pratiques et les croyances culturelles et religieuses propres \u00e0 chacun. Ainsi, le personnel peut offrir aux patients des soins tenant compte des diff\u00e9rences culturelles, et les patients ont une meilleure exp\u00e9rience g\u00e9n\u00e9rale \u00e0 l\u2019H\u00f4pital.<\/p>\n\n\n\n<p>Autrement dit, les renseignements sociod\u00e9mographiques que nous recueillons nous aident \u00e0 comprendre qui sont les patients, \u00e0 veiller \u00e0 ce que L\u2019H\u00f4pital d\u2019Ottawa soit accueillant, \u00e0 am\u00e9liorer les soins de sant\u00e9 et \u00e0 les rendre plus accessibles aux personnes de la collectivit\u00e9 et d\u2019ailleurs.<\/p>\n\n\n\n<h3 class=\"wp-block-heading\">Dois-je r\u00e9pondre \u00e0 des questions de nature sociod\u00e9mographique?&nbsp;&nbsp;<\/h3>\n\n\n\n<p>Non. Vous pouvez choisir \u00ab Je pr\u00e9f\u00e8re ne pas r\u00e9pondre \u00bb \u00e0 une ou \u00e0 toutes les questions. Choisir de ne pas r\u00e9pondre \u00e0 ces questions <strong>n\u2019aura aucun<\/strong> impact sur les soins que vous recevez \u00e0 L\u2019H\u00f4pital d\u2019Ottawa.&nbsp;&nbsp;<\/p>\n\n\n\n<h3 class=\"wp-block-heading\">Comment mes donn\u00e9es sociod\u00e9mographiques vont-elles \u00eatre utiles \u00e0 l\u2019H\u00f4pital?&nbsp;<\/h3>\n\n\n\n<p>Communiquer de telles informations nous aide consid\u00e9rablement des trois fa\u00e7ons suivantes :<\/p>\n\n\n\n<ol class=\"wp-block-list\">\n<li>Vos r\u00e9ponses nous aident \u00e0 identifier les obstacles auxquels fait face la collectivit\u00e9 afin que nous puissions poser des gestes concrets pour am\u00e9liorer la qualit\u00e9 des soins offerts \u00e0 L\u2019H\u00f4pital d\u2019Ottawa.<\/li>\n\n\n\n<li>Vos r\u00e9ponses nous aident \u00e0 prendre des d\u00e9cisions plus \u00e9clair\u00e9es sur l\u2019utilisation de nos ressources, nos activit\u00e9s de recherche et l\u2019\u00e9laboration de nos politiques.&nbsp;&nbsp;<\/li>\n\n\n\n<li>Vos r\u00e9ponses nous aident \u00e0 mieux comprendre les diff\u00e9rents facteurs influen\u00e7ant les r\u00e9sultats en mati\u00e8re de sant\u00e9, l\u2019acc\u00e8s aux soins et la fr\u00e9quence des maladies.<\/li>\n<\/ol>\n\n\n\n<h3 class=\"wp-block-heading\">Mes r\u00e9ponses sont-elles confidentielles?<\/h3>\n\n\n\n<p>Seule votre \u00e9quipe de soins a acc\u00e8s aux renseignements sociod\u00e9mographiques que vous fournissez et qui sont importants en raison des soins que vous recevez \u00e0 L\u2019H\u00f4pital d\u2019Ottawa, comme votre langue pr\u00e9f\u00e9r\u00e9e et vos besoins en mati\u00e8re d\u2019accessibilit\u00e9.&nbsp;<\/p>\n\n\n\n<p>D\u2019autres renseignements sociod\u00e9mographiques fournis dans des sondages sur l\u2019exp\u00e9rience des patients sont agr\u00e9g\u00e9s (c.-\u00e0-d. regroup\u00e9s) avec les r\u00e9ponses d\u2019autres personnes. Tous les renseignements sont d\u00e9personnalis\u00e9s pour \u00e9viter votre identification par vos r\u00e9ponses.&nbsp;(Consultez la section ci-apr\u00e8s \u00ab Comment prot\u00e9gerez-nous mes renseignements personnels? \u00bb.)&nbsp;<\/p>\n\n\n\n<h3 class=\"wp-block-heading\">O\u00f9 et quand puis-je fournir mes r\u00e9ponses?<\/h3>\n\n\n\n<p>\u00c0 l\u2019h\u00f4pital, des questions de nature sociod\u00e9mographique vous seront pos\u00e9es au moment de votre inscription. Ces questions pourraient porter sur vos pronoms d\u2019usage, votre langue pr\u00e9f\u00e9r\u00e9e et vos besoins en mati\u00e8re d\u2019accessibilit\u00e9. Avec votre autorisation, nous communiquerons cette information aux membres de votre \u00e9quipe de soins pour qu\u2019ils puissent vous offrir des soins respectant vos pr\u00e9f\u00e9rences, et dot\u00e9s des mesures d\u2019adaptation dont vous avez besoin. Vous pouvez \u00e9galement ajouter vos renseignements sociod\u00e9mographiques dans MyChart.<\/p>\n\n\n\n<p>Apr\u00e8s votre visite \u00e0 l\u2019H\u00f4pital, nous vous enverrons par courriel un sondage sur votre exp\u00e9rience en tant que patient. Vous pourrez aussi indiquer vos renseignements sociod\u00e9mographiques dans la section \u00ab\u00a0\u00c0 votre sujet\u00a0\u00bb du sondage.<\/p>\n\n\n\n<h3 class=\"wp-block-heading\">Mes r\u00e9ponses auront-elles un impact sur les soins que je re\u00e7ois \u00e0 l\u2019H\u00f4pital?<\/h3>\n\n\n\n<p>Non. Si vous choisissez de r\u00e9pondre, les r\u00e9ponses que vous fournirez \u00e0 l\u2019h\u00f4pital, dans MyChart et dans le sondage sur l\u2019exp\u00e9rience des patients, n\u2019auront pas d\u2019impact sur les soins que vous recevez \u00e0 l\u2019H\u00f4pital.&nbsp;&nbsp;<\/p>\n\n\n\n<h3 class=\"wp-block-heading\">Qui peut consulter mon information?&nbsp;&nbsp;<\/h3>\n\n\n\n<p>Seule votre \u00e9quipe de soins a acc\u00e8s \u00e0 vos renseignements personnels sur la sant\u00e9, notamment aux renseignements sociod\u00e9mographiques que vous fournissez. Les membres du personnel ont seulement acc\u00e8s aux renseignements n\u00e9cessaires pour vous offrir des soins.<\/p>\n\n\n\n<p>Les renseignements personnels sur la sant\u00e9 sont parfois agr\u00e9g\u00e9s (regroup\u00e9s) et d\u00e9personnalis\u00e9s pour mieux cerner les besoins des patients et am\u00e9liorer la qualit\u00e9 des soins. Il est ainsi impossible de faire un lien avec vous. Pour en savoir plus \u00e0 ce sujet, consultez la Politique sur la protection des renseignements personnels de L\u2019H\u00f4pital d\u2019Ottawa.<\/p>\n\n\n\n<h3 class=\"wp-block-heading\">Comment ces donn\u00e9es sont-elles conserv\u00e9es?&nbsp;&nbsp;<\/h3>\n\n\n\n<p>Vos renseignements sociod\u00e9mographiques font partie de votre dossier m\u00e9dical. Les dossiers m\u00e9dicaux sont conserv\u00e9s conform\u00e9ment \u00e0 la <em>Loi sur la protection des renseignements personnels sur la sant\u00e9 <\/em>de l\u2019Ontario.<\/p>\n\n\n\n<p>L\u2019H\u00f4pital d\u2019Ottawa prend \u00e9galement des mesures de protection particuli\u00e8res. Par exemple, tout son personnel suit une formation sur la fa\u00e7on de prot\u00e9ger les renseignements personnels sur la sant\u00e9 et doit signer une entente de confidentialit\u00e9 \u00e0 ce sujet. Tous les dossiers m\u00e9dicaux sont sauvegard\u00e9s dans des serveurs au Canada et ne peuvent \u00eatre consult\u00e9s qu\u2019aux fins autoris\u00e9es par L\u2019H\u00f4pital d\u2019Ottawa.&nbsp;&nbsp;<\/p>\n\n\n\n<h3 class=\"wp-block-heading\">Comment prot\u00e9gerez-vous mes renseignements personnels?&nbsp;<\/h3>\n\n\n\n<p>Nous prenons tr\u00e8s au s\u00e9rieux la protection des renseignements personnels et nous suivons des r\u00e8gles strictes pour assurer leur s\u00e9curit\u00e9.<\/p>\n\n\n\n<p>Tous les renseignements sociod\u00e9mographiques que vous nous communiquez apr\u00e8s avoir re\u00e7u des soins \u00e0 L\u2019H\u00f4pital d\u2019Ottawa, en r\u00e9pondant par exemple \u00e0 un sondage sur l\u2019exp\u00e9rience des patients, ne permettent pas de remonter jusqu\u2019\u00e0 vous. Nous supprimons de vos r\u00e9ponses tous les renseignements personnels permettant de vous identifier, comme votre nom. Les renseignements fournis dans vos r\u00e9ponses sont combin\u00e9s \u00e0 ceux de tous les autres patients afin que nous puissions mieux cerner les besoins de notre patient\u00e8le et veiller \u00e0 ce que tout un chacun soit trait\u00e9 de fa\u00e7on juste et \u00e9quitable.&nbsp;&nbsp;<\/p>\n\n\n\n<h3 class=\"wp-block-heading\">Que dois-je r\u00e9pondre si je m\u2019identifie \u00e0 plus d\u2019une race et (ou) ethnie?&nbsp;&nbsp;<\/h3>\n\n\n\n<p>Vous pouvez s\u00e9lectionner plusieurs races et (ou) ethnies en r\u00e9pondant \u00e0 cette question.&nbsp;&nbsp;<\/p>\n\n\n\n<h3 class=\"wp-block-heading\">Pourquoi l\u2019ethnie juive figure-t-elle dans les choix de r\u00e9ponse?&nbsp;&nbsp;<\/h3>\n\n\n\n<p>Quand nous parlons d\u2019ethnie, nous faisons r\u00e9f\u00e9rence \u00e0 des groupes de personnes ayant en commun des origines, des traditions culturelles, une langue et, parfois, une religion. Les communaut\u00e9s juives constituent un groupe ethnoreligieux, \u00e0 savoir un groupe ethnique qui partage la m\u00eame religion.&nbsp;&nbsp;<\/p>\n\n\n\n<h3 class=\"wp-block-heading\">Comment L\u2019H\u00f4pital d\u2019Ottawa a-t-il s\u00e9lectionn\u00e9 les choix de r\u00e9ponse pour les questions sociod\u00e9mographiques?&nbsp;&nbsp;<\/h3>\n\n\n\n<p>Nous avons choisi les questions et les choix de r\u00e9ponse en nous basant sur les recommandations d\u2019organismes comme <a href=\"https:\/\/www.cihi.ca\/fr\/experience-des-patients\/sondage-sur-les-experiences-des-patients-canadiens-outil-web-pour-les\">l\u2019Institut canadien d\u2019information sur la sant\u00e9<\/a>, <a href=\"https:\/\/www.oha.com\/quality-safety-and-patient-and-family-centred-care\/patient-experience-measurement\">l\u2019Association des h\u00f4pitaux de l\u2019Ontario<\/a> et <a href=\"https:\/\/www.statcan.gc.ca\/fr\/debut\">Statistique Canada<\/a>. Nous nous sommes aussi appuy\u00e9s sur les recommandations d\u2019experts en mati\u00e8re d\u2019\u00e9quit\u00e9, de diversit\u00e9, d\u2019inclusion et d\u2019accessibilit\u00e9.&nbsp;<\/p>\n\n\n\n<p>Si vous avez des commentaires sur les questions ou les r\u00e9ponses, veuillez appeler le <a href=\"https:\/\/www.ottawahospital.on.ca\/fr\/patients-et-visiteurs\/relations-avec-les-patients\/\" target=\"_blank\" rel=\"noreferrer noopener\">Service des relations avec les patient<\/a>s au 613&nbsp;798-5555, poste 13377, ou remplir le <a href=\"https:\/\/www.ottawahospital.on.ca\/fr\/patients-et-visiteurs\/relations-avec-les-patients\/communiquez-avec-lequipe-des-relations-avec-les-patients\/\" target=\"_blank\" rel=\"noreferrer noopener\">formulaire de r\u00e9troaction<\/a>.&nbsp;&nbsp;<\/p>\n\n\n\n<h3 class=\"wp-block-heading\">D\u2019autres h\u00f4pitaux recueillent-ils des renseignements sociod\u00e9mographiques?&nbsp;<\/h3>\n\n\n\n<p>Oui, de nombreux h\u00f4pitaux partout au Canada recueillent de tels renseignements sur les patients dont ils prennent soin.&nbsp;&nbsp;<\/p>\n\n\n\n<h3 class=\"wp-block-heading\">Est-ce l\u00e9gal de me poser ces questions?&nbsp;&nbsp;<\/h3>\n\n\n\n<p>Oui. En vertu du <em>Code des droits de la personne<\/em> de l\u2019Ontario, la collecte de donn\u00e9es sociod\u00e9mographiques est non seulement autoris\u00e9e par la loi, mais aussi encourag\u00e9e quand il s\u2019agit de mettre fin \u00e0 la discrimination et de promouvoir l\u2019\u00e9quit\u00e9.&nbsp;&nbsp;<\/p>\n\n\n\n<h3 class=\"wp-block-heading\">Puis-je modifier, supprimer ou mettre \u00e0 jour mes donn\u00e9es?&nbsp;<\/h3>\n\n\n\n<p>Oui. Vous pouvez mettre \u00e0 jour votre information dans MyChart ou en contactant <a href=\"https:\/\/www.ottawahospital.on.ca\/fr\/patients-et-visiteurs\/relations-avec-les-patients\/communiquez-avec-lequipe-des-relations-avec-les-patients\/\" target=\"_blank\" rel=\"noreferrer noopener\">les Archives m\u00e9dicales de L\u2019H\u00f4pital d\u2019Ottawa.<\/a>&nbsp;&nbsp;<\/p>\n\n\n\n<h3 class=\"wp-block-heading\">Qui puis-je contacter si j\u2019ai d\u2019autres questions?&nbsp;&nbsp;<\/h3>\n\n\n\n<p>Veuillez communiquer avec le <a href=\"https:\/\/www.ottawahospital.on.ca\/fr\/patients-et-visiteurs\/relations-avec-les-patients\/communiquez-avec-lequipe-des-relations-avec-les-patients\/\" target=\"_blank\" rel=\"noreferrer noopener\">Service des relations avec les patient<\/a>s au 613&nbsp;798-5555, poste&nbsp;13377, ou remplir le<a href=\"https:\/\/www.ottawahospital.on.ca\/fr\/patients-et-visiteurs\/relations-avec-les-patients\/communiquez-avec-lequipe-des-relations-avec-les-patients\/\" target=\"_blank\" rel=\"noreferrer noopener\"> formulaire de r\u00e9troaction<\/a>.&nbsp;&nbsp;<\/p>\n","protected":false},"excerpt":{"rendered":"<p>Collecte d\u2019information pour am\u00e9liorer les soins : Donn\u00e9es sociod\u00e9mographiques L\u2019H\u00f4pital d\u2019Ottawa est conscient du sens profond de ses responsabilit\u00e9s sociales \u00e0 l\u2019\u00e9gard de la collectivit\u00e9 et il les accepte. L\u2019une de ces responsabilit\u00e9s consiste \u00e0 traiter du racisme, de la discrimination et des in\u00e9galit\u00e9s syst\u00e9miques qui sont omnipr\u00e9sents dans le syst\u00e8me de sant\u00e9. Lisez la [&hellip;]<\/p>\n","protected":false},"author":25,"featured_media":0,"parent":262,"menu_order":4,"comment_status":"closed","ping_status":"closed","template":"","meta":{"_acf_changed":false,"_mc_calendar":[],"footnotes":""},"class_list":["post-83229","page","type-page","status-publish","hentry"],"acf":[],"wps_subtitle":"","_links":{"self":[{"href":"https:\/\/www.ottawahospital.on.ca\/fr\/wp-json\/wp\/v2\/pages\/83229","targetHints":{"allow":["GET"]}}],"collection":[{"href":"https:\/\/www.ottawahospital.on.ca\/fr\/wp-json\/wp\/v2\/pages"}],"about":[{"href":"https:\/\/www.ottawahospital.on.ca\/fr\/wp-json\/wp\/v2\/types\/page"}],"author":[{"embeddable":true,"href":"https:\/\/www.ottawahospital.on.ca\/fr\/wp-json\/wp\/v2\/users\/25"}],"replies":[{"embeddable":true,"href":"https:\/\/www.ottawahospital.on.ca\/fr\/wp-json\/wp\/v2\/comments?post=83229"}],"version-history":[{"count":0,"href":"https:\/\/www.ottawahospital.on.ca\/fr\/wp-json\/wp\/v2\/pages\/83229\/revisions"}],"up":[{"embeddable":true,"href":"https:\/\/www.ottawahospital.on.ca\/fr\/wp-json\/wp\/v2\/pages\/262"}],"wp:attachment":[{"href":"https:\/\/www.ottawahospital.on.ca\/fr\/wp-json\/wp\/v2\/media?parent=83229"}],"curies":[{"name":"wp","href":"https:\/\/api.w.org\/{rel}","templated":true}]}}