{"id":83055,"date":"2024-07-16T10:52:16","date_gmt":"2024-07-16T14:52:16","guid":{"rendered":"https:\/\/www.ottawahospital.on.ca\/?page_id=83055"},"modified":"2025-08-28T09:46:54","modified_gmt":"2025-08-28T13:46:54","slug":"dr-vidhya-nair","status":"publish","type":"page","link":"https:\/\/www.ottawahospital.on.ca\/fr\/about-us\/notre-equipe-de-direction\/equipe-de-la-haute-direction\/dr-vidhya-nair\/","title":{"rendered":"Dre Vidhya Nair"},"content":{"rendered":"<div class=\"wp-block-image is-style-default\">\n<figure class=\"alignleft size-thumbnail\"><img decoding=\"async\" width=\"150\" height=\"150\" src=\"https:\/\/www.ottawahospital.on.ca\/wp-content\/uploads\/2024\/07\/Vidhya-Nair-150x150.jpg\" alt=\"Dr. Vidhya Nair\" class=\"wp-image-83019\" srcset=\"https:\/\/www.ottawahospital.on.ca\/wp-content\/uploads\/2024\/07\/Vidhya-Nair-150x150.jpg 150w, https:\/\/www.ottawahospital.on.ca\/wp-content\/uploads\/2024\/07\/Vidhya-Nair-300x300.jpg 300w, https:\/\/www.ottawahospital.on.ca\/wp-content\/uploads\/2024\/07\/Vidhya-Nair-768x768.jpg 768w, https:\/\/www.ottawahospital.on.ca\/wp-content\/uploads\/2024\/07\/Vidhya-Nair.jpg 880w\" sizes=\"(max-width: 150px) 100vw, 150px\" \/><figcaption class=\"wp-element-caption\"><strong>D<sup>re<\/sup><\/strong>&nbsp;Vidhya Nair, MBBS, MD, FRCPC (Anatomical Pathology)<br>Chef, D\u00e9partement de pathologie et de m\u00e9decine de laboratoire<\/figcaption><\/figure>\n<\/div>\n\n\n<p>La Dre Vidhya Nair est anatomopathologiste sp\u00e9cialis\u00e9e en pathologie cardiovasculaire \u00e0 L&rsquo;H\u00f4pital d&rsquo;Ottawa, affili\u00e9e \u00e0 l&rsquo;Universit\u00e9 d&rsquo;Ottawa depuis 2018. Elle est la directrice du D\u00e9partement de pathologie et de m\u00e9decine de laboratoire et professeure titulaire \u00e0 l&rsquo;Universit\u00e9 d&rsquo;Ottawa. De plus, elle occupe le poste de chef du d\u00e9partement de pathologie et de m\u00e9decine de laboratoire \u00e0 L&rsquo;H\u00f4pital d&rsquo;Ottawa (L\u2019H d\u2019O) et au Centre hospitalier pour enfants de l&rsquo;est de l&rsquo;Ontario (CHEO), et elle est m\u00e9decin-chef de l&rsquo;Association des laboratoires r\u00e9gionaux de l&rsquo;Est de l&rsquo;Ontario (ALREO).<\/p>\n\n\n\n<p>La Dre Nair a commenc\u00e9 sa carri\u00e8re m\u00e9dicale en Inde, o\u00f9 elle a compl\u00e9t\u00e9 sa formation m\u00e9dicale et sa r\u00e9sidence en anatomopathologie. En 2002, elle a d\u00e9m\u00e9nag\u00e9 au Canada et a effectu\u00e9 une deuxi\u00e8me r\u00e9sidence en anatomopathologie \u00e0 l&rsquo;Universit\u00e9 de Toronto, obtenant ainsi le titre FRCPC du Coll\u00e8ge royal des m\u00e9decins et chirurgiens du Canada. Elle s&rsquo;est ensuite sp\u00e9cialis\u00e9e dans le cadre d&rsquo;une bourse de recherche en pathologie cardiovasculaire \u00e0 l&rsquo;Universit\u00e9 de Toronto.<\/p>\n\n\n\n<p>Avant de s&rsquo;installer \u00e0 Ottawa, la Dre Nair \u00e9tait pathologiste \u00e0 Hamilton Health Sciences et professeure agr\u00e9g\u00e9e \u00e0 la Facult\u00e9 des sciences de la sant\u00e9 de l&rsquo;Universit\u00e9 McMaster. De 2011 \u00e0 2018, elle a \u00e9t\u00e9 directrice du programme de r\u00e9sidence en pathologie g\u00e9n\u00e9rale \u00e0 l&rsquo;Universit\u00e9 McMaster, sous l&rsquo;\u00e9gide du Coll\u00e8ge royal des m\u00e9decins et chirurgiens du Canada. Elle a jou\u00e9 un r\u00f4le central dans l&rsquo;\u00e9laboration du programme Competence-By-Design pour la pathologie g\u00e9n\u00e9rale et a co-\u00e9crit le mod\u00e8le de comp\u00e9tences en pathologie cardiovasculaire pour le College of American Pathologists. Elle a \u00e9galement contribu\u00e9 \u00e0 titre de conceptrice de contenu pour le Kuwait Institute for Medical Specialization \u2013 Royal College Histopathology &amp; Cytology Examinations, une initiative de sensibilisation universitaire soutenue par Coll\u00e8ge royal du Canada International.<\/p>\n\n\n\n<p>La Dre Nair est chercheuse clinique \u00e0 l&rsquo;Institut de recherche de l&rsquo;H\u00f4pital d&rsquo;Ottawa. Ses int\u00e9r\u00eats de recherche comprennent le rejet de transplantation cardiaque, les biopsies de l&rsquo;art\u00e8re temporale et les fondements mol\u00e9culaires de la mort cardiaque subite. Elle a \u00e9t\u00e9 cochercheuse principale et cochercheuse dans le cadre de subventions financ\u00e9es par la Fondation des maladies du c\u0153ur du Canada et l&rsquo;Association canadienne du diab\u00e8te. Ses contributions scientifiques comprennent huit chapitres de livres et plus de soixante publications \u00e9valu\u00e9es par des pairs.<\/p>\n\n\n\n<p>Elle a occup\u00e9 des postes de direction au sein de soci\u00e9t\u00e9s professionnelles, notamment au sein du comit\u00e9 ex\u00e9cutif de l&rsquo;International Society for Cardiovascular Pathology. Elle est membre du comit\u00e9 de r\u00e9daction du Journal of Cardiovascular Pathology et r\u00e9dactrice en chef de la section Human Pathology Case Reports.<\/p>\n\n\n\n<p>L&rsquo;excellence de la Dre Nair a \u00e9t\u00e9 reconnue par de nombreux prix, notamment :<\/p>\n\n\n\n<ul class=\"wp-block-list\">\n<li>Prix du jeune chercheur (2010) \u2013 Soci\u00e9t\u00e9 de pathologie cardiovasculaire<\/li>\n\n\n\n<li>Prix d&rsquo;excellence en enseignement (2017) \u2013 D\u00e9partement de pathologie et de m\u00e9decine mol\u00e9culaire<\/li>\n\n\n\n<li>Prix de contribution exceptionnelle \u2013 Programme de pathologie g\u00e9n\u00e9rale, Universit\u00e9 McMaster<\/li>\n\n\n\n<li>Prix Margaret Billingham (2020) \u2013 Society for Cardiovascular Pathology, pour l&rsquo;\u00e9valuation la plus importante en pathologie cardiovasculaire<\/li>\n<\/ul>\n","protected":false},"excerpt":{"rendered":"<p>La Dre Vidhya Nair est anatomopathologiste sp\u00e9cialis\u00e9e en pathologie cardiovasculaire \u00e0 L&rsquo;H\u00f4pital d&rsquo;Ottawa, affili\u00e9e \u00e0 l&rsquo;Universit\u00e9 d&rsquo;Ottawa depuis 2018. Elle est la directrice du D\u00e9partement de pathologie et de m\u00e9decine de laboratoire et professeure titulaire \u00e0 l&rsquo;Universit\u00e9 d&rsquo;Ottawa. De plus, elle occupe le poste de chef du d\u00e9partement de pathologie et de m\u00e9decine de laboratoire [&hellip;]<\/p>\n","protected":false},"author":25,"featured_media":0,"parent":4550,"menu_order":0,"comment_status":"closed","ping_status":"closed","template":"","meta":{"_acf_changed":false,"_mc_calendar":[],"footnotes":""},"class_list":["post-83055","page","type-page","status-publish","hentry"],"acf":[],"wps_subtitle":"","_links":{"self":[{"href":"https:\/\/www.ottawahospital.on.ca\/fr\/wp-json\/wp\/v2\/pages\/83055","targetHints":{"allow":["GET"]}}],"collection":[{"href":"https:\/\/www.ottawahospital.on.ca\/fr\/wp-json\/wp\/v2\/pages"}],"about":[{"href":"https:\/\/www.ottawahospital.on.ca\/fr\/wp-json\/wp\/v2\/types\/page"}],"author":[{"embeddable":true,"href":"https:\/\/www.ottawahospital.on.ca\/fr\/wp-json\/wp\/v2\/users\/25"}],"replies":[{"embeddable":true,"href":"https:\/\/www.ottawahospital.on.ca\/fr\/wp-json\/wp\/v2\/comments?post=83055"}],"version-history":[{"count":0,"href":"https:\/\/www.ottawahospital.on.ca\/fr\/wp-json\/wp\/v2\/pages\/83055\/revisions"}],"up":[{"embeddable":true,"href":"https:\/\/www.ottawahospital.on.ca\/fr\/wp-json\/wp\/v2\/pages\/4550"}],"wp:attachment":[{"href":"https:\/\/www.ottawahospital.on.ca\/fr\/wp-json\/wp\/v2\/media?parent=83055"}],"curies":[{"name":"wp","href":"https:\/\/api.w.org\/{rel}","templated":true}]}}