{"id":82703,"date":"2024-06-28T11:32:35","date_gmt":"2024-06-28T15:32:35","guid":{"rendered":"https:\/\/www.ottawahospital.on.ca\/?page_id=82703"},"modified":"2024-06-28T11:32:42","modified_gmt":"2024-06-28T15:32:42","slug":"rebecca-auer","status":"publish","type":"page","link":"https:\/\/www.ottawahospital.on.ca\/fr\/about-us\/notre-equipe-de-direction\/equipe-de-la-haute-direction\/rebecca-auer\/","title":{"rendered":"Rebecca Auer"},"content":{"rendered":"<div class=\"wp-block-image is-style-default\">\n<figure class=\"alignleft size-full\"><img decoding=\"async\" width=\"135\" height=\"169\" src=\"https:\/\/www.ottawahospital.on.ca\/wp-content\/uploads\/2024\/06\/Auer.jpg\" alt=\"Dre\u00a0Rebecca Auer\" class=\"wp-image-82701\"\/><figcaption class=\"wp-element-caption\"><strong>Rebecca Auer, M.D., M.\u00a0Sc., FRCSC, FACS<\/strong><\/figcaption><\/figure>\n<\/div>\n\n\n<p>La D<sup>re\u00a0<\/sup>Rebecca Auer est vice-pr\u00e9sidente ex\u00e9cutive, Recherche et Innovation, de L\u2019H\u00f4pital d\u2019Ottawa, ainsi que PDG et directrice scientifique de l\u2019Institut de recherche de l\u2019H\u00f4pital d\u2019Ottawa. Elle jouit d\u2019une r\u00e9putation internationale comme chercheuse translationnelle dans le domaine des canc\u00e9roth\u00e9rapies p\u00e9riop\u00e9ratoires.<\/p>\n\n\n\n<p>Apr\u00e8s avoir re\u00e7u la m\u00e9daille d\u2019or en m\u00e9decine de l\u2019Universit\u00e9 Queen&rsquo;s, la D<sup>re&nbsp;<\/sup>Auer fait sa r\u00e9sidence en chirurgie g\u00e9n\u00e9rale, tout en effectuant en parall\u00e8le une ma\u00eetrise en biochimie \u00e0 l\u2019Universit\u00e9 d\u2019Ottawa. Elle fait une sursp\u00e9cialisation en chirurgie oncologique au Memorial Sloan-Kettering Cancer Centre \u00e0 New York o\u00f9 elle occupe le poste de fellow en chef au sein du D\u00e9partement de chirurgie. En 2007, la D<sup>re&nbsp;<\/sup>Auer est recrut\u00e9e par L\u2019H\u00f4pital d\u2019Ottawa o\u00f9 elle est actuellement chirurgienne oncologue, en plus d\u2019\u00eatre scientifique principale au sein du Programme de recherche sur le cancer de l\u2019Institut de recherche de l\u2019H\u00f4pital d\u2019Ottawa (IRHO) et professeure au D\u00e9partement de chirurgie et au D\u00e9partement de biochimie, de microbiologie et d\u2019immunologie de l\u2019Universit\u00e9 d\u2019Ottawa.<\/p>\n\n\n\n<p>Le programme de recherche translationnelle de la D<sup>re&nbsp;<\/sup>Auer est ax\u00e9 sur la compr\u00e9hension de l\u2019\u00e9volution de la maladie m\u00e9tastatique en p\u00e9riode postop\u00e9ratoire (<a href=\"https:\/\/www.auerlab.ca\">www.auerlab.ca<\/a>). Son \u00e9quipe a identifi\u00e9 plusieurs immunoth\u00e9rapies exp\u00e9rimentales susceptibles de pouvoir annihiler les effets immunosuppresseurs d\u2019une chirurgie et a men\u00e9 six essais cliniques \u00ab P\u00c9RIOP \u00bb portant sur des canc\u00e9roth\u00e9rapies en se basant sur cette recherche pr\u00e9clinique. Elle est l\u2019auteure de plus de 100&nbsp;publications \u00e0 comit\u00e9 de lecture et a obtenu plus de 30 millions de dollars sous la forme de subvention approuv\u00e9e par des pairs pour l\u2019aider dans son travail. La D<sup>re<\/sup>&nbsp;Auer a aussi cofond\u00e9 le Collectif canadien sur le cholangiocarcinome (C3) qui a pour objectif de donner de l\u2019espoir aux patients canadiens atteints d\u2019un cancer des voies biliaires en int\u00e9grant la recherche dans les soins.<\/p>\n\n\n\n<p>La D<sup>re&nbsp;<\/sup>Auer est une figure de proue de la chirurgie oncologique sur la sc\u00e8ne internationale. Elle a \u00e9t\u00e9 membre du comit\u00e9 de direction du Groupe canadien des essais sur le cancer, de la Society of Surgical Oncology ainsi que de l\u2019Association canadienne des chirurgiens g\u00e9n\u00e9raux o\u00f9 elle a assur\u00e9 la pr\u00e9sidence du Comit\u00e9 de recherche. Elle est \u00e9galement active aupr\u00e8s de l\u2019Institut de recherche Terry Fox, de BioCanRx et de la Soci\u00e9t\u00e9 canadienne du cancer dont elle est l\u2019un des membres du conseil consultatif. Convaincue que la recherche EST une forme de soins, la D<sup>re&nbsp;<\/sup>Auer se consacre avec d\u00e9vouement \u00e0 veiller \u00e0 ce que tous les patients aient la possibilit\u00e9 de participer \u00e0 la recherche.<\/p>\n","protected":false},"excerpt":{"rendered":"<p>La Dre\u00a0Rebecca Auer est vice-pr\u00e9sidente ex\u00e9cutive, Recherche et Innovation, de L\u2019H\u00f4pital d\u2019Ottawa, ainsi que PDG et directrice scientifique de l\u2019Institut de recherche de l\u2019H\u00f4pital d\u2019Ottawa. Elle jouit d\u2019une r\u00e9putation internationale comme chercheuse translationnelle dans le domaine des canc\u00e9roth\u00e9rapies p\u00e9riop\u00e9ratoires. Apr\u00e8s avoir re\u00e7u la m\u00e9daille d\u2019or en m\u00e9decine de l\u2019Universit\u00e9 Queen&rsquo;s, la Dre&nbsp;Auer fait sa r\u00e9sidence [&hellip;]<\/p>\n","protected":false},"author":25,"featured_media":0,"parent":4550,"menu_order":0,"comment_status":"closed","ping_status":"closed","template":"","meta":{"_acf_changed":false,"_mc_calendar":[],"footnotes":""},"class_list":["post-82703","page","type-page","status-publish","hentry"],"acf":[],"wps_subtitle":"","_links":{"self":[{"href":"https:\/\/www.ottawahospital.on.ca\/fr\/wp-json\/wp\/v2\/pages\/82703","targetHints":{"allow":["GET"]}}],"collection":[{"href":"https:\/\/www.ottawahospital.on.ca\/fr\/wp-json\/wp\/v2\/pages"}],"about":[{"href":"https:\/\/www.ottawahospital.on.ca\/fr\/wp-json\/wp\/v2\/types\/page"}],"author":[{"embeddable":true,"href":"https:\/\/www.ottawahospital.on.ca\/fr\/wp-json\/wp\/v2\/users\/25"}],"replies":[{"embeddable":true,"href":"https:\/\/www.ottawahospital.on.ca\/fr\/wp-json\/wp\/v2\/comments?post=82703"}],"version-history":[{"count":0,"href":"https:\/\/www.ottawahospital.on.ca\/fr\/wp-json\/wp\/v2\/pages\/82703\/revisions"}],"up":[{"embeddable":true,"href":"https:\/\/www.ottawahospital.on.ca\/fr\/wp-json\/wp\/v2\/pages\/4550"}],"wp:attachment":[{"href":"https:\/\/www.ottawahospital.on.ca\/fr\/wp-json\/wp\/v2\/media?parent=82703"}],"curies":[{"name":"wp","href":"https:\/\/api.w.org\/{rel}","templated":true}]}}