{"id":8255,"date":"2016-11-17T16:20:13","date_gmt":"2016-11-17T21:20:13","guid":{"rendered":"http:\/\/52.229.122.34\/fr\/?page_id=8255"},"modified":"2016-12-09T10:44:38","modified_gmt":"2016-12-09T15:44:38","slug":"clinique-de-gestion-des-etourdissements","status":"publish","type":"page","link":"https:\/\/www.ottawahospital.on.ca\/fr\/services-cliniques\/deptpgrmcs\/cliniques-et-services\/clinique-de-gestion-des-etourdissements\/","title":{"rendered":"Clinique de gestion des \u00e9tourdissements"},"content":{"rendered":"<h2>Renseignements g\u00e9n\u00e9raux<\/h2>\n<p>Le personnel de la Clinique de gestion des \u00e9tourdissements offre des soins aux patients qui ont des \u00e9tourdissements chroniques graves ou non diagnostiqu\u00e9s et qui souhaitent obtenir un second avis apr\u00e8s avoir consult\u00e9 un neurologue ou un otorhinolaryngologiste. Notre objectif est de poser un diagnostic et d\u2019aider les patients \u00e0 trouver des solutions pour g\u00e9rer leurs sympt\u00f4mes et am\u00e9liorer leur qualit\u00e9 de vie. Pour ce faire, nous pouvons recommander des m\u00e9dicaments, des traitements de r\u00e9adaptation et de physioth\u00e9rapie, ainsi que des soins psychiatriques.<\/p>\n<h2>Services<\/h2>\n<p>La Clinique de gestion des \u00e9tourdissements accepte les patients qui ont des \u00e9tourdissements chroniques graves. Voici un aper\u00e7u des diagnostics souvent pos\u00e9s\u00a0:<\/p>\n<ul>\n<li>N\u00e9vrite vestibulaire non compens\u00e9e<\/li>\n<li>Maladie de M\u00e9ni\u00e8re<\/li>\n<li>Vertige positionnel paroxystique b\u00e9nin r\u00e9current<\/li>\n<li>Migraine vestibulaire<\/li>\n<li>Probl\u00e8me du syst\u00e8me nerveux central<\/li>\n<li>Blessure apr\u00e8s une commotion ou un traumatisme mineur au cerveau<\/li>\n<li>\u00c9tourdissements posturaux de perception persistants<\/li>\n<\/ul>\n<h2>Notre \u00e9quipe<\/h2>\n<p>Le D<sup>r<\/sup>\u00a0Darren\u00a0Tse, otorhinolaryngologiste, et le D<sup>r<\/sup>\u00a0Danny\u00a0Lelli, neuro-ophtalmologiste, collaborent avec une \u00e9quipe multidisciplinaire pour offrir des soins aux patients. Pendant un rendez-vous, un patient peut aussi rencontrer un r\u00e9sident ou un moniteur en otorhinolaryngologie ou en neurologie, un physioth\u00e9rapeute ou un audiologiste.<\/p>\n<h2>Rendez-vous<\/h2>\n<p>Pour le moment, l\u2019\u00e9quipe accepte seulement les demandes de consultation transmises par un neurologue ou un otorhinolaryngologiste.<\/p>\n<p>La demande de consultation doit \u00eatre envoy\u00e9e par t\u00e9l\u00e9copieur au bureau du D<sup>r<\/sup>\u00a0Darren\u00a0Tse au 613-667-2899.<\/p>\n","protected":false},"excerpt":{"rendered":"<p>Renseignements g\u00e9n\u00e9raux Le personnel de la Clinique de gestion des \u00e9tourdissements offre des soins aux patients qui ont des \u00e9tourdissements chroniques graves ou non diagnostiqu\u00e9s et qui souhaitent obtenir un second avis apr\u00e8s avoir consult\u00e9 un neurologue ou un otorhinolaryngologiste. Notre objectif est de poser un diagnostic et d\u2019aider les patients \u00e0 trouver des solutions [&hellip;]<\/p>\n","protected":false},"author":25,"featured_media":0,"parent":7872,"menu_order":16,"comment_status":"closed","ping_status":"closed","template":"","meta":{"_acf_changed":false,"_mc_calendar":[],"footnotes":""},"class_list":["post-8255","page","type-page","status-publish","hentry"],"acf":[],"wps_subtitle":"","_links":{"self":[{"href":"https:\/\/www.ottawahospital.on.ca\/fr\/wp-json\/wp\/v2\/pages\/8255","targetHints":{"allow":["GET"]}}],"collection":[{"href":"https:\/\/www.ottawahospital.on.ca\/fr\/wp-json\/wp\/v2\/pages"}],"about":[{"href":"https:\/\/www.ottawahospital.on.ca\/fr\/wp-json\/wp\/v2\/types\/page"}],"author":[{"embeddable":true,"href":"https:\/\/www.ottawahospital.on.ca\/fr\/wp-json\/wp\/v2\/users\/25"}],"replies":[{"embeddable":true,"href":"https:\/\/www.ottawahospital.on.ca\/fr\/wp-json\/wp\/v2\/comments?post=8255"}],"version-history":[{"count":0,"href":"https:\/\/www.ottawahospital.on.ca\/fr\/wp-json\/wp\/v2\/pages\/8255\/revisions"}],"up":[{"embeddable":true,"href":"https:\/\/www.ottawahospital.on.ca\/fr\/wp-json\/wp\/v2\/pages\/7872"}],"wp:attachment":[{"href":"https:\/\/www.ottawahospital.on.ca\/fr\/wp-json\/wp\/v2\/media?parent=8255"}],"curies":[{"name":"wp","href":"https:\/\/api.w.org\/{rel}","templated":true}]}}