{"id":8245,"date":"2016-11-17T16:14:04","date_gmt":"2016-11-17T21:14:04","guid":{"rendered":"http:\/\/52.229.122.34\/fr\/?page_id=8245"},"modified":"2024-09-23T11:03:12","modified_gmt":"2024-09-23T15:03:12","slug":"dermatologie","status":"publish","type":"page","link":"https:\/\/www.ottawahospital.on.ca\/fr\/services-cliniques\/deptpgrmcs\/cliniques-et-services\/dermatologie\/","title":{"rendered":"Dermatologie"},"content":{"rendered":"\n<h2 class=\"wp-block-heading\">Vue d\u2019ensemble<\/h2>\n\n\n\n<p>La Division de dermatologie comporte un certain nombre de domaines d\u2019excellence&nbsp;:<\/p>\n\n\n\n<ul class=\"wp-block-list\">\n<li>Cancer\u00a0: notamment le cancer de la peau avec ou sans pr\u00e9sence de m\u00e9lanome<\/li>\n\n\n\n<li>Dermatoses inflammatoires\u00a0: dermatite de contact, psoriasis, et autres<\/li>\n\n\n\n<li>Phototh\u00e9rapie<\/li>\n\n\n\n<li>Clinique de dermatologie pour peaux de couleur<\/li>\n\n\n\n<li>Dermatologie vulvaire<\/li>\n<\/ul>\n\n\n\n<h2 class=\"wp-block-heading\">Clinique de dermatologie g\u00e9n\u00e9rale (demandes de consultation de m\u00e9decins seulement) \u2013 Campus Civic<\/h2>\n\n\n\n<p>En dermatologie g\u00e9n\u00e9rale, on traite un vaste \u00e9ventail d\u2019affections cutan\u00e9es, dont les \u00e9ruptions cutan\u00e9es, l\u2019urticaire, les bosses, le zona, les troubles cutan\u00e9s semblables au lupus, les l\u00e9sions pr\u00e9canc\u00e9reuses et les cancers de la peau. On effectue sur place les interventions chirurgicales sous anesth\u00e9sie locale et on offre continuellement de l\u2019information au patient.<\/p>\n\n\n\n<p><strong>La clinique est ouverte\u00a0:\u00a0\u00a0\u00a0\u00a0<\/strong>\u00a0\u00a0\u00a0\u00a0 <\/p>\n\n\n\n<ul class=\"wp-block-list\">\n<li>le lundi de 8\u00a0h \u00e0 16\u00a0h<\/li>\n\n\n\n<li>le mardi de 8&nbsp;h \u00e0 16&nbsp;h<\/li>\n\n\n\n<li>le mercredi de 13&nbsp;h \u00e0 15&nbsp;h<\/li>\n<\/ul>\n\n\n\n<h2 class=\"wp-block-heading\">Clinique de phototh\u00e9rapie et du psoriasis (demandes de consultation de dermatologues seulement) \u2013 Campus Civic<\/h2>\n\n\n\n<p>Des rayons ultraviolets (UVB ou UVA) sont utilis\u00e9s pour traiter plusieurs maladies r\u00e9sistantes de la peau, comme le psoriasis, l\u2019ecz\u00e9ma, le prurit et le lymphome&nbsp;T cutan\u00e9 \u00e0 raison de trois \u00e0 six&nbsp;s\u00e9ances par semaine. On discute avec les patients des traitements topiques adjuvants. Les infirmi\u00e8res sp\u00e9cialis\u00e9es en phototh\u00e9rapie offrent des services de counseling intensif et un soutien aux patients.<\/p>\n\n\n\n<p><strong>Jours de traitement\u00a0: <\/strong><\/p>\n\n\n\n<ul class=\"wp-block-list\">\n<li>Le lundi, le mercredi et le vendredi de 6\u00a0h\u00a030 \u00e0 14\u00a0h\u00a030<\/li>\n\n\n\n<li>La clinique est ouverte le jeudi de 8&nbsp;h \u00e0 midi.<\/li>\n<\/ul>\n\n\n\n<h2 class=\"wp-block-heading\">Clinique de chirurgie de Mohs (demandes de consultation de m\u00e9decins seulement) \u2013 Campus Civic<\/h2>\n\n\n\n<p>La chirurgie micrographique de Mohs est une m\u00e9thode sp\u00e9cialis\u00e9e et tr\u00e8s efficace pour traiter des cancers courants de la peau. Elle est surtout utilis\u00e9e pour traiter le carcinome basocellulaire et le carcinome squameux, sur le cou ou la t\u00eate d\u2019un patient, mais elle peut \u00e9galement traiter certains m\u00e9lanomes et autres cancers de la peau. Son taux de gu\u00e9rison est tr\u00e8s \u00e9lev\u00e9 et la perte de tissus sains est minimale. Cette chirurgie est effectu\u00e9e sous anesth\u00e9sie locale.<\/p>\n\n\n\n<p><strong>La clinique est ouverte du lundi au vendredi de 8\u00a0h \u00e0 16\u00a0h.<\/strong><\/p>\n\n\n\n<h2 class=\"wp-block-heading\">Clinique de dermatologie de contact et d\u2019\u00e9valuation des allergies cutan\u00e9es (demandes de consultation de m\u00e9decins seulement) \u2013 Campus Civic<\/h2>\n\n\n\n<p>On \u00e9value le patient et on effectue des \u00e9preuves cutan\u00e9es normalis\u00e9es directement sur les patients pour obtenir un diagnostic en vue du traitement des allergies de contact. Au premier rendez-vous, le patient doit apporter des effets personnels, dont les cosm\u00e9tiques et les v\u00eatements qui pourraient \u00eatre une source de r\u00e9actions allergiques.<\/p>\n\n\n\n<p><strong>La clinique est ouverte\u00a0:\u00a0\u00a0\u00a0<\/strong>\u00a0\u00a0\u00a0\u00a0\u00a0 <\/p>\n\n\n\n<ul class=\"wp-block-list\">\n<li>le lundi de 8\u00a0h \u00e0 16\u00a0h<\/li>\n\n\n\n<li>le mercredi de 8\u00a0h \u00e0 midi<\/li>\n\n\n\n<li>le vendredi de 8\u00a0h \u00e0 midi<\/li>\n<\/ul>\n\n\n\n<h2 class=\"wp-block-heading\">Clinique des l\u00e9sions pigment\u00e9es (demandes de consultation de dermatologues seulement) \u2013 Campus Civic<\/h2>\n\n\n\n<p>La Clinique des l\u00e9sions pigment\u00e9es vise principalement \u00e0 d\u00e9tecter les m\u00e9lanomes malins dans la phase initiale et curable chez les patients \u00e0 risque \u00e9lev\u00e9. On recommande les patients \u00e0 cette clinique pour le d\u00e9pistage de m\u00e9lanome ainsi que l\u2019examen et le contr\u00f4le des l\u00e9sions pigment\u00e9es complexes.<\/p>\n\n\n\n<p><strong>La clinique est ouverte le jeudi de 8\u00a0h \u00e0 midi.<\/strong><\/p>\n\n\n\n<h2 class=\"wp-block-heading\">Clinique de canc\u00e9rologie \u2013 Dermatologie \u2013 L\u2019H\u00f4pital d\u2019Ottawa \u2013 Campus G\u00e9n\u00e9ral \u2013 Module A<\/h2>\n\n\n\n<p>Clinique sp\u00e9cialis\u00e9e dans le traitement et le diagnostic des cancers de la peau. Il faut une demande de consultation d\u2019un m\u00e9decin de famille, d\u2019un dermatologue ou d\u2019un m\u00e9decin ayant suivi une formation sursp\u00e9cialis\u00e9e.&nbsp; Les demandes directes de consultation par les patients ne sont pas accept\u00e9es.<\/p>\n\n\n\n<p><strong>La clinique est ouverte le jeudi de 8\u00a0h \u00e0 midi.<\/strong><\/p>\n\n\n\n<h2 class=\"wp-block-heading\">Clinique de dermatologie vulvaire \u2013 (demandes de consultation de m\u00e9decins seulement) \u2013Campus Civic<\/h2>\n\n\n\n<p>La Clinique de dermatologie vulvaire \u00e9value et prend en charge les personnes ayant des l\u00e9sions ou probl\u00e8mes cutan\u00e9s vulvaires aigu\u00ebs ou chroniques. Les maladies de la vulve peuvent \u00eatre accompagn\u00e9es de divers signes et sympt\u00f4mes, comme des d\u00e9mangeaisons, de la douleur, des saignements et des sensations de br\u00fblure. Certaines des maladies diagnostiqu\u00e9es et trait\u00e9es \u00e0 la clinique sont le lichen scl\u00e9reux, le lichen plan, le psoriasis, l\u2019ecz\u00e9ma et divers types de cancers de la peau. La clinique joue aussi le r\u00f4le de centre de formation pour les \u00e9tudiants en m\u00e9decine, les r\u00e9sidents et les moniteurs pour leur permettre d\u2019en apprendre davantage sur le traitement de probl\u00e8mes cutan\u00e9s vulvaires.&nbsp;<\/p>\n\n\n\n<p><strong>La clinique est ouverte le 2<sup>e<\/sup>\u00a0jeudi de chaque mois de 8\u00a0h \u00e0 midi.<\/strong><\/p>\n\n\n\n<h2 class=\"wp-block-heading\">Clinique d\u2019acc\u00e8s rapide en dermatologie \u2013 (demandes de consultation de m\u00e9decins seulement) \u2013 Campus Civic<\/h2>\n\n\n\n<p>Cette clinique est ouverte le mardi et le mercredi de 8&nbsp;h \u00e0 16&nbsp;h.<\/p>\n\n\n\n<p>L\u2019objectif de la Clinique d\u2019acc\u00e8s rapide en dermatologie est de r\u00e9pondre aux besoins des patients en mati\u00e8re de clarification d\u2019un diagnostic et de conseils sur le traitement d\u2019un probl\u00e8me cutan\u00e9. Dans le but de faciliter le cheminement des patients, la clinique n\u2019offre pas de soins de suivi. Quelques maladies qui sont couramment trait\u00e9es ou diagnostiqu\u00e9es \u00e0 la clinique sont&nbsp;: les cancers de la peau, les formes graves d\u2019ecz\u00e9ma et de psoriasis, des probl\u00e8mes cutan\u00e9s qui causent des cloques, la vascularite et d\u2019autres maladies aigu\u00ebs. La clinique donne aussi une formation sur les maladies cutan\u00e9es aux \u00e9tudiants en m\u00e9decine, aux r\u00e9sidents et aux moniteurs.&nbsp;<\/p>\n\n\n\n<p><strong>La clinique est ouverte le mardi et le mercredi de 8\u00a0h \u00e0 16\u00a0h.<\/strong><\/p>\n\n\n\n<h2 class=\"wp-block-heading\">Clinique de dermatologie pour peaux de couleur \u2013 (demandes de consultation de m\u00e9decins seulement) \u2013 Campus Civic<\/h2>\n\n\n\n<p>La Clinique de dermatologie pour peaux de couleur vise \u00e0 am\u00e9liorer l\u2019acc\u00e8s aux soins et \u00e0 des traitements \u00e0 jour pour les personnes qui n\u2019ont pas la peau blanche. La clinique tente de combler les lacunes dans les soins pour les personnes aux types de peau diversifi\u00e9s qui ont des probl\u00e8mes cutan\u00e9s. La clinique sert aussi de centre de formation d\u2019\u00e9tudiants en m\u00e9decine et de moniteurs cliniques sur le traitement des probl\u00e8mes de peau fonc\u00e9e.<\/p>\n\n\n\n<p><strong>La clinique est ouverte le vendredi de 8\u00a0h \u00e0 16\u00a0h.<\/strong><\/p>\n\n\n\n<h2 class=\"wp-block-heading\">Nous joindre<\/h2>\n\n\n\n<h3 class=\"wp-block-heading\">Cliniques\u00a0:<\/h3>\n\n\n\n<ul class=\"wp-block-list\">\n<li>Clinique de dermatologie g\u00e9n\u00e9rale<\/li>\n\n\n\n<li>Clinique de dermatologie pour peaux de couleur<\/li>\n\n\n\n<li>Clinique des l\u00e9sions pigment\u00e9es<\/li>\n\n\n\n<li>Clinique de dermatologie vulvaire\u00a0<\/li>\n<\/ul>\n\n\n\n<p>T\u00e9l\u00e9phone&nbsp;: 613 761-4689<br>T\u00e9l\u00e9copieur&nbsp;: 613&nbsp;761-4087<\/p>\n\n\n\n<h3 class=\"wp-block-heading\">Clinique de dermatologie de contact et d\u2019\u00e9valuation des allergies cutan\u00e9es<\/h3>\n\n\n\n<p>T\u00e9l\u00e9phone&nbsp;: 613&nbsp;798-5555, poste 10440 ou 10441<br>T\u00e9l\u00e9copieur&nbsp;: 613&nbsp;761-5093<\/p>\n\n\n\n<h3 class=\"wp-block-heading\">Clinique de chirurgie de Mohs<\/h3>\n\n\n\n<p>T\u00e9l\u00e9phone&nbsp;: 613 761-4776<br>T\u00e9l\u00e9copieur&nbsp;: 613&nbsp;761-5093<\/p>\n\n\n\n<h3 class=\"wp-block-heading\">Clinique de phototh\u00e9rapie et du psoriasis<\/h3>\n\n\n\n<p>T\u00e9l\u00e9phone&nbsp;: 613&nbsp;761-4069<br>T\u00e9l\u00e9copieur&nbsp;: 613&nbsp;761-4194<\/p>\n\n\n\n<h3 class=\"wp-block-heading\">Clinique de canc\u00e9rologie \u2013 Campus G\u00e9n\u00e9ral<\/h3>\n\n\n\n<p>T\u00e9l\u00e9phone&nbsp;: 613&nbsp;737-7700, poste 70120<br>T\u00e9l\u00e9copieur&nbsp;: 613&nbsp;247-3516<\/p>\n","protected":false},"excerpt":{"rendered":"<p>Vue d\u2019ensemble La Division de dermatologie comporte un certain nombre de domaines d\u2019excellence&nbsp;: Clinique de dermatologie g\u00e9n\u00e9rale (demandes de consultation de m\u00e9decins seulement) \u2013 Campus Civic En dermatologie g\u00e9n\u00e9rale, on traite un vaste \u00e9ventail d\u2019affections cutan\u00e9es, dont les \u00e9ruptions cutan\u00e9es, l\u2019urticaire, les bosses, le zona, les troubles cutan\u00e9s semblables au lupus, les l\u00e9sions pr\u00e9canc\u00e9reuses et [&hellip;]<\/p>\n","protected":false},"author":25,"featured_media":0,"parent":7872,"menu_order":15,"comment_status":"closed","ping_status":"closed","template":"","meta":{"_acf_changed":false,"_mc_calendar":[],"footnotes":""},"class_list":["post-8245","page","type-page","status-publish","hentry"],"acf":[],"wps_subtitle":"","_links":{"self":[{"href":"https:\/\/www.ottawahospital.on.ca\/fr\/wp-json\/wp\/v2\/pages\/8245","targetHints":{"allow":["GET"]}}],"collection":[{"href":"https:\/\/www.ottawahospital.on.ca\/fr\/wp-json\/wp\/v2\/pages"}],"about":[{"href":"https:\/\/www.ottawahospital.on.ca\/fr\/wp-json\/wp\/v2\/types\/page"}],"author":[{"embeddable":true,"href":"https:\/\/www.ottawahospital.on.ca\/fr\/wp-json\/wp\/v2\/users\/25"}],"replies":[{"embeddable":true,"href":"https:\/\/www.ottawahospital.on.ca\/fr\/wp-json\/wp\/v2\/comments?post=8245"}],"version-history":[{"count":0,"href":"https:\/\/www.ottawahospital.on.ca\/fr\/wp-json\/wp\/v2\/pages\/8245\/revisions"}],"up":[{"embeddable":true,"href":"https:\/\/www.ottawahospital.on.ca\/fr\/wp-json\/wp\/v2\/pages\/7872"}],"wp:attachment":[{"href":"https:\/\/www.ottawahospital.on.ca\/fr\/wp-json\/wp\/v2\/media?parent=8245"}],"curies":[{"name":"wp","href":"https:\/\/api.w.org\/{rel}","templated":true}]}}