{"id":8241,"date":"2016-11-17T16:09:39","date_gmt":"2016-11-17T21:09:39","guid":{"rendered":"http:\/\/52.229.122.34\/fr\/?page_id=8241"},"modified":"2021-05-31T10:16:14","modified_gmt":"2021-05-31T14:16:14","slug":"clinique-dentaire","status":"publish","type":"page","link":"https:\/\/www.ottawahospital.on.ca\/fr\/services-cliniques\/deptpgrmcs\/cliniques-et-services\/clinique-dentaire\/","title":{"rendered":"Clinique dentaire"},"content":{"rendered":"<p><img decoding=\"async\" class=\"alignnone size-full wp-image-52626\" src=\"https:\/\/www.ottawahospital.on.ca\/wp-content\/uploads\/2020\/03\/Dental-chair-and-equipments.jpg\" alt=\"Chaise et \u00e9quipement dentaires\" width=\"740\" height=\"330\" srcset=\"https:\/\/www.ottawahospital.on.ca\/wp-content\/uploads\/2020\/03\/Dental-chair-and-equipments.jpg 740w, https:\/\/www.ottawahospital.on.ca\/wp-content\/uploads\/2020\/03\/Dental-chair-and-equipments-600x268.jpg 600w, https:\/\/www.ottawahospital.on.ca\/wp-content\/uploads\/2020\/03\/Dental-chair-and-equipments-300x134.jpg 300w\" sizes=\"(max-width: 740px) 100vw, 740px\" \/><\/p>\n<h2>Processus de recommandation et crit\u00e8res d\u2019admissibilit\u00e9 \u00e0 la Clinique dentaire de L\u2019H\u00f4pital d\u2019Ottawa \u2013 Campus Civic<\/h2>\n<p>La Clinique dentaire de L\u2019H\u00f4pital d\u2019Ottawa re\u00e7oit actuellement un volume de recommandations plus \u00e9lev\u00e9 que d\u2019habitude. Par cons\u00e9quent, le d\u00e9lai d\u2019attente est de 3 \u00e0 4 mois pour un rendez-vous de consultation. Pour g\u00e9rer la situation, le personnel m\u00e9dical et dentaire de L\u2019H\u00f4pital d\u2019Ottawa a d\u00e9cid\u00e9 de revoir la proc\u00e9dure de recommandation en cours et de r\u00e9tablir le triage bas\u00e9 sur des crit\u00e8res d\u2019admissibilit\u00e9 bien d\u00e9finis pour l\u2019acc\u00e8s aux soins dentaires \u00e0 L\u2019H\u00f4pital d\u2019Ottawa. Notre objectif est de faire en sorte que les patients qui ont un probl\u00e8me de sant\u00e9 exigeant une prise en charge hospitali\u00e8re continuent d\u2019acc\u00e9der aux soins dentaires dans un d\u00e9lai raisonnable.<\/p>\n<p>Nous avons re\u00e7u une recommandation pour le patient en r\u00e9f\u00e9rence \u2013 si le patient r\u00e9pond aux crit\u00e8res d\u2019admissibilit\u00e9 et qu\u2019un traitement dentaire \u00e0 l\u2019h\u00f4pital est n\u00e9cessaire, envoyez de nouveau votre recommandation avec les justificatifs demand\u00e9s. Ainsi, vous faciliterez le triage ad\u00e9quat du patient et la planification de son rendez-vous. Merci de votre collaboration.<\/p>\n<h2>Notre mandat<\/h2>\n<p>La Clinique dentaire de L\u2019H\u00f4pital d\u2019Ottawa accepte des patients seulement sur recommandation d\u2019un m\u00e9decin et n\u2019offre pas de services d\u2019urgence sans rendez-vous. Notre mandat est de fournir des services maxillo-faciaux et dentaires aux patients hospitalis\u00e9s et aux patients externes ayant un probl\u00e8me de sant\u00e9 dont la prise en charge s\u00e9curitaire n\u2019est pas possible dans une clinique dentaire communautaire.<\/p>\n<p>Notre clinique fournit des services dentaires essentiels aux patients de divers programmes strat\u00e9giques de l\u2019H\u00f4pital, incluant les patients de l\u2019Institut de cardiologie et du Centre de canc\u00e9rologie et les patients du programme de n\u00e9phrologie en attente d\u2019une transplantation.<\/p>\n<h2>Processus de recommandation<\/h2>\n<p>Afin de simplifier le processus de recommandation des patients ayant un probl\u00e8me sant\u00e9 qui justifie une prise en charge hospitali\u00e8re de leurs soins dentaires, la Clinique dentaire de l\u2019H\u00f4pital d\u2019Ottawa exige d\u00e9sormais les <strong>renseignements suivants \u00e0 des fins de triage avant d\u2019accepter une recommandation<\/strong>\u00a0:<\/p>\n<ol>\n<li>une lettre de recommandation pr\u00e9cisant les coordonn\u00e9es du patient, l\u2019information sur son assurance, les d\u00e9tails du probl\u00e8me dentaire et les raisons m\u00e9dicales qui justifient une prise en charge hospitali\u00e8re (voir les crit\u00e8res d\u2019inclusion ci-dessous)<\/li>\n<li>une liste \u00e0 jour de tous les m\u00e9dicaments du patient<\/li>\n<li>toute radiographie prise dans les 12 derniers mois<\/li>\n<\/ol>\n<p>Notez que la Clinique dentaire de L\u2019H\u00f4pital d\u2019Ottawa est en train de revoir son formulaire de demande de consultation. Toutefois, nous acceptons toujours les copies de <a href=\"\/wp-content\/uploads\/2020\/03\/CLN-147-Mar-2020.pdf\">notre ancien formulaire<\/a> (en Anglais seulement) \u00e0 condition d\u2019y inclure les renseignements mentionn\u00e9s ci-dessus.<\/p>\n<h2>Crit\u00e8res d\u2019admissibilit\u00e9<\/h2>\n<p>La liste suivante contient les lignes directrices g\u00e9n\u00e9rales pour d\u00e9terminer l\u2019admissibilit\u00e9 du patient \u00e0 une recommandation \u00e0 la Clinique dentaire de l\u2019H\u00f4pital.<\/p>\n<p>La Clinique dentaire de L\u2019H\u00f4pital d\u2019Ottawa accepte actuellement les patients adultes \u00e2g\u00e9s de 18 ans et plus qui r\u00e9pondent aux crit\u00e8res suivants\u00a0:<\/p>\n<ul>\n<li>trouble physique, cognitif ou mental complexe<\/li>\n<li>d\u00e9ficience intellectuelle grave<\/li>\n<li>probl\u00e8me de sant\u00e9 qui justifie la prise en charge hospitali\u00e8re de leurs soins dentaires, notamment\u00a0:\n<ul>\n<li>patients en oncologie cervico-faciale qui attendent ou ont eu une radioth\u00e9rapie<\/li>\n<li>maladie cardiaque complexe (avant ou apr\u00e8s une chirurgie)<\/li>\n<li>trouble de saignement<\/li>\n<li>\u00e9pilepsie non contr\u00f4l\u00e9e<\/li>\n<li>infarctus du myocarde r\u00e9cent (dans les six mois suivant un infarctus du myocarde)<\/li>\n<li>maladie r\u00e9nale caus\u00e9e par une insuffisance r\u00e9nale (p. ex. dialyse, attente d\u2019une transplantation)<\/li>\n<li>anomalie cr\u00e2niofaciale complexe<\/li>\n<li>trouble neurologique ou neuromusculaire (paralysie c\u00e9r\u00e9brale, traumatisme vasculaire c\u00e9r\u00e9bral, scl\u00e9rose en plaques, spina bifida, dystrophie musculaire)<\/li>\n<li>maladie d\u2019Alzheimer s\u00e9v\u00e8re ou d\u00e9mence<\/li>\n<li>ost\u00e9oradion\u00e9crose et ost\u00e9ocr\u00e9nose li\u00e9e \u00e0 un m\u00e9dicament<\/li>\n<li>phobie dentaire s\u00e9v\u00e8re seulement contr\u00f4lable par une s\u00e9dation orale ou intraveineuse<\/li>\n<\/ul>\n<\/li>\n<\/ul>\n<p>Habituellement, les maladies ou circonstances suivantes ne justifient <strong><em><u>pas<\/u><\/em><\/strong> une prise en charge hospitali\u00e8re\u00a0:<\/p>\n<ul>\n<li>asthme<\/li>\n<li>patients couverts par le Programme ontarien de soutien aux personnes handicap\u00e9es, mais dont le probl\u00e8me sant\u00e9 ne r\u00e9pond pas aux crit\u00e8res ci-dessus<\/li>\n<li>diab\u00e8te<\/li>\n<li>anxi\u00e9t\u00e9 dentaire<\/li>\n<li>h\u00e9patite (sauf si les justificatifs m\u00e9dicaux incluent un diagnostic d\u2019insuffisance h\u00e9patique avanc\u00e9e)<\/li>\n<li>allergie au latex<\/li>\n<li>d\u00e9ficience visuelle ou auditive<\/li>\n<li>VIH (sauf si les justificatifs m\u00e9dicaux montrent une charge virale d\u00e9tectable ou une immunosuppression)<\/li>\n<li>troubles m\u00e9taboliques<\/li>\n<li>raisons financi\u00e8res<\/li>\n<\/ul>\n<p>Notez que les listes ci-dessus sont des lignes directrices \u00e0 utiliser seulement pour une recommandation \u00e0 la Clinique dentaire de L\u2019H\u00f4pital d\u2019Ottawa. Toutes les recommandations, peu importe la maladie, seront examin\u00e9es par notre \u00e9quipe de sp\u00e9cialistes, qui accordera la priorit\u00e9 aux patients ayant un probl\u00e8me de sant\u00e9 et une infection dentaire potentiellement mortels.<\/p>\n<div class=\"card\">\n<h2 class=\"card-header h2-mock\">Nous joindre<\/h2>\n<div class=\"card-body\">\n<p>Campus Civic, Secteur B<br \/>\n1053, avenue Carling<br \/>\nOttawa, Ontario<br \/>\nK1Y 4E9<\/p>\n<hr \/>\n<p>Communiquez avec la Clinique dentaire de L\u2019H\u00f4pital d\u2019Ottawa au 613-761-4084 pour d\u2019autres renseignements.<br \/>\n<strong>Courriel :<\/strong> <a href=\"mailto:dentalclinic@ottawahospital.on.ca\" rel=\"noopener\">dentalclinic@ottawahospital.on.ca<\/a><\/p>\n<hr \/>\n<p>Veuillez noter que cette adresse \u00e9lectronique ne doit \u00eatre utilis\u00e9e que par les cabinets dentaires pour envoyer les r\u00e9sultats des radiographies de leurs patients r\u00e9f\u00e9r\u00e9s.<\/p>\n<\/div>\n<\/div>\n<h3 class=\"text-center\"><a class=\"btn btn-default\" style=\"width: 30%;\" href=\"\/wp-content\/uploads\/2020\/03\/CLN-147-Mar-2020.pdf\">Referral Form (en Anglais seulement)<\/a><\/h3>\n","protected":false},"excerpt":{"rendered":"<p>Processus de recommandation et crit\u00e8res d\u2019admissibilit\u00e9 \u00e0 la Clinique dentaire de L\u2019H\u00f4pital d\u2019Ottawa \u2013 Campus Civic La Clinique dentaire de L\u2019H\u00f4pital d\u2019Ottawa re\u00e7oit actuellement un volume de recommandations plus \u00e9lev\u00e9 que d\u2019habitude. Par cons\u00e9quent, le d\u00e9lai d\u2019attente est de 3 \u00e0 4 mois pour un rendez-vous de consultation. Pour g\u00e9rer la situation, le personnel m\u00e9dical [&hellip;]<\/p>\n","protected":false},"author":25,"featured_media":0,"parent":7872,"menu_order":14,"comment_status":"closed","ping_status":"closed","template":"","meta":{"_acf_changed":false,"_mc_calendar":[],"footnotes":""},"class_list":["post-8241","page","type-page","status-publish","hentry"],"acf":[],"wps_subtitle":"","_links":{"self":[{"href":"https:\/\/www.ottawahospital.on.ca\/fr\/wp-json\/wp\/v2\/pages\/8241","targetHints":{"allow":["GET"]}}],"collection":[{"href":"https:\/\/www.ottawahospital.on.ca\/fr\/wp-json\/wp\/v2\/pages"}],"about":[{"href":"https:\/\/www.ottawahospital.on.ca\/fr\/wp-json\/wp\/v2\/types\/page"}],"author":[{"embeddable":true,"href":"https:\/\/www.ottawahospital.on.ca\/fr\/wp-json\/wp\/v2\/users\/25"}],"replies":[{"embeddable":true,"href":"https:\/\/www.ottawahospital.on.ca\/fr\/wp-json\/wp\/v2\/comments?post=8241"}],"version-history":[{"count":0,"href":"https:\/\/www.ottawahospital.on.ca\/fr\/wp-json\/wp\/v2\/pages\/8241\/revisions"}],"up":[{"embeddable":true,"href":"https:\/\/www.ottawahospital.on.ca\/fr\/wp-json\/wp\/v2\/pages\/7872"}],"wp:attachment":[{"href":"https:\/\/www.ottawahospital.on.ca\/fr\/wp-json\/wp\/v2\/media?parent=8241"}],"curies":[{"name":"wp","href":"https:\/\/api.w.org\/{rel}","templated":true}]}}