{"id":8236,"date":"2016-11-17T16:05:16","date_gmt":"2016-11-17T21:05:16","guid":{"rendered":"http:\/\/52.229.122.34\/fr\/?page_id=8236"},"modified":"2024-01-26T11:26:33","modified_gmt":"2024-01-26T16:26:33","slug":"clinique-de-cytoscopie","status":"publish","type":"page","link":"https:\/\/www.ottawahospital.on.ca\/fr\/services-cliniques\/deptpgrmcs\/cliniques-et-services\/clinique-de-cytoscopie\/","title":{"rendered":"Clinique de cytoscopie"},"content":{"rendered":"<h2>Vue d\u2019ensemble<\/h2>\n<p>La recommandation d&rsquo;un m\u00e9decin est n\u00e9cessaire. Cette clinique pr\u00e9pare les patients qui doivent subir une cystoscopie locale (examen des voies urinaires inf\u00e9rieures).<\/p>\n<p>Un pr\u00e9pos\u00e9 au transport am\u00e8ne les patients \u00e0 la salle de cystoscopie puis \u00e0 la salle d&rsquo;op\u00e9ration o\u00f9 se termine l&rsquo;intervention.<\/p>\n<h2>Rendez\u2013vous<\/h2>\n<p>Recommandation d&rsquo;un m\u00e9decin<\/p>\n<p>4 ou 5 jours\/semaine, 7 h &#8211; 15 h 30<\/p>\n<h2>Pour nous joindre<\/h2>\n<p><strong>Campus Riverside<\/strong> : Rez-de-chauss\u00e9e, \u00e0 c\u00f4t\u00e9 des ascenseurs<\/p>\n<p>T\u00e9l. : 613-738-8400, poste 88531<\/p>\n<p class=\"returnto\">\n","protected":false},"excerpt":{"rendered":"<p>Vue d\u2019ensemble La recommandation d&rsquo;un m\u00e9decin est n\u00e9cessaire. Cette clinique pr\u00e9pare les patients qui doivent subir une cystoscopie locale (examen des voies urinaires inf\u00e9rieures). Un pr\u00e9pos\u00e9 au transport am\u00e8ne les patients \u00e0 la salle de cystoscopie puis \u00e0 la salle d&rsquo;op\u00e9ration o\u00f9 se termine l&rsquo;intervention. Rendez\u2013vous Recommandation d&rsquo;un m\u00e9decin 4 ou 5 jours\/semaine, 7 h [&hellip;]<\/p>\n","protected":false},"author":25,"featured_media":0,"parent":7872,"menu_order":13,"comment_status":"closed","ping_status":"closed","template":"","meta":{"_acf_changed":false,"_mc_calendar":[],"footnotes":""},"class_list":["post-8236","page","type-page","status-publish","hentry"],"acf":[],"wps_subtitle":"","_links":{"self":[{"href":"https:\/\/www.ottawahospital.on.ca\/fr\/wp-json\/wp\/v2\/pages\/8236","targetHints":{"allow":["GET"]}}],"collection":[{"href":"https:\/\/www.ottawahospital.on.ca\/fr\/wp-json\/wp\/v2\/pages"}],"about":[{"href":"https:\/\/www.ottawahospital.on.ca\/fr\/wp-json\/wp\/v2\/types\/page"}],"author":[{"embeddable":true,"href":"https:\/\/www.ottawahospital.on.ca\/fr\/wp-json\/wp\/v2\/users\/25"}],"replies":[{"embeddable":true,"href":"https:\/\/www.ottawahospital.on.ca\/fr\/wp-json\/wp\/v2\/comments?post=8236"}],"version-history":[{"count":0,"href":"https:\/\/www.ottawahospital.on.ca\/fr\/wp-json\/wp\/v2\/pages\/8236\/revisions"}],"up":[{"embeddable":true,"href":"https:\/\/www.ottawahospital.on.ca\/fr\/wp-json\/wp\/v2\/pages\/7872"}],"wp:attachment":[{"href":"https:\/\/www.ottawahospital.on.ca\/fr\/wp-json\/wp\/v2\/media?parent=8236"}],"curies":[{"name":"wp","href":"https:\/\/api.w.org\/{rel}","templated":true}]}}