{"id":8231,"date":"2016-11-17T16:03:19","date_gmt":"2016-11-17T21:03:19","guid":{"rendered":"http:\/\/52.229.122.34\/fr\/?page_id=8231"},"modified":"2016-12-09T10:42:03","modified_gmt":"2016-12-09T15:42:03","slug":"fibrose-kystique","status":"publish","type":"page","link":"https:\/\/www.ottawahospital.on.ca\/fr\/services-cliniques\/deptpgrmcs\/cliniques-et-services\/fibrose-kystique\/","title":{"rendered":"Fibrose kystique"},"content":{"rendered":"<h2>Bienvenue \u00e0 la Clinique de fibrose kystique chez l\u2019adulte de L\u2019H\u00f4pital d\u2019Ottawa<\/h2>\n<h3>Aper\u00e7u<\/h3>\n<p>La fibrose kystique est la maladie g\u00e9n\u00e9tique mortelle la plus r\u00e9pandue au Canada. Elle est incurable.<\/p>\n<p>Les organes les plus touch\u00e9s sont les appareils respiratoire et digestif. Les poumons de la personne atteinte produisent beaucoup de s\u00e9cr\u00e9tions \u00e9paisses et collantes, ce qui provoque des infections pulmonaires r\u00e9currentes n\u00e9cessitant un traitement aux antibiotiques et m\u00eame parfois l\u2019hospitalisation.<\/p>\n<p>Pour r\u00e9duire le plus possible leurs sympt\u00f4mes et l\u2019hospitalisation et am\u00e9liorer leur qualit\u00e9 de vie, les patients atteints de la fibrose kystique doivent suivre un traitement strict \u00e0 la maison. Il comprend de la physioth\u00e9rapie thoracique deux fois par jour et la prise d\u2019antibiotiques par inhalation et voie orale. Le tout peut prendre jusqu\u2019\u00e0 deux heures par jour.<\/p>\n<p>Comme leur pancr\u00e9as ne fonctionne pas correctement, ces patients doivent surveiller de tr\u00e8s pr\u00e8s leur \u00e9tat nutritionnel. Ils doivent notamment consommer environ le double des calories que prennent les autres personnes du m\u00eame \u00e2ge et prendre des enzymes pour pouvoir dig\u00e9rer la nourriture et les nutriments, ainsi que des suppl\u00e9ments de vitamines.<\/p>\n<p>Au Canada, environ un enfant sur 3 600 na\u00eet avec la fibrose kystique et pr\u00e8s de 4 000 enfants, adolescents et adultes consultent une clinique sp\u00e9cialis\u00e9e pour cette maladie.<br \/>\nPour en savoir plus, veuillez consulter le site Web de <a href=\"https:\/\/www.fibrosekystique.com\/\" target=\"_blank\">Fibrose kystique Canada<\/a>.<\/p>\n<h3>Nos services<\/h3>\n<p>Notre clinique s\u2019adresse aux adultes de l\u2019Est de l\u2019Ontario et de l\u2019Ouest du Qu\u00e9bec qui ont la fibrose kystique. Nous offrons des soins multidisciplinaires complets les mercredis apr\u00e8s-midi et l\u2019infirmi\u00e8re-coordonnatrice et les autres professionnels de la sant\u00e9 assurent des soins de suivi en clinique externe. Nous r\u00e9f\u00e9rons les patients \u00e0 des sp\u00e9cialistes (gastroent\u00e9rologues, oto-rhino-laryngologiste \u00a0et sp\u00e9cialistes du foie) qui traitent la fibrose kystique. Des soins sp\u00e9cialis\u00e9s pour les patients qui ont aussi le diab\u00e8te sont \u00e9galement offerts en clinique \u00e0 intervalles r\u00e9guliers.<\/p>\n<h3>Notre \u00e9quipe<\/h3>\n<p>Notre \u00e9quipe compte quatre m\u00e9decins, une infirmi\u00e8re-coordonnatrice, un th\u00e9rapeute respiratoire, une travailleuse sociale, une di\u00e9t\u00e9tiste et un physioth\u00e9rapeute. Tous les membres de l\u2019\u00e9quipe voient les patients r\u00e9guli\u00e8rement.<\/p>\n<p>Le Dr Shawn Aaron est le directeur du programme de fibrose kystique.<br \/>\nEna Gaudet en est l\u2019infirmi\u00e8re-coordonnatrice.<\/p>\n<h3>Prendre rendez-vous<\/h3>\n<p>Pour r\u00e9f\u00e9rer un patient \u00e0 la clinique, envoyez votre demande par t\u00e9l\u00e9copieur au 613-739-6807.<\/p>\n<h3>Nous joindre<\/h3>\n<p>Bureau de la Clinique de fibrose kystique<br \/>\nC.P. 211<br \/>\n501, chemin Smyth<br \/>\nOttawa ON<br \/>\nK1H 8L6<\/p>\n<p>T\u00e9l\u00e9phone : 613-737-8899, poste 71594, t\u00e9l\u00e9c. : 613-737-8537<\/p>\n<p class=\"returnto\">\n","protected":false},"excerpt":{"rendered":"<p>Bienvenue \u00e0 la Clinique de fibrose kystique chez l\u2019adulte de L\u2019H\u00f4pital d\u2019Ottawa Aper\u00e7u La fibrose kystique est la maladie g\u00e9n\u00e9tique mortelle la plus r\u00e9pandue au Canada. Elle est incurable. Les organes les plus touch\u00e9s sont les appareils respiratoire et digestif. Les poumons de la personne atteinte produisent beaucoup de s\u00e9cr\u00e9tions \u00e9paisses et collantes, ce qui [&hellip;]<\/p>\n","protected":false},"author":25,"featured_media":0,"parent":7872,"menu_order":12,"comment_status":"closed","ping_status":"closed","template":"","meta":{"_acf_changed":false,"_mc_calendar":[],"footnotes":""},"class_list":["post-8231","page","type-page","status-publish","hentry"],"acf":[],"wps_subtitle":"","_links":{"self":[{"href":"https:\/\/www.ottawahospital.on.ca\/fr\/wp-json\/wp\/v2\/pages\/8231","targetHints":{"allow":["GET"]}}],"collection":[{"href":"https:\/\/www.ottawahospital.on.ca\/fr\/wp-json\/wp\/v2\/pages"}],"about":[{"href":"https:\/\/www.ottawahospital.on.ca\/fr\/wp-json\/wp\/v2\/types\/page"}],"author":[{"embeddable":true,"href":"https:\/\/www.ottawahospital.on.ca\/fr\/wp-json\/wp\/v2\/users\/25"}],"replies":[{"embeddable":true,"href":"https:\/\/www.ottawahospital.on.ca\/fr\/wp-json\/wp\/v2\/comments?post=8231"}],"version-history":[{"count":0,"href":"https:\/\/www.ottawahospital.on.ca\/fr\/wp-json\/wp\/v2\/pages\/8231\/revisions"}],"up":[{"embeddable":true,"href":"https:\/\/www.ottawahospital.on.ca\/fr\/wp-json\/wp\/v2\/pages\/7872"}],"wp:attachment":[{"href":"https:\/\/www.ottawahospital.on.ca\/fr\/wp-json\/wp\/v2\/media?parent=8231"}],"curies":[{"name":"wp","href":"https:\/\/api.w.org\/{rel}","templated":true}]}}