{"id":8222,"date":"2016-11-17T15:55:19","date_gmt":"2016-11-17T20:55:19","guid":{"rendered":"http:\/\/52.229.122.34\/fr\/?page_id=8222"},"modified":"2016-12-09T10:25:23","modified_gmt":"2016-12-09T15:25:23","slug":"densitometrie-osseuse","status":"publish","type":"page","link":"https:\/\/www.ottawahospital.on.ca\/fr\/services-cliniques\/deptpgrmcs\/cliniques-et-services\/densitometrie-osseuse\/","title":{"rendered":"Densitom\u00e9trie osseuse"},"content":{"rendered":"<p>Votre m\u00e9decin vous envoie passer une densitom\u00e9trie osseuse. C\u2019est un examen simple et non douloureux qui permet de mesurer la quantit\u00e9 de calcium dans vos os \u00e0 l\u2019aide d\u2019un appareil \u00e0 rayons X informatis\u00e9. Vous n\u2019avez pas besoin d\u2019\u00eatre \u00e0 jeun. Ne portez pas de v\u00eatements avec des boutons-pression, ou des boutons ou des fermeture \u00e9clair en m\u00e9tal. Il est pr\u00e9f\u00e9rable de porter un surv\u00eatement ou des v\u00eatements confortables.<\/p>\n<p>Vous devrez vous rendre au D\u00e9partement de radiologie situ\u00e9 au rez-de-chauss\u00e9e du Campus Riverside. Tournez \u00e0 gauche aux ascenseurs et suivez les indications pour vous rendre \u00e0 la r\u00e9ception de la Radiologie.<\/p>\n<p>Si vous avez des questions ou des inqui\u00e9tudes, appelez au 613-761-4831, option 8, ou posez vos questions \u00e0 notre personnel quand vous viendrez passer votre examen. Nous sommes l\u00e0 pour vous, vous \u00eates notre priorit\u00e9.<\/p>\n<p><strong>Comment se d\u00e9roulera l\u2019examen?<br \/>\n<\/strong>Vous devrez enlever vos souliers et vous \u00e9tendre sur une table. On vous mettra un coussin derri\u00e8re les genoux. L\u2019appareil passera au-dessus de votre abdomen et mesurera la densit\u00e9 des os dans votre colonne lombaire (en bas du dos). Le technicien enl\u00e8vera ensuite le coussin et mettra vos pieds dans une attache sp\u00e9ciale pour bien les maintenir en place et mesurer la densit\u00e9 osseuse dans une de vos hanches.<\/p>\n<p>Il est important de ne pas bouger durant l\u2019examen et de respirer normalement. La quantit\u00e9 de radiation que vous recevrez est moins de la moiti\u00e9 de celle d\u2019une radiographie des poumons et repr\u00e9sente une petite fraction des rayons naturels auxquels vous \u00eates expos\u00e9 dans l\u2019environnement chaque ann\u00e9e.<\/p>\n<p>L\u2019examen durera entre 15 et 20 minutes.<br \/>\n<strong>Important:<\/strong> Si vous pensez \u00eatre enceinte, informez-en le technologue avant l\u2019examen.<\/p>\n<p class=\"returnto\">\n","protected":false},"excerpt":{"rendered":"<p>Votre m\u00e9decin vous envoie passer une densitom\u00e9trie osseuse. C\u2019est un examen simple et non douloureux qui permet de mesurer la quantit\u00e9 de calcium dans vos os \u00e0 l\u2019aide d\u2019un appareil \u00e0 rayons X informatis\u00e9. Vous n\u2019avez pas besoin d\u2019\u00eatre \u00e0 jeun. Ne portez pas de v\u00eatements avec des boutons-pression, ou des boutons ou des fermeture [&hellip;]<\/p>\n","protected":false},"author":25,"featured_media":0,"parent":7872,"menu_order":7,"comment_status":"closed","ping_status":"closed","template":"","meta":{"_acf_changed":false,"_mc_calendar":[],"footnotes":""},"class_list":["post-8222","page","type-page","status-publish","hentry"],"acf":[],"wps_subtitle":"","_links":{"self":[{"href":"https:\/\/www.ottawahospital.on.ca\/fr\/wp-json\/wp\/v2\/pages\/8222","targetHints":{"allow":["GET"]}}],"collection":[{"href":"https:\/\/www.ottawahospital.on.ca\/fr\/wp-json\/wp\/v2\/pages"}],"about":[{"href":"https:\/\/www.ottawahospital.on.ca\/fr\/wp-json\/wp\/v2\/types\/page"}],"author":[{"embeddable":true,"href":"https:\/\/www.ottawahospital.on.ca\/fr\/wp-json\/wp\/v2\/users\/25"}],"replies":[{"embeddable":true,"href":"https:\/\/www.ottawahospital.on.ca\/fr\/wp-json\/wp\/v2\/comments?post=8222"}],"version-history":[{"count":0,"href":"https:\/\/www.ottawahospital.on.ca\/fr\/wp-json\/wp\/v2\/pages\/8222\/revisions"}],"up":[{"embeddable":true,"href":"https:\/\/www.ottawahospital.on.ca\/fr\/wp-json\/wp\/v2\/pages\/7872"}],"wp:attachment":[{"href":"https:\/\/www.ottawahospital.on.ca\/fr\/wp-json\/wp\/v2\/media?parent=8222"}],"curies":[{"name":"wp","href":"https:\/\/api.w.org\/{rel}","templated":true}]}}