{"id":8214,"date":"2016-11-17T15:49:59","date_gmt":"2016-11-17T20:49:59","guid":{"rendered":"http:\/\/52.229.122.34\/fr\/?page_id=8214"},"modified":"2023-02-10T12:53:46","modified_gmt":"2023-02-10T17:53:46","slug":"arthrite","status":"publish","type":"page","link":"https:\/\/www.ottawahospital.on.ca\/fr\/services-cliniques\/deptpgrmcs\/cliniques-et-services\/arthrite\/","title":{"rendered":"Arthrite"},"content":{"rendered":"<h2>Aper\u00e7u<\/h2>\n<p>L\u2019\u00e9quipe du Centre de l\u2019arthrite offre des \u00e9valuations et des soins multidisciplinaires aux patients atteints d\u2019arthrite et d\u2019autres troubles connexes. Elle offre notamment une clinique de rhumatologie pour traiter la douleur et les malaises ressentis dans les muscles et les articulations. Elle se concentre sur le traitement et le diagnostic de probl\u00e8mes de rhumatologie, d\u2019ost\u00e9oporose et de vascularite.<\/p>\n<h2>Nos services<\/h2>\n<p>L\u2019\u00e9quipe peut vous demander de passer des examens comme une radiographie ou une prise de sang. Elle vous renseignera sur votre maladie et la fa\u00e7on de soulager les sympt\u00f4mes. Une infirmi\u00e8re vous donnera aussi des conseils. Voici les cliniques offertes au Centre de l\u2019arthrite\u00a0:<\/p>\n<ul>\n<li>Clinique de rhumatologie g\u00e9n\u00e9rale<\/li>\n<li>Clinique de l\u2019ost\u00e9oporose<\/li>\n<li>Clinique du lupus<\/li>\n<li>Clinique de vascularite<\/li>\n<li>Clinique combin\u00e9e de rhumatologie et de dermatologie<\/li>\n<li>Clinique du syndrome des antiphospholipides<\/li>\n<\/ul>\n<h2>Rendez-vous<\/h2>\n<p>Recommandation m\u00e9dicale obligatoire<br \/>\nLes r\u00e9f\u00e9rences peuvent d\u00e9sormais \u00eatre envoy\u00e9es via <a href=\"https:\/\/www.cognisantmd.com\/\">ocean platform<\/a> ou veuillez remplir le <a href=\"\/en\/documents\/2023\/02\/rheumatology-referral-form.pdf\/\">formulaire de r\u00e9f\u00e9rence en rhumatologie<\/a> (anglais seulement) et le t\u00e9l\u00e9copier directement au t\u00e9l\u00e9copieur # 613-738-8249.<\/p>\n<h2>Nous joindre<\/h2>\n<p><strong>Campus Riverside :<\/strong> 6<sup>e<\/sup> \u00e9tage \u2013 Centre de l\u2019arthrite<br \/>\n613-738-8400, poste 88270<br \/>\nDu lundi au vendredi, de 8 h \u00e0 17 h<\/p>\n<p class=\"returnto\">\n","protected":false},"excerpt":{"rendered":"<p>Aper\u00e7u L\u2019\u00e9quipe du Centre de l\u2019arthrite offre des \u00e9valuations et des soins multidisciplinaires aux patients atteints d\u2019arthrite et d\u2019autres troubles connexes. Elle offre notamment une clinique de rhumatologie pour traiter la douleur et les malaises ressentis dans les muscles et les articulations. Elle se concentre sur le traitement et le diagnostic de probl\u00e8mes de rhumatologie, [&hellip;]<\/p>\n","protected":false},"author":25,"featured_media":0,"parent":7872,"menu_order":5,"comment_status":"closed","ping_status":"closed","template":"","meta":{"_acf_changed":false,"_mc_calendar":[],"footnotes":""},"class_list":["post-8214","page","type-page","status-publish","hentry"],"acf":[],"wps_subtitle":"","_links":{"self":[{"href":"https:\/\/www.ottawahospital.on.ca\/fr\/wp-json\/wp\/v2\/pages\/8214","targetHints":{"allow":["GET"]}}],"collection":[{"href":"https:\/\/www.ottawahospital.on.ca\/fr\/wp-json\/wp\/v2\/pages"}],"about":[{"href":"https:\/\/www.ottawahospital.on.ca\/fr\/wp-json\/wp\/v2\/types\/page"}],"author":[{"embeddable":true,"href":"https:\/\/www.ottawahospital.on.ca\/fr\/wp-json\/wp\/v2\/users\/25"}],"replies":[{"embeddable":true,"href":"https:\/\/www.ottawahospital.on.ca\/fr\/wp-json\/wp\/v2\/comments?post=8214"}],"version-history":[{"count":0,"href":"https:\/\/www.ottawahospital.on.ca\/fr\/wp-json\/wp\/v2\/pages\/8214\/revisions"}],"up":[{"embeddable":true,"href":"https:\/\/www.ottawahospital.on.ca\/fr\/wp-json\/wp\/v2\/pages\/7872"}],"wp:attachment":[{"href":"https:\/\/www.ottawahospital.on.ca\/fr\/wp-json\/wp\/v2\/media?parent=8214"}],"curies":[{"name":"wp","href":"https:\/\/api.w.org\/{rel}","templated":true}]}}