{"id":81854,"date":"2024-05-01T15:51:31","date_gmt":"2024-05-01T19:51:31","guid":{"rendered":"https:\/\/www.ottawahospital.on.ca\/about-us\/notre-equipe-de-direction\/conseil-des-gouverneurs\/membres-du-conseil\/steve-spooner\/"},"modified":"2025-07-09T10:24:55","modified_gmt":"2025-07-09T14:24:55","slug":"steve-spooner","status":"publish","type":"page","link":"https:\/\/www.ottawahospital.on.ca\/fr\/about-us\/notre-equipe-de-direction\/conseil-des-gouverneurs\/membres-du-conseil\/steve-spooner\/","title":{"rendered":"Steve Spooner"},"content":{"rendered":"<div class=\"wp-block-image\">\n<figure class=\"alignleft size-full\"><img decoding=\"async\" width=\"144\" height=\"180\" src=\"https:\/\/www.ottawahospital.on.ca\/wp-content\/uploads\/2024\/05\/Spooner-Steve.jpg\" alt=\"\" class=\"wp-image-81850\"\/><\/figure>\n<\/div>\n\n\n<p>Steve Spooner est administrateur de soci\u00e9t\u00e9s, conseiller aupr\u00e8s d\u2019\u00e9quipes de la haute direction et de soci\u00e9t\u00e9s de financement par capitaux propres, et cadre retrait\u00e9 du secteur des technologies.<\/p>\n\n\n\n<p>Steve est premier directeur, pr\u00e9sident du Comit\u00e9 de v\u00e9rification et membre du Comit\u00e9 de la r\u00e9mun\u00e9ration, des candidatures et de la gouvernance de Docebo (DCBO-T, DCBO-Q), un chef de file dans les logiciels de gestion de l\u2019apprentissage, et aussi d\u2019E-Automotive Inc. (EINC-T), un<\/p>\n\n\n\n<p>important fournisseur de solutions mercatiques et de produits num\u00e9riques pour le secteur de l\u2019automobile, au sein duquel il pr\u00e9side \u00e0 la fois le Comit\u00e9 de v\u00e9rification et le Comit\u00e9 de la r\u00e9mun\u00e9ration, des candidatures et de la gouvernance.<\/p>\n\n\n\n<p>Steve a autrefois \u00e9t\u00e9 directeur et pr\u00e9sident du Comit\u00e9 de v\u00e9rification de Jamieson Wellness (JWEL-T), une compagnie cot\u00e9e au TSX et principal fournisseur de suppl\u00e9ments et vitamines au Canada, et de Magor Corporation, une soci\u00e9t\u00e9 cot\u00e9e \u00e0 la Bourse de croissance TSX produisant des logiciels vid\u00e9os. Il est aussi membre du Comit\u00e9 de v\u00e9rification et pr\u00e9sident du Comit\u00e9 de la r\u00e9mun\u00e9ration, des candidatures et de la gouvernance de Key DH Technologies, une soci\u00e9t\u00e9 ferm\u00e9e qui est chef de file dans le secteur du deut\u00e9rium et de l&rsquo;hydrog\u00e8ne verte, en plus d\u2019\u00eatre membre du conseil d\u2019administration d\u2019Eunomart, une soci\u00e9t\u00e9 de logiciel-service (SaaS) bas\u00e9e en France qui propose des solutions contre les fraudes artistiques; membre du conseil de Stream Intelligent Networks, une soci\u00e9t\u00e9 ferm\u00e9e et fournisseur de services de r\u00e9seau m\u00e9tropolitain; et membre du conseil de Wellness Naturals Inc., une compagnie vendant des prot\u00e9ines v\u00e9g\u00e9tales. Steve a aussi \u00e9t\u00e9, pendant 9 ans, directeur de La Fondation de l\u2019H\u00f4pital d\u2019Ottawa, y compris pr\u00e9sident du Comit\u00e9 des finances et de la v\u00e9rification et membre du Comit\u00e9 de la gouvernance et du Comit\u00e9 ex\u00e9cutif.<\/p>\n\n\n\n<p>Steve est mentor de PDG ainsi que conseiller aupr\u00e8s d\u2019\u00e9quipes de la haute direction sur des questions comme comment s\u2019introduire en bourse, le processus de fusions et d\u2019acquisitions, la strat\u00e9gie d\u2019entreprise, la gouvernance, la r\u00e9union de capitaux, et comment viser l\u2019excellence op\u00e9rationnelle.<\/p>\n\n\n\n<p>Chef des finances de Mitel Networks pendant 16 ans, une compagnie valant 1,7 milliard de dollars et employant 4 000 personnes, il a \u00e9t\u00e9 responsable mondialement des finances, des questions juridiques, des technologies de l\u2019information, du processus de fusions et d\u2019acquisitions ainsi que des relations avec les investisseurs jusqu\u2019\u00e0 sa retraite en 2019. Steve a aussi pr\u00e9c\u00e9demment acquis de l\u2019exp\u00e9rience en tant que PDG, chef de l\u2019exploitation et chef des finances au sein de compagnies nouvelles et bien implant\u00e9es dans le secteur des technologies, en travaillant notamment pour Digital, Wang, SHL Systemhouse, CrossKeys Systems, Stream Intelligent Networks et Wysdom.<\/p>\n\n\n\n<p>Steve est un ancien membre du comit\u00e9 consultatif du doyen de la Sprott School of Business. Il est membre du Chartered Professional Accountants of Ontario et titulaire du titre IAS.A (2009) de l\u2019Institut des administrateurs de soci\u00e9t\u00e9s. Steve occupe actuellement le poste de directeur national du programme d\u2019\u00e9ducation dans le cadre du programme d\u2019excellence du Comit\u00e9 de v\u00e9rification du m\u00eame Institut.<\/p>\n\n\n\n<p>En 2018, Steve a \u00e9t\u00e9 le premier \u00e0 obtenir le titre de \u00ab chef des finances de l\u2019ann\u00e9e \u00bb \u00e0 Ottawa.<\/p>\n","protected":false},"excerpt":{"rendered":"<p>Steve Spooner est administrateur de soci\u00e9t\u00e9s, conseiller aupr\u00e8s d\u2019\u00e9quipes de la haute direction et de soci\u00e9t\u00e9s de financement par capitaux propres, et cadre retrait\u00e9 du secteur des technologies. Steve est premier directeur, pr\u00e9sident du Comit\u00e9 de v\u00e9rification et membre du Comit\u00e9 de la r\u00e9mun\u00e9ration, des candidatures et de la gouvernance de Docebo (DCBO-T, DCBO-Q), un [&hellip;]<\/p>\n","protected":false},"author":25,"featured_media":0,"parent":4561,"menu_order":15,"comment_status":"closed","ping_status":"closed","template":"","meta":{"_acf_changed":false,"_mc_calendar":[],"footnotes":""},"class_list":["post-81854","page","type-page","status-publish","hentry"],"acf":[],"wps_subtitle":"","_links":{"self":[{"href":"https:\/\/www.ottawahospital.on.ca\/fr\/wp-json\/wp\/v2\/pages\/81854","targetHints":{"allow":["GET"]}}],"collection":[{"href":"https:\/\/www.ottawahospital.on.ca\/fr\/wp-json\/wp\/v2\/pages"}],"about":[{"href":"https:\/\/www.ottawahospital.on.ca\/fr\/wp-json\/wp\/v2\/types\/page"}],"author":[{"embeddable":true,"href":"https:\/\/www.ottawahospital.on.ca\/fr\/wp-json\/wp\/v2\/users\/25"}],"replies":[{"embeddable":true,"href":"https:\/\/www.ottawahospital.on.ca\/fr\/wp-json\/wp\/v2\/comments?post=81854"}],"version-history":[{"count":0,"href":"https:\/\/www.ottawahospital.on.ca\/fr\/wp-json\/wp\/v2\/pages\/81854\/revisions"}],"up":[{"embeddable":true,"href":"https:\/\/www.ottawahospital.on.ca\/fr\/wp-json\/wp\/v2\/pages\/4561"}],"wp:attachment":[{"href":"https:\/\/www.ottawahospital.on.ca\/fr\/wp-json\/wp\/v2\/media?parent=81854"}],"curies":[{"name":"wp","href":"https:\/\/api.w.org\/{rel}","templated":true}]}}