{"id":81832,"date":"2024-05-01T15:16:51","date_gmt":"2024-05-01T19:16:51","guid":{"rendered":"https:\/\/www.ottawahospital.on.ca\/?page_id=81832"},"modified":"2025-10-07T11:31:37","modified_gmt":"2025-10-07T15:31:37","slug":"michael-tremblay","status":"publish","type":"page","link":"https:\/\/www.ottawahospital.on.ca\/fr\/about-us\/notre-equipe-de-direction\/conseil-des-gouverneurs\/membres-du-conseil\/michael-tremblay\/","title":{"rendered":"Michael Tremblay"},"content":{"rendered":"<div class=\"wp-block-image\">\n<figure class=\"alignleft size-full\"><img decoding=\"async\" width=\"144\" height=\"180\" src=\"https:\/\/www.ottawahospital.on.ca\/wp-content\/uploads\/2024\/05\/Mike-Tremblay.jpg\" alt=\"\" class=\"wp-image-81834\"\/><figcaption class=\"wp-element-caption\">Pr\u00e9sident, Conseil des gouverneurs<\/figcaption><\/figure>\n<\/div>\n\n\n<p>Michael\u202fTremblay est pr\u00e9sident et chef de la direction de CANARIE, le R\u00e9seau national de la recherche et de l\u2019\u00e9ducation (RNRE) du Canada, o\u00f9 il concr\u00e9tise une mission visant \u00e0 construire un \u00e9cosyst\u00e8me de recherche num\u00e9rique fiable et connect\u00e9 \u00e0 l\u2019\u00e9chelle mondiale. Il est \u00e9galement pr\u00e9sident du Conseil des gouverneurs de L\u2019H\u00f4pital d\u2019Ottawa, contribuant ainsi \u00e0 guider l\u2019un des principaux \u00e9tablissements de soins de sant\u00e9 du Canada.&nbsp;<\/p>\n\n\n\n<p>Tout au long de sa carri\u00e8re, Michael a occup\u00e9 des postes de haute direction \u00e0 l\u2019intersection de la technologie, de l\u2019innovation et d\u2019initiatives ayant des retomb\u00e9es positives pour la communaut\u00e9. Il a \u00e9t\u00e9 pr\u00e9sident de la division des TI et des solutions informatiques de Calian, PDG d\u2019Investir Ottawa, et a occup\u00e9 des postes de haute direction chez Microsoft, SAP et Fujitsu. Dans toutes ces organisations, il a \u00e9t\u00e9 reconnu pour sa capacit\u00e9 \u00e0 constituer des \u00e9quipes, \u00e0 favoriser la collaboration et \u00e0 stimuler la transformation.&nbsp;<\/p>\n\n\n\n<p>Michael est profond\u00e9ment engag\u00e9 dans la formation de dirigeants de tous horizons. Il est convaincu que la diversit\u00e9 des points de vue et le partage des valeurs constituent les fondements les plus solides de l\u2019innovation et de la r\u00e9silience. Son travail est guid\u00e9 par trois engagements\u202f: favoriser la recherche et l\u2019innovation pour renforcer la comp\u00e9titivit\u00e9 du Canada, promouvoir l\u2019excellence des soins de sant\u00e9 par la gouvernance et le leadership communautaire, et constituer des \u00e9quipes inclusives qui savent r\u00e9ussir dans un monde complexe.&nbsp;<\/p>\n\n\n\n<p><em>Nomm\u00e9\u00a0en 2024\u00a0jusqu\u2019en\u00a02026.<\/em><\/p>\n","protected":false},"excerpt":{"rendered":"<p>Michael\u202fTremblay est pr\u00e9sident et chef de la direction de CANARIE, le R\u00e9seau national de la recherche et de l\u2019\u00e9ducation (RNRE) du Canada, o\u00f9 il concr\u00e9tise une mission visant \u00e0 construire un \u00e9cosyst\u00e8me de recherche num\u00e9rique fiable et connect\u00e9 \u00e0 l\u2019\u00e9chelle mondiale. Il est \u00e9galement pr\u00e9sident du Conseil des gouverneurs de L\u2019H\u00f4pital d\u2019Ottawa, contribuant ainsi \u00e0 [&hellip;]<\/p>\n","protected":false},"author":36,"featured_media":0,"parent":4561,"menu_order":20,"comment_status":"closed","ping_status":"closed","template":"","meta":{"_acf_changed":false,"_mc_calendar":[],"footnotes":""},"class_list":["post-81832","page","type-page","status-publish","hentry"],"acf":[],"wps_subtitle":"","_links":{"self":[{"href":"https:\/\/www.ottawahospital.on.ca\/fr\/wp-json\/wp\/v2\/pages\/81832","targetHints":{"allow":["GET"]}}],"collection":[{"href":"https:\/\/www.ottawahospital.on.ca\/fr\/wp-json\/wp\/v2\/pages"}],"about":[{"href":"https:\/\/www.ottawahospital.on.ca\/fr\/wp-json\/wp\/v2\/types\/page"}],"author":[{"embeddable":true,"href":"https:\/\/www.ottawahospital.on.ca\/fr\/wp-json\/wp\/v2\/users\/36"}],"replies":[{"embeddable":true,"href":"https:\/\/www.ottawahospital.on.ca\/fr\/wp-json\/wp\/v2\/comments?post=81832"}],"version-history":[{"count":0,"href":"https:\/\/www.ottawahospital.on.ca\/fr\/wp-json\/wp\/v2\/pages\/81832\/revisions"}],"up":[{"embeddable":true,"href":"https:\/\/www.ottawahospital.on.ca\/fr\/wp-json\/wp\/v2\/pages\/4561"}],"wp:attachment":[{"href":"https:\/\/www.ottawahospital.on.ca\/fr\/wp-json\/wp\/v2\/media?parent=81832"}],"curies":[{"name":"wp","href":"https:\/\/api.w.org\/{rel}","templated":true}]}}