{"id":81795,"date":"2024-04-30T15:08:58","date_gmt":"2024-04-30T19:08:58","guid":{"rendered":"https:\/\/www.ottawahospital.on.ca\/about-us\/notre-equipe-de-direction\/conseil-des-gouverneurs\/membres-du-conseil\/zaina-sovani\/"},"modified":"2025-07-09T10:23:58","modified_gmt":"2025-07-09T14:23:58","slug":"zaina-sovani","status":"publish","type":"page","link":"https:\/\/www.ottawahospital.on.ca\/fr\/about-us\/notre-equipe-de-direction\/conseil-des-gouverneurs\/membres-du-conseil\/zaina-sovani\/","title":{"rendered":"Zaina Sovani"},"content":{"rendered":"<div class=\"wp-block-image is-style-default\">\n<figure class=\"alignleft size-full is-resized\"><img decoding=\"async\" src=\"https:\/\/www.ottawahospital.on.ca\/wp-content\/uploads\/2024\/04\/Sovani-Zaina-1.jpg\" alt=\"\" class=\"wp-image-81803\" style=\"width:160px;height:auto\"\/><\/figure>\n<\/div>\n\n\n<p>Zaina Sovaniassureactuellement la pr\u00e9sidence d\u2019Alzen Consulting Inc. et elle collabore avec des organismes du secteur public comme du secteur priv\u00e9 pour les aider \u00e0 faire la transition vers une empreinte num\u00e9rique. Zaina est strat\u00e8ge num\u00e9rique et leader transformationnelle aguerrie qui a un excellent bilan professionnel avec le gouvernement du Canada, des organisations de la soci\u00e9t\u00e9 civile et le secteur de la consultation en gestion. Elle a r\u00e9cemment pris sa retraite de sous-ministre adjointe de la Transformation et dirigeante principale de l\u2019information pour Immigration, R\u00e9fugi\u00e9s et Citoyennet\u00e9 Canada (IRCC) apr\u00e8s avoir dirig\u00e9 le Minist\u00e8re lors d\u2019un vaste programme de changement transformationnel ax\u00e9 sur l\u2019am\u00e9lioration de l\u2019exp\u00e9rience de la client\u00e8le, l\u2019excellence op\u00e9rationnelle, la prestation de services num\u00e9riques, tout en encourageant une nouvelle culture d\u2019innovation et d\u2019agilit\u00e9 partout \u00e0 IRCC. Zaina a aussi occup\u00e9 le poste de dirigeante principale de l\u2019information, en encadrant la strat\u00e9gie GI\/TI et les fonctions de prestation de services et en bonifiant l\u2019aspect technologique de l\u2019organisme.&nbsp;<\/p>\n\n\n\n<p>Au cours des 20 derni\u00e8res ann\u00e9es, Zaina a occup\u00e9 de nombreux postes de direction dans les secteurs public et priv\u00e9, en acqu\u00e9rant la r\u00e9putation de b\u00e2tisseuse et de leader transformationnelle, notamment \u00e0 l\u2019Agence des services frontaliers du Canada, \u00e0 Services partag\u00e9s Canada et \u00e0 la Corporation commerciale canadienne. Zaina a commenc\u00e9 sa carri\u00e8re dans le secteur priv\u00e9 comme cadre chez Nortel Networks et Price Waterhouse Coopers. En plus de ses r\u00e9alisations professionnelles, Zaina a pr\u00e9sid\u00e9 le Ismaili Council for Ottawa et occup\u00e9 de nombreux postes au sein de comit\u00e9s et des portefeuilles au Conseil national. Elle participe activement \u00e0 la vie communautaire d\u2019Ottawa et a \u00e9t\u00e9 membre de plusieurs conseils d\u2019administration d\u2019organismes \u00e0 but lucratif et sans but lucratif. Elle a fait des pr\u00e9sentations \u00e0 diff\u00e9rents forums sur la question du leadership et de la transformation op\u00e9rationnelle. C\u2019est une mentore et une formatreice tr\u00e8s sollicit\u00e9e.\u00a0<\/p>\n\n\n\n<p>Nomm\u00e9 en 2023 jusqu\u2019en 2025.<\/p>\n","protected":false},"excerpt":{"rendered":"<p>Zaina Sovaniassureactuellement la pr\u00e9sidence d\u2019Alzen Consulting Inc. et elle collabore avec des organismes du secteur public comme du secteur priv\u00e9 pour les aider \u00e0 faire la transition vers une empreinte num\u00e9rique. Zaina est strat\u00e8ge num\u00e9rique et leader transformationnelle aguerrie qui a un excellent bilan professionnel avec le gouvernement du Canada, des organisations de la soci\u00e9t\u00e9 [&hellip;]<\/p>\n","protected":false},"author":36,"featured_media":0,"parent":4561,"menu_order":14,"comment_status":"closed","ping_status":"closed","template":"","meta":{"_acf_changed":false,"_mc_calendar":[],"footnotes":""},"class_list":["post-81795","page","type-page","status-publish","hentry"],"acf":[],"wps_subtitle":"","_links":{"self":[{"href":"https:\/\/www.ottawahospital.on.ca\/fr\/wp-json\/wp\/v2\/pages\/81795","targetHints":{"allow":["GET"]}}],"collection":[{"href":"https:\/\/www.ottawahospital.on.ca\/fr\/wp-json\/wp\/v2\/pages"}],"about":[{"href":"https:\/\/www.ottawahospital.on.ca\/fr\/wp-json\/wp\/v2\/types\/page"}],"author":[{"embeddable":true,"href":"https:\/\/www.ottawahospital.on.ca\/fr\/wp-json\/wp\/v2\/users\/36"}],"replies":[{"embeddable":true,"href":"https:\/\/www.ottawahospital.on.ca\/fr\/wp-json\/wp\/v2\/comments?post=81795"}],"version-history":[{"count":0,"href":"https:\/\/www.ottawahospital.on.ca\/fr\/wp-json\/wp\/v2\/pages\/81795\/revisions"}],"up":[{"embeddable":true,"href":"https:\/\/www.ottawahospital.on.ca\/fr\/wp-json\/wp\/v2\/pages\/4561"}],"wp:attachment":[{"href":"https:\/\/www.ottawahospital.on.ca\/fr\/wp-json\/wp\/v2\/media?parent=81795"}],"curies":[{"name":"wp","href":"https:\/\/api.w.org\/{rel}","templated":true}]}}