{"id":8158,"date":"2016-11-17T13:48:37","date_gmt":"2016-11-17T18:48:37","guid":{"rendered":"http:\/\/52.229.122.34\/fr\/?page_id=8158"},"modified":"2024-06-05T13:54:46","modified_gmt":"2024-06-05T17:54:46","slug":"nous-joindre","status":"publish","type":"page","link":"https:\/\/www.ottawahospital.on.ca\/fr\/services-cliniques\/mes-soins-intensifs-lunite-de-soins-intensifs\/nous-joindre\/","title":{"rendered":"Nous joindre"},"content":{"rendered":"<h2>Nous joindre<\/h2>\n<p>Soins intensifs, Campus G\u00e9n\u00e9ral : 613-722-7000, poste 78410<\/p>\n<p>Soins intensifs, Campus Civic : 613-722-7000, poste 14516<\/p>\n<h2>Coordonn\u00e9es des gestionnaires des Soins intensifs<\/h2>\n<p>Maureen McGrath<br \/>\nGestionnaire clinique des Soins intensifs, Campus G\u00e9n\u00e9ral<br \/>\n<a href=\"mailto:kdupuis@lho.ca\">kdupuis@lho.ca<\/a><\/p>\n<p>Valerie Amorosi<br \/>\nGestionnaire clinique des Soins intensifs, Campus Civic<br \/>\n<a href=\"mailto:vamorosi@toh.ca\">vamorosi@toh.ca\/a&gt;<\/a><\/p>\n<h2>R\u00e9pondez \u00e0 notre sondage<\/h2>\n<h3>Sondage sur la satisfaction de la famille<\/h3>\n<p>Nos dossiers indiquent qu\u2019un de vos proches a \u00e9t\u00e9 hospitalis\u00e9 r\u00e9cemment aux soins intensifs. Les questions suivantes vous sont pos\u00e9es concernant le s\u00e9jour le plus r\u00e9cent de votre proche aux soins intensifs. Nous sommes conscients que diff\u00e9rents m\u00e9decins, infirmi\u00e8res et autres membres du personnel se sont occup\u00e9s de votre proche. Nous savons qu\u2019il y a pu y avoir des situations exceptionnelles, mais nous nous int\u00e9ressons \u00e0 votre \u00e9valuation globale de la qualit\u00e9 des soins prodigu\u00e9s. Nous comprenons que c\u2019\u00e9tait probablement une p\u00e9riode tr\u00e8s difficile pour vous et vos proches. Nous vous serions donc reconnaissants de prendre le temps de nous dire ce qui vous semble bien et ce que nous pouvons faire pour am\u00e9liorer les soins offerts. Vos r\u00e9ponses seront trait\u00e9es de mani\u00e8re confidentielle. Les m\u00e9decins et infirmi\u00e8res qui s\u2019occupaient de votre proche ne seront pas en mesure d\u2019identifier vos r\u00e9ponses.<\/p>\n<h3>Sondage sur le site Web<\/h3>\n<p>Veuillez nous faire part de ce que vous pensez de cette section de notre <a title=\"Sondage sur le site Web\" href=\"https:\/\/imedteach.com\/clients\/ottawaicu\/website_survey_fr.html\" target=\"_blank\" rel=\"noopener\">site Web.<\/a><\/p>\n","protected":false},"excerpt":{"rendered":"<p>Nous joindre Soins intensifs, Campus G\u00e9n\u00e9ral : 613-722-7000, poste 78410 Soins intensifs, Campus Civic : 613-722-7000, poste 14516 Coordonn\u00e9es des gestionnaires des Soins intensifs Maureen McGrath Gestionnaire clinique des Soins intensifs, Campus G\u00e9n\u00e9ral kdupuis@lho.ca Valerie Amorosi Gestionnaire clinique des Soins intensifs, Campus Civic vamorosi@toh.ca\/a&gt; R\u00e9pondez \u00e0 notre sondage Sondage sur la satisfaction de la famille [&hellip;]<\/p>\n","protected":false},"author":25,"featured_media":0,"parent":8044,"menu_order":6,"comment_status":"closed","ping_status":"closed","template":"","meta":{"_acf_changed":false,"_mc_calendar":[],"footnotes":""},"class_list":["post-8158","page","type-page","status-publish","hentry"],"acf":[],"wps_subtitle":"","_links":{"self":[{"href":"https:\/\/www.ottawahospital.on.ca\/fr\/wp-json\/wp\/v2\/pages\/8158","targetHints":{"allow":["GET"]}}],"collection":[{"href":"https:\/\/www.ottawahospital.on.ca\/fr\/wp-json\/wp\/v2\/pages"}],"about":[{"href":"https:\/\/www.ottawahospital.on.ca\/fr\/wp-json\/wp\/v2\/types\/page"}],"author":[{"embeddable":true,"href":"https:\/\/www.ottawahospital.on.ca\/fr\/wp-json\/wp\/v2\/users\/25"}],"replies":[{"embeddable":true,"href":"https:\/\/www.ottawahospital.on.ca\/fr\/wp-json\/wp\/v2\/comments?post=8158"}],"version-history":[{"count":0,"href":"https:\/\/www.ottawahospital.on.ca\/fr\/wp-json\/wp\/v2\/pages\/8158\/revisions"}],"up":[{"embeddable":true,"href":"https:\/\/www.ottawahospital.on.ca\/fr\/wp-json\/wp\/v2\/pages\/8044"}],"wp:attachment":[{"href":"https:\/\/www.ottawahospital.on.ca\/fr\/wp-json\/wp\/v2\/media?parent=8158"}],"curies":[{"name":"wp","href":"https:\/\/api.w.org\/{rel}","templated":true}]}}