{"id":8152,"date":"2016-11-17T13:45:53","date_gmt":"2016-11-17T18:45:53","guid":{"rendered":"http:\/\/52.229.122.34\/fr\/?page_id=8152"},"modified":"2016-12-15T14:29:09","modified_gmt":"2016-12-15T19:29:09","slug":"renseignements-pour-les-visiteurs","status":"publish","type":"page","link":"https:\/\/www.ottawahospital.on.ca\/fr\/services-cliniques\/mes-soins-intensifs-lunite-de-soins-intensifs\/renseignements-pour-les-visiteurs\/","title":{"rendered":"Renseignements pour les visiteurs"},"content":{"rendered":"<h2>Map\/Directions<\/h2>\n<div class=\"row\">\n<div class=\"col-md-6\"><a href=\"\/fr\/patients-et-visiteurs\/directions-et-plans-des-campus\/plans-des-campus\/\"><strong>Campus G\u00e9n\u00e9ral<\/strong><\/a><br \/>\nL\u2019Unit\u00e9 de soins intensifs au Campus G\u00e9n\u00e9ral est situ\u00e9e au 501, chemin Smyth. Elle compte 28 lits et est sp\u00e9cialis\u00e9e en soins respiratoires et thoraciques ainsi qu\u2019en canc\u00e9rologie,<br \/>\n<img decoding=\"async\" class=\"align left img-responsive\" src=\"\/wp-content\/uploads\/2016\/11\/GeneralCampusWeb.jpg\" alt=\"General Campus\" width=\"300\" height=\"200\" \/><\/div>\n<div class=\"col-md-6\"><a href=\"\/fr\/patients-et-visiteurs\/directions-et-plans-des-campus\/plans-des-campus\/\"><strong>Campus Civic <\/strong><\/a><br \/>\nL\u2019Unit\u00e9 de soins intensifs au Campus Civic est situ\u00e9e au 1053, avenue Carling. Elle compte 28 lits et est sp\u00e9cialis\u00e9e en soins neurologiques et vasculaires ainsi qu\u2019en traumatology.<br \/>\n<img decoding=\"async\" class=\"alignleft img-responsive\" src=\"\/wp-content\/uploads\/2016\/11\/CivicCampusWeb.jpg\" alt=\"Civic Campus\" width=\"300\" height=\"200\" \/><\/div>\n<\/div>\n<h2>Horaire \u00e0 l\u2019Unit\u00e9 de soins intensifs<\/h2>\n<p>Puisque des urgences peuvent survenir en tout temps, les unit\u00e9s de soins intensifs sont ouvertes 24\u00a0heures sur\u00a024, 7\u00a0jours sur\u00a07. Les quarts de travail du personnel infirmier durent 12 heures et commencent \u00e0 7\u00a0h (quart de jour) et 19\u00a0h (quart de soir). La tourn\u00e9e matinale, o\u00f9 chaque patient re\u00e7oit la visite de l\u2019\u00e9quipe de soins comprenant des m\u00e9decins, des infirmi\u00e8res, des\u00a0th\u00e9rapeutes respiratoires, des di\u00e9t\u00e9tistes, des pharmaciens et d\u2019autres professionnels de la sant\u00e9, a lieu chaque jour entre 9\u00a0h et midi.<\/p>\n<h2>Heures de visite<\/h2>\n<p><img decoding=\"async\" class=\"img-repsonsive alignright\" src=\"\/wp-content\/uploads\/2016\/11\/FamilyLounges.jpg\" alt=\"family lounges\" width=\"300\" height=\"200\" \/>Contrairement \u00e0 d\u2019autres unit\u00e9s \u00e0 l\u2019h\u00f4pital, l\u2019Unit\u00e9 de soins intensifs est ouverte aux visiteurs presque en tout temps. En raison du changement de quart du personnel de soins infirmiers, nous vous demandons cependant de ne pas visiter entre 7\u00a0h et 8\u00a0h, ainsi qu\u2019entre 19\u00a0h et 20\u00a0h, pendant la transition entre le personnel de jour et de soir. Le personnel infirmier qui termine son quart de travail pourra ainsi se concentrer \u00e0 transmettre \u00e0 leurs coll\u00e8gues les renseignements importants sur chaque patient. \u00c0 part ces heures, vous pouvez visiter votre proche ou l\u2019appeler en tout temps.<br \/>\nLes patients aux Soins intensifs sont souvent occup\u00e9s \u00e0 passer des examens ou \u00e0 recevoir des soins comme un bain ou un changement de position dans le lit. Pour cette raison et afin de respecter la vie priv\u00e9e des autres patients \u00e0 l\u2019Unit\u00e9, vous devez t\u00e9l\u00e9phoner \u00e0 l\u2019Unit\u00e9 de soins intensifs avant CHAQUE visite. Un t\u00e9l\u00e9phone se trouve \u00e0 l\u2019ext\u00e9rieur de l\u2019Unit\u00e9 et vous permet de communiquer directement avec le bureau de l\u2019Unit\u00e9. Il y a souvent des b\u00e9n\u00e9voles qui pourront vous aider.<\/p>\n<p>Les m\u00e9decins de l\u2019Unit\u00e9 feront tout leur possible pour communiquer souvent avec vous. Si vous souhaitez rencontrer les m\u00e9decins qui prennent soin de votre proche, le meilleur moment est en milieu d\u2019apr\u00e8s-midi. Pour ce faire, veuillez en faire faire part \u00e0 votre infirmi\u00e8re, qui organisera une rencontre.<\/p>\n<h2>Salon familial<\/h2>\n<p><img decoding=\"async\" class=\"img-responsive alignright\" src=\"\/wp-content\/uploads\/2016\/11\/FamilyLounges2.jpg\" alt=\"family lounges\" width=\"300\" height=\"200\" \/>Il y a un salon familial \u00e0 chaque campus, \u00a0\u00e0 l\u2019ext\u00e9rieur de l\u2019Unit\u00e9 de soins intensifs, tout pr\u00e8s de l\u2019entr\u00e9e principale. Le salon familial est une pi\u00e8ce o\u00f9 les familles et les proches de patients peuvent se r\u00e9unir, se reposer et communiquer avec le personnel de l\u2019Unit\u00e9. Durant le jour, un b\u00e9n\u00e9vole sur place peut vous aider \u00e0 obtenir de l\u2019information et faciliter les communications.<\/p>\n<h2>Hygi\u00e8ne des mains et isolement<\/h2>\n<p>Afin de r\u00e9duire la propagation des infections dans l\u2019h\u00f4pital, il est essentiel d\u2019avoir une bonne hygi\u00e8ne des mains, c\u2019est-\u00e0-dire de se laver les mains fr\u00e9quemment. Quand vous visitez un proche \u00e0 l\u2019Unit\u00e9 de soins intensifs, vous devez vous laver les mains (avec du savon ou un d\u00e9sinfectant pour les mains \u00e0 base d\u2019alcool) avant et apr\u00e8s chaque contact.<\/p>\n<p>Certains patients aux Soins intensifs sont plac\u00e9s en \u00ab\u00a0isolement\u00a0\u00bb. Il y a diff\u00e9rents types d\u2019isolement. On isole parfois un patient qui est tr\u00e8s \u00e0 risque d\u2019avoir une infection ou de la transmettre \u00e0 d\u2019autres patients. Le personnel infirmier vous expliquera ce que vous devez faire afin de respecter les proc\u00e9dures d\u2019isolement.<\/p>\n<h2>Pourquoi me demande-t-on de quitter la chambre de mon proche?<\/h2>\n<p>Lorsque vous visitez un proche aux Soins intensifs, on peut vous demander de quitter la chambre pendant une certaine dur\u00e9e, et ce, pour diff\u00e9rentes raisons possibles\u00a0:<\/p>\n<ul>\n<li>Les patients aux Soins intensifs n\u00e9cessitent souvent des soins, comme le bain ou le changement de position. Ces soins exigent l\u2019aide de plusieurs personnes dans la chambre. Nous pouvons donc vous demander de quitter la chambre afin d\u2019avoir assez d\u2019espace pour donner ces soins.<\/li>\n<li>Les patients aux Soins intensifs doivent fr\u00e9quemment passer des interventions mineures, comme l\u2019insertion d\u2019un cath\u00e9ter, qui exigent des conditions sanitaires tr\u00e8s particuli\u00e8res. Nous vous demanderons alors de quitter la chambre pour un moment.<\/li>\n<li>Puisqu\u2019il y a souvent plusieurs patients dans la m\u00eame chambre, par respect pour l\u2019intimit\u00e9 des autres patients, nous pourrions vous demander de sortir pendant leurs soins.<\/li>\n<\/ul>\n","protected":false},"excerpt":{"rendered":"<p>Map\/Directions Campus G\u00e9n\u00e9ral L\u2019Unit\u00e9 de soins intensifs au Campus G\u00e9n\u00e9ral est situ\u00e9e au 501, chemin Smyth. Elle compte 28 lits et est sp\u00e9cialis\u00e9e en soins respiratoires et thoraciques ainsi qu\u2019en canc\u00e9rologie, Campus Civic L\u2019Unit\u00e9 de soins intensifs au Campus Civic est situ\u00e9e au 1053, avenue Carling. Elle compte 28 lits et est sp\u00e9cialis\u00e9e en soins [&hellip;]<\/p>\n","protected":false},"author":25,"featured_media":0,"parent":8044,"menu_order":5,"comment_status":"closed","ping_status":"closed","template":"","meta":{"_acf_changed":false,"_mc_calendar":[],"footnotes":""},"class_list":["post-8152","page","type-page","status-publish","hentry"],"acf":[],"wps_subtitle":"","_links":{"self":[{"href":"https:\/\/www.ottawahospital.on.ca\/fr\/wp-json\/wp\/v2\/pages\/8152","targetHints":{"allow":["GET"]}}],"collection":[{"href":"https:\/\/www.ottawahospital.on.ca\/fr\/wp-json\/wp\/v2\/pages"}],"about":[{"href":"https:\/\/www.ottawahospital.on.ca\/fr\/wp-json\/wp\/v2\/types\/page"}],"author":[{"embeddable":true,"href":"https:\/\/www.ottawahospital.on.ca\/fr\/wp-json\/wp\/v2\/users\/25"}],"replies":[{"embeddable":true,"href":"https:\/\/www.ottawahospital.on.ca\/fr\/wp-json\/wp\/v2\/comments?post=8152"}],"version-history":[{"count":0,"href":"https:\/\/www.ottawahospital.on.ca\/fr\/wp-json\/wp\/v2\/pages\/8152\/revisions"}],"up":[{"embeddable":true,"href":"https:\/\/www.ottawahospital.on.ca\/fr\/wp-json\/wp\/v2\/pages\/8044"}],"wp:attachment":[{"href":"https:\/\/www.ottawahospital.on.ca\/fr\/wp-json\/wp\/v2\/media?parent=8152"}],"curies":[{"name":"wp","href":"https:\/\/api.w.org\/{rel}","templated":true}]}}