{"id":8144,"date":"2016-11-17T13:37:24","date_gmt":"2016-11-17T18:37:24","guid":{"rendered":"http:\/\/52.229.122.34\/fr\/?page_id=8144"},"modified":"2016-11-17T13:37:24","modified_gmt":"2016-11-17T18:37:24","slug":"equipement-aux-soins-intensifs","status":"publish","type":"page","link":"https:\/\/www.ottawahospital.on.ca\/fr\/services-cliniques\/mes-soins-intensifs-lunite-de-soins-intensifs\/equipement-aux-soins-intensifs\/","title":{"rendered":"\u00c9quipement aux Soins intensifs"},"content":{"rendered":"<h2>Respirateur<\/h2>\n<p>Un respirateur est un appareil qui assume une partie ou la totalit\u00e9 de la respiration d\u2019un patient. L\u2019appareil fait entrer de l\u2019air dans les poumons par un tube ins\u00e9r\u00e9 dans la trach\u00e9e ou un masque bien ajust\u00e9. Cette aide \u00e0 la respiration sert \u00e0 acheminer suffisamment d\u2019oxyg\u00e8ne au corps et \u00e0 en retirer le dioxyde de carbone.\u00a0Les patients aux Soins intensifs ont parfois besoin d\u2019une aide \u00e0 la respiration, car ils ne sont pas assez \u00e9veill\u00e9s ou forts.<\/p>\n<p><img decoding=\"async\" class=\"img-responsive aligncenter\" src=\"\/wp-content\/uploads\/2016\/11\/Ventilator.jpg\" alt=\"ventilator\" width=\"186\" height=\"278\" \/><\/p>\n<h2>Moniteur<\/h2>\n<p>Les patients gravement malades aux Soins intensifs doivent \u00eatre surveill\u00e9s de pr\u00e8s. Pour ce faire, on surveille tr\u00e8s attentivement les signes vitaux (fr\u00e9quence et rythme cardiaque, pression et fr\u00e9quence respiratoire) \u00e0 l\u2019aide d\u2019un moniteur num\u00e9rique. L\u2019\u00e9quipe de soins peut surveiller le moniteur au chevet du patient et au poste de soins infirmiers, et peut r\u00e9agir rapidement, au besoin.<\/p>\n<p><img decoding=\"async\" class=\"img-responsive aligncenter\" src=\"\/wp-content\/uploads\/2016\/11\/Monitor.jpg\" alt=\"monitor\" width=\"186\" height=\"278\" \/><\/p>\n<h2>Dialyse<\/h2>\n<p>L&rsquo;appareil de dialyse, ou rein artificiel, prend la rel\u00e8ve des reins pour \u00e9liminer les d\u00e9chets et substances toxiques du sang. On ins\u00e8re une intraveineuse sp\u00e9ciale dans une grosse veine du cou ou de l\u2019aine du patient. L\u2019intraveineuse achemine le sang vers l\u2019appareil de dialyse, qui le filtre et le retourne ensuite dans le corps. La dialyse remplace en quelque sorte les reins bless\u00e9s, mais elle n\u2019aide g\u00e9n\u00e9ralement pas \u00e0 les gu\u00e9rir. Certains patients non hospitalis\u00e9s vivent avec la dialyse pendant des ann\u00e9es, mais le type de dialyse administr\u00e9e aux Soins intensifs n\u2019est g\u00e9n\u00e9ralement pr\u00e9vu que pour une courte dur\u00e9e.<\/p>\n<h2>Pompe \u00e0 perfusion<\/h2>\n<p>Bon nombre de m\u00e9dicaments aux Soins intensifs doivent \u00eatre directement administr\u00e9s dans le sang \u00e0 l\u2019aide d\u2019un cath\u00e9ter intraveineux (intraveineuse). Le m\u00e9decin ou l\u2019infirmi\u00e8re peut administrer une dose continue (perfusion) ou suppl\u00e9mentaire (bolus) de m\u00e9dicaments \u00e0 l\u2019aide d\u2019une pompe \u00e0 perfusion programmable. Vous verrez souvent le personnel infirmier connecter des contenants de m\u00e9dicaments \u00e0 la pompe \u00e0 perfusion, programmer les doses et examiner la pompe quand une alarme se d\u00e9clenche.<\/p>\n<p><img decoding=\"async\" class=\"img-responsive aligncenter\" src=\"\/wp-content\/uploads\/2016\/11\/IVPumps.jpg\" alt=\"iv pumps\" width=\"186\" height=\"278\" \/><\/p>\n<h2>Sonde d\u2019alimentation<\/h2>\n<p>La sonde d\u2019alimentation est un moyen d\u2019administrer des nutriments et des fluides \u00e0 un patient gravement malade qui est incapables de se nourrir normalement. Habituellement, on ins\u00e8re le tube par le nez (sonde nasogastrique) jusque dans le syst\u00e8me digestif. On peut parfois ins\u00e9rer la sonde directement dans l\u2019estomac par une ouverture cr\u00e9\u00e9e \u00e0 travers la peau de l\u2019abdomen (gastrostomie endoscopique percutan\u00e9e). Les di\u00e9t\u00e9tistes aux Soins intensifs aident l\u2019\u00e9quipe de soins \u00e0 choisir la pr\u00e9paration alimentaire liquide\u00a0 qui comblera le mieux les besoins nutritionnels individuels de chaque patient. On administre la pr\u00e9paration liquide par l\u2019entremise de la sonde d\u2019alimentation jusque dans l\u2019estomac du patient \u00e0 l\u2019aide d\u2019une pompe programmable.<\/p>\n<p><img decoding=\"async\" class=\"img-responsive aligncenter\" src=\"\/wp-content\/uploads\/2016\/11\/FeedingTubes.jpg\" alt=\"feeding tubes\" width=\"186\" height=\"278\" \/><\/p>\n","protected":false},"excerpt":{"rendered":"<p>Respirateur Un respirateur est un appareil qui assume une partie ou la totalit\u00e9 de la respiration d\u2019un patient. L\u2019appareil fait entrer de l\u2019air dans les poumons par un tube ins\u00e9r\u00e9 dans la trach\u00e9e ou un masque bien ajust\u00e9. Cette aide \u00e0 la respiration sert \u00e0 acheminer suffisamment d\u2019oxyg\u00e8ne au corps et \u00e0 en retirer le [&hellip;]<\/p>\n","protected":false},"author":25,"featured_media":0,"parent":8044,"menu_order":4,"comment_status":"closed","ping_status":"closed","template":"","meta":{"_acf_changed":false,"_mc_calendar":[],"footnotes":""},"class_list":["post-8144","page","type-page","status-publish","hentry"],"acf":[],"wps_subtitle":"","_links":{"self":[{"href":"https:\/\/www.ottawahospital.on.ca\/fr\/wp-json\/wp\/v2\/pages\/8144","targetHints":{"allow":["GET"]}}],"collection":[{"href":"https:\/\/www.ottawahospital.on.ca\/fr\/wp-json\/wp\/v2\/pages"}],"about":[{"href":"https:\/\/www.ottawahospital.on.ca\/fr\/wp-json\/wp\/v2\/types\/page"}],"author":[{"embeddable":true,"href":"https:\/\/www.ottawahospital.on.ca\/fr\/wp-json\/wp\/v2\/users\/25"}],"replies":[{"embeddable":true,"href":"https:\/\/www.ottawahospital.on.ca\/fr\/wp-json\/wp\/v2\/comments?post=8144"}],"version-history":[{"count":0,"href":"https:\/\/www.ottawahospital.on.ca\/fr\/wp-json\/wp\/v2\/pages\/8144\/revisions"}],"up":[{"embeddable":true,"href":"https:\/\/www.ottawahospital.on.ca\/fr\/wp-json\/wp\/v2\/pages\/8044"}],"wp:attachment":[{"href":"https:\/\/www.ottawahospital.on.ca\/fr\/wp-json\/wp\/v2\/media?parent=8144"}],"curies":[{"name":"wp","href":"https:\/\/api.w.org\/{rel}","templated":true}]}}