{"id":81318,"date":"2024-03-05T14:00:47","date_gmt":"2024-03-05T19:00:47","guid":{"rendered":"https:\/\/www.ottawahospital.on.ca\/?page_id=81318"},"modified":"2024-03-05T14:05:02","modified_gmt":"2024-03-05T19:05:02","slug":"dr-dave-neilipovitz","status":"publish","type":"page","link":"https:\/\/www.ottawahospital.on.ca\/fr\/about-us\/notre-equipe-de-direction\/equipe-de-la-haute-direction\/dr-dave-neilipovitz\/","title":{"rendered":"Dr\u00a0Dave\u00a0Neilipovitz"},"content":{"rendered":"<div class=\"wp-block-image is-style-default\">\n<figure class=\"alignleft size-full\"><img decoding=\"async\" width=\"135\" height=\"169\" src=\"https:\/\/www.ottawahospital.on.ca\/wp-content\/uploads\/2024\/03\/David-Neilipovitz-Profile-picture.jpg\" alt=\"Dr\u00a0Dave\u00a0Neilipovitz\" class=\"wp-image-81315\"\/><figcaption class=\"wp-element-caption\">D<sup>r\u00a0<\/sup>Dave\u00a0<br>Neilipovitz Directrice et cheffe int\u00e9rimaire<br>Professeure agr\u00e9g\u00e9e<br>D\u00e9partement d\u2019anesth\u00e9siologie et de m\u00e9decine de la douleur<\/figcaption><\/figure>\n<\/div>\n\n\n<p>Le D<sup>r\u00a0<\/sup>Dave\u00a0Neilipovitz est professeur d\u2019anesth\u00e9siologie et de soins critiques \u00e0 l\u2019Universit\u00e9 d\u2019Ottawa et \u00e0 L\u2019H\u00f4pital d\u2019Ottawa. En plus de fournir des soins critiques depuis plus de 20\u00a0ans, il a occup\u00e9 de nombreux postes de responsabilit\u00e9. Il a \u00e9t\u00e9 fier d\u2019\u00eatre \u00e0 la t\u00eate d\u2019une division de l\u2019Association m\u00e9dicale de l\u2019Ontario regroupant les anesth\u00e9siologistes de la province. Durant ce mandat, il a contribu\u00e9 \u00e0 la cr\u00e9ation du prix pour services distingu\u00e9s, qui rend hommage \u00e0 l\u2019ensemble de la contribution d\u2019un anesth\u00e9siologiste \u00e0 l\u2019am\u00e9lioration des soins de sant\u00e9 dans sa collectivit\u00e9. Au sein de la division des anesth\u00e9siologistes de l\u2019Ontario, il a cofond\u00e9 un projet altruiste <em>Beyond the Mask<\/em>. Le D<sup>r<\/sup>\u00a0Neilipovitz a \u00e9galement \u00e9t\u00e9 chef du D\u00e9partement des soins critiques pendant plus de 10\u00a0ans ainsi que responsable r\u00e9gional des soins critiques \u2013\u00a0Est de l\u2019Ontario durant la pand\u00e9mie de COVID-19. Au cours de sa carri\u00e8re, il a tent\u00e9 de relever des d\u00e9fis en proposant des solutions novatrices et nouvelles. Il a contribu\u00e9 \u00e0 la cr\u00e9ation du cours de r\u00e9animation SARC (Soins avanc\u00e9s en r\u00e9animation cardiovasculaire) et a dirig\u00e9 l\u2019outil virtuel sur la satisfaction des familles, qui constitue d\u00e9sormais une r\u00e9f\u00e9rence pour toutes les Unit\u00e9s de soins intensifs en Ontario. Il continue d\u2019aider des m\u00e9decins et des professionnels de la sant\u00e9 \u00e0 approfondir leurs connaissances et \u00e0 surmonter leurs obstacles en offrant, tous les deux mois, une s\u00e9rie de webinaires sur les soins critiques pr\u00e9par\u00e9e par le comit\u00e9 des prestataires de soins aux malades en phase critique (OC3PR). C\u2019est pour lui un honneur de diriger le D\u00e9partement d&rsquo;anesth\u00e9siologie et de m\u00e9decine de la douleur, une \u00e9quipe \u00e0 laquelle il est fier d\u2019appartenir depuis pr\u00e8s de 30\u00a0ans.<\/p>\n","protected":false},"excerpt":{"rendered":"<p>Le Dr\u00a0Dave\u00a0Neilipovitz est professeur d\u2019anesth\u00e9siologie et de soins critiques \u00e0 l\u2019Universit\u00e9 d\u2019Ottawa et \u00e0 L\u2019H\u00f4pital d\u2019Ottawa. En plus de fournir des soins critiques depuis plus de 20\u00a0ans, il a occup\u00e9 de nombreux postes de responsabilit\u00e9. Il a \u00e9t\u00e9 fier d\u2019\u00eatre \u00e0 la t\u00eate d\u2019une division de l\u2019Association m\u00e9dicale de l\u2019Ontario regroupant les anesth\u00e9siologistes de la [&hellip;]<\/p>\n","protected":false},"author":25,"featured_media":0,"parent":4550,"menu_order":0,"comment_status":"closed","ping_status":"closed","template":"","meta":{"_acf_changed":false,"_mc_calendar":[],"footnotes":""},"class_list":["post-81318","page","type-page","status-publish","hentry"],"acf":[],"wps_subtitle":"","_links":{"self":[{"href":"https:\/\/www.ottawahospital.on.ca\/fr\/wp-json\/wp\/v2\/pages\/81318","targetHints":{"allow":["GET"]}}],"collection":[{"href":"https:\/\/www.ottawahospital.on.ca\/fr\/wp-json\/wp\/v2\/pages"}],"about":[{"href":"https:\/\/www.ottawahospital.on.ca\/fr\/wp-json\/wp\/v2\/types\/page"}],"author":[{"embeddable":true,"href":"https:\/\/www.ottawahospital.on.ca\/fr\/wp-json\/wp\/v2\/users\/25"}],"replies":[{"embeddable":true,"href":"https:\/\/www.ottawahospital.on.ca\/fr\/wp-json\/wp\/v2\/comments?post=81318"}],"version-history":[{"count":0,"href":"https:\/\/www.ottawahospital.on.ca\/fr\/wp-json\/wp\/v2\/pages\/81318\/revisions"}],"up":[{"embeddable":true,"href":"https:\/\/www.ottawahospital.on.ca\/fr\/wp-json\/wp\/v2\/pages\/4550"}],"wp:attachment":[{"href":"https:\/\/www.ottawahospital.on.ca\/fr\/wp-json\/wp\/v2\/media?parent=81318"}],"curies":[{"name":"wp","href":"https:\/\/api.w.org\/{rel}","templated":true}]}}