{"id":8103,"date":"2016-11-17T13:00:39","date_gmt":"2016-11-17T18:00:39","guid":{"rendered":"http:\/\/52.229.122.34\/fr\/?page_id=8103"},"modified":"2021-07-12T09:27:23","modified_gmt":"2021-07-12T13:27:23","slug":"troubles-medicaux","status":"publish","type":"page","link":"https:\/\/www.ottawahospital.on.ca\/fr\/services-cliniques\/mes-soins-intensifs-lunite-de-soins-intensifs\/patients-des-soins-intensifs\/troubles-medicaux\/","title":{"rendered":"Troubles m\u00e9dicaux"},"content":{"rendered":"<p>Voici une liste des probl\u00e8mes de sant\u00e9 qui peuvent exiger une hospitalisation aux Soins intensifs.<\/p>\n<div class=\"row\">\n<div class=\"col-md-6\">\n<ul>\n<li><a href=\"#Sepsie\">Sepsie\u00a0<\/a><\/li>\n<li><a href=\"#Traumatismecranien\">Traumatisme cr\u00e2nien\u00a0<\/a><\/li>\n<li><a href=\"#Choc\">Choc<\/a><\/li>\n<li><a href=\"#AccidentvasculairecerebralAVC\">Accident vasculaire c\u00e9r\u00e9bral (AVC)<\/a><\/li>\n<li><a href=\"#Rupturedunanevrismecerebral\">Rupture d\u2019un an\u00e9vrisme c\u00e9r\u00e9bral<\/a><\/li>\n<\/ul>\n<\/div>\n<div class=\"col-md-6\">\n<ul>\n<li><a href=\"#Traumatisme\">Traumatisme<\/a><\/li>\n<li><a href=\"#Complicationsapresunechirurgie\">Complications apr\u00e8s une chirurgie<\/a><\/li>\n<li><a href=\"#Cancer\">Cancer<\/a><\/li>\n<li><a href=\"#Insuffisancecardiaque\">Insuffisance cardiaque<\/a><\/li>\n<li><a href=\"#Insuffisancerespiratoire\">Insuffisance respiratoire<\/a><\/li>\n<\/ul>\n<\/div>\n<\/div>\n<h2 id=\"Sepsie\">Sepsie<\/h2>\n<p><strong>D\u00e9finition<br \/>\n<\/strong>La sepsie est une infection r\u00e9pandue dans tout le corps qui peut menacer la vie. La r\u00e9action du corps \u00e0 l\u2019infection peut provoquer d\u2019autres probl\u00e8mes. Par exemple, l\u2019inflammation g\u00e9n\u00e9ralis\u00e9e risque d\u2019entra\u00eener l\u2019arr\u00eat du fonctionnement des organes.<\/p>\n<p><strong>Causes<br \/>\n<\/strong>Nous savons que la sepsie est caus\u00e9e par une infection et que certaines personnes y sont plus vuln\u00e9rables. Cependant, nous ne savons pas encore pourquoi ses effets peuvent \u00eatre beaucoup plus graves chez certains patients que chez d\u2019autres.<\/p>\n<p><strong>Traitement<br \/>\n<\/strong>La pr\u00e9vention et le traitement pr\u00e9coce des infections sont les principales solutions pour contrer la sepsie. Une campagne internationale intitul\u00e9e \u00abSurviving Sepsis \u00bb offre des lignes directrices pour la d\u00e9tection rapide et le traitement vigoureux de la sepsie, ainsi que pour l\u2019identification de son origine.<\/p>\n<p><strong>Liens utiles<\/strong><\/p>\n<ul>\n<li><a href=\"https:\/\/www.sepsisalliance.org\/\" target=\"_blank\" rel=\"noopener\">Sepsis Alliance<\/a> (en anglais seulement)\u00a0: Site Web pour le public g\u00e9n\u00e9ral qui pr\u00e9sente des renseignements sur la sepsie, sa pr\u00e9vention et les meilleurs traitements.<\/li>\n<li><a href=\"https:\/\/www.nlm.nih.gov\/medlineplus\/ency\/article\/000666.htm\" target=\"_blank\" rel=\"noopener\">National Library of Medicine <span style=\"display: none;\"> Sepsie<\/span><\/a> (en anglais seulement)<\/li>\n<li><a href=\"https:\/\/www.survivingsepsis.org\/\" target=\"_blank\" rel=\"noopener\">Surviving Sepsis Campaign<\/a> (en anglais seulement)\u00a0: Initiative internationale visant \u00e0 am\u00e9liorer la sant\u00e9 des patients atteints de sepsie.<\/li>\n<\/ul>\n<h2 id=\"Traumatismecranien\">Traumatisme cr\u00e2nien<\/h2>\n<p><strong>D\u00e9finition<br \/>\n<\/strong>Blessure temporaire ou permanente au cerveau habituellement caus\u00e9e par un coup violent \u00e0 la t\u00eate ou au visage. Un traumatisme cr\u00e2nien est souvent associ\u00e9 \u00e0 un saignement et \u00e0 l\u2019enflure du cerveau. Selon la gravit\u00e9 du traumatisme, les sympt\u00f4mes et leur dur\u00e9e peuvent varier, allant de la confusion \u00e0 la perte de connaissance ou m\u00eame au coma.<\/p>\n<p><strong>Causes<br \/>\n<\/strong>Les accidents de voiture, les chutes, les blessures li\u00e9es au sport ou au travail en sont des causes courantes.<\/p>\n<p><strong>Traitement<br \/>\n<\/strong>Le traitement d\u2019un traumatisme cr\u00e2nien comprend le soutien des fonctions vitales du corps. L\u2019enflure au cerveau fait monter la pression du sang dans le cr\u00e2ne, ce qui risque de blesser davantage les cellules du cerveau. Il faut donc prendre des mesures pour faire baisser la pression.<\/p>\n<p>La gravit\u00e9 des traumatismes cr\u00e2niens varie consid\u00e9rablement. Certains patients s\u2019en remettent compl\u00e8tement, alors que d\u2019autres peuvent en mourir ou avoir des l\u00e9sions graves au cerveau et des s\u00e9quelles permanentes.<\/p>\n<p><strong>Liens utiles<\/strong><\/p>\n<ul>\n<li><a href=\"https:\/\/www.biausa.org\/\" target=\"_blank\" rel=\"noopener\">Brain Injury Association<\/a> (en anglais seulement)<\/li>\n<li><a href=\"https:\/\/www.ninds.nih.gov\/disorders\/tbi\/tbi.htm\" target=\"_blank\" rel=\"noopener\">National Institute of Neurologic Disorders and Stroke <span style=\"display: none;\"> Traumatisme cr\u00e2nien<\/span><\/a> (en anglais seulement)<\/li>\n<\/ul>\n<h2 id=\"Choc\">Choc<\/h2>\n<p><strong>D\u00e9finition<br \/>\n<\/strong>Le choc est une brusque diminution de la circulation du sang vers les organes vitaux (p\u00a0.\u00a0ex. cerveau, poumons, c\u0153ur, reins) en raison d\u2019une baisse importante de la pression et du pouls.<\/p>\n<p><strong>Causes<br \/>\n<\/strong>Il y a de nombreuses formes et causes de choc. Les causes les plus courantes sont une faiblesse au c\u0153ur, un saignement important ou une infection grave.<\/p>\n<p><strong>Traitement<br \/>\n<\/strong>Le traitement d\u00e9pend de la cause du choc, mais consiste g\u00e9n\u00e9ralement \u00e0 restaurer la pression et le d\u00e9bit de la circulation du sang vers les organes vitaux.<\/p>\n<p><strong>Liens utiles<\/strong><\/p>\n<ul>\n<li><a href=\"https:\/\/www.nlm.nih.gov\/medlineplus\/ency\/article\/000039.htm\" target=\"_blank\" rel=\"noopener\">National Library of Medicine <span style=\"display: none;\"> Choc <\/span><\/a> (en anglais seulement)<\/li>\n<\/ul>\n<h2 id=\"AccidentvasculairecerebralAVC\">Accident vasculaire c\u00e9r\u00e9bral (AVC)<\/h2>\n<p><strong>D\u00e9finition<br \/>\n<\/strong>Un accident vasculaire c\u00e9r\u00e9bral (AVC) survient quand le sang arr\u00eate de circuler dans une partie du cerveau. Si la circulation du sang est interrompue pendant plus de quelques secondes, des cellules du cerveau peuvent mourir, causant des l\u00e9sions permanentes.<\/p>\n<p><strong>Causes<br \/>\n<\/strong>Il y a deux principaux types d\u2019AVC, l\u2019AVC isch\u00e9mique et l\u2019AVC h\u00e9morragique. Un AVC isch\u00e9mique survient quand un caillot de sang bloque un vaisseau qui apporte du sang au cerveau. Un AVC h\u00e9morragique est caus\u00e9 par un vaisseau du cerveau affaibli qui se rompt, produisant un \u00e9coulement de sang qui endommage les cellules du cerveau.<\/p>\n<p><strong>Traitement<br \/>\n<\/strong>Habituellement, il faut une tomodensitom\u00e9trie (scan) pour confirmer le diagnostic d\u2019un AVC. Dans le cas d\u2019un AVC isch\u00e9mique, certains m\u00e9dicaments ou interventions peuvent dissoudre le caillot et restaurer la circulation du sang dans le cerveau. Dans la mesure du possible, tout patient atteint d\u2019un AVC re\u00e7oit des traitements visant \u00e0 pr\u00e9venir la survenue d\u2019un autre AVC.<\/p>\n<p><strong>\u00a0Liens utiles<\/strong><\/p>\n<ul>\n<li><a href=\"https:\/\/www.coeuretavc.ca\/avc\/questce-quun-avc\" target=\"_blank\" rel=\"noopener\">Fondation des maladies du c\u0153ur et de l\u2019AVC <span style=\"display: none;\"> Accident vasculaire c\u00e9r\u00e9bral (AVC)<\/span><\/a>\u00a0: Excellente source d\u2019information sur les AVC.<\/li>\n<li><a title=\"blocked::https:\/\/www.nlm.nih.gov\/medlineplus\/ency\/article\/000726.htm\" href=\"https:\/\/www.nlm.nih.gov\/medlineplus\/ency\/article\/000726.htm\" target=\"_blank\" rel=\"noopener\">National Library of Medicine <span style=\"display: none;\"> Accident vasculaire c\u00e9r\u00e9bral (AVC)<\/span><\/a> (en anglais seulement)<\/li>\n<li><a href=\"https:\/\/www.stroke.org\/en\" target=\"_blank\" rel=\"noopener\">American Stroke Association<\/a> (en anglais seulement)<\/li>\n<\/ul>\n<h2 id=\"Rupturedunanevrismecerebral\">Rupture d\u2019un an\u00e9vrisme c\u00e9r\u00e9bral<\/h2>\n<p><strong>D\u00e9finition<br \/>\n<\/strong>Un an\u00e9vrisme est la dilatation (gonflement) et l\u2019affaiblissement d\u2019un vaisseau sanguin. Lorsque qu\u2019un an\u00e9vrisme dans le cerveau fait rupture, il entra\u00eene un saignement appel\u00e9 \u00ab\u00a0h\u00e9morragie m\u00e9ning\u00e9e\u00a0\u00bb.<\/p>\n<p><strong>Causes<br \/>\n<\/strong>Bon nombre d\u2019an\u00e9vrismes sont de nature cong\u00e9nitale (pr\u00e9sent depuis la naissance). La paroi du vaisseau sanguin peut s\u2019affaiblir avec le temps en raison d\u2019une l\u00e9sion au vaisseau ou du durcissement des art\u00e8res.<\/p>\n<p><strong>Traitement<br \/>\n<\/strong>Il faut habituellement une tomodensitom\u00e9trie (scan) pour poser un diagnostic. Les soins consistent \u00e0 traiter la cause de l\u2019an\u00e9vrisme et \u00e0 r\u00e9parer le vaisseau sanguin. Il faut souvent contr\u00f4ler la tension art\u00e9rielle afin de r\u00e9duire la pression \u00e0 l\u2019endroit de l\u2019an\u00e9vrisme, puis effectuer une chirurgie pour r\u00e9parer le vaisseau sanguin. Si le vaisseau se rompt, les principaux soins consistent \u00e0 pr\u00e9venir d\u2019autres saignements.<\/p>\n<p><strong>Liens utiles<\/strong><\/p>\n<ul>\n<li><a href=\"https:\/\/www.coeuretavc.ca\/avc\/questce-quun-avc\" target=\"_blank\" rel=\"noopener\">Fondation des maladies du c\u0153ur et de l\u2019AVC <span style=\"display: none;\"> Rupture d\u2019un an\u00e9vrisme c\u00e9r\u00e9bral<\/span><\/a><\/li>\n<li><a href=\"https:\/\/www.ninds.nih.gov\/disorders\/cerebral_aneurysm\/cerebral_aneurysm.htm\" target=\"_blank\" rel=\"noopener\">National Institute of Neurologic Disorders and Stroke <span style=\"display: none;\"> Renseignements pouss\u00e9s sur l\u2019an\u00e9vrisme c\u00e9r\u00e9bral<\/span><\/a> (en anglais seulement)\u00a0: \u00a0Renseignements pouss\u00e9s sur l\u2019an\u00e9vrisme c\u00e9r\u00e9bral.<\/li>\n<li><a href=\"https:\/\/www.brainaneurysm.com\/\" target=\"_blank\" rel=\"noopener\">www.brainaneurysm.com<\/a><\/li>\n<li><a href=\"https:\/\/www.mayoclinic.org\/diseases-conditions\/brain-aneurysm\/basics\/definition\/con-20028457\" target=\"_blank\" rel=\"noopener\">https:\/\/www.mayoclinic.org\/diseases-conditions\/brain-aneurysm\/basics\/definition\/con-20028457<\/a><\/li>\n<\/ul>\n<h2 id=\"Traumatisme\">Traumatisme<\/h2>\n<p><strong>D\u00e9finition<br \/>\n<\/strong>Un traumatisme est le r\u00e9sultat d\u2019une blessure ou l\u00e9sion \u00e0 une partie du corps qui est produite par une force m\u00e9canique externe.<\/p>\n<p><strong>Causes<br \/>\n<\/strong>Au Canada, la plupart des traumatismes sont le r\u00e9sultat d\u2019une chute ou d\u2019un accident de la route. De fa\u00e7on moins courante, un traumatisme peut \u00eatre la cons\u00e9quence d\u2019un acte de violence. Par exemple, une blessure \u00e0 la t\u00eate peut se solder par un traumatisme cr\u00e2nien. Une blessure ou l\u00e9sion au cou ou au dos peut entra\u00eener un traumatisme \u00e0 la moelle \u00e9pini\u00e8re et la paralysie. Un traumatisme peut aussi prendre la forme de blessures aux organes internes ou d\u2019une fracture d\u2019os.<\/p>\n<p><strong>Traitement<br \/>\n<\/strong>Le traitement d\u00e9pend de la r\u00e9gion du corps qui est bless\u00e9e. Certains patients ont besoin d\u2019une chirurgie pour r\u00e9parer des l\u00e9sions ou arr\u00eater le saignement, d\u2019autres exigent des traitements m\u00e9dicaux sp\u00e9cialis\u00e9s.<\/p>\n<h2 id=\"Complicationsapresunechirurgie\">Complications apr\u00e8s une chirurgie<\/h2>\n<p><strong>D\u00e9finition<br \/>\n<\/strong>Certains patients peuvent avoir besoin d\u2019une surveillance \u00e9troite aux Soins intensifs apr\u00e8s une chirurgie. Parfois, l\u2019hospitalisation aux Soins intensifs est planifi\u00e9e, comme apr\u00e8s une importante op\u00e9ration vasculaire ou cardiaque. Dans d\u2019autres cas, elle n\u2019est pas pr\u00e9vue, mais devient n\u00e9cessaire \u00e0 la suite d\u2019un probl\u00e8me pendant la chirurgie.<\/p>\n<p><strong>Causes<br \/>\n<\/strong>Plusieurs types de probl\u00e8mes peuvent survenir pendant la chirurgie et exiger des soins intensifs. Un saignement inhabituel, une chute de la pression sanguine, un trouble du rythme cardiaque et une difficult\u00e9 \u00e0 respirer en sont des exemples.<\/p>\n<p><strong>Traitement<br \/>\n<\/strong>Un patient dont l\u2019hospitalisation aux Soins intensifs est pr\u00e9vue a habituellement besoin d\u2019une surveillance de courte dur\u00e9e. Pour les patients admis de fa\u00e7on impr\u00e9vue, le traitement d\u00e9pendra de la nature du probl\u00e8me.<\/p>\n<h2 id=\"Cancer\">Cancer<\/h2>\n<p><strong>D\u00e9finition<br \/>\n<\/strong>Les patients atteints du cancer ont couramment besoin de soins intensifs apr\u00e8s avoir re\u00e7u une chimioth\u00e9rapie ou une greffe de moelle osseuse, ou alors \u00e0 cause d\u2019un saignement ou d\u2019une infection.<\/p>\n<p><strong>Causes<br \/>\n<\/strong>Le cancer et ses traitements (surtout la chimioth\u00e9rapie et la greffe de moelle) affaiblissent le syst\u00e8me immunitaire, rendant le patient vuln\u00e9rable aux infections, qui peuvent alors lui \u00eatre mortelles. De plus, le faible niveau de plaquettes (cellules qui font coaguler le sang) de ces patients pr\u00e9sente un risque de saignement.<\/p>\n<p><strong>Traitement<br \/>\n<\/strong>Les patients ayant une infection re\u00e7oivent habituellement des antibiotiques, tandis que ceux atteints d\u2019un saignement peuvent avoir besoin d\u2019une transfusion de globules rouges ou de plaquettes.<\/p>\n<h2 id=\"Insuffisancecardiaque\">Insuffisance cardiaque<\/h2>\n<p><strong>D\u00e9finition<br \/>\n<\/strong>Une insuffisance cardiaque signifie que le c\u0153ur ne pompe pas avec assez de force pour faire circuler le sang dans tout le corps, ce qui peut causer un \u00e9tat de choc ou l\u2019arr\u00eat du fonctionnement des organes.<\/p>\n<p><strong>Causes<br \/>\n<\/strong>Divers probl\u00e8mes cardiaques peuvent mener \u00e0 une hospitalisation dans l\u2019Unit\u00e9 des soins intensifs, l\u2019Unit\u00e9 de soins coronariens ou l\u2019Unit\u00e9 de soins intensifs en chirurgie cardiaque. L\u2019insuffisance cardiaque est le principal trouble du c\u0153ur trait\u00e9 aux Soins intensifs.<\/p>\n<p><strong>Traitement<br \/>\n<\/strong>Le traitement d\u00e9pend de la cause. Un patient dont les art\u00e8res du c\u0153ur sont bloqu\u00e9es ou qui pr\u00e9sente des probl\u00e8mes li\u00e9s aux valvules cardiaques peut avoir besoin d\u2019une chirurgie ou d\u2019une endoproth\u00e8se vasculaire. On donne \u00e0 la plupart des patients des m\u00e9dicaments pour am\u00e9liorer la force du c\u0153ur et ainsi accro\u00eetre le d\u00e9bit du sang qui circule dans le corps.<\/p>\n<p><strong>Liens utiles<\/strong><\/p>\n<ul>\n<li><a href=\"https:\/\/www.coeuretavc.ca\/avc\/questce-quun-avc\" target=\"_blank\" rel=\"noopener\">Fondation des maladies du c\u0153ur et de l\u2019AVC <span style=\"display: none;\"> Insuffisance cardiaque<\/span><\/a><\/li>\n<li><a href=\"https:\/\/www.heartfailurematters.org\/fr\/\" target=\"_blank\" rel=\"noopener\">heart failure matters\/<\/a><\/li>\n<li><a href=\"https:\/\/www.nhlbi.nih.gov\/health\/resources\/heart\" target=\"_blank\" rel=\"noopener\">www.nhlbi.nih.gov\/health\/resources\/heart<\/a><\/li>\n<\/ul>\n<h2 id=\"Insuffisancerespiratoire\">Insuffisance respiratoire<\/h2>\n<p><strong>D\u00e9finition<br \/>\n<\/strong>La fonction des poumons est d\u2019ajouter de l\u2019oxyg\u00e8ne dans le sang et d\u2019en retirer le dioxyde de carbone. Lorsque les poumons ne font pas bien leur t\u00e2che, la vie du patient peut \u00eatre en danger.<\/p>\n<p><strong>Causes<br \/>\n<\/strong>La pneumonie (infection des poumons) est la principale cause des insuffisances respiratoires qui n\u00e9cessitent des soins intensifs. D\u00e9clench\u00e9e par des bact\u00e9ries, des virus ou des mycoplasmes, une pneumonie peut entra\u00eener une grave inflammation des poumons appel\u00e9e \u00ab\u00a0syndrome de d\u00e9tresse respiratoire aigu\u00eb\u00a0\u00bb et qui peut \u00eatre mortelle.<\/p>\n<p><strong>Traitement<br \/>\n<\/strong>On traite habituellement une pneumonie avec des antibiotiques et des soins de soutien. Les patients ayant une grave pneumonie ont souvent besoin d\u2019un respirateur pour les aider \u00e0 respirer jusqu\u2019\u00e0 ce que les poumons se r\u00e9tablissent.<\/p>\n<p><strong>Liens utiles<\/strong><\/p>\n<ul>\n<li><a href=\"https:\/\/www.larousse.fr\/encyclopedie\/medical\/insuffisance_respiratoire\/13925\" target=\"_blank\" rel=\"noopener\">www.larousse.fr\/encyclopedie\/medical\/insuffisance_respiratoire\/13925<\/a><\/li>\n<li><a href=\"https:\/\/www.mayoclinic.com\/health\/ards\/DS00944\" target=\"_blank\" rel=\"noopener\">www.mayoclinic.com\/health\/ards\/DS00944<\/a><\/li>\n<li><a href=\"https:\/\/www.thoracic.org\/patients\/patient-resources\/resources\/mechanical-ventilation.pdf\" target=\"_blank\" rel=\"noopener\">www.thoracic.org\/patients\/patient-resources\/resources\/mechanical-ventilation.pdf<\/a><\/li>\n<li><a href=\"https:\/\/www.nhlbi.nih.gov\/health\/resources\/lung\" target=\"_blank\" rel=\"noopener\">www.nhlbi.nih.gov\/health\/resources\/lung<\/a><\/li>\n<\/ul>\n","protected":false},"excerpt":{"rendered":"<p>Voici une liste des probl\u00e8mes de sant\u00e9 qui peuvent exiger une hospitalisation aux Soins intensifs. Sepsie\u00a0 Traumatisme cr\u00e2nien\u00a0 Choc Accident vasculaire c\u00e9r\u00e9bral (AVC) Rupture d\u2019un an\u00e9vrisme c\u00e9r\u00e9bral Traumatisme Complications apr\u00e8s une chirurgie Cancer Insuffisance cardiaque Insuffisance respiratoire Sepsie D\u00e9finition La sepsie est une infection r\u00e9pandue dans tout le corps qui peut menacer la vie. La [&hellip;]<\/p>\n","protected":false},"author":25,"featured_media":0,"parent":8094,"menu_order":1,"comment_status":"closed","ping_status":"closed","template":"","meta":{"_acf_changed":false,"_mc_calendar":[],"footnotes":""},"class_list":["post-8103","page","type-page","status-publish","hentry"],"acf":[],"wps_subtitle":"","_links":{"self":[{"href":"https:\/\/www.ottawahospital.on.ca\/fr\/wp-json\/wp\/v2\/pages\/8103","targetHints":{"allow":["GET"]}}],"collection":[{"href":"https:\/\/www.ottawahospital.on.ca\/fr\/wp-json\/wp\/v2\/pages"}],"about":[{"href":"https:\/\/www.ottawahospital.on.ca\/fr\/wp-json\/wp\/v2\/types\/page"}],"author":[{"embeddable":true,"href":"https:\/\/www.ottawahospital.on.ca\/fr\/wp-json\/wp\/v2\/users\/25"}],"replies":[{"embeddable":true,"href":"https:\/\/www.ottawahospital.on.ca\/fr\/wp-json\/wp\/v2\/comments?post=8103"}],"version-history":[{"count":0,"href":"https:\/\/www.ottawahospital.on.ca\/fr\/wp-json\/wp\/v2\/pages\/8103\/revisions"}],"up":[{"embeddable":true,"href":"https:\/\/www.ottawahospital.on.ca\/fr\/wp-json\/wp\/v2\/pages\/8094"}],"wp:attachment":[{"href":"https:\/\/www.ottawahospital.on.ca\/fr\/wp-json\/wp\/v2\/media?parent=8103"}],"curies":[{"name":"wp","href":"https:\/\/api.w.org\/{rel}","templated":true}]}}