{"id":8094,"date":"2016-11-17T12:34:06","date_gmt":"2016-11-17T17:34:06","guid":{"rendered":"http:\/\/52.229.122.34\/fr\/?page_id=8094"},"modified":"2016-12-15T14:29:59","modified_gmt":"2016-12-15T19:29:59","slug":"patients-des-soins-intensifs","status":"publish","type":"page","link":"https:\/\/www.ottawahospital.on.ca\/fr\/services-cliniques\/mes-soins-intensifs-lunite-de-soins-intensifs\/patients-des-soins-intensifs\/","title":{"rendered":"Patients des Soins intensifs"},"content":{"rendered":"<p>Si l\u2019un de vos proches a \u00e9t\u00e9 admis \u00e0 l\u2019Unit\u00e9 de soins intensifs, nous vous offrons ici des renseignements \u00a0sur les troubles de la sant\u00e9 qui peuvent entra\u00eener une maladie grave, ainsi que les traitements et les risques qui y sont couramment li\u00e9s.<\/p>\n<ul>\n<li><a href=\"\/fr\/services-cliniques\/mes-soins-intensifs-lunite-de-soins-intensifs\/patients-des-soins-intensifs\/troubles-medicaux\/\"><strong>Probl\u00e8mes de sant\u00e9<\/strong>\u00a0<strong>:<\/strong><\/a> Liste de maladies qui exigent souvent une hospitalisation aux Soins intensifs.<\/li>\n<li><a href=\"\/fr\/services-cliniques\/mes-soins-intensifs-lunite-de-soins-intensifs\/patients-des-soins-intensifs\/interventions\/\"><strong>Interventions :<\/strong><\/a> Liste des interventions courantes auxquelles nous avons recours aux Soins intensifs pour soigner en toute s\u00e9curit\u00e9 nos patients.<\/li>\n<li><a href=\"\/fr\/services-cliniques\/mes-soins-intensifs-lunite-de-soins-intensifs\/patients-des-soins-intensifs\/risques-et-complications\/\"><strong>Risques et complications:<\/strong><\/a> Malgr\u00e9 nos meilleurs efforts, les patients aux Soins intensifs courent des risques \u00e9lev\u00e9s d\u2019\u00e9prouver certaines complications en raison de la gravit\u00e9 de leur blessure ou maladie. En voici une liste.<\/li>\n<\/ul>\n","protected":false},"excerpt":{"rendered":"<p>Si l\u2019un de vos proches a \u00e9t\u00e9 admis \u00e0 l\u2019Unit\u00e9 de soins intensifs, nous vous offrons ici des renseignements \u00a0sur les troubles de la sant\u00e9 qui peuvent entra\u00eener une maladie grave, ainsi que les traitements et les risques qui y sont couramment li\u00e9s. Probl\u00e8mes de sant\u00e9\u00a0: Liste de maladies qui exigent souvent une hospitalisation aux [&hellip;]<\/p>\n","protected":false},"author":25,"featured_media":0,"parent":8044,"menu_order":3,"comment_status":"closed","ping_status":"closed","template":"","meta":{"_acf_changed":false,"_mc_calendar":[],"footnotes":""},"class_list":["post-8094","page","type-page","status-publish","hentry"],"acf":[],"wps_subtitle":"","_links":{"self":[{"href":"https:\/\/www.ottawahospital.on.ca\/fr\/wp-json\/wp\/v2\/pages\/8094","targetHints":{"allow":["GET"]}}],"collection":[{"href":"https:\/\/www.ottawahospital.on.ca\/fr\/wp-json\/wp\/v2\/pages"}],"about":[{"href":"https:\/\/www.ottawahospital.on.ca\/fr\/wp-json\/wp\/v2\/types\/page"}],"author":[{"embeddable":true,"href":"https:\/\/www.ottawahospital.on.ca\/fr\/wp-json\/wp\/v2\/users\/25"}],"replies":[{"embeddable":true,"href":"https:\/\/www.ottawahospital.on.ca\/fr\/wp-json\/wp\/v2\/comments?post=8094"}],"version-history":[{"count":0,"href":"https:\/\/www.ottawahospital.on.ca\/fr\/wp-json\/wp\/v2\/pages\/8094\/revisions"}],"up":[{"embeddable":true,"href":"https:\/\/www.ottawahospital.on.ca\/fr\/wp-json\/wp\/v2\/pages\/8044"}],"wp:attachment":[{"href":"https:\/\/www.ottawahospital.on.ca\/fr\/wp-json\/wp\/v2\/media?parent=8094"}],"curies":[{"name":"wp","href":"https:\/\/api.w.org\/{rel}","templated":true}]}}