{"id":80820,"date":"2024-01-23T11:14:05","date_gmt":"2024-01-23T16:14:05","guid":{"rendered":"https:\/\/www.ottawahospital.on.ca\/?page_id=80820"},"modified":"2024-01-23T11:14:06","modified_gmt":"2024-01-23T16:14:06","slug":"lapproche-chez-soi-avant-tout","status":"publish","type":"page","link":"https:\/\/www.ottawahospital.on.ca\/fr\/patients-et-visiteurs\/lapproche-chez-soi-avant-tout\/","title":{"rendered":"L\u2019approche \u00ab\u00a0Chez soi avant tout\u00a0\u00bb"},"content":{"rendered":"\n<p>\u00ab&nbsp;Chez soi avant tout&nbsp;\u00bb est une approche centr\u00e9e sur le patient qui met tous les efforts pour garder les patients (surtout les personnes \u00e2g\u00e9es ayant beaucoup de besoins) \u00e0 la maison, en toute s\u00e9curit\u00e9 et le plus longtemps possible, gr\u00e2ce \u00e0 des services de soutien communautaires. L\u2019approche \u00ab&nbsp;Chez soi avant tout&nbsp;\u00bb consiste \u00e0 offrir au patient les bons soins, au bon endroit, au bon moment et aux bons co\u00fbts afin de r\u00e9ussir son retour \u00e0 la maison ou dans un milieu communautaire.<\/p>\n\n\n\n<p>Dans l\u2019approche \u00ab&nbsp;Chez soi avant tout&nbsp;\u00bb, le plan de cong\u00e9 \u00e0 la sortie de l\u2019h\u00f4pital vise toujours un retour \u00ab&nbsp;chez soi&nbsp;\u00bb. C\u2019est seulement lorsqu\u2019un retour \u00e0 la maison accompagn\u00e9 de services de soutien n\u2019est pas possible ou s\u00e9curitaire que d\u2019autres options sont envisag\u00e9es.<\/p>\n\n\n\n<p>Apr\u00e8s un s\u00e9jour \u00e0 l\u2019h\u00f4pital, de nombreux patients peuvent continuer \u00e0 se r\u00e9tablir dans le confort de leur maison s\u2019ils re\u00e7oivent les bons services \u00e0 domicile. Votre \u00e9quipe de soins d\u00e9terminera avec vous et vos proches les ressources et les soutiens les mieux adapt\u00e9s qui s\u2019offrent \u00e0 vous.&nbsp;<\/p>\n\n\n\n<h2 class=\"wp-block-heading\">Pourquoi l\u2019approche \u00ab&nbsp;Chez soi avant tout&nbsp;\u00bb?<\/h2>\n\n\n\n<p>Les h\u00f4pitaux en Ontario et le reste du syst\u00e8me de sant\u00e9 rencontrent des d\u00e9fis majeurs l\u00e9s aux volumes des patients. Les patients qui peuvent se r\u00e9tablir chez eux de fa\u00e7on s\u00e9curitaire peuvent contribuer \u00e0 acc\u00e9l\u00e9rer l\u2019acc\u00e8s \u00e0 l\u2019h\u00f4pital pour les patients qui en ont vraiment besoin. Si des lits pr\u00e9vus pour les soins de courte dur\u00e9e ne sont pas disponibles, cela peut retarder le transfert vers une unit\u00e9 mieux adapt\u00e9e au sein de l\u2019h\u00f4pital pour les personnes qui arrivent \u00e0 l\u2019Urgence et qui doivent \u00eatre admises, ou retarder des chirurgies.<\/p>\n\n\n\n<h2 class=\"wp-block-heading\">En quoi l\u2019approche \u00ab&nbsp;Chez soi avant tout&nbsp;\u00bb est-elle avantageuse pour moi?<\/h2>\n\n\n\n<p>Vous r\u00e9tablir \u00e0 la maison une fois que votre \u00e9tat de sant\u00e9 est stable peut avoir une incidence positive sur votre qualit\u00e9 de vie. Le fait d\u2019\u00eatre dans un cadre familier et confortable comporte de nombreux avantages.<\/p>\n\n\n\n<ul class=\"wp-block-list\">\n<li>Vous aider \u00e0 prendre de meilleures d\u00e9cisions concernant votre avenir.<\/li>\n\n\n\n<li>Vous aider \u00e0 vous d\u00e9placer et \u00e0 devenir plus fort.<\/li>\n\n\n\n<li>Vous \u00e9viter d\u2019\u00eatre expos\u00e9 \u00e0 d\u2019autres maladies.<\/li>\n\n\n\n<li>Vous aider \u00e0 recevoir des services de soutien communautaires chez vous.<\/li>\n\n\n\n<li>Vous \u00e9viter un placement pr\u00e9coce dans un \u00e9tablissement de soins de longue dur\u00e9e.<\/li>\n\n\n\n<li>Vous aider \u00e0 faire des \u00e9conomies (plus abordable qu\u2019un s\u00e9jour \u00e0 l\u2019h\u00f4pital).<\/li>\n<\/ul>\n\n\n\n<p>D\u00e8s le d\u00e9but de votre s\u00e9jour \u00e0 l\u2019h\u00f4pital, les membres de votre \u00e9quipe de soins commenceront \u00e0 planifier le type de soins dont vous aurez besoin une fois que vous serez pr\u00eat \u00e0 rentrer chez vous. Nous travaillons en \u00e9troite collaboration avec vous, votre famille et nos partenaires communautaires, y compris les Services de soutien \u00e0 domicile et en milieu communautaire pour vous aider \u00e0 cr\u00e9er un plan qui r\u00e9pond \u00e0 vos besoins en mati\u00e8re de soins lorsque vous quittez l\u2019h\u00f4pital. N\u2019oubliez pas que vous et vos soignants jouez un r\u00f4le important dans l\u2019\u00e9laboration de ces plans.<\/p>\n\n\n\n<p>Nous ferons tout notre possible pour vous soutenir, vous et votre famille, pendant votre transfert de l\u2019h\u00f4pital \u00e0 la maison. Si vous avez des questions ou des pr\u00e9occupations au sujet de votre plan de cong\u00e9, communiquez avec un membre de votre \u00e9quipe de soins. Nous sommes l\u00e0 pour vous aider.<\/p>\n","protected":false},"excerpt":{"rendered":"<p>\u00ab&nbsp;Chez soi avant tout&nbsp;\u00bb est une approche centr\u00e9e sur le patient qui met tous les efforts pour garder les patients (surtout les personnes \u00e2g\u00e9es ayant beaucoup de besoins) \u00e0 la maison, en toute s\u00e9curit\u00e9 et le plus longtemps possible, gr\u00e2ce \u00e0 des services de soutien communautaires. L\u2019approche \u00ab&nbsp;Chez soi avant tout&nbsp;\u00bb consiste \u00e0 offrir au [&hellip;]<\/p>\n","protected":false},"author":25,"featured_media":0,"parent":84,"menu_order":0,"comment_status":"closed","ping_status":"closed","template":"","meta":{"_acf_changed":false,"_mc_calendar":[],"footnotes":""},"class_list":["post-80820","page","type-page","status-publish","hentry"],"acf":[],"wps_subtitle":"","_links":{"self":[{"href":"https:\/\/www.ottawahospital.on.ca\/fr\/wp-json\/wp\/v2\/pages\/80820","targetHints":{"allow":["GET"]}}],"collection":[{"href":"https:\/\/www.ottawahospital.on.ca\/fr\/wp-json\/wp\/v2\/pages"}],"about":[{"href":"https:\/\/www.ottawahospital.on.ca\/fr\/wp-json\/wp\/v2\/types\/page"}],"author":[{"embeddable":true,"href":"https:\/\/www.ottawahospital.on.ca\/fr\/wp-json\/wp\/v2\/users\/25"}],"replies":[{"embeddable":true,"href":"https:\/\/www.ottawahospital.on.ca\/fr\/wp-json\/wp\/v2\/comments?post=80820"}],"version-history":[{"count":0,"href":"https:\/\/www.ottawahospital.on.ca\/fr\/wp-json\/wp\/v2\/pages\/80820\/revisions"}],"up":[{"embeddable":true,"href":"https:\/\/www.ottawahospital.on.ca\/fr\/wp-json\/wp\/v2\/pages\/84"}],"wp:attachment":[{"href":"https:\/\/www.ottawahospital.on.ca\/fr\/wp-json\/wp\/v2\/media?parent=80820"}],"curies":[{"name":"wp","href":"https:\/\/api.w.org\/{rel}","templated":true}]}}