{"id":8056,"date":"2016-11-17T12:05:12","date_gmt":"2016-11-17T17:05:12","guid":{"rendered":"http:\/\/52.229.122.34\/fr\/?page_id=8056"},"modified":"2017-06-20T15:45:23","modified_gmt":"2017-06-20T19:45:23","slug":"notre-equipe","status":"publish","type":"page","link":"https:\/\/www.ottawahospital.on.ca\/fr\/services-cliniques\/mes-soins-intensifs-lunite-de-soins-intensifs\/notre-equipe\/","title":{"rendered":"Notre \u00e9quipe"},"content":{"rendered":"<div class=\"row\">\n<div class=\"col-md-6\">\nL\u2019\u00e9quipe des Soins intensifs est compos\u00e9e de professionnels de la sant\u00e9 de diff\u00e9rentes disciplines, et chacun contribue de fa\u00e7on unique aux soins des patients.<\/p>\n<h2>M\u00e9decins<\/h2>\n<p><a href=\"\/fr\/services-cliniques\/mes-soins-intensifs-lunite-de-soins-intensifs\/notre-equipe\/rencontrez-les-intensivistes\/\"><strong>Intensiviste<\/strong><strong><br \/>\n<\/strong><\/a>L\u2019intensiviste dirige l\u2019\u00e9quipe m\u00e9dicale. Un intensiviste est un m\u00e9decin sp\u00e9cialis\u00e9 en m\u00e9decine interne, en anesth\u00e9sie ou en chirurgie, qui par la suite a suivi une formation sursp\u00e9cialis\u00e9e dans les soins aux patients gravement malades. <a href=\"\/fr\/services-cliniques\/mes-soins-intensifs-lunite-de-soins-intensifs\/notre-equipe\/rencontrez-les-intensivistes\/\"><strong>Rencontrez nos intensivistes.\u00a0<\/strong><\/a>\n<\/div>\n<div class=\"col-md-6\">\n<img decoding=\"async\" class=\"img-responsive alignright\" src=\"\/wp-content\/uploads\/2016\/11\/PhotoCollage2Web.jpg\" alt=\"ICU Team\" width=\"448\" height=\"252\" \/>\n<\/div>\n<\/div>\n<p><strong>Consultant<br \/>\n<\/strong>L\u2019intensiviste responsable des soins globaux d\u2019un patient aux Soins intensifs peut demander \u00e0 un m\u00e9decin sp\u00e9cialis\u00e9 dans un autre domaine de la m\u00e9decine (p. ex. maladies infectieuses, n\u00e9phrologie, chirurgie) de fournir une consultation et des soins sp\u00e9cialis\u00e9s.<\/p>\n<p><strong>Moniteur clinique<br \/>\n<\/strong>Un moniteur clinique en soins critiques est un m\u00e9decin sp\u00e9cialiste en formation pour devenir intensiviste.\u00a0Il suit une formation sursp\u00e9cialis\u00e9e d\u2019une dur\u00e9e de deux ans au sein de l\u2019\u00e9quipe des Soins intensifs avant de devenir \u00e0 son tour sp\u00e9cialiste en soins critiques.<\/p>\n<p><strong>R\u00e9sident<br \/>\n<\/strong>Un r\u00e9sident est un m\u00e9decin qui suit une formation sp\u00e9cialis\u00e9e dans un des domaines de la m\u00e9dicine. L\u2019unit\u00e9 de soins intensifs peut accueillir entre\u00a0cinq et huit\u00a0r\u00e9sidents \u00e0 la fois.\u00a0\u00a0Chaque r\u00e9sident aux Soins intensifs participe aux soins des patients sous la supervision des intensivistes et des moniteurs cliniques, qui encadrent sa formation.<\/p>\n<h2>Infirmi\u00e8res<\/h2>\n<p><strong>Infirmi\u00e8re attitr\u00e9e<br \/>\n<\/strong>Toutes les infirmi\u00e8res autoris\u00e9es de l\u2019Unit\u00e9 de soins intensifs sont sp\u00e9cialement form\u00e9es dans les soins aux patients gravement malades ou bless\u00e9s.\u00a0Chacune s\u2019occupe de seulement un ou deux patients \u00e0 la fois afin de pouvoir les surveiller tr\u00e8s \u00e9troitement. L\u2019expertise et la pr\u00e9sence continue de l\u2019infirmi\u00e8re au chevet permettent \u00e0 l\u2019\u00e9quipe de soins de d\u00e9tecter de fa\u00e7on pr\u00e9coce tout changement dans l\u2019\u00e9tat d\u2019un patient. Nos infirmi\u00e8res sont d\u2019excellentes sources d\u2019information sur les patients et les activit\u00e9s de l\u2019Unit\u00e9.\u00a0En raison de leur relation \u00e9troite avec le patient et sa famille, les infirmi\u00e8res sp\u00e9cialis\u00e9es en soins critiques d\u00e9fendent souvent les droits des patients et font partie int\u00e9grante des processus de prise de d\u00e9cisions du patient, de sa famille et de son \u00e9quipe de soins.\u00a0Pour soigner les patients, les infirmi\u00e8res re\u00e7oivent parfois l\u2019aide des pr\u00e9pos\u00e9s aux soins.<\/p>\n<p><strong>Coordonnatrice des soins<br \/>\n<\/strong>La coordonnatrice des soins est l\u2019infirmi\u00e8re responsable de l\u2019unit\u00e9 pour chaque quart de travail. Elle g\u00e8re le cheminement des patients et les communications au sein de l\u2019Unit\u00e9 de soins intensifs.<\/p>\n<p><strong>Infirmi\u00e8re enseignante<br \/>\n<\/strong>Puisque la technologie m\u00e9dicale est en constante \u00e9volution, il est tr\u00e8s important pour les infirmi\u00e8res de\u00a0 pouvoir toujours rester au courant des nouveaux \u00e9quipements et des plus r\u00e9centes technologies. Les infirmi\u00e8res enseignantes aux Soins intensifs rencontrent donc r\u00e9guli\u00e8rement les infirmi\u00e8res de l\u2019unit\u00e9 pour leur offrir de la formation et des certifications.<\/p>\n<p><strong>Responsable des soins cliniques<br \/>\n<\/strong>Le responsable des soins cliniques collabore avec le gestionnaire clinique afin d\u2019am\u00e9liorer la s\u00e9curit\u00e9 des patients et la qualit\u00e9 globale des soins dans l\u2019unit\u00e9.<\/p>\n<p><strong>Gestionnaire clinique<br \/>\n<\/strong>Il y a un gestionnaire clinique \u00e0 chaque campus qui travaille en collaboration avec le responsable des soins cliniques. Ces infirmi\u00e8res sont responsables de la qualit\u00e9 globale des soins dans l\u2019unit\u00e9 et de la supervision du personnel infirmier. Si vous avez des questions ou des pr\u00e9occupations li\u00e9es aux soins, le gestionnaire clinique peut vous r\u00e9pondre et vous fournir l\u2019information dont vous avez besoin.<\/p>\n<h2>Autres professionnels de la sant\u00e9<\/h2>\n<p><strong>Di\u00e9t\u00e9tiste<\/strong><br \/>\nUne di\u00e9t\u00e9tiste professionnelle occupe un r\u00f4le essentiel au sein de l\u2019\u00e9quipe des Soins intensifs et offre son expertise aux m\u00e9decins, aux infirmi\u00e8res, aux th\u00e9rapeutes et aux membres de la famille des patients. Elle travaille \u00e0 am\u00e9liorer la sant\u00e9 nutritionnelle des patients gravement malades ou bless\u00e9s pour favoriser leur r\u00e9tablissement.<\/p>\n<p><strong>Pharmacien<br \/>\n<\/strong>Un pharmacien est un sp\u00e9cialiste de la science et de l\u2019utilisation clinique des m\u00e9dicaments. Un pharmacien poss\u00e9dant une formation sp\u00e9cialis\u00e9e en soins intensifs est outill\u00e9 pour reconna\u00eetre les besoins et les probl\u00e8mes particuliers des patients gravement malades ou bless\u00e9s. Il travaille en collaboration avec l\u2019\u00e9quipe de soins afin d\u2019assurer une pharmacoth\u00e9rapie efficace et s\u00e9curitaire \u00e0 chaque patient.<\/p>\n<p><strong>Les physioth\u00e9rapeutes<\/strong> visent principalement \u00e0 favoriser la mobilit\u00e9 et l\u2019autonomie des patients. Ils font une \u00e9valuation approfondie de la capacit\u00e9 respiratoire, de la force et de l\u2019amplitude de mouvement avant de recommander un plan de traitement. Ce plan peut comprendre des exercices de respiration, des techniques d\u2019\u00e9limination des s\u00e9cr\u00e9tions et\u00a0des exercices de renforcement et de mobilit\u00e9. Ils encouragent la famille \u00e0 participer \u00e0 la physioth\u00e9rapie.<\/p>\n<p><strong>Th\u00e9rapeute respiratoire<br \/>\n<\/strong>Le th\u00e9rapeute respiratoire travaille avec l\u2019\u00e9quipe des Soins intensifs pour aider les patients \u00e0 bien respirer. Il s\u2019occupe de la gestion du respirateur, du d\u00e9gagement des voies respiratoires et de l\u2019oxyg\u00e9noth\u00e9rapie, tant au stade des soins intensifs que pendant le r\u00e9tablissement.<\/p>\n<p><strong>Travailleuse sociale<br \/>\n<\/strong>La travailleuse sociale aux Soins intensifs joue plusieurs r\u00f4les, mais donne principalement des conseils au patient et \u00e0 sa famille. Une maladie ou blessure grave provoque souvent \u00e9norm\u00e9ment de stress et de lourds d\u00e9fis que la travailleuse sociale comprend et pour lesquels elle peut proposer des solutions.<\/p>\n<ul>\n<li>Comment grave est la blessure ou la maladie?<\/li>\n<li>\u00c0 quoi peut-on s\u2019attendre?<\/li>\n<li>Quels sont les renseignements importants \u00e0 savoir?<\/li>\n<li>Qu\u2019arrivera-t-il \u00e0 la famille du patient?<\/li>\n<li>Comment en parler aux enfants?<\/li>\n<li>Comment obtenir du soutien financier?<\/li>\n<\/ul>\n<p>La travailleuse sociale est l\u00e0 pour aider les gens touch\u00e9s par une blessure ou maladie grave \u00e0 s\u2019adapter aux changements qui en d\u00e9coulent. N\u2019h\u00e9sitez jamais \u00e0 demander les services d\u2019une travailleuse sociale si vous avez des pr\u00e9occupations.<\/p>\n<p><strong>Soins spirituels<br \/>\n<\/strong>L\u2019aum\u00f4nier offre du soutien \u00e9motionnel et spirituel aux patients, \u00e0 leur famille et au personnel qui \u00e9prouvent des sentiments de crainte, de d\u00e9tresse, de vuln\u00e9rabilit\u00e9 ou de solitude. Il examine les pr\u00e9occupations et les besoins spirituels, offre son \u00e9coute et favorise la communication. Il r\u00e9pond aux questions et aux besoins d\u2019ordre culturel ou spirituel, et peut communiquer avec les repr\u00e9sentants de groupes confessionnels. Il aide aussi \u00e0 la prise de d\u00e9cisions li\u00e9s aux soins de sant\u00e9, ainsi qu\u2019\u00e0 composer avec le deuil. Cliquez ici pour en savoir plus sur le Service des soins spirituels de l\u2019H\u00f4pital.<\/p>\n<p><strong>Commis d\u2019unit\u00e9<br \/>\n<\/strong>Le commis d\u2019unit\u00e9 est la premi\u00e8re personne \u00e0 accueillir les gens qui arrivent \u00e0 l\u2019Unit\u00e9 de soins intensifs. Il conduit la famille, les visiteurs et les professionnels de la sant\u00e9 provenant d\u2019ailleurs dans l\u2019h\u00f4pital au chevet des patients, en plus d\u2019accomplir toutes les t\u00e2ches de bureau pour l\u2019unit\u00e9, comme r\u00e9pondre au t\u00e9l\u00e9phone, transcrire les ordonnances, fixer les rendez-vous et coordonner l\u2019accompagnent des patients aux examens. Vu ses nombreuses et diverses responsabilit\u00e9s, le commis d\u2019unit\u00e9 joue un r\u00f4le essentiel au sein de l\u2019\u00e9quipe multidisciplinaire de l\u2019Unit\u00e9 de soins intensifs.<\/p>\n<p><strong>\u00c9quipe \u00c9RIC<br \/>\n<\/strong>En 2005, L\u2019H\u00f4pital d\u2019Ottawa est devenu le premier \u00e9tablissement de soins en Ontario \u00e0 mettre sur pied une \u00e9quipe d\u2019intervention en soins critiques, appel\u00e9e l\u2019\u00c9quipe \u00c9RIC. L\u2019acronyme \u00c9RIC signifie \u00ab\u00a0<strong>\u00e9<\/strong>valuation <strong>r<\/strong>apide d\u2019<strong>i<\/strong>ncidents <strong>c<\/strong>ritiques\u00a0\u00bb. Compos\u00e9e d\u2019une infirmi\u00e8re en soins intensifs, d\u2019un th\u00e9rapeute respiratoire et d\u2019un m\u00e9decin sp\u00e9cialis\u00e9 en soins intensifs, l\u2019\u00e9quipe peut rapidement venir en aide \u00e0 un patient en d\u00e9tresse\u00a0 partout dans l\u2019h\u00f4pital.<\/p>\n<p>Lorsque l\u2019\u00e9quipe r\u00e9pond \u00e0 un appel, elle apporte un chariot d\u2019\u00e9quipement sp\u00e9cialis\u00e9 pour soigner le patient et, au besoin, l\u2019amener en toute s\u00e9curit\u00e9 \u00e0 l\u2019Unit\u00e9 de soins intensifs. Elle lui offre aussi un suivi apr\u00e8s son d\u00e9part de l\u2019unit\u00e9. Des \u00e9quipes d\u2019intervention en soins critiques similaires existent maintenant dans 22 autres h\u00f4pitaux ontariens.<\/p>\n","protected":false},"excerpt":{"rendered":"<p>L\u2019\u00e9quipe des Soins intensifs est compos\u00e9e de professionnels de la sant\u00e9 de diff\u00e9rentes disciplines, et chacun contribue de fa\u00e7on unique aux soins des patients. M\u00e9decins Intensiviste L\u2019intensiviste dirige l\u2019\u00e9quipe m\u00e9dicale. Un intensiviste est un m\u00e9decin sp\u00e9cialis\u00e9 en m\u00e9decine interne, en anesth\u00e9sie ou en chirurgie, qui par la suite a suivi une formation sursp\u00e9cialis\u00e9e dans les [&hellip;]<\/p>\n","protected":false},"author":25,"featured_media":0,"parent":8044,"menu_order":2,"comment_status":"closed","ping_status":"closed","template":"","meta":{"_acf_changed":false,"_mc_calendar":[],"footnotes":""},"class_list":["post-8056","page","type-page","status-publish","hentry"],"acf":[],"wps_subtitle":"","_links":{"self":[{"href":"https:\/\/www.ottawahospital.on.ca\/fr\/wp-json\/wp\/v2\/pages\/8056","targetHints":{"allow":["GET"]}}],"collection":[{"href":"https:\/\/www.ottawahospital.on.ca\/fr\/wp-json\/wp\/v2\/pages"}],"about":[{"href":"https:\/\/www.ottawahospital.on.ca\/fr\/wp-json\/wp\/v2\/types\/page"}],"author":[{"embeddable":true,"href":"https:\/\/www.ottawahospital.on.ca\/fr\/wp-json\/wp\/v2\/users\/25"}],"replies":[{"embeddable":true,"href":"https:\/\/www.ottawahospital.on.ca\/fr\/wp-json\/wp\/v2\/comments?post=8056"}],"version-history":[{"count":0,"href":"https:\/\/www.ottawahospital.on.ca\/fr\/wp-json\/wp\/v2\/pages\/8056\/revisions"}],"up":[{"embeddable":true,"href":"https:\/\/www.ottawahospital.on.ca\/fr\/wp-json\/wp\/v2\/pages\/8044"}],"wp:attachment":[{"href":"https:\/\/www.ottawahospital.on.ca\/fr\/wp-json\/wp\/v2\/media?parent=8056"}],"curies":[{"name":"wp","href":"https:\/\/api.w.org\/{rel}","templated":true}]}}