{"id":8051,"date":"2016-11-17T12:01:48","date_gmt":"2016-11-17T17:01:48","guid":{"rendered":"http:\/\/52.229.122.34\/fr\/?page_id=8051"},"modified":"2016-12-15T14:26:57","modified_gmt":"2016-12-15T19:26:57","slug":"a-propos-de-lunite-de-soins-intensifs","status":"publish","type":"page","link":"https:\/\/www.ottawahospital.on.ca\/fr\/services-cliniques\/mes-soins-intensifs-lunite-de-soins-intensifs\/a-propos-de-lunite-de-soins-intensifs\/","title":{"rendered":"\u00c0 propos de l&rsquo;Unit\u00e9 de soins intensifs"},"content":{"rendered":"<h2>Notre r\u00f4le<\/h2>\n<p>Les unit\u00e9s de soins intensifs \u00e0 L\u2019H\u00f4pital d\u2019Ottawa sont des unit\u00e9s sp\u00e9ciales qui accueillent des patients ayant une maladie ou une blessure aigu\u00eb qui risquent d\u2019\u00eatre mortelles. L\u2019\u00e9quipe de soins sp\u00e9cialement form\u00e9e est compos\u00e9e de m\u00e9decins, d\u2019infirmi\u00e8res, de th\u00e9rapeutes respiratoires, de pharmaciens et d\u2019autres professionnels de la sant\u00e9 qui ont recours \u00e0 leur expertise et leurs comp\u00e9tences uniques pour effectuer de la r\u00e9animation intensive, donner des soins continus et assurer une surveillance des patients les plus malades \u00e0 l\u2019H\u00f4pital.<\/p>\n<h2>Notre vision<\/h2>\n<p>\u00ab\u00a0Offrir des soins centr\u00e9s sur les patients gravement malades\u00a0\u00bb<\/p>\n<h2>Notre mission<\/h2>\n<ul>\n<li>Fournir des soins de qualit\u00e9 et empreints de compassion aux patients atteints ou \u00e0 risque d\u2019une grave maladie.<\/li>\n<li>Former les professionnels de la sant\u00e9 qui soignent les patients gravement malades, \u00e0 l\u2019\u00e9chelle locale, r\u00e9gionale et nationale.<\/li>\n<li>Mener des recherches novatrices qui am\u00e9lioreront les soins des patients gravement malades.<\/li>\n<\/ul>\n<h2>Unit\u00e9s de soins intensifs \u00e0 L\u2019H\u00f4pital d\u2019Ottawa<\/h2>\n<p>\u00c0 L\u2019H\u00f4pital d\u2019Ottawa, nous avons deux unit\u00e9s de soins intensifs, l\u2019une au Campus Civic et l\u2019autre au Campus General.<\/p>\n<div class=\"row\">\n<div class=\"col-md-6\"><a href=\"\/fr\/patients-et-visiteurs\/directions-et-plans-des-campus\/plans-des-campus\/\"><strong>Campus G\u00e9n\u00e9ral<\/strong><\/a><br \/>\nL\u2019Unit\u00e9 de soins intensifs au Campus G\u00e9n\u00e9ral est situ\u00e9e au 501, chemin Smyth. Elle compte 28 lits et est sp\u00e9cialis\u00e9e en soins respiratoires et thoraciques ainsi qu\u2019en canc\u00e9rologie,<br \/>\n<img decoding=\"async\" class=\"align left img-responsive\" src=\"\/wp-content\/uploads\/2016\/11\/GeneralCampusWeb.jpg\" alt=\"General Campus\" width=\"300\" height=\"200\" \/><\/div>\n<div class=\"col-md-6\"><a href=\"\/fr\/patients-et-visiteurs\/directions-et-plans-des-campus\/plans-des-campus\/\"><strong>Campus Civic <\/strong><\/a><br \/>\nL\u2019Unit\u00e9 de soins intensifs au Campus Civic est situ\u00e9e au 1053, avenue Carling. Elle compte 28 lits et est sp\u00e9cialis\u00e9e en soins neurologiques et vasculaires ainsi qu\u2019en traumatology.<br \/>\n<img decoding=\"async\" class=\"alignleft img-responsive\" src=\"\/wp-content\/uploads\/2016\/11\/CivicCampusWeb.jpg\" alt=\"Civic Campus\" width=\"300\" height=\"200\" \/><\/div>\n<\/div>\n","protected":false},"excerpt":{"rendered":"<p>Notre r\u00f4le Les unit\u00e9s de soins intensifs \u00e0 L\u2019H\u00f4pital d\u2019Ottawa sont des unit\u00e9s sp\u00e9ciales qui accueillent des patients ayant une maladie ou une blessure aigu\u00eb qui risquent d\u2019\u00eatre mortelles. L\u2019\u00e9quipe de soins sp\u00e9cialement form\u00e9e est compos\u00e9e de m\u00e9decins, d\u2019infirmi\u00e8res, de th\u00e9rapeutes respiratoires, de pharmaciens et d\u2019autres professionnels de la sant\u00e9 qui ont recours \u00e0 leur [&hellip;]<\/p>\n","protected":false},"author":25,"featured_media":0,"parent":8044,"menu_order":1,"comment_status":"closed","ping_status":"closed","template":"","meta":{"_acf_changed":false,"_mc_calendar":[],"footnotes":""},"class_list":["post-8051","page","type-page","status-publish","hentry"],"acf":[],"wps_subtitle":"","_links":{"self":[{"href":"https:\/\/www.ottawahospital.on.ca\/fr\/wp-json\/wp\/v2\/pages\/8051","targetHints":{"allow":["GET"]}}],"collection":[{"href":"https:\/\/www.ottawahospital.on.ca\/fr\/wp-json\/wp\/v2\/pages"}],"about":[{"href":"https:\/\/www.ottawahospital.on.ca\/fr\/wp-json\/wp\/v2\/types\/page"}],"author":[{"embeddable":true,"href":"https:\/\/www.ottawahospital.on.ca\/fr\/wp-json\/wp\/v2\/users\/25"}],"replies":[{"embeddable":true,"href":"https:\/\/www.ottawahospital.on.ca\/fr\/wp-json\/wp\/v2\/comments?post=8051"}],"version-history":[{"count":0,"href":"https:\/\/www.ottawahospital.on.ca\/fr\/wp-json\/wp\/v2\/pages\/8051\/revisions"}],"up":[{"embeddable":true,"href":"https:\/\/www.ottawahospital.on.ca\/fr\/wp-json\/wp\/v2\/pages\/8044"}],"wp:attachment":[{"href":"https:\/\/www.ottawahospital.on.ca\/fr\/wp-json\/wp\/v2\/media?parent=8051"}],"curies":[{"name":"wp","href":"https:\/\/api.w.org\/{rel}","templated":true}]}}