{"id":8044,"date":"2016-11-17T11:55:03","date_gmt":"2016-11-17T16:55:03","guid":{"rendered":"http:\/\/52.229.122.34\/fr\/?page_id=8044"},"modified":"2018-12-19T11:35:09","modified_gmt":"2018-12-19T16:35:09","slug":"mes-soins-intensifs-lunite-de-soins-intensifs","status":"publish","type":"page","link":"https:\/\/www.ottawahospital.on.ca\/fr\/services-cliniques\/mes-soins-intensifs-lunite-de-soins-intensifs\/","title":{"rendered":"mes Soins intensifs : Unit\u00e9 de soins intensifs"},"content":{"rendered":"<div class=\"row paddingright15\">\n<div class=\"relatedlinks links1 col-md-4 nopaddingright\">\n<h3>Visiteurs<\/h3>\n<ul>\n<li class=\"paddingtop30 paddingbottom30\"><a href=\"\/fr\/patients-et-visiteurs\/directions-et-plans-des-campus\/comment-se-rendre\/\">Directions et cartes<\/a><\/li>\n<li class=\"paddingtop30 paddingbottom30\"><a href=\"\/fr\/services-cliniques\/mes-soins-intensifs-lunite-de-soins-intensifs\/renseignements-pour-les-visiteurs\/\">Renseignements pour les visiteurs <\/a><\/li>\n<\/ul>\n<\/div>\n<div class=\"relatedlinks links2 col-md-4 nopaddingright\">\n<h3>Nous joindres<\/h3>\n<ul>\n<li class=\"paddingtop10 paddingbottom10\"><a href=\"\/fr\/demande-de-renseignements\/\"> Renseignements g\u00e9n\u00e9raux <\/a><\/li>\n<li class=\"paddingtop10 paddingbottom10\"><a href=\"\/fr\/services-cliniques\/mes-soins-intensifs-lunite-de-soins-intensifs\/nous-joindre\/\">Nous joindre, Soins intensifs<\/a><\/li>\n<li class=\"paddingtop10 paddingbottom10\"><a href=\"\/fr\/services-cliniques\/mes-soins-intensifs-lunite-de-soins-intensifs\/nous-joindre\/\">R\u00e9pondez \u00e0 notre sondage<\/a><\/li>\n<\/ul>\n<\/div>\n<div class=\"relatedlinks links3 col-md-4 nopaddingright\">\n<h3>Dons<\/h3>\n<ul>\n<li class=\"paddingtop30 paddingbottom30\"><a href=\"https:\/\/fondationho.ca\/?_ga=2.140236275.119751891.1545234326-912004510.1539184809\" target=\"_blank\" rel=\"noopener noreferrer\">Appuyer l&rsquo;H\u00f4pital<\/a><\/li>\n<li class=\"paddingtop30 paddingbottom30\"><a href=\"https:\/\/fondationho.ca\/fa%C3%A7ons-de-donner\/le-programme-des-anges-gardiens?_ga=2.29028223.230966591.1494622601-345107467.1494622601\" target=\"_blank\" rel=\"noopener noreferrer\"> Reconna\u00eetre un employ\u00e9<\/a><\/li>\n<\/ul>\n<\/div>\n<\/div>\n","protected":false},"excerpt":{"rendered":"<p>Visiteurs Directions et cartes Renseignements pour les visiteurs Nous joindres Renseignements g\u00e9n\u00e9raux Nous joindre, Soins intensifs R\u00e9pondez \u00e0 notre sondage Dons Appuyer l&rsquo;H\u00f4pital Reconna\u00eetre un employ\u00e9<\/p>\n","protected":false},"author":25,"featured_media":0,"parent":56,"menu_order":6,"comment_status":"closed","ping_status":"closed","template":"template_landingpage.php","meta":{"_acf_changed":false,"_mc_calendar":[],"footnotes":""},"class_list":["post-8044","page","type-page","status-publish","hentry"],"acf":[],"wps_subtitle":"","_links":{"self":[{"href":"https:\/\/www.ottawahospital.on.ca\/fr\/wp-json\/wp\/v2\/pages\/8044","targetHints":{"allow":["GET"]}}],"collection":[{"href":"https:\/\/www.ottawahospital.on.ca\/fr\/wp-json\/wp\/v2\/pages"}],"about":[{"href":"https:\/\/www.ottawahospital.on.ca\/fr\/wp-json\/wp\/v2\/types\/page"}],"author":[{"embeddable":true,"href":"https:\/\/www.ottawahospital.on.ca\/fr\/wp-json\/wp\/v2\/users\/25"}],"replies":[{"embeddable":true,"href":"https:\/\/www.ottawahospital.on.ca\/fr\/wp-json\/wp\/v2\/comments?post=8044"}],"version-history":[{"count":0,"href":"https:\/\/www.ottawahospital.on.ca\/fr\/wp-json\/wp\/v2\/pages\/8044\/revisions"}],"up":[{"embeddable":true,"href":"https:\/\/www.ottawahospital.on.ca\/fr\/wp-json\/wp\/v2\/pages\/56"}],"wp:attachment":[{"href":"https:\/\/www.ottawahospital.on.ca\/fr\/wp-json\/wp\/v2\/media?parent=8044"}],"curies":[{"name":"wp","href":"https:\/\/api.w.org\/{rel}","templated":true}]}}