{"id":8024,"date":"2016-11-17T11:30:03","date_gmt":"2016-11-17T16:30:03","guid":{"rendered":"http:\/\/52.229.122.34\/fr\/?page_id=8024"},"modified":"2021-05-26T14:17:58","modified_gmt":"2021-05-26T18:17:58","slug":"mon-retablissement-apres-la-chirurgie","status":"publish","type":"page","link":"https:\/\/www.ottawahospital.on.ca\/fr\/services-cliniques\/ma-chirurgie\/mon-retablissement-apres-la-chirurgie\/","title":{"rendered":"Mon r\u00e9tablissement apr\u00e8s la chirurgie"},"content":{"rendered":"<div class=\"row\">\n<div class=\"col-md-6\">En commen\u00e7ant t\u00f4t \u00e0 planifier votre chirurgie, vous serez mieux renseign\u00e9 sur vos besoins apr\u00e8s l\u2019chirurgie.<\/p>\n<p><strong>N\u2019oubliez pas de suivre les directives de votre \u00e9quipe de soins pour vous r\u00e9tablir rapidement apr\u00e8s la chirurgie.<\/strong><\/p>\n<ul>\n<li><a href=\"\/fr\/documents\/2021\/05\/p954-pain-mngt-after-surgery-2012-fr-2.pdf\/\" target=\"_blank\" rel=\"noopener\">Contr\u00f4le de la douleur apr\u00e8s une chirurgie<\/a><\/li>\n<\/ul>\n<p>S\u2019il y a lieu :<\/p>\n<h2>Marcher avec des b\u00e9quilles<\/h2>\n<p>Dans cette vid\u00e9o, nous allons vous apprendre comment ajuster vos b\u00e9quilles \u00e0 la bonne hauteur et comment marcher en toute s\u00e9curit\u00e9.<\/p>\n<\/div>\n<div class=\"col-md-6\"><img decoding=\"async\" class=\"img-responsive alignright\" src=\"\/wp-content\/uploads\/2016\/11\/MyRecoverAfterSurgery.jpg\" alt=\"My Recover After Surgery\" width=\"383\" height=\"256\" \/><\/div>\n<\/div>\n<p><strong>Une partie de votre poids<\/strong><\/p>\n<p class=\"responsivevideo\"><iframe class=\"img-responsive\" title=\"Marcher avec des b\u00e9quilles -- Une partie de votre poids\" src=\"https:\/\/www.youtube.com\/embed\/6ayW85PhYCM?rel=0\" width=\"500\" height=\"281\" allowfullscreen=\"allowfullscreen\"><\/iframe><\/p>\n<p><strong>Aucun poids<\/strong><\/p>\n<p class=\"responsivevideo\"><iframe class=\"img-responsive\" title=\"Marcher avec des b\u00e9quilles -- Aucun poids \" src=\"https:\/\/www.youtube.com\/embed\/NS1VUUgmjFI?rel=0\" width=\"500\" height=\"281\" allowfullscreen=\"allowfullscreen\"><\/iframe><\/p>\n<h2>Ressource :<\/h2>\n<ul>\n<li><a href=\"\/fr\/services-cliniques\/ma-chirurgie\/prevoir-des-aujourdhui-mon-conge-de-lhopital\/\" target=\"_self\" rel=\"noopener\">Pr\u00e9voir d\u00e8s AUJOURD\u2019HUI mon cong\u00e9 de l\u2019h\u00f4pital<\/a><\/li>\n<\/ul>\n","protected":false},"excerpt":{"rendered":"<p>En commen\u00e7ant t\u00f4t \u00e0 planifier votre chirurgie, vous serez mieux renseign\u00e9 sur vos besoins apr\u00e8s l\u2019chirurgie. N\u2019oubliez pas de suivre les directives de votre \u00e9quipe de soins pour vous r\u00e9tablir rapidement apr\u00e8s la chirurgie. Contr\u00f4le de la douleur apr\u00e8s une chirurgie S\u2019il y a lieu : Marcher avec des b\u00e9quilles Dans cette vid\u00e9o, nous allons [&hellip;]<\/p>\n","protected":false},"author":25,"featured_media":0,"parent":7926,"menu_order":7,"comment_status":"closed","ping_status":"closed","template":"","meta":{"_acf_changed":false,"_mc_calendar":[],"footnotes":""},"class_list":["post-8024","page","type-page","status-publish","hentry"],"acf":[],"wps_subtitle":"","_links":{"self":[{"href":"https:\/\/www.ottawahospital.on.ca\/fr\/wp-json\/wp\/v2\/pages\/8024","targetHints":{"allow":["GET"]}}],"collection":[{"href":"https:\/\/www.ottawahospital.on.ca\/fr\/wp-json\/wp\/v2\/pages"}],"about":[{"href":"https:\/\/www.ottawahospital.on.ca\/fr\/wp-json\/wp\/v2\/types\/page"}],"author":[{"embeddable":true,"href":"https:\/\/www.ottawahospital.on.ca\/fr\/wp-json\/wp\/v2\/users\/25"}],"replies":[{"embeddable":true,"href":"https:\/\/www.ottawahospital.on.ca\/fr\/wp-json\/wp\/v2\/comments?post=8024"}],"version-history":[{"count":0,"href":"https:\/\/www.ottawahospital.on.ca\/fr\/wp-json\/wp\/v2\/pages\/8024\/revisions"}],"up":[{"embeddable":true,"href":"https:\/\/www.ottawahospital.on.ca\/fr\/wp-json\/wp\/v2\/pages\/7926"}],"wp:attachment":[{"href":"https:\/\/www.ottawahospital.on.ca\/fr\/wp-json\/wp\/v2\/media?parent=8024"}],"curies":[{"name":"wp","href":"https:\/\/api.w.org\/{rel}","templated":true}]}}