{"id":80183,"date":"2023-11-20T10:11:53","date_gmt":"2023-11-20T15:11:53","guid":{"rendered":"https:\/\/www.ottawahospital.on.ca\/?page_id=80183"},"modified":"2023-11-20T11:23:00","modified_gmt":"2023-11-20T16:23:00","slug":"horaire-des-groupes-de-soutien","status":"publish","type":"page","link":"https:\/\/www.ottawahospital.on.ca\/fr\/services-cliniques\/deptpgrmcs\/programmes\/clinique-de-gestion-du-poids\/horaire-des-groupes-de-soutien\/","title":{"rendered":"Horaire des groupes de soutien"},"content":{"rendered":"\n<h2 class=\"wp-block-heading\">Centre d\u2019excellence en soins bariatriques de L\u2019H\u00f4pital d\u2019Ottawa<\/h2>\n\n\n\n<h3 class=\"wp-block-heading\">Calendrier des s\u00e9ances de groupe de soutien<\/h3>\n\n\n\n<h4 class=\"wp-block-heading\">Les s\u00e9ances sont gratuites. Appelez au 613 761-5101 pour vous inscrire.<\/h4>\n\n\n\r\n<div id='mc-948a6a8e8cd15db324902317a630b853' class='mc-main mcjs listjs gridjs minijs ajaxjs mc_custom_twentytwentytwo calendar month mc-948a6a8e8cd15db324902317a630b853 is-main-view' ><h2 id=\"mc_head_mc-948a6a8e8cd15db324902317a630b853\" class=\"heading my-calendar-month\"><span>\u00c9v\u00e8nements en avril 2026<\/span><\/h2>\n\n<nav class=\"my-calendar-navigation\" aria-label=\"Calendrier (Haut)\">\n<div class=\"my-calendar-header\"><div class='mc-format'>\r\n\t\t<ul><li><a id='mc_grid-mc-948a6a8e8cd15db324902317a630b853' href='https:\/\/www.ottawahospital.on.ca\/fr\/services-cliniques\/deptpgrmcs\/programmes\/clinique-de-gestion-du-poids\/horaire-des-groupes-de-soutien\/?format=calendar' aria-pressed=\"true\" class='mc-grid-option mc-active' rel='nofollow'><span class='mc-icon' aria-hidden='true'><\/span><span class=\"maybe-hide\">Vue <\/span>Calendrier<\/a><\/li><li><a id='mc_list-mc-948a6a8e8cd15db324902317a630b853' href='https:\/\/www.ottawahospital.on.ca\/fr\/services-cliniques\/deptpgrmcs\/programmes\/clinique-de-gestion-du-poids\/horaire-des-groupes-de-soutien\/?format=list'  class='mc-list-option' rel='nofollow'><span class='mc-icon' aria-hidden='true'><\/span><span class=\"maybe-hide\">Vue en <\/span>Liste<\/a><\/li><\/ul>\r\n\t\t<\/div><div class='mc-time'><ul><li><a rel='nofollow' id='mc_month-mc-948a6a8e8cd15db324902317a630b853'  href='https:\/\/www.ottawahospital.on.ca\/fr\/services-cliniques\/deptpgrmcs\/programmes\/clinique-de-gestion-du-poids\/horaire-des-groupes-de-soutien\/?time=month&#038;cid=mc-948a6a8e8cd15db324902317a630b853' class='month mc-active' aria-pressed='true'>Mois<\/a><\/li><li><a rel='nofollow' id='mc_week-mc-948a6a8e8cd15db324902317a630b853'  href='https:\/\/www.ottawahospital.on.ca\/fr\/services-cliniques\/deptpgrmcs\/programmes\/clinique-de-gestion-du-poids\/horaire-des-groupes-de-soutien\/?time=week&#038;dy=5&#038;month=3&#038;yr=2026&#038;cid=mc-948a6a8e8cd15db324902317a630b853' class='week'>Semaine<\/a><\/li><li><a rel='nofollow' id='mc_day-mc-948a6a8e8cd15db324902317a630b853'  href='https:\/\/www.ottawahospital.on.ca\/fr\/services-cliniques\/deptpgrmcs\/programmes\/clinique-de-gestion-du-poids\/horaire-des-groupes-de-soutien\/?time=day&#038;dy=5&#038;cid=mc-948a6a8e8cd15db324902317a630b853' class='day'>Jour<\/a><li><\/ul><\/div><div class=\"my-calendar-date-switcher\"><form class=\"mc-date-switcher\" action=\"https:\/\/www.ottawahospital.on.ca\/fr\/wp-json\/wp\/v2\/pages\/80183\/\" method=\"get\"><div><input type=\"hidden\" name=\"cid\" value=\"mc-948a6a8e8cd15db324902317a630b853\" \/> <label class=\"maybe-hide\" for=\"mc-948a6a8e8cd15db324902317a630b853-month\">Mois<\/label> <select id=\"mc-948a6a8e8cd15db324902317a630b853-month\" name=\"month\">\n<option value='1'>janvier<\/option>\n<option value='2'>f\u00e9vrier<\/option>\n<option value='3'>mars<\/option>\n<option value='4' selected='selected'>avril<\/option>\n<option value='5'>mai<\/option>\n<option value='6'>juin<\/option>\n<option value='7'>juillet<\/option>\n<option value='8'>ao\u00fbt<\/option>\n<option value='9'>septembre<\/option>\n<option value='10'>octobre<\/option>\n<option value='11'>novembre<\/option>\n<option value='12'>d\u00e9cembre<\/option>\n<\/select>\n <label class=\"maybe-hide\" for=\"mc-948a6a8e8cd15db324902317a630b853-year\">Ann\u00e9e<\/label> <select id=\"mc-948a6a8e8cd15db324902317a630b853-year\" name=\"yr\">\n<option value=\"2023\">2023<\/option>\n<option value=\"2024\">2024<\/option>\n<option value=\"2025\">2025<\/option>\n<option value=\"2026\" selected='selected'>2026<\/option>\n<\/select> <input type=\"submit\" class=\"button\" data-href=\"https:\/\/www.ottawahospital.on.ca\/fr\/wp-json\/wp\/v2\/pages\/80183\/\" value=\"Aller\" \/><\/div><\/form><\/div>\r\n\t\t<div class=\"my-calendar-nav\">\r\n\t\t\t<ul>\r\n\t\t\t\t<li class=\"my-calendar-prev\"><a id=\"mc_previous_mc-948a6a8e8cd15db324902317a630b853\" href=\"https:\/\/www.ottawahospital.on.ca\/fr\/services-cliniques\/deptpgrmcs\/programmes\/clinique-de-gestion-du-poids\/horaire-des-groupes-de-soutien\/?yr=2026&#038;month=3&#038;dy&#038;cid=mc-948a6a8e8cd15db324902317a630b853&#038;time=month\" rel=\"nofollow\"><span class=\"mc-icon\" aria-hidden=\"true\"><\/span><span class=\"maybe-hide\">Pr\u00e9c\u00e9dent <\/span><\/a><\/li><li class=\"my-calendar-today\"><a id=\"mc_today_mc-948a6a8e8cd15db324902317a630b853\" href=\"https:\/\/www.ottawahospital.on.ca\/fr\/services-cliniques\/deptpgrmcs\/programmes\/clinique-de-gestion-du-poids\/horaire-des-groupes-de-soutien\/?cid=mc-948a6a8e8cd15db324902317a630b853\" rel=\"nofollow\" class=\"today mc-active\" aria-current=\"true\"><span class=\"mc-icon\" aria-hidden=\"true\"><\/span>Aujourd\u2019hui<\/a><\/li>\r\n\t\t\t<\/ul>\r\n\t\t<\/div><\/div>\n<\/nav>\n<div class=\"mc-content\">\n<table class='my-calendar-table' aria-labelledby='mc_head_mc-948a6a8e8cd15db324902317a630b853'>\n<thead>\n\t<tr class='mc-row'>\n\t\t<th scope=\"col\" class='weekend-heading sun'><abbr title=\"dimanche\" aria-hidden=\"true\">dim<\/abbr><span class=\"screen-reader-text\">dimanche<\/span><\/th>\n\n\t\t<th scope=\"col\" class='day-heading mon'><abbr title=\"lundi\" aria-hidden=\"true\">lun<\/abbr><span class=\"screen-reader-text\">lundi<\/span><\/th>\n\n\t\t<th scope=\"col\" class='day-heading tues'><abbr title=\"mardi\" aria-hidden=\"true\">mar<\/abbr><span class=\"screen-reader-text\">mardi<\/span><\/th>\n\n\t\t<th scope=\"col\" class='day-heading wed'><abbr title=\"mercredi\" aria-hidden=\"true\">mer<\/abbr><span class=\"screen-reader-text\">mercredi<\/span><\/th>\n\n\t\t<th scope=\"col\" class='day-heading thur'><abbr title=\"jeudi\" aria-hidden=\"true\">jeu<\/abbr><span class=\"screen-reader-text\">jeudi<\/span><\/th>\n\n\t\t<th scope=\"col\" class='day-heading fri'><abbr title=\"vendredi\" aria-hidden=\"true\">ven<\/abbr><span class=\"screen-reader-text\">vendredi<\/span><\/th>\n\n\t\t<th scope=\"col\" class='weekend-heading sat'><abbr title=\"samedi\" aria-hidden=\"true\">sam<\/abbr><span class=\"screen-reader-text\">samedi<\/span><\/th>\n\t<\/tr>\n<\/thead>\n<tbody>\n<tr class='mc-row'><td class='no-events dimanche dim past-day past-date weekend nextmonth no-events day-with-date'><div class='mc-date-container'><span class='mc-date no-events'><span aria-hidden='true'>29<\/span><span class='screen-reader-text'>mars 29, 2026<\/span><\/span><\/div>\n<\/td>\n<td class='no-events lundi lun past-day past-date  nextmonth no-events day-with-date'><div class='mc-date-container'><span class='mc-date no-events'><span aria-hidden='true'>30<\/span><span class='screen-reader-text'>mars 30, 2026<\/span><\/span><\/div>\n<\/td>\n<td class='no-events mardi mar past-day past-date  nextmonth no-events day-with-date'><div class='mc-date-container'><span class='mc-date no-events'><span aria-hidden='true'>31<\/span><span class='screen-reader-text'>mars 31, 2026<\/span><\/span><\/div>\n<\/td>\n<td class='no-events mercredi mer past-day past-date   no-events day-with-date'><div class='mc-date-container'><span class='mc-date no-events'><span aria-hidden='true'>1<\/span><span class='screen-reader-text'>avril 1, 2026<\/span><\/span><\/div>\n<\/td>\n<td class='no-events jeudi jeu past-day past-date   no-events day-with-date'><div class='mc-date-container'><span class='mc-date no-events'><span aria-hidden='true'>2<\/span><span class='screen-reader-text'>avril 2, 2026<\/span><\/span><\/div>\n<\/td>\n<td aria-current=\"date\" class='no-events vendredi ven current-day   no-events day-with-date'><div class='mc-date-container'><span class='mc-date no-events'><span aria-hidden='true'>3<\/span><span class='screen-reader-text'>avril 3, 2026<\/span><\/span><\/div>\n<\/td>\n<td class='no-events samedi sam future-day weekend  no-events day-with-date'><div class='mc-date-container'><span class='mc-date no-events'><span aria-hidden='true'>4<\/span><span class='screen-reader-text'>avril 4, 2026<\/span><\/span><\/div>\n<\/td>\n<\/tr>\n<!-- End Event Row -->\n<tr class='mc-row'><td class='no-events dimanche dim future-day weekend  no-events day-with-date'><div class='mc-date-container'><span class='mc-date no-events'><span aria-hidden='true'>5<\/span><span class='screen-reader-text'>avril 5, 2026<\/span><\/span><\/div>\n<\/td>\n<td class='no-events lundi lun future-day   no-events day-with-date'><div class='mc-date-container'><span class='mc-date no-events'><span aria-hidden='true'>6<\/span><span class='screen-reader-text'>avril 6, 2026<\/span><\/span><\/div>\n<\/td>\n<td class='no-events mardi mar future-day   no-events day-with-date'><div class='mc-date-container'><span class='mc-date no-events'><span aria-hidden='true'>7<\/span><span class='screen-reader-text'>avril 7, 2026<\/span><\/span><\/div>\n<\/td>\n<td class='no-events mercredi mer future-day   no-events day-with-date'><div class='mc-date-container'><span class='mc-date no-events'><span aria-hidden='true'>8<\/span><span class='screen-reader-text'>avril 8, 2026<\/span><\/span><\/div>\n<\/td>\n<td class='no-events jeudi jeu future-day   no-events day-with-date'><div class='mc-date-container'><span class='mc-date no-events'><span aria-hidden='true'>9<\/span><span class='screen-reader-text'>avril 9, 2026<\/span><\/span><\/div>\n<\/td>\n<td class='no-events vendredi ven future-day   no-events day-with-date'><div class='mc-date-container'><span class='mc-date no-events'><span aria-hidden='true'>10<\/span><span class='screen-reader-text'>avril 10, 2026<\/span><\/span><\/div>\n<\/td>\n<td class='no-events samedi sam future-day weekend  no-events day-with-date'><div class='mc-date-container'><span class='mc-date no-events'><span aria-hidden='true'>11<\/span><span class='screen-reader-text'>avril 11, 2026<\/span><\/span><\/div>\n<\/td>\n<\/tr>\n<!-- End Event Row -->\n<tr class='mc-row'><td class='no-events dimanche dim future-day weekend  no-events day-with-date'><div class='mc-date-container'><span class='mc-date no-events'><span aria-hidden='true'>12<\/span><span class='screen-reader-text'>avril 12, 2026<\/span><\/span><\/div>\n<\/td>\n<td class='no-events lundi lun future-day   no-events day-with-date'><div class='mc-date-container'><span class='mc-date no-events'><span aria-hidden='true'>13<\/span><span class='screen-reader-text'>avril 13, 2026<\/span><\/span><\/div>\n<\/td>\n<td class='no-events mardi mar future-day   no-events day-with-date'><div class='mc-date-container'><span class='mc-date no-events'><span aria-hidden='true'>14<\/span><span class='screen-reader-text'>avril 14, 2026<\/span><\/span><\/div>\n<\/td>\n<td class='no-events mercredi mer future-day   no-events day-with-date'><div class='mc-date-container'><span class='mc-date no-events'><span aria-hidden='true'>15<\/span><span class='screen-reader-text'>avril 15, 2026<\/span><\/span><\/div>\n<\/td>\n<td class='no-events jeudi jeu future-day   no-events day-with-date'><div class='mc-date-container'><span class='mc-date no-events'><span aria-hidden='true'>16<\/span><span class='screen-reader-text'>avril 16, 2026<\/span><\/span><\/div>\n<\/td>\n<td class='no-events vendredi ven future-day   no-events day-with-date'><div class='mc-date-container'><span class='mc-date no-events'><span aria-hidden='true'>17<\/span><span class='screen-reader-text'>avril 17, 2026<\/span><\/span><\/div>\n<\/td>\n<td class='no-events samedi sam future-day weekend  no-events day-with-date'><div class='mc-date-container'><span class='mc-date no-events'><span aria-hidden='true'>18<\/span><span class='screen-reader-text'>avril 18, 2026<\/span><\/span><\/div>\n<\/td>\n<\/tr>\n<!-- End Event Row -->\n<tr class='mc-row'><td class='no-events dimanche dim future-day weekend  no-events day-with-date'><div class='mc-date-container'><span class='mc-date no-events'><span aria-hidden='true'>19<\/span><span class='screen-reader-text'>avril 19, 2026<\/span><\/span><\/div>\n<\/td>\n<td class='no-events lundi lun future-day   no-events day-with-date'><div class='mc-date-container'><span class='mc-date no-events'><span aria-hidden='true'>20<\/span><span class='screen-reader-text'>avril 20, 2026<\/span><\/span><\/div>\n<\/td>\n<td class='no-events mardi mar future-day   no-events day-with-date'><div class='mc-date-container'><span class='mc-date no-events'><span aria-hidden='true'>21<\/span><span class='screen-reader-text'>avril 21, 2026<\/span><\/span><\/div>\n<\/td>\n<td class='no-events mercredi mer future-day   no-events day-with-date'><div class='mc-date-container'><span class='mc-date no-events'><span aria-hidden='true'>22<\/span><span class='screen-reader-text'>avril 22, 2026<\/span><\/span><\/div>\n<\/td>\n<td class='no-events jeudi jeu future-day   no-events day-with-date'><div class='mc-date-container'><span class='mc-date no-events'><span aria-hidden='true'>23<\/span><span class='screen-reader-text'>avril 23, 2026<\/span><\/span><\/div>\n<\/td>\n<td class='no-events vendredi ven future-day   no-events day-with-date'><div class='mc-date-container'><span class='mc-date no-events'><span aria-hidden='true'>24<\/span><span class='screen-reader-text'>avril 24, 2026<\/span><\/span><\/div>\n<\/td>\n<td class='no-events samedi sam future-day weekend  no-events day-with-date'><div class='mc-date-container'><span class='mc-date no-events'><span aria-hidden='true'>25<\/span><span class='screen-reader-text'>avril 25, 2026<\/span><\/span><\/div>\n<\/td>\n<\/tr>\n<!-- End Event Row -->\n<tr class='mc-row'><td class='no-events dimanche dim future-day weekend  no-events day-with-date'><div class='mc-date-container'><span class='mc-date no-events'><span aria-hidden='true'>26<\/span><span class='screen-reader-text'>avril 26, 2026<\/span><\/span><\/div>\n<\/td>\n<td class='no-events lundi lun future-day   no-events day-with-date'><div class='mc-date-container'><span class='mc-date no-events'><span aria-hidden='true'>27<\/span><span class='screen-reader-text'>avril 27, 2026<\/span><\/span><\/div>\n<\/td>\n<td class='no-events mardi mar future-day   no-events day-with-date'><div class='mc-date-container'><span class='mc-date no-events'><span aria-hidden='true'>28<\/span><span class='screen-reader-text'>avril 28, 2026<\/span><\/span><\/div>\n<\/td>\n<td class='no-events mercredi mer future-day   no-events day-with-date'><div class='mc-date-container'><span class='mc-date no-events'><span aria-hidden='true'>29<\/span><span class='screen-reader-text'>avril 29, 2026<\/span><\/span><\/div>\n<\/td>\n<td class='no-events jeudi jeu future-day   no-events day-with-date'><div class='mc-date-container'><span class='mc-date no-events'><span aria-hidden='true'>30<\/span><span class='screen-reader-text'>avril 30, 2026<\/span><\/span><\/div>\n<\/td>\n<td class='no-events vendredi ven future-day  nextmonth no-events day-with-date'><div class='mc-date-container'><span class='mc-date no-events'><span aria-hidden='true'>1<\/span><span class='screen-reader-text'>mai 1, 2026<\/span><\/span><\/div>\n<\/td>\n<td class='no-events samedi sam future-day weekend nextmonth no-events day-with-date'><div class='mc-date-container'><span class='mc-date no-events'><span aria-hidden='true'>2<\/span><span class='screen-reader-text'>mai 2, 2026<\/span><\/span><\/div>\n<\/td>\n<\/tr>\n<!-- End Event Row -->\n\n<\/tbody>\n<\/table><\/div><!-- .mc-content -->\n<nav class=\"my-calendar-navigation\" aria-label=\"Calendrier (Bas)\">\n<div class=\"mc_bottomnav my-calendar-footer\"><div class=\"category-key has-icons\"><h3 class=\"maybe-hide\">Cat\u00e9gories<\/h3>\n<ul>\n<li class=\"cat_general\"><a id=\"mc_cat_1-mc-948a6a8e8cd15db324902317a630b853\" href=\"https:\/\/www.ottawahospital.on.ca\/fr\/services-cliniques\/deptpgrmcs\/programmes\/clinique-de-gestion-du-poids\/horaire-des-groupes-de-soutien\/?mcat=1\"  rel=\"nofollow\"><span class=\"category-color-sample svg\" style=\"background:#243f82;\"><svg style=\"fill:#ffffff\" focusable=\"false\" role=\"img\" aria-labelledby=\"cat_1\" class=\"category-icon\" xmlns=\"http:\/\/www.w3.org\/2000\/svg\" viewBox=\"0 0 448 512\"><!-- Font Awesome Free 5.15.3 by @fontawesome - https:\/\/fontawesome.com License - https:\/\/fontawesome.com\/license\/free (Icons: CC BY 4.0, Fonts: SIL OFL 1.1, Code: MIT License) --><title id='cat_1'>General<\/title><path d=\"M12 192h424c6.6 0 12 5.4 12 12v260c0 26.5-21.5 48-48 48H48c-26.5 0-48-21.5-48-48V204c0-6.6 5.4-12 12-12zm436-44v-36c0-26.5-21.5-48-48-48h-48V12c0-6.6-5.4-12-12-12h-40c-6.6 0-12 5.4-12 12v52H160V12c0-6.6-5.4-12-12-12h-40c-6.6 0-12 5.4-12 12v52H48C21.5 64 0 85.5 0 112v36c0 6.6 5.4 12 12 12h424c6.6 0 12-5.4 12-12z\"\/><\/svg><\/span>General<\/a><\/li><li class='all-categories'><span class='mc-active' id='mc_cat_all-mc-948a6a8e8cd15db324902317a630b853' tabindex='-1'>Toutes les cat\u00e9gories<\/span><\/li><\/ul><\/div><div class='mc-print'><a id='mc_print-mc-948a6a8e8cd15db324902317a630b853' href='https:\/\/www.ottawahospital.on.ca\/fr\/?time=month&#038;yr=2026&#038;month=4&#038;dy=1&#038;href=https%3A%2F%2Fwww.ottawahospital.on.ca%2Ffr%2Fwp-json%2Fwp%2Fv2%2Fpages%2F80183%2F&#038;cid=mc-print-view' rel='nofollow'><span class='mc-icon' aria-hidden='true'><\/span><span class=\"maybe-hide\">Vue<\/span> impression<\/a><\/div><\/div>\n<\/nav>\n\r\n<\/div><!-- Close Main My Calendar Wrapper -->\n\n\n\n<p class=\"border-grey\"><strong>Cours&nbsp;: Gestion des attentes concernant le poids. Anim\u00e9 par une di\u00e9t\u00e9tiste professionnelle (en anglais seulement). Appelez la clinique au 613&nbsp;761-5101 pour conna\u00eetre les dates.<\/strong><\/p>\n\n\n\n<h2 class=\"wp-block-heading\">Cours sur la gestion des attentes concernant le poids<\/h2>\n\n\n\n<p>Ce cours de 4&nbsp;semaines est offert en groupe et EN LIGNE. Il permet aux participants de mieux comprendre POURQUOI le corps prend du poids et chez certaines personnes, pourquoi il peut \u00eatre tellement difficile d\u2019\u00e9viter la prise de poids \u00e0 long terme. Le cours offre aussi un aper\u00e7u des options de traitement et un nouveau point de vue sur le poids, la sant\u00e9 et les attentes.<\/p>\n\n\n\n<p><strong>Partie&nbsp;1&nbsp;: Facteurs qui affectent le poids<\/strong><\/p>\n\n\n\n<ul class=\"wp-block-list\">\n<li>Saviez-vous que les pr\u00e9jug\u00e9s et la stigmatisation li\u00e9s au poids peuvent affecter le poids?<\/li>\n\n\n\n<li>L\u2019indice de masse corporelle (IMC) est-il utile?<\/li>\n\n\n\n<li>Comprenons-nous vraiment le terme \u00ab&nbsp;ob\u00e9sit\u00e9&nbsp;\u00bb?<\/li>\n\n\n\n<li>Est-ce que la perte de poids \u00e9quivaut \u00e0 la sant\u00e9?<\/li>\n<\/ul>\n\n\n\n<p><strong>Partie&nbsp;2&nbsp;: Hormones, poids et app\u00e9tit<\/strong><\/p>\n\n\n\n<ul class=\"wp-block-list\">\n<li>Qu\u2019est-ce que le &nbsp;\u00ab&nbsp;poids naturel&nbsp;\u00bb (<em>set point<\/em>) du corps? Peut-il changer?<\/li>\n\n\n\n<li>Le cerveau contr\u00f4le-t-il vraiment le poids?<\/li>\n\n\n\n<li>Comment la perte ou la prise de poids agit-elle sur les hormones?<\/li>\n\n\n\n<li>D\u2019o\u00f9 viennent les fringales?<\/li>\n\n\n\n<li>Comment le stress agit-il sur le poids et l\u2019app\u00e9tit?<\/li>\n<\/ul>\n\n\n\n<p><strong>Partie&nbsp;3&nbsp;: Bact\u00e9ries intestinales et poids<\/strong><\/p>\n\n\n\n<ul class=\"wp-block-list\">\n<li>Bact\u00e9ries intestinales (microbiote)&nbsp;: qu\u2019est-ce que c\u2019est?<\/li>\n\n\n\n<li>Comment agissent-elles sur la sant\u00e9 et le poids?<\/li>\n\n\n\n<li>Est-il possible d\u2019am\u00e9liorer les bact\u00e9ries intestinales?<\/li>\n<\/ul>\n\n\n\n<p><strong>Partie&nbsp;4&nbsp;: Gestion \u00e0 long terme<\/strong><\/p>\n\n\n\n<ul class=\"wp-block-list\">\n<li>La perte de poids \u00e0 long terme est-elle toujours \u00e0 votre port\u00e9e?<\/li>\n\n\n\n<li>Qu\u2019avez-vous le pouvoir de faire?<\/li>\n\n\n\n<li>\u00c0 quoi pouvez-vous vous attendre \u00e0 long terme?<\/li>\n\n\n\n<li>Comment changer vos attentes pour atteindre vos objectifs?<\/li>\n<\/ul>\n","protected":false},"excerpt":{"rendered":"<p>Centre d\u2019excellence en soins bariatriques de L\u2019H\u00f4pital d\u2019Ottawa Calendrier des s\u00e9ances de groupe de soutien Les s\u00e9ances sont gratuites. Appelez au 613 761-5101 pour vous inscrire. Cours&nbsp;: Gestion des attentes concernant le poids. Anim\u00e9 par une di\u00e9t\u00e9tiste professionnelle (en anglais seulement). Appelez la clinique au 613&nbsp;761-5101 pour conna\u00eetre les dates. Cours sur la gestion des [&hellip;]<\/p>\n","protected":false},"author":25,"featured_media":0,"parent":14807,"menu_order":5,"comment_status":"closed","ping_status":"closed","template":"","meta":{"_acf_changed":false,"_mc_calendar":[],"footnotes":""},"class_list":["post-80183","page","type-page","status-publish","hentry"],"acf":[],"wps_subtitle":"","_links":{"self":[{"href":"https:\/\/www.ottawahospital.on.ca\/fr\/wp-json\/wp\/v2\/pages\/80183","targetHints":{"allow":["GET"]}}],"collection":[{"href":"https:\/\/www.ottawahospital.on.ca\/fr\/wp-json\/wp\/v2\/pages"}],"about":[{"href":"https:\/\/www.ottawahospital.on.ca\/fr\/wp-json\/wp\/v2\/types\/page"}],"author":[{"embeddable":true,"href":"https:\/\/www.ottawahospital.on.ca\/fr\/wp-json\/wp\/v2\/users\/25"}],"replies":[{"embeddable":true,"href":"https:\/\/www.ottawahospital.on.ca\/fr\/wp-json\/wp\/v2\/comments?post=80183"}],"version-history":[{"count":0,"href":"https:\/\/www.ottawahospital.on.ca\/fr\/wp-json\/wp\/v2\/pages\/80183\/revisions"}],"up":[{"embeddable":true,"href":"https:\/\/www.ottawahospital.on.ca\/fr\/wp-json\/wp\/v2\/pages\/14807"}],"wp:attachment":[{"href":"https:\/\/www.ottawahospital.on.ca\/fr\/wp-json\/wp\/v2\/media?parent=80183"}],"curies":[{"name":"wp","href":"https:\/\/api.w.org\/{rel}","templated":true}]}}