{"id":8003,"date":"2016-11-17T11:10:15","date_gmt":"2016-11-17T16:10:15","guid":{"rendered":"http:\/\/52.229.122.34\/fr\/?page_id=8003"},"modified":"2025-02-14T12:08:25","modified_gmt":"2025-02-14T17:08:25","slug":"plans-des-campus","status":"publish","type":"page","link":"https:\/\/www.ottawahospital.on.ca\/fr\/patients-et-visiteurs\/directions-et-plans-des-campus\/plans-des-campus\/","title":{"rendered":"Plans des campus"},"content":{"rendered":"<p class=\"text-center\">L\u2019Urgence des campus Civic et G\u00e9n\u00e9ral de L&rsquo;H\u00f4pital d&rsquo;Ottawa est ouverte 24 heures sur 24, 7 jours sur 7.<br \/>\n<strong>*Il n&rsquo;y a pas de de services d&rsquo;urgence au Campus Riverside.<\/strong><\/p>\n<div id=\"languages\" class=\"hide-mobile\">\n<div class=\"col-md-4 text-center\"><a class=\"margintop10 marginbottom10 btn btn-default\" href=\"https:\/\/www.ottawahospital.on.ca\/en\/documents\/2024\/02\/civic-map-pdf.pdf\/\">Plan du Campus Civic<\/a><\/div>\n<div class=\"col-md-4 text-center\"><a class=\"margintop10 marginbottom10 btn btn-default\" href=\"https:\/\/www.ottawahospital.on.ca\/en\/documents\/2025\/02\/general-campus-fr.pdf\/\">Plan du Campus G\u00e9n\u00e9ral<\/a><\/div>\n<div class=\"col-md-4 text-center\"><a class=\"margintop10 marginbottom10 btn btn-default\" href=\"https:\/\/www.ottawahospital.on.ca\/fr\/documents\/2024\/09\/rierside-fr-updated-map.pdf\/\">Plan du Campus Riverside<\/a><\/div>\n<\/div>\n<p><!--\n\n\n<div id=\"flashmap\" class=\"hide-mobile\">\n\nVotre navigateur doit avoir la version 9 d\u2019Adobe\/Macromedia Flash (et JavaScript doit \u00eatre activ\u00e9) pour que vous puissiez voir les plans interactifs. Vous pouvez t\u00e9l\u00e9charger Adobe Flash Player gratuitement <a href=\"https:\/\/www.adobe.com\/products\/flashplayer\/\" target=\"_blank\" rel=\"noopener\">ici<\/a>.<\/div>\n\n\n--><\/p>\n<h2>Indications<\/h2>\n<div class=\"col-md-4\"><strong>Campus Civic <\/strong><br \/>\n1053, av. Carling<br \/>\nOttawa ON K1Y 4E9<br \/>\n<a class=\"margintop10 marginbottom10 btn btn-default\" title=\"Comment se rendre au Campus Civic\" href=\"\/fr\/patients-et-visiteurs\/directions-et-plans-des-campus\/comment-se-rendre\/\" target=\"\" rel=\"noopener\">Comment se rendre au Campus Civic<\/a><\/div>\n<div class=\"col-md-4\"><strong>Campus G\u00e9n\u00e9ral<\/strong><br \/>\n501, ch. Smyth<br \/>\nOttawa ON K1H 8L6<br \/>\n<a class=\"margintop10 marginbottom10 btn btn-default\" title=\"Comment se rendre au Campus G\u00e9n\u00e9ral\" href=\"\/fr\/patients-et-visiteurs\/directions-et-plans-des-campus\/comment-se-rendre\/\" target=\"\" rel=\"noopener\">Comment se rendre au Campus G\u00e9n\u00e9ral<\/a><br \/>\n<a href=\"\/fr\/documents\/2017\/01\/parkingandaccessguide_map_generalcampus_fr.pdf\" target=\"_blank\" rel=\"noopener\">Guide de stationnement et d&rsquo;acc\u00e8s &#8211; Campus General (Gros caract\u00e8res)<\/a><\/div>\n<div class=\"col-md-4\"><strong>Campus Riverside<\/strong><br \/>\n1967, prom. Riverside<br \/>\nOttawa ON K1H 7W9<br \/>\n<a class=\"margintop10 marginbottom10 btn btn-default\" title=\"Comment se rendre au Campus Riverside\" href=\"\/fr\/patients-et-visiteurs\/directions-et-plans-des-campus\/comment-se-rendre\/\" target=\"\" rel=\"noopener\">Comment se rendre au Campus Riverside<\/a><\/div>\n<div class=\"clearblock\"><\/div>\n<h2>Plans t\u00e9l\u00e9chargeables<\/h2>\n<div class=\"col-md-4\">\n<p><strong class=\"marginbottom10\">Civic Campus:<\/strong><\/p>\n<p><a href=\"https:\/\/www.ottawahospital.on.ca\/en\/documents\/2024\/02\/civic-map-pdf.pdf\/\" target=\"_blank\" rel=\"noopener\">Campus Civic au complet<\/a><br \/>\n<a href=\"\/en\/documents\/2017\/01\/civiccampusmainfloor-feb2015.pdf\" target=\"_blank\" rel=\"noopener\"><span class=\"hidecontent\">Campus Civic<\/span> \u00c9difice principal, rez-de-chauss\u00e9e<\/a><br \/>\n<a href=\"\/fr\/documents\/2017\/01\/civiccampuslevel1_sept2014.pdf\" target=\"_blank\" rel=\"noopener\"><span class=\"hidecontent\">Campus Civic<\/span> \u00c9difice principal, 1<sup>er<\/sup> \u00e9tage<\/a><br \/>\n<a href=\"\/fr\/documents\/2017\/01\/civiccampuslevel2editjune7.pdf\" target=\"_blank\" rel=\"noopener\"><span class=\"hidecontent\">Campus Civic<\/span> \u00c9difice principal, 2<sup>e<\/sup> \u00e9tage<\/a><br \/>\n<a href=\"\/fr\/documents\/2017\/01\/civiccampuslevel3editjune7.pdf\" target=\"_blank\" rel=\"noopener\"><span class=\"hidecontent\">Campus Civic<\/span> \u00c9difice principal, 3<sup>e<\/sup> \u00e9tage<\/a><br \/>\n<a href=\"\/fr\/documents\/2017\/01\/civiccampuslevel4-jan52012.pdf\" target=\"_blank\" rel=\"noopener\"><span class=\"hidecontent\">Campus Civic<\/span> \u00c9difice principal, 4<sup>e<\/sup> \u00e9tage<\/a><br \/>\n<a href=\"\/fr\/documents\/2017\/01\/civiccampuslevel5-jan52012.pdf\" target=\"_blank\" rel=\"noopener\"><span class=\"hidecontent\">Campus Civic<\/span> \u00c9difice principal, 5<sup>e<\/sup> \u00e9tage<\/a><br \/>\n<a href=\"\/fr\/documents\/2017\/01\/civiccampuslevel6-jan52012.pdf\" target=\"_blank\" rel=\"noopener\"><span class=\"hidecontent\">Campus Civic<\/span> \u00c9difice principal, 6<sup>e<\/sup> \u00e9tage<\/a><br \/>\n<a href=\"\/fr\/documents\/2017\/01\/civiccampuslevel7-jan52012.pdf\" target=\"_blank\" rel=\"noopener\"><span class=\"hidecontent\">Campus Civic<\/span> \u00c9difice principal, 7<sup>e<\/sup> \u00e9tage<\/a><br \/>\n<a href=\"\/fr\/documents\/2017\/01\/civiccampuslevels-october72011-2.pdf\" target=\"_blank\" rel=\"noopener\"><span class=\"hidecontent\">Campus Civic<\/span> \u00c9difice principal, sous-sol (niveau S)<\/a><\/p>\n<\/div>\n<div class=\"col-md-4\">\n<p><strong>General Campus:<\/strong><\/p>\n<p><a href=\"https:\/\/www.ottawahospital.on.ca\/en\/documents\/2025\/02\/general-campus-fr.pdf\/\" target=\"_blank\" rel=\"noopener\">Campus G\u00e9n\u00e9ral au complet<\/a><br \/>\n<a href=\"\/en\/documents\/2021\/05\/generalcampuslevel1_dec2014-wcag.pdf\/\" target=\"_blank\" rel=\"noopener\"><span class=\"hidecontent\">Campus G\u00e9n\u00e9ral<\/span> \u00c9difice principal, rez-de-chauss\u00e9e<\/a><br \/>\n<a href=\"\/fr\/documents\/2017\/01\/generalcampuslevel2_feb2013.pdf\" target=\"_blank\" rel=\"noopener\"><span class=\"hidecontent\">Campus G\u00e9n\u00e9ral<\/span> \u00c9difice principal, 2<sup>e<\/sup> \u00e9tage<\/a><br \/>\n<a href=\"\/fr\/documents\/2017\/01\/generalcampuslevel3ccw-jan52012.pdf\" target=\"_blank\" rel=\"noopener\"><span class=\"hidecontent\">Campus G\u00e9n\u00e9ral<\/span> \u00c9difice principal, 3<sup>e<\/sup> \u00e9tage <\/a><br \/>\n<a href=\"\/fr\/documents\/2017\/01\/generalcampuslevel4-jan52012.pdf\" target=\"_blank\" rel=\"noopener\"><span class=\"hidecontent\">Campus G\u00e9n\u00e9ral<\/span> \u00c9difice principal, 4<sup>e<\/sup> \u00e9tage<\/a><br \/>\n<a href=\"\/fr\/documents\/2017\/01\/generalcampuslevel5-jan52012.pdf\" target=\"_blank\" rel=\"noopener\"><span class=\"hidecontent\">Campus G\u00e9n\u00e9ral<\/span> \u00c9difice principal, 5<sup>e<\/sup> \u00e9tage<\/a><br \/>\n<a href=\"\/fr\/documents\/2017\/01\/generalcampuslevel6-jan52012.pdf\" target=\"_blank\" rel=\"noopener\"><span class=\"hidecontent\">Campus G\u00e9n\u00e9ral<\/span> \u00c9difice principal, 6<sup>e<\/sup> \u00e9tage<\/a><br \/>\n<a href=\"\/fr\/documents\/2017\/01\/generalcampuslevel7-jan52012.pdf\" target=\"_blank\" rel=\"noopener\"><span class=\"hidecontent\">Campus G\u00e9n\u00e9ral<\/span> \u00c9difice principal, 7<sup>e<\/sup> \u00e9tage<\/a><br \/>\n<a href=\"\/fr\/documents\/2017\/01\/generalcampuslevel8-jan52012.pdf\" target=\"_blank\" rel=\"noopener\"><span class=\"hidecontent\">Campus G\u00e9n\u00e9ral<\/span> \u00c9difice principal, 8<sup>e<\/sup> \u00e9tage<\/a><br \/>\n<a href=\"\/fr\/documents\/2017\/01\/cancercentremainfloor-sept302011mutd.pdf\" target=\"_blank\" rel=\"noopener\">Centre de canc\u00e9rologie, rez-de-chauss\u00e9e<\/a><br \/>\n<a href=\"\/fr\/documents\/2017\/01\/cancercentrelevel2mutd.pdf\" target=\"_blank\" rel=\"noopener\">Centre de canc\u00e9rologie, 2<sup>e<\/sup> \u00e9tage<\/a><br \/>\n<a href=\"\/fr\/documents\/2017\/01\/rehabcentrelevel1-jan52012.pdf\" target=\"_blank\" rel=\"noopener\">Centre de r\u00e9adaptation, rez-de-chauss\u00e9e<\/a><br \/>\n<a href=\"\/fr\/documents\/2017\/01\/rehabcentrelevel2-jan52012.pdf\" target=\"_blank\" rel=\"noopener\">Centre de r\u00e9adaptation, 2<sup>e<\/sup> \u00e9tage<\/a><\/p>\n<\/div>\n<div class=\"col-md-4\">\n<p><strong>Riverside Campus:<\/strong><\/p>\n<p><a href=\"https:\/\/www.ottawahospital.on.ca\/fr\/documents\/2024\/09\/rierside-fr-updated-map.pdf\/\" target=\"_blank\" rel=\"noopener\">Campus Riverside au complet<\/a><br \/>\n<a href=\"https:\/\/www.ottawahospital.on.ca\/en\/documents\/2024\/09\/riverside-fr-map.pdf\/\" target=\"_blank\" rel=\"noopener\"><span class=\"hidecontent\">Campus Riverside<\/span> Rez-de-chauss\u00e9e (niveau 2)<\/a><\/p>\n<\/div>\n","protected":false},"excerpt":{"rendered":"<p>L\u2019Urgence des campus Civic et G\u00e9n\u00e9ral de L&rsquo;H\u00f4pital d&rsquo;Ottawa est ouverte 24 heures sur 24, 7 jours sur 7. *Il n&rsquo;y a pas de de services d&rsquo;urgence au Campus Riverside. Plan du Campus Civic Plan du Campus G\u00e9n\u00e9ral Plan du Campus Riverside Indications Campus Civic 1053, av. Carling Ottawa ON K1Y 4E9 Comment se rendre [&hellip;]<\/p>\n","protected":false},"author":25,"featured_media":0,"parent":183,"menu_order":2,"comment_status":"closed","ping_status":"closed","template":"","meta":{"_acf_changed":false,"_mc_calendar":[],"footnotes":""},"class_list":["post-8003","page","type-page","status-publish","hentry"],"acf":[],"wps_subtitle":"","_links":{"self":[{"href":"https:\/\/www.ottawahospital.on.ca\/fr\/wp-json\/wp\/v2\/pages\/8003","targetHints":{"allow":["GET"]}}],"collection":[{"href":"https:\/\/www.ottawahospital.on.ca\/fr\/wp-json\/wp\/v2\/pages"}],"about":[{"href":"https:\/\/www.ottawahospital.on.ca\/fr\/wp-json\/wp\/v2\/types\/page"}],"author":[{"embeddable":true,"href":"https:\/\/www.ottawahospital.on.ca\/fr\/wp-json\/wp\/v2\/users\/25"}],"replies":[{"embeddable":true,"href":"https:\/\/www.ottawahospital.on.ca\/fr\/wp-json\/wp\/v2\/comments?post=8003"}],"version-history":[{"count":0,"href":"https:\/\/www.ottawahospital.on.ca\/fr\/wp-json\/wp\/v2\/pages\/8003\/revisions"}],"up":[{"embeddable":true,"href":"https:\/\/www.ottawahospital.on.ca\/fr\/wp-json\/wp\/v2\/pages\/183"}],"wp:attachment":[{"href":"https:\/\/www.ottawahospital.on.ca\/fr\/wp-json\/wp\/v2\/media?parent=8003"}],"curies":[{"name":"wp","href":"https:\/\/api.w.org\/{rel}","templated":true}]}}