{"id":7970,"date":"2016-11-16T17:20:23","date_gmt":"2016-11-16T22:20:23","guid":{"rendered":"http:\/\/52.229.122.34\/fr\/?page_id=7970"},"modified":"2025-01-30T09:48:04","modified_gmt":"2025-01-30T14:48:04","slug":"planification-de-ma-chirurgie","status":"publish","type":"page","link":"https:\/\/www.ottawahospital.on.ca\/fr\/services-cliniques\/ma-chirurgie\/planification-de-ma-chirurgie\/","title":{"rendered":"Planification de ma chirurgie"},"content":{"rendered":"<h2>Que puis-je faire pour me pr\u00e9parer \u00e0 la chirurgie?<\/h2>\n<p>Vous devrez lire et suivre les directives que votre \u00e9quipe de soins vous donnera.<\/p>\n<h2>Guides d\u2019accompagnement du patient<\/h2>\n<p>Votre \u00e9quipe de soins d\u00e9terminera la dur\u00e9e de votre hospitalisation. Voici les d\u00e9cisions possibles. Veuillez lire et suivre les directives qui s\u2019appliquent \u00e0 votre situation.<\/p>\n\n\n<figure class=\"wp-block-gallery has-nested-images columns-default is-cropped wp-block-gallery-1 is-layout-flex wp-block-gallery-is-layout-flex\">\n<figure class=\"wp-block-image size-large\"><img decoding=\"async\" width=\"406\" height=\"487\" data-id=\"92098\" src=\"https:\/\/www.ottawahospital.on.ca\/wp-content\/uploads\/2025\/01\/ss1.png\" alt=\"\" class=\"wp-image-92098\" srcset=\"https:\/\/www.ottawahospital.on.ca\/wp-content\/uploads\/2025\/01\/ss1.png 406w, https:\/\/www.ottawahospital.on.ca\/wp-content\/uploads\/2025\/01\/ss1-250x300.png 250w\" sizes=\"(max-width: 406px) 100vw, 406px\" \/><\/figure>\n\n\n\n<figure class=\"wp-block-image size-large\"><img decoding=\"async\" width=\"541\" height=\"666\" data-id=\"92096\" src=\"https:\/\/www.ottawahospital.on.ca\/wp-content\/uploads\/2025\/01\/ss-2.png\" alt=\"\" class=\"wp-image-92096\" srcset=\"https:\/\/www.ottawahospital.on.ca\/wp-content\/uploads\/2025\/01\/ss-2.png 541w, https:\/\/www.ottawahospital.on.ca\/wp-content\/uploads\/2025\/01\/ss-2-244x300.png 244w\" sizes=\"(max-width: 541px) 100vw, 541px\" \/><\/figure>\n<\/figure>\n\n\n\n<ol class=\"wp-block-list\">\n<li><strong>Chirurgie d\u2019un jour\u00a0: <\/strong>Vous retournerez \u00e0 la maison le jour de la chirurgie (voir le guide intitul\u00e9 <a href=\"https:\/\/www.ottawahospital.on.ca\/en\/documents\/2025\/01\/preparing-for-your-day-surgery-fr.pdf\/\" target=\"_blank\" rel=\"noreferrer noopener\">Planification de ma chirurgie d\u2019un jour<\/a>).<\/li>\n\n\n\n<li><strong>Chirurgie d\u2019un jour avec hospitalisation d\u2019une nuit : <\/strong>Vous retournerez \u00e0 la maison le lendemain matin de la chirurgie avant 6 h (voir le guide intitul\u00e9 <a href=\"https:\/\/www.ottawahospital.on.ca\/en\/documents\/2025\/01\/preparing-for-your-day-surgery-fr.pdf\/\" target=\"_blank\" rel=\"noreferrer noopener\">Planification de ma chirurgie d\u2019un jour avec hospitalisation d\u2019une nuit<\/a>).<\/li>\n\n\n\n<li><strong>Admission le jour de la chirurgie : <\/strong>Vous retournerez \u00e0 la maison plus de 24 heures apr\u00e8s la chirurgie (<a href=\"https:\/\/www.ottawahospital.on.ca\/en\/documents\/2025\/01\/preparing-for-your-surgery-and-admission-fr.pdf\/\">Pr\u00e9paration \u00e0 une op\u00e9ration suivie d\u2019un s\u00e9jour \u00e0 L\u2019H\u00f4pital d\u2019Ottawa<\/a>).<\/li>\n<\/ol>\n\n\n\n<h2 class=\"wp-block-heading\">Quels renseignements importants vais-je obtenir dans les guides d\u2019accompagnement?<\/h2>\n\n\n\n<ul class=\"wp-block-list\">\n<li>Les choses dont je dois me rappeler<\/li>\n\n\n\n<li>L\u2019heure de ma chirurgie<\/li>\n\n\n\n<li>Quoi faire la veille de la chirurgie<\/li>\n\n\n\n<li>Quoi faire le matin de la chirurgie<\/li>\n\n\n\n<li>Ce que je peux et ne peux pas manger avant la chirurgie<\/li>\n\n\n\n<li>Quels m\u00e9dicaments je peux et ne peux pas prendre le jour de la chirurgie et quels m\u00e9dicaments je dois apporter \u00e0 l\u2019h\u00f4pital<\/li>\n\n\n\n<li>Directions et cartes<\/li>\n\n\n\n<li>Heure \u00e0 laquelle je dois arriver et \u00e0 quoi je peux m\u2019attendre le jour de la chirurgie<\/li>\n\n\n\n<li>Qui doit me raccompagner \u00e0 la maison apr\u00e8s la chirurgie<\/li>\n\n\n\n<li>Comment se d\u00e9roulera mon cong\u00e9 de l\u2019h\u00f4pital et comment m\u2019y pr\u00e9parer<\/li>\n<\/ul>\n\n\n\n<h2 class=\"wp-block-heading\">Test de d\u00e9pistage de la COVID-19 exig\u00e9 avant certaines chirurgies<\/h2>\n\n\n\n<p>Tout patient doit passer un test de d\u00e9pistage de la COVID-19 72 heures avant une chirurgie non urgente qui exige une anesth\u00e9sie g\u00e9n\u00e9rale. Ce protocole est en vigueur dans tous les h\u00f4pitaux de la r\u00e9gion.<\/p>\n\n\n\n<p>Si cette exigence s\u2019applique \u00e0 votre cas, votre \u00e9quipe de soins vous le signalera. Elle vous fournira aussi les renseignements n\u00e9cessaires pour aller passer un test de d\u00e9pistage.<\/p>\n\n\n\n<h2 class=\"wp-block-heading\">Autres ressources utiles<\/h2>\n\n\n\n<ul class=\"wp-block-list\">\n<li><a href=\"https:\/\/www.ottawaheart.ca\/fr\/patients-et-visiteurs\/outils-et-ressources\/guides-%C3%A0-l%E2%80%99intention-des-patients\/guide-pour-un-mode-de\" target=\"_blank\" rel=\"noreferrer noopener\">Institut de cardiologie de l\u2019Universit\u00e9 d\u2019Ottawa\u00a0: Guide pour un mode de vie sain<\/a><\/li>\n\n\n\n<li><a href=\"https:\/\/pwc.ottawaheart.ca\/fr\/sensibilisation\/education-en-sante-cardiaque\/les-facteurs-de-risque\" target=\"_blank\" rel=\"noreferrer noopener\">Institut de cardiologie de l\u2019Universit\u00e9 d\u2019Ottawa : Les facteurs de risque<\/a><\/li>\n\n\n\n<li><a href=\"https:\/\/pwc.ottawaheart.ca\/fr\/sensibilisation\/education-en-sante-cardiaque\/les-facteurs-de-risque\/usage-du-tabac\" target=\"_blank\" rel=\"noreferrer noopener\">Institut de cardiologie de l\u2019Universit\u00e9 d\u2019Ottawa\u00a0: Quel effet l\u2019usage du tabac a-t-il sur le c\u0153ur?<\/a><\/li>\n\n\n\n<li><a href=\"\/fr\/services-cliniques\/ma-chirurgie\/prevoir-des-aujourdhui-mon-conge-de-lhopital\/\">Pr\u00e9voir d\u00e8s AUJOURD\u2019HUI mon cong\u00e9 de l\u2019h\u00f4pital<\/a><\/li>\n<\/ul>\n","protected":false},"excerpt":{"rendered":"<p>Que puis-je faire pour me pr\u00e9parer \u00e0 la chirurgie? Vous devrez lire et suivre les directives que votre \u00e9quipe de soins vous donnera. Guides d\u2019accompagnement du patient Votre \u00e9quipe de soins d\u00e9terminera la dur\u00e9e de votre hospitalisation. Voici les d\u00e9cisions possibles. Veuillez lire et suivre les directives qui s\u2019appliquent \u00e0 votre situation. Quels renseignements importants [&hellip;]<\/p>\n","protected":false},"author":25,"featured_media":0,"parent":7926,"menu_order":5,"comment_status":"closed","ping_status":"closed","template":"","meta":{"_acf_changed":false,"_mc_calendar":[],"footnotes":""},"class_list":["post-7970","page","type-page","status-publish","hentry"],"acf":[],"wps_subtitle":"","_links":{"self":[{"href":"https:\/\/www.ottawahospital.on.ca\/fr\/wp-json\/wp\/v2\/pages\/7970","targetHints":{"allow":["GET"]}}],"collection":[{"href":"https:\/\/www.ottawahospital.on.ca\/fr\/wp-json\/wp\/v2\/pages"}],"about":[{"href":"https:\/\/www.ottawahospital.on.ca\/fr\/wp-json\/wp\/v2\/types\/page"}],"author":[{"embeddable":true,"href":"https:\/\/www.ottawahospital.on.ca\/fr\/wp-json\/wp\/v2\/users\/25"}],"replies":[{"embeddable":true,"href":"https:\/\/www.ottawahospital.on.ca\/fr\/wp-json\/wp\/v2\/comments?post=7970"}],"version-history":[{"count":0,"href":"https:\/\/www.ottawahospital.on.ca\/fr\/wp-json\/wp\/v2\/pages\/7970\/revisions"}],"up":[{"embeddable":true,"href":"https:\/\/www.ottawahospital.on.ca\/fr\/wp-json\/wp\/v2\/pages\/7926"}],"wp:attachment":[{"href":"https:\/\/www.ottawahospital.on.ca\/fr\/wp-json\/wp\/v2\/media?parent=7970"}],"curies":[{"name":"wp","href":"https:\/\/api.w.org\/{rel}","templated":true}]}}