{"id":7956,"date":"2016-11-16T17:08:22","date_gmt":"2016-11-16T22:08:22","guid":{"rendered":"http:\/\/52.229.122.34\/fr\/?page_id=7956"},"modified":"2025-01-30T09:50:32","modified_gmt":"2025-01-30T14:50:32","slug":"mon-rendez-vous-de-preadmission","status":"publish","type":"page","link":"https:\/\/www.ottawahospital.on.ca\/fr\/services-cliniques\/ma-chirurgie\/mon-rendez-vous-de-preadmission\/","title":{"rendered":"Mon rendez-vous de pr\u00e9admission"},"content":{"rendered":"<div class=\"row\">\n<div class=\"col-md-6\">Pendant le rendez-vous \u00e0 l\u2019Unit\u00e9 de pr\u00e9admission, une \u00e9quipe sp\u00e9cialis\u00e9e compos\u00e9e d\u2019une infirmi\u00e8re, d\u2019un anesth\u00e9siologiste, r\u00e9sidents, et d\u2019autres professionnels de la sant\u00e9 vous \u00e9valuera pour vous pr\u00e9parer \u00e0 la chirurgie. Les \u00e9valuations varient selon votre \u00e9tat de sant\u00e9 et votre situation personnelle.<\/p>\n<h2>Mon rendez-vous de pr\u00e9admission<\/h2>\n<ul>\n<li>Votre chirurgien fixera votre rendez-vous de pr\u00e9admission au moins 2 \u00e0 6 semaines avant votre chirurgie. Ce rendez-vous est essentiel pour bien vous pr\u00e9parer \u00e0 la chirurgie. Si vous manquez votre rendez-vous, la date de votre chirurgie pourrait \u00eatre annul\u00e9e ou report\u00e9e.<\/li>\n<li>Une infirmi\u00e8re vous posera des questions sur vos ant\u00e9c\u00e9dents m\u00e9dicaux et vous expliquera comment vous pr\u00e9parer \u00e0 la chirurgie.<\/li>\n<li>Selon votre \u00e9tat de sant\u00e9, vous pourriez aussi rencontrer un anesth\u00e9siologiste.<\/li>\n<li>Selon votre sant\u00e9 et d\u2019autres facteurs, il est possible que votre rendez-vous de pr\u00e9admission se d\u00e9roule par t\u00e9l\u00e9phone. Si c\u2019est le cas, assurez-vous de pouvoir parler ouvertement de vos ant\u00e9c\u00e9dents m\u00e9dicaux pendant cet appel.<\/li>\n<\/ul>\n<\/div>\n<div class=\"col-md-6\"><img decoding=\"async\" class=\"img-responsive alignright\" src=\"\/wp-content\/uploads\/2016\/11\/MyPAUAppointment.jpg\" alt=\"My PAU Appointment\" width=\"412\" height=\"247\" \/><\/div>\n<\/div>\n<h2>Avant mon rendez-vous<\/h2>\n<p>Vous serez contact\u00e9 pour fixer une date et une heure pour votre rendez-vous.<\/p>\n<p>Nous vous demanderons de visionner une s\u00e9rie de vid\u00e9os qui expliquent diff\u00e9rentes options d\u2019anesth\u00e9sies qui <strong>pourraient<\/strong> vous \u00eatre offertes lors de votre chirurgie.\u00a0 Les vid\u00e9os vont varier d\u2019une chirurgie \u00e0 l\u2019autre. SVP visionnez ces vid\u00e9os avant votre rendez-vous :<\/p>\n<p>Notez bien \u2013 Visionnez seulement les vid\u00e9os qui s\u2019appliquent \u00e0 votre chirurgie.<\/p>\n<ol>\n<li><a href=\"https:\/\/youtu.be\/CDPOIDAiCfc\" target=\"_blank\" rel=\"noopener\">Anesth\u00e9sie g\u00e9n\u00e9rale<\/a><\/li>\n<li><a href=\"https:\/\/youtu.be\/1JyDoVKISak\" target=\"_blank\" rel=\"noopener\">Anesth\u00e9sie Spinale<\/a><\/li>\n<li><a href=\"https:\/\/youtu.be\/9jABQ-LbC4I\" target=\"_blank\" rel=\"noopener\">Anesth\u00e9sie \u00c9pidurale<\/a><\/li>\n<li><a href=\"https:\/\/youtu.be\/6BG6yOPlUq8\" target=\"_blank\" rel=\"noopener\">Analg\u00e9sie Contr\u00f4l\u00e9e par le Patient<\/a><\/li>\n<li><a href=\"https:\/\/youtu.be\/jgNlSaHM6nQ\" target=\"_blank\" rel=\"noopener\">Bloc Nerveux du Membre Sup\u00e9rieur<\/a><\/li>\n<li><a href=\"https:\/\/youtu.be\/z07K25w737g\" target=\"_blank\" rel=\"noopener\">Bloc Nerveux du Membre Inf\u00e9rieur<\/a><\/li>\n<li><a href=\"https:\/\/youtu.be\/al9IzyCuulw\" target=\"_blank\" rel=\"noopener\">Bloc Paravert\u00e9bral<\/a><\/li>\n<\/ol>\n<h2>Que dois-je apporter \u00e0 mon rendez-vous de pr\u00e9admission?<\/h2>\n<ul>\n<li>Lisez le guide intitul\u00e9 <a href=\"\/fr\/documents\/2017\/01\/pau-27-french-oct-2012.pdf\" target=\"_blank\" rel=\"noopener\">Pr\u00e9paration \u00e0 ma chirurgie \u2013 Mon rendez-vous \u00e0 l\u2019Unit\u00e9 de pr\u00e9admission<\/a> (qui contient des cartes pour vous aider \u00e0 vous diriger). Apportez-le aussi \u00e0 votre rendez-vous.<\/li>\n<li><strong>IMPORTANT :<\/strong> Apportez tous vos m\u00e9dicaments dans leur contenant original bien \u00e9tiquet\u00e9 ou ayez-les \u00e0 port\u00e9e de main si votre rendez-vous a lieu par t\u00e9l\u00e9phone.<\/li>\n<li>Vous (et votre famille) devriez \u00e9galement prendre connaissance des politiques importantes de l\u2019h\u00f4pital avant de venir, notamment les politiques sur <a href=\"\/fr\/patients-et-visiteurs\/visites-a-lhopital\/\">le lavage des mains, les heures de visite, l\u2019usage du tabac, les produits parfum\u00e9s et la violence au travail.<\/a><\/li>\n<li><strong>Milieu sans parfum<\/strong> : Nous vous demandons de ne pas porter de parfum, de lotion apr\u00e8s-rasage ou d\u2019autres produits parfum\u00e9s \u00e0 l\u2019H\u00f4pital, car ils peuvent provoquer des allergies. Veuillez aussi en informer les personnes qui vous accompagnent ou qui vous visitent.<\/li>\n<\/ul>\n<h2>Comment le rendez-vous de pr\u00e9admission m\u2019aidera \u00e0 me pr\u00e9parer \u00e0 la chirurgie?<\/h2>\n<p>Durant le rendez-vous, vous obtiendrez les renseignements dont vous avez besoin pour bien vous pr\u00e9parer \u00e0 la chirurgie. Votre \u00e9quipe de soins d\u00e9terminera aussi la dur\u00e9e de votre hospitalisation. Voici les sc\u00e9narios possibles:<\/p>\n<ol>\n<li><strong>Chirurgie d\u2019un jour :<\/strong> Vous retournerez \u00e0 la maison le jour de la chirurgie (voir le guide intitul\u00e9 <a href=\"https:\/\/www.ottawahospital.on.ca\/en\/documents\/2025\/01\/preparing-for-your-day-surgery-fr.pdf\/\" target=\"_blank\" rel=\"noopener\">Planification de ma chirurgie d\u2019un jour<\/a>).<\/li>\n<li><strong>Chirurgie d\u2019un jour avec hospitalisation d\u2019une nuit\u00a0: <\/strong>Vous retournerez \u00e0 la maison le lendemain matin de la chirurgie avant 7\u00a0h (voir le guide intitul\u00e9 <a href=\"https:\/\/www.ottawahospital.on.ca\/en\/documents\/2025\/01\/preparing-for-your-day-surgery-fr.pdf\/\" target=\"_blank\" rel=\"noopener\">Planification de ma chirurgie d\u2019un jour avec hospitalisation d\u2019une nuit<\/a>).<\/li>\n<li><strong>Admission le jour de la chirurgie\u00a0: <\/strong>Vous retournerez \u00e0 la maison plus de 24\u00a0heures apr\u00e8s la chirurgie (voir le guide intitul\u00e9 <a href=\"https:\/\/www.ottawahospital.on.ca\/en\/documents\/2025\/01\/preparing-for-your-surgery-and-admission-fr.pdf\/\" target=\"_blank\" rel=\"noopener\">Planification de ma chirurgie \u2013 Patients hospitalis\u00e9s<\/a>).<\/li>\n<\/ol>\n<p><strong><img decoding=\"async\" class=\"img-responsive alignright\" src=\"\/wp-content\/uploads\/2016\/11\/MyPAUAppointment2.jpg\" alt=\"My PAU Appointment\" width=\"417\" height=\"253\" \/><\/strong><strong>Renseignements pour les patients fournis par la Soci\u00e9t\u00e9 canadienne des anesth\u00e9siologistes<\/strong><\/p>\n<ul>\n<li>Qui est l\u2019anesth\u00e9siologiste et en quoi consiste son travail?<\/li>\n<li><a href=\"https:\/\/www.cas.ca\/Francais\/Types-anesthesie\" target=\"_blank\" rel=\"noopener\">Types d\u2019anesth\u00e9sies<\/a><\/li>\n<li>Questions souvent pos\u00e9es au sujet de l\u2019anesth\u00e9sie<\/li>\n<\/ul>\n<p><strong>Autres ressources utiles<\/strong><\/p>\n<ul>\n<li><a href=\"https:\/\/www.ottawaheart.ca\/fr\/patients-et-visiteurs\/outils-et-ressources\/guides-%C3%A0-l%E2%80%99intention-des-patients\/guide-pour-un-mode-de\" target=\"_blank\" rel=\"noopener\">Institut de cardiologie de l\u2019Universit\u00e9 d\u2019Ottawa\u00a0: Guide pour un mode de vie sain<\/a><\/li>\n<li><a href=\"https:\/\/pwc.ottawaheart.ca\/fr\/sensibilisation\/education-en-sante-cardiaque\/les-facteurs-de-risque\" target=\"_blank\" rel=\"noopener\">Institut de cardiologie de l\u2019Universit\u00e9 d\u2019Ottawa : Les facteurs de risque<\/a><\/li>\n<li>Institut de cardiologie de l\u2019Universit\u00e9 d\u2019Ottawa\u00a0: Quel effet l\u2019usage du tabac a-t-il sur le c\u0153ur?<\/li>\n<\/ul>\n","protected":false},"excerpt":{"rendered":"<p>Pendant le rendez-vous \u00e0 l\u2019Unit\u00e9 de pr\u00e9admission, une \u00e9quipe sp\u00e9cialis\u00e9e compos\u00e9e d\u2019une infirmi\u00e8re, d\u2019un anesth\u00e9siologiste, r\u00e9sidents, et d\u2019autres professionnels de la sant\u00e9 vous \u00e9valuera pour vous pr\u00e9parer \u00e0 la chirurgie. Les \u00e9valuations varient selon votre \u00e9tat de sant\u00e9 et votre situation personnelle. Mon rendez-vous de pr\u00e9admission Votre chirurgien fixera votre rendez-vous de pr\u00e9admission au moins [&hellip;]<\/p>\n","protected":false},"author":25,"featured_media":0,"parent":7926,"menu_order":4,"comment_status":"closed","ping_status":"closed","template":"","meta":{"_acf_changed":false,"_mc_calendar":[],"footnotes":""},"class_list":["post-7956","page","type-page","status-publish","hentry"],"acf":[],"wps_subtitle":"","_links":{"self":[{"href":"https:\/\/www.ottawahospital.on.ca\/fr\/wp-json\/wp\/v2\/pages\/7956","targetHints":{"allow":["GET"]}}],"collection":[{"href":"https:\/\/www.ottawahospital.on.ca\/fr\/wp-json\/wp\/v2\/pages"}],"about":[{"href":"https:\/\/www.ottawahospital.on.ca\/fr\/wp-json\/wp\/v2\/types\/page"}],"author":[{"embeddable":true,"href":"https:\/\/www.ottawahospital.on.ca\/fr\/wp-json\/wp\/v2\/users\/25"}],"replies":[{"embeddable":true,"href":"https:\/\/www.ottawahospital.on.ca\/fr\/wp-json\/wp\/v2\/comments?post=7956"}],"version-history":[{"count":0,"href":"https:\/\/www.ottawahospital.on.ca\/fr\/wp-json\/wp\/v2\/pages\/7956\/revisions"}],"up":[{"embeddable":true,"href":"https:\/\/www.ottawahospital.on.ca\/fr\/wp-json\/wp\/v2\/pages\/7926"}],"wp:attachment":[{"href":"https:\/\/www.ottawahospital.on.ca\/fr\/wp-json\/wp\/v2\/media?parent=7956"}],"curies":[{"name":"wp","href":"https:\/\/api.w.org\/{rel}","templated":true}]}}