{"id":7946,"date":"2016-11-16T16:59:02","date_gmt":"2016-11-16T21:59:02","guid":{"rendered":"http:\/\/52.229.122.34\/fr\/?page_id=7946"},"modified":"2021-08-11T11:09:37","modified_gmt":"2021-08-11T15:09:37","slug":"mon-rendez-vous-avec-le-chirurgien","status":"publish","type":"page","link":"https:\/\/www.ottawahospital.on.ca\/fr\/services-cliniques\/ma-chirurgie\/mon-rendez-vous-avec-le-chirurgien\/","title":{"rendered":"Mon rendez-vous avec le chirurgien"},"content":{"rendered":"<p>Votre m\u00e9decin vous a conseill\u00e9 de consulter un chirurgien. Celui-ci d\u00e9cidera si vous devez avoir une chirurgie et discutera avec vous des prochaines \u00e9tapes.<\/p>\n<h2>Comment puis-je me pr\u00e9parer pour mon rendez-vous avec le chirurgien?<\/h2>\n<p><img decoding=\"async\" class=\"img-responsive alignright\" style=\"float: right; margin-left: 15px;\" src=\"\/wp-content\/uploads\/2016\/11\/MeetingMySurgeryWeb.jpg\" alt=\"meeting my surgery\" width=\"295\" height=\"398\" \/><\/p>\n<ul>\n<li>Le chirurgien voudra conna\u00eetre vos ant\u00e9c\u00e9dents m\u00e9dicaux et savoir quels m\u00e9dicaments vous prenez.<\/li>\n<li>Remplissez le <a href=\"\/fr\/documents\/2021\/08\/questionnaire-sur-les-antecedents-medicaux.pdf\/\" target=\"_blank\" rel=\"noopener\">questionnaire sur les ant\u00e9c\u00e9dents m\u00e9dicaux<\/a> de votre mieux et apportez-le au rendez-vous avec le chirurgien m\u00eame si vous ne savez pas si vous avez besoin d\u2019une chirurgie.<\/li>\n<li>Notez les questions que vous voulez lui poser pour ne pas les oublier.<\/li>\n<li>Apportez un stylo et du papier pour noter les renseignements importants que vous donneront le chirurgien et son \u00e9quipe.<\/li>\n<li>Demandez \u00e0 une personne de vous accompagner si vous avez besoin d\u2019une aide particuli\u00e8re ou si vous aimeriez avoir de la compagnie (une seule personne peut venir avec vous car l\u2019espace est limit\u00e9).<\/li>\n<li>Suivez toutes les directives transmises par le chirurgien et son \u00e9quipe.<\/li>\n<li>Apportez de la lecture pour passer le temps si le rendez-vous est retard\u00e9.<\/li>\n<\/ul>\n<h2>Qu\u2019est-ce qui va se passer si j\u2019ai besoin d\u2019une chirurgie?<\/h2>\n<p>Si vous d\u00e9cidez, avec le chirurgien, que vous avez besoin d\u2019une chirurgie, vous devrez remplir des formulaires importants.<\/p>\n<h2>Quels formulaires devrai-je remplir?<\/h2>\n<ul>\n<li>Si vous n\u2019avez pas rempli le <a href=\"\/fr\/documents\/2017\/01\/nur-71-c-fre-1.pdf\" target=\"_blank\" rel=\"noopener\">questionnaire sur les ant\u00e9c\u00e9dents m\u00e9dicaux<\/a> avant le rendez-vous, vous devrez le remplir au bureau de votre chirurgien.<\/li>\n<li>Vous devrez signer un formulaire de consentement avant la chirurgie. Le chirurgien vous expliquera en d\u00e9tail le contenu de ce formulaire.<\/li>\n<li>Il pourra aussi vous demander de remplir et de signer d\u2019autres formulaires pendant ce rendez-vous.<\/li>\n<\/ul>\n<h2>Comment puis-je me pr\u00e9parer avant la chirurgie?<\/h2>\n<ul>\n<li>Le chirurgien r\u00e9pondra \u00e0 toutes vos questions sur la chirurgie et vous demandera de remplir tous les formulaires n\u00e9cessaires. Il vous fera aussi passer tous les examens pertinents. Vous obtiendrez ensuite un rendez-vous \u00e0 l\u2019Unit\u00e9 de pr\u00e9admission de L\u2019H\u00f4pital d\u2019Ottawa.<\/li>\n<li>Le chirurgie vous demandera aussi de lire le guide intitul\u00e9 <a href=\"\/fr\/documents\/2017\/01\/pau-27-french-oct-2012.pdf\" target=\"_blank\" rel=\"noopener\">Pr\u00e9paration \u00e0 ma chirurgie \u2013 Mon rendez-vous \u00e0 l\u2019Unit\u00e9 de pr\u00e9admission<\/a> (qui contient des cartes).<\/li>\n<li>Vous (et votre famille) devriez \u00e9galement prendre connaissance des politiques importantes de l\u2019h\u00f4pital avant de venir, notamment les politiques sur <a href=\"\/fr\/patients-et-visiteurs\/visites-a-lhopital\/\">le lavage des mains, les heures de visite, l\u2019usage du tabac, les produits parfum\u00e9s et la violence au travail.<\/a><\/li>\n<li>Votre \u00e9quipe de soins voudra confirmer que vous avez <a href=\"\/fr\/services-cliniques\/ma-chirurgie\/prevoir-des-aujourdhui-mon-conge-de-lhopital\/\" target=\"_self\" rel=\"noopener\">organis\u00e9 votre retour \u00e0 la maison<\/a> avant la chirurgie.<\/li>\n<\/ul>\n","protected":false},"excerpt":{"rendered":"<p>Votre m\u00e9decin vous a conseill\u00e9 de consulter un chirurgien. Celui-ci d\u00e9cidera si vous devez avoir une chirurgie et discutera avec vous des prochaines \u00e9tapes. Comment puis-je me pr\u00e9parer pour mon rendez-vous avec le chirurgien? Le chirurgien voudra conna\u00eetre vos ant\u00e9c\u00e9dents m\u00e9dicaux et savoir quels m\u00e9dicaments vous prenez. Remplissez le questionnaire sur les ant\u00e9c\u00e9dents m\u00e9dicaux de [&hellip;]<\/p>\n","protected":false},"author":25,"featured_media":0,"parent":7926,"menu_order":3,"comment_status":"closed","ping_status":"closed","template":"","meta":{"_acf_changed":false,"_mc_calendar":[],"footnotes":""},"class_list":["post-7946","page","type-page","status-publish","hentry"],"acf":[],"wps_subtitle":"","_links":{"self":[{"href":"https:\/\/www.ottawahospital.on.ca\/fr\/wp-json\/wp\/v2\/pages\/7946","targetHints":{"allow":["GET"]}}],"collection":[{"href":"https:\/\/www.ottawahospital.on.ca\/fr\/wp-json\/wp\/v2\/pages"}],"about":[{"href":"https:\/\/www.ottawahospital.on.ca\/fr\/wp-json\/wp\/v2\/types\/page"}],"author":[{"embeddable":true,"href":"https:\/\/www.ottawahospital.on.ca\/fr\/wp-json\/wp\/v2\/users\/25"}],"replies":[{"embeddable":true,"href":"https:\/\/www.ottawahospital.on.ca\/fr\/wp-json\/wp\/v2\/comments?post=7946"}],"version-history":[{"count":0,"href":"https:\/\/www.ottawahospital.on.ca\/fr\/wp-json\/wp\/v2\/pages\/7946\/revisions"}],"up":[{"embeddable":true,"href":"https:\/\/www.ottawahospital.on.ca\/fr\/wp-json\/wp\/v2\/pages\/7926"}],"wp:attachment":[{"href":"https:\/\/www.ottawahospital.on.ca\/fr\/wp-json\/wp\/v2\/media?parent=7946"}],"curies":[{"name":"wp","href":"https:\/\/api.w.org\/{rel}","templated":true}]}}