{"id":7937,"date":"2016-11-16T15:52:09","date_gmt":"2016-11-16T20:52:09","guid":{"rendered":"http:\/\/52.229.122.34\/fr\/?page_id=7937"},"modified":"2021-08-10T11:42:33","modified_gmt":"2021-08-10T15:42:33","slug":"mes-formulaires-a-remplir","status":"publish","type":"page","link":"https:\/\/www.ottawahospital.on.ca\/fr\/services-cliniques\/ma-chirurgie\/mes-formulaires-a-remplir\/","title":{"rendered":"Mes formulaires \u00e0 remplir"},"content":{"rendered":"<p><img decoding=\"async\" class=\"img-responsive alignright\" src=\"\/wp-content\/uploads\/2016\/11\/MyFormsToCompleteWeb.jpg\" alt=\"My Forms to Complete\" width=\"206\" height=\"311\" \/>Comment puis-je me pr\u00e9parer avant le rendez-vous avec le chirurgien?<\/p>\n<ul>\n<li>Le chirurgien voudra conna\u00eetre vos ant\u00e9c\u00e9dents m\u00e9dicaux et savoir quels m\u00e9dicaments vous\u00a0prenez.<\/li>\n<li>Remplissez le <a href=\"\/fr\/documents\/2021\/08\/questionnaire-sur-les-antecedents-medicaux.pdf\/\" target=\"_blank\" rel=\"noopener\">questionnaire sur les ant\u00e9c\u00e9dents m\u00e9dicaux<\/a> de votre mieux et apportez-le au rendez-vous avec le chirurgien m\u00eame si vous ne savez pas si vous avez besoin d\u2019une chirurgie.<\/li>\n<\/ul>\n<p>Le chirurgien pourra vous demander de remplir d\u2019autres formulaires importants.<\/p>\n","protected":false},"excerpt":{"rendered":"<p>Comment puis-je me pr\u00e9parer avant le rendez-vous avec le chirurgien? Le chirurgien voudra conna\u00eetre vos ant\u00e9c\u00e9dents m\u00e9dicaux et savoir quels m\u00e9dicaments vous\u00a0prenez. Remplissez le questionnaire sur les ant\u00e9c\u00e9dents m\u00e9dicaux de votre mieux et apportez-le au rendez-vous avec le chirurgien m\u00eame si vous ne savez pas si vous avez besoin d\u2019une chirurgie. Le chirurgien pourra vous [&hellip;]<\/p>\n","protected":false},"author":25,"featured_media":0,"parent":7926,"menu_order":2,"comment_status":"closed","ping_status":"closed","template":"","meta":{"_acf_changed":false,"_mc_calendar":[],"footnotes":""},"class_list":["post-7937","page","type-page","status-publish","hentry"],"acf":[],"wps_subtitle":"","_links":{"self":[{"href":"https:\/\/www.ottawahospital.on.ca\/fr\/wp-json\/wp\/v2\/pages\/7937","targetHints":{"allow":["GET"]}}],"collection":[{"href":"https:\/\/www.ottawahospital.on.ca\/fr\/wp-json\/wp\/v2\/pages"}],"about":[{"href":"https:\/\/www.ottawahospital.on.ca\/fr\/wp-json\/wp\/v2\/types\/page"}],"author":[{"embeddable":true,"href":"https:\/\/www.ottawahospital.on.ca\/fr\/wp-json\/wp\/v2\/users\/25"}],"replies":[{"embeddable":true,"href":"https:\/\/www.ottawahospital.on.ca\/fr\/wp-json\/wp\/v2\/comments?post=7937"}],"version-history":[{"count":0,"href":"https:\/\/www.ottawahospital.on.ca\/fr\/wp-json\/wp\/v2\/pages\/7937\/revisions"}],"up":[{"embeddable":true,"href":"https:\/\/www.ottawahospital.on.ca\/fr\/wp-json\/wp\/v2\/pages\/7926"}],"wp:attachment":[{"href":"https:\/\/www.ottawahospital.on.ca\/fr\/wp-json\/wp\/v2\/media?parent=7937"}],"curies":[{"name":"wp","href":"https:\/\/api.w.org\/{rel}","templated":true}]}}