{"id":7931,"date":"2016-11-16T15:47:13","date_gmt":"2016-11-16T20:47:13","guid":{"rendered":"http:\/\/52.229.122.34\/fr\/?page_id=7931"},"modified":"2017-06-20T15:33:37","modified_gmt":"2017-06-20T19:33:37","slug":"a-quoi-sattendre-dune-chirurgie","status":"publish","type":"page","link":"https:\/\/www.ottawahospital.on.ca\/fr\/services-cliniques\/ma-chirurgie\/a-quoi-sattendre-dune-chirurgie\/","title":{"rendered":"\u00c0 quoi s&rsquo;attendre d&rsquo;une chirurgie"},"content":{"rendered":"<div class=\"row\">\n<div class=\"col-md-7\">\n<strong>Il est important de commencer \u00e0 planifier t\u00f4t.<\/strong><\/p>\n<p>Si votre m\u00e9decin vous a conseill\u00e9 de consulter un chirurgien, examinez d\u2019abord la section ma Chirurgie pour commencer \u00e0 vous pr\u00e9parer d\u00e8s maintenant avec votre famille. M\u00eame si vous apprenez plus tard que vous n\u2019avez pas besoin de chirurgie, parcourir le site Web vous aidera \u00e0 am\u00e9liorer votre sant\u00e9 parce qu\u2019il contient des renseignements importants.<\/p>\n<h2>L\u2019\u00e9quipe de soins chirurgicaux<\/h2>\n<p>Notre \u00e9quipe est compos\u00e9e de chirurgiens, d\u2019anesth\u00e9siologistes, r\u00e9sidents, d\u2019infirmi\u00e8res et d\u2019autres professionnels de la sant\u00e9. Ils prennent soin des patients qui vont avoir une chirurgie au campus Civic, G\u00e9n\u00e9ral ou Riverside de L\u2019H\u00f4pital d\u2019Ottawa.\n<\/p><\/div>\n<div class\"col-md-5\">\n<img decoding=\"async\" class=\"img-repsonsive alignright\" src=\"\/wp-content\/uploads\/2016\/11\/WhatToExpectIfINeedSurgeryWeb.jpg\" alt=\"What To Expect If I Need Surgery\" width=\"270\" height=\"180\" \/>\n<\/div>\n<\/div>\n<h2>Comment puis-je am\u00e9liorer ma sant\u00e9 avant la chirurgie?<\/h2>\n<p>Voici ce que vous pouvez faire pour am\u00e9liorer votre sant\u00e9 et r\u00e9duire les risques associ\u00e9s \u00e0 la chirurgie :<\/p>\n<ul>\n<li>Comme chaque personne est diff\u00e9rente, discutez d\u2019abord de votre plan de soins avec votre m\u00e9decin de famille (ou un autre professionnel de la sant\u00e9) pour d\u00e9terminer ce que vous pouvez faire pour am\u00e9liorer votre sant\u00e9 avant la chirurgie.<\/li>\n<li>Passez un bilan de sant\u00e9 si le dernier remonte \u00e0 plus d\u2019un an.<\/li>\n<li>Arr\u00eatez de fumer ou demandez de l\u2019aide pour y parvenir (voir les liens ci-dessous).<\/li>\n<\/ul>\n<h2>Autres ressources utiles<\/h2>\n<ul>\n<li><a href=\"https:\/\/www.ottawaheart.ca\/fr\/patients-et-visiteurs\/outils-et-ressources\/guides-%C3%A0-l%E2%80%99intention-des-patients\/guide-pour-un-mode-de\" target=\"_blank\">Institut de cardiologie de l\u2019Universit\u00e9 d\u2019Ottawa\u00a0: Guide pour un mode de vie sain<\/a><\/li>\n<li><a href=\"https:\/\/pwc.ottawaheart.ca\/fr\/sensibilisation\/education-en-sante-cardiaque\/les-facteurs-de-risque\" target=\"_blank\">Institut de cardiologie de l\u2019Universit\u00e9 d\u2019Ottawa : Les facteurs de risque<\/a><\/li>\n<li><a href=\"https:\/\/pwc.ottawaheart.ca\/fr\/sensibilisation\/education-en-sante-cardiaque\/les-facteurs-de-risque\/usage-du-tabac\" target=\"_blank\">Institut de cardiologie de l\u2019Universit\u00e9 d\u2019Ottawa\u00a0: Quel effet l\u2019usage du tabac a-t-il sur le c\u0153ur?<\/a><\/li>\n<\/ul>\n","protected":false},"excerpt":{"rendered":"<p>Il est important de commencer \u00e0 planifier t\u00f4t. Si votre m\u00e9decin vous a conseill\u00e9 de consulter un chirurgien, examinez d\u2019abord la section ma Chirurgie pour commencer \u00e0 vous pr\u00e9parer d\u00e8s maintenant avec votre famille. M\u00eame si vous apprenez plus tard que vous n\u2019avez pas besoin de chirurgie, parcourir le site Web vous aidera \u00e0 am\u00e9liorer [&hellip;]<\/p>\n","protected":false},"author":25,"featured_media":0,"parent":7926,"menu_order":1,"comment_status":"closed","ping_status":"closed","template":"","meta":{"_acf_changed":false,"_mc_calendar":[],"footnotes":""},"class_list":["post-7931","page","type-page","status-publish","hentry"],"acf":[],"wps_subtitle":"","_links":{"self":[{"href":"https:\/\/www.ottawahospital.on.ca\/fr\/wp-json\/wp\/v2\/pages\/7931","targetHints":{"allow":["GET"]}}],"collection":[{"href":"https:\/\/www.ottawahospital.on.ca\/fr\/wp-json\/wp\/v2\/pages"}],"about":[{"href":"https:\/\/www.ottawahospital.on.ca\/fr\/wp-json\/wp\/v2\/types\/page"}],"author":[{"embeddable":true,"href":"https:\/\/www.ottawahospital.on.ca\/fr\/wp-json\/wp\/v2\/users\/25"}],"replies":[{"embeddable":true,"href":"https:\/\/www.ottawahospital.on.ca\/fr\/wp-json\/wp\/v2\/comments?post=7931"}],"version-history":[{"count":0,"href":"https:\/\/www.ottawahospital.on.ca\/fr\/wp-json\/wp\/v2\/pages\/7931\/revisions"}],"up":[{"embeddable":true,"href":"https:\/\/www.ottawahospital.on.ca\/fr\/wp-json\/wp\/v2\/pages\/7926"}],"wp:attachment":[{"href":"https:\/\/www.ottawahospital.on.ca\/fr\/wp-json\/wp\/v2\/media?parent=7931"}],"curies":[{"name":"wp","href":"https:\/\/api.w.org\/{rel}","templated":true}]}}