{"id":7926,"date":"2016-11-16T15:43:50","date_gmt":"2016-11-16T20:43:50","guid":{"rendered":"http:\/\/52.229.122.34\/fr\/?page_id=7926"},"modified":"2023-11-01T11:36:33","modified_gmt":"2023-11-01T15:36:33","slug":"ma-chirurgie","status":"publish","type":"page","link":"https:\/\/www.ottawahospital.on.ca\/fr\/services-cliniques\/ma-chirurgie\/","title":{"rendered":"ma Chirurgie"},"content":{"rendered":"<div class=\"row paddingright15\">\n<div class=\"relatedlinks links1 col-md-4 nopaddingright\">\n<h3>Avant la chirurgie<\/h3>\n<ul>\n<li class=\"paddingtop5 paddingbottom5\"><a href=\"\/fr\/services-cliniques\/ma-chirurgie\/mes-formulaires-a-remplir\/\">Mes formulaires \u00e0 remplir<\/a><\/li>\n<li class=\"paddingbottom5\"><a href=\"\/fr\/services-cliniques\/ma-chirurgie\/prevoir-des-aujourdhui-mon-conge-de-lhopital\/\">Pr\u00e9voir d\u00e8s AUJOURD&rsquo;HUI mon cong\u00e9 de l&rsquo;h\u00f4pital<\/a><\/li>\n<li class=\"paddingtop3\"><a href=\"https:\/\/www.ottawahospital.on.ca\/fr\/services-cliniques\/deptpgrmcs\/cliniques-et-services\/clinique-dendoscopie\/enseignement-aux-patients\/\">Guides d&rsquo;accompagnement du patient<\/a><\/li>\n<\/ul>\n<\/div>\n<div class=\"relatedlinks links2 col-md-4 nopaddingright\">\n<h3>Apr\u00e8s la chirurgie<\/h3>\n<ul>\n<li class=\"paddingtop10 paddingbottom10\"><a href=\"\/fr\/services-cliniques\/ma-chirurgie\/controle-de-ma-douleur\/\">Contr\u00f4le de ma douleur<\/a><\/li>\n<li class=\"paddingtop10 paddingbottom10\"><a href=\"\/fr\/services-cliniques\/ma-chirurgie\/mon-retablissement-apres-la-chirurgie\/\">Mon r\u00e9tablissement apr\u00e8s la chirurgie<\/a><\/li>\n<li class=\"paddingtop20 paddingbottom20\"><a href=\"\/fr\/patients-et-visiteurs\/soutien-et-suivi\/\">Soutien et suivi<\/a><\/li>\n<\/ul>\n<\/div>\n<div class=\"relatedlinks links3 col-md-4 nopaddingright\">\n<h3>Un de mes proches doit avoir une chirurgie<\/h3>\n<ul>\n<li class=\"paddingtop20 paddingbottom20\"><a href=\"\/fr\/patients-et-visiteurs\/directions-et-plans-des-campus\/comment-se-rendre\/\">Comment se rendre<\/a><\/li>\n<li class=\"paddingtop20 paddingbottom20\"><a href=\"\/fr\/patients-et-visiteurs\/directions-et-plans-des-campus\/stationnement\/\">Stationnement<\/a><\/li>\n<li class=\"paddingtop10 paddingbottom10\"><a href=\"\/fr\/patients-et-visiteurs\/visites-a-lhopital\/heures-et-politiques-de-visite\/\">Heures et politique de visite<\/a><\/li>\n<\/ul>\n<\/div>\n<\/div>\n","protected":false},"excerpt":{"rendered":"<p>Avant la chirurgie Mes formulaires \u00e0 remplir Pr\u00e9voir d\u00e8s AUJOURD&rsquo;HUI mon cong\u00e9 de l&rsquo;h\u00f4pital Guides d&rsquo;accompagnement du patient Apr\u00e8s la chirurgie Contr\u00f4le de ma douleur Mon r\u00e9tablissement apr\u00e8s la chirurgie Soutien et suivi Un de mes proches doit avoir une chirurgie Comment se rendre Stationnement Heures et politique de visite<\/p>\n","protected":false},"author":25,"featured_media":0,"parent":56,"menu_order":5,"comment_status":"closed","ping_status":"closed","template":"template_landingpage.php","meta":{"_acf_changed":false,"_mc_calendar":[],"footnotes":""},"class_list":["post-7926","page","type-page","status-publish","hentry"],"acf":[],"wps_subtitle":"","_links":{"self":[{"href":"https:\/\/www.ottawahospital.on.ca\/fr\/wp-json\/wp\/v2\/pages\/7926","targetHints":{"allow":["GET"]}}],"collection":[{"href":"https:\/\/www.ottawahospital.on.ca\/fr\/wp-json\/wp\/v2\/pages"}],"about":[{"href":"https:\/\/www.ottawahospital.on.ca\/fr\/wp-json\/wp\/v2\/types\/page"}],"author":[{"embeddable":true,"href":"https:\/\/www.ottawahospital.on.ca\/fr\/wp-json\/wp\/v2\/users\/25"}],"replies":[{"embeddable":true,"href":"https:\/\/www.ottawahospital.on.ca\/fr\/wp-json\/wp\/v2\/comments?post=7926"}],"version-history":[{"count":0,"href":"https:\/\/www.ottawahospital.on.ca\/fr\/wp-json\/wp\/v2\/pages\/7926\/revisions"}],"up":[{"embeddable":true,"href":"https:\/\/www.ottawahospital.on.ca\/fr\/wp-json\/wp\/v2\/pages\/56"}],"wp:attachment":[{"href":"https:\/\/www.ottawahospital.on.ca\/fr\/wp-json\/wp\/v2\/media?parent=7926"}],"curies":[{"name":"wp","href":"https:\/\/api.w.org\/{rel}","templated":true}]}}