{"id":7922,"date":"2016-11-16T15:42:14","date_gmt":"2016-11-16T20:42:14","guid":{"rendered":"http:\/\/52.229.122.34\/fr\/?page_id=7922"},"modified":"2022-08-09T13:55:42","modified_gmt":"2022-08-09T17:55:42","slug":"programmes-specialises","status":"publish","type":"page","link":"https:\/\/www.ottawahospital.on.ca\/fr\/services-cliniques\/programmes-specialises\/","title":{"rendered":"Programmes sp\u00e9cialis\u00e9s"},"content":{"rendered":"<div class=\"toh-row-content\">\n<div class=\"col-sm-6 col-md-4 mb-4\">\n<div class=\"toh-card h-100\">\n<div class=\"toh-card-inner\">\n<div class=\"toh-card-body\">\n<h5 class=\"toh-card-title\"><a href=\"\/fr\/services-cliniques\/deptpgrmcs\/departements\/centre-de-readaptation\/\">Centre de r\u00e9adaptation de L&rsquo;H\u00f4pital d&rsquo;Ottawa<\/a><\/h5>\n<div class=\"toh-card-text\">\n<p>Le Centre de r\u00e9adaptation de L&rsquo;H\u00f4pital d&rsquo;Ottawa se sp\u00e9cialise dans la r\u00e9adaptation physique d&rsquo;adultes qui pr\u00e9sentent une maladie ou une blessure invalidante. On y offre des services de diagnostic et de r\u00e9adaptation aux patients hospitalis\u00e9s et aux patients externes touch\u00e9s par une amputation, un traumatisme cr\u00e2nien ou m\u00e9dullaire, un accident vasculaire c\u00e9r\u00e9brale, une maladie respiratoire, la scl\u00e9rose en plaques, de la douleur chronique ou un trouble de la communication.<\/p>\n<\/div>\n<\/div>\n<\/div>\n<\/div>\n<\/div>\n<div class=\"col-sm-6 col-md-4 mb-4\">\n<div class=\"toh-card h-100\">\n<div class=\"toh-card-inner\">\n<div class=\"toh-card-body\">\n<h5 class=\"toh-card-title\"><a href=\"\/fr\/services-cliniques\/deptpgrmcs\/programmes\/centre-de-sante-pour-les-femmes-shirley-e-greenberg\/\">Centre de sant\u00e9 pour les femmes Shirley E. Greenberg<\/a><\/h5>\n<div class=\"toh-card-text\">\n<p>Le Centre fait partie du <a href=\"\/fr\/services-cliniques\/deptpgrmcs\/departements\/obstetrique-gynecologie-et-soins-aux-nouveau-nes\/\">D\u00e9partement d\u2019obst\u00e9trique, de gyn\u00e9cologie et de soins aux nouveau-n\u00e9s<\/a> de L\u2019H\u00f4pital d\u2019Ottawa. Il est situ\u00e9 au 7<sup>e<\/sup> \u00e9tage du Campus Riverside. Il a ouvert ses portes en janvier 2005 pour aider \u00e0 r\u00e9aliser la vision de L&rsquo;H\u00f4pital d\u2019Ottawa\u00a0: fournir des soins cliniques, de la formation et de la recherche avant-gardistes en partenariat avec l\u2019Universit\u00e9 d\u2019Ottawa et l\u2019Institut de recherche de l\u2019H\u00f4pital d\u2019Ottawa.<\/p>\n<\/div>\n<\/div>\n<\/div>\n<\/div>\n<\/div>\n<div class=\"col-sm-6 col-md-4 mb-4\">\n<div class=\"toh-card h-100\">\n<div class=\"toh-card-inner\">\n<div class=\"toh-card-body\">\n<h5 class=\"toh-card-title\"><a href=\"\/fr\/services-cliniques\/deptpgrmcs\/programmes\/centre-foustanellas-dendocrinologie-et-du-diabete\/\">Centre Foustanellas d\u2019endocrinologie et du diab\u00e8te<\/a><\/h5>\n<div class=\"toh-card-text\">\n<p>Nous fournissons des soins hospitaliers et ambulatoires sp\u00e9cialis\u00e9s, en fran\u00e7ais et en anglais, aux patients et aux familles qui vivent avec une vari\u00e9t\u00e9 de troubles endocriniens et m\u00e9taboliques comme le diab\u00e8te, des anomalies lipidiques, des troubles thyro\u00efdiens, dont le cancer de la thyro\u00efde, l\u2019ost\u00e9oporose ou des troubles de la glande parathyro\u00efde, de l\u2019hypophyse et des glandes surr\u00e9nales.<\/p>\n<\/div>\n<\/div>\n<\/div>\n<\/div>\n<\/div>\n<\/div>\n<div class=\"toh-row-content\">\n<div class=\"col-sm-6 col-md-4 mb-4\">\n<div class=\"toh-card h-100\">\n<div class=\"toh-card-inner\">\n<div class=\"toh-card-body\">\n<h5 class=\"toh-card-title\"><a href=\"\/fr\/services-cliniques\/deptpgrmcs\/programmes\/dons-de-rein\/\">Dons de rein<\/a><\/h5>\n<div class=\"toh-card-text\">\n<p>L&rsquo;H\u00f4pital d&rsquo;Ottawa dispose d\u2019un programme bien \u00e9tabli pour les dons de rein de personnes vivantes. Ces derni\u00e8res ann\u00e9es, il y a eu de plus en plus de transplantations de reins provenant de personnes vivantes. Au Canada, les donneurs vivants sont plus nombreux que les donneurs d\u00e9c\u00e9d\u00e9s. Pourtant, m\u00eame si on a fait un plus grand nombre de transplantations d\u2019organes pr\u00e9lev\u00e9s sur des personnes vivantes \u00e0 Ottawa et dans tout le pays ces derni\u00e8res ann\u00e9es, il y a toujours une p\u00e9nurie de reins pour les patients dont le nom se trouve sur la liste d\u2019attente. Des patients meurent ainsi chaque ann\u00e9e en attente d\u2019un rein.<\/p>\n<\/div>\n<\/div>\n<\/div>\n<\/div>\n<\/div>\n<div class=\"col-sm-6 col-md-4 mb-4\">\n<div class=\"toh-card h-100\">\n<div class=\"toh-card-inner\">\n<div class=\"toh-card-body\">\n<h5 class=\"toh-card-title\"><a href=\"\/fr\/services-cliniques\/deptpgrmcs\/programmes\/epilepsie\/\">\u00c9pilepsie<\/a><\/h5>\n<div class=\"toh-card-text\">\n<p>Le Programme d\u2019\u00e9pilepsie pour adultes de L\u2019H\u00f4pital d\u2019Ottawa est l\u2019un des quatre piliers du programme \u00c9pilepsie Ottawa. Le Programme d\u2019\u00e9pilepsie pour adultes de L\u2019H\u00f4pital d\u2019Ottawa fonctionne actuellement comme un centre de district de l\u2019\u00e9pilepsie selon la strat\u00e9gie de l\u2019Ontario pour le traitement de l\u2019\u00e9pilepsie. Nous offrons en ce moment des soins sp\u00e9cialis\u00e9s pour l\u2019\u00e9pilepsie, ainsi que l\u2019\u00e9valuation neurodiagnostique, des services neuropsychologiques et des \u00e9valuations non invasives en vue d\u2019une chirurgie pour l\u2019\u00e9pilepsie. Nous avons une Unit\u00e9 de surveillance de l\u2019\u00e9pilepsie, une unit\u00e9 de soins \u00e0 deux lits o\u00f9 nous pouvons diagnostiquer les formes d\u2019\u00e9pilepsie qui r\u00e9sistent aux m\u00e9dicaments<\/p>\n<\/div>\n<\/div>\n<\/div>\n<\/div>\n<\/div>\n<div class=\"col-sm-6 col-md-4 mb-4\">\n<div class=\"toh-card h-100\">\n<div class=\"toh-card-inner\">\n<div class=\"toh-card-body\">\n<h5 class=\"toh-card-title\"><a href=\"\/fr\/services-cliniques\/deptpgrmcs\/programmes\/equipe-de-sante-familiale\/\">\u00c9quipe universitaire de sant\u00e9 familiale de L\u2019H\u00f4pital Ottawa<\/a><\/h5>\n<div class=\"toh-card-text\">\n<p>L\u2019\u00c9quipe universitaire de sant\u00e9 familiale de L\u2019H\u00f4pital Ottawa est compos\u00e9e d\u2019un groupe de professionnels de la sant\u00e9 qui travaillent ensemble pour aider les patients. Ils offrent des soins primaires aux personnes \u00e2g\u00e9es, aux enfants, aux femmes enceintes, aux adolescents, ainsi qu\u2019\u00e0 l\u2019ensemble de la population.<\/p>\n<\/div>\n<\/div>\n<\/div>\n<\/div>\n<\/div>\n<\/div>\n<div class=\"toh-row-content\">\n<div class=\"col-sm-6 col-md-4 mb-4\">\n<div class=\"toh-card h-100\">\n<div class=\"toh-card-inner\">\n<div class=\"toh-card-body\">\n<h5 class=\"toh-card-title\"><a href=\"https:\/\/www.ottawaheart.ca\/fr\" target=\"_blank\" rel=\"noopener noreferrer\">Institut de cardiologie<\/a><\/h5>\n<div class=\"toh-card-text\">\n<p>L\u2019Institut de cardiologie de l\u2019Universit\u00e9 d\u2019Ottawa est le centre de sant\u00e9 cardiovasculaire le plus important et le plus innovateur au Canada. Il se consacre \u00e0 la recherche sur les maladies du c\u0153ur, ainsi qu\u2019\u00e0 leur traitement et \u00e0 leur pr\u00e9vention. Son personnel offre des soins avant-gardistes personnalis\u00e9s, en plus de fa\u00e7onner la pratique de la m\u00e9decine cardiovasculaire et de r\u00e9volutionner notre compr\u00e9hension et le traitement des maladies du c\u0153ur. Gr\u00e2ce \u00e0 la recherche, on y acquiert de nouvelles connaissances et les met \u00e0 profit pour am\u00e9liorer les soins aux patients.<\/p>\n<\/div>\n<\/div>\n<\/div>\n<\/div>\n<\/div>\n<div class=\"col-sm-6 col-md-4 mb-4\">\n<div class=\"toh-card h-100\">\n<div class=\"toh-card-inner\">\n<div class=\"toh-card-body\">\n<h5 class=\"toh-card-title\"><a href=\"\/fr\/services-cliniques\/deptpgrmcs\/programmes\/institut-de-loeil\/\">Institut de l\u2019\u0153il<\/a><\/h5>\n<div class=\"toh-card-text\">\n<p>L\u2019Institut de l\u2019\u0153il de l\u2019Universit\u00e9 d\u2019Ottawa dispose d\u2019installations de calibre mondial. Il est reconnu \u00e0 l\u2019\u00e9chelle internationale pour l\u2019excellence des soins oculaires prodigu\u00e9s aux patients. C\u2019est l\u2019un des plus importants centres de soins cliniques, d\u2019enseignement et de recherche en ophtalmologie au Canada. Il compte 28 ophtalmologistes \u00e0 temps plein et partiel et 6 chercheurs titulaires d\u2019un doctorat. Il fait partie de l\u2019Institut de recherche de l\u2019H\u00f4pital d\u2019Ottawa et de la Facult\u00e9 de m\u00e9decine de l\u2019Universit\u00e9 d\u2019Ottawa et est situ\u00e9 au Campus G\u00e9n\u00e9ral de L\u2019H\u00f4pital d\u2019Ottawa.<\/p>\n<\/div>\n<\/div>\n<\/div>\n<\/div>\n<\/div>\n<div class=\"col-sm-6 col-md-4 mb-4\">\n<div class=\"toh-card h-100\">\n<div class=\"toh-card-inner\">\n<div class=\"toh-card-body\">\n<h5 class=\"toh-card-title\"><a href=\"https:\/\/www.ottawaheart.ca\/fr\" target=\"_blank\" rel=\"noopener noreferrer\">Programme de canc\u00e9rologie de L\u2019H\u00f4pital d\u2019Ottawa<\/a><\/h5>\n<div class=\"toh-card-text\">\n<p>Le Programme de canc\u00e9rologie de L\u2019H\u00f4pital d\u2019Ottawa est un programme complet qui sert la population d\u2019une r\u00e9gion qui s\u2019\u00e9tend de Deep River \u00e0 Hawkesbury, en passant par Cornwall. Notre personnel et nos m\u00e9decins sont au centre de ce programme de canc\u00e9rologie. Ils supervisent et veillent \u00e0 la qualit\u00e9 des services\u00a0 offerts dans l\u2019ensemble de la r\u00e9gion. Notre objectif est d\u2019offrir des soins le plus pr\u00e8s possible du domicile des patients.<\/p>\n<\/div>\n<\/div>\n<\/div>\n<\/div>\n<\/div>\n<\/div>\n<div class=\"toh-row-content\">\n<div class=\"col-sm-6 col-md-4 mb-4\">\n<div class=\"toh-card h-100\">\n<div class=\"toh-card-inner\">\n<div class=\"toh-card-body\">\n<h5 class=\"toh-card-title\"><a href=\"\/fr\/services-cliniques\/deptpgrmcs\/programmes\/programme-de-soins-aux-victimes-dagression-sexuelle-ou-dabus-par-un-partenaire\/\">Programme de soins aux victimes d&rsquo;agression sexuelle ou d&rsquo;abus par un partenaire<\/a><\/h5>\n<div class=\"toh-card-text\">\n<p>est form\u00e9 d\u2019une \u00e9quipe de professionnels de la sant\u00e9 sp\u00e9cialis\u00e9s et disponibles 24 heures sur 24, 365\u00a0jours par ann\u00e9e, pour les clients dans la r\u00e9gion d\u2018Ottawa. Nous offrons de fa\u00e7on priv\u00e9e et confidentielle des soins m\u00e9dicaux de courte dur\u00e9e aux femmes et aux hommes de 16 ans et plus qui ont \u00e9t\u00e9 victimes d\u2019agression sexuelle ou d\u2019abus par un partenaire, et ce, jusqu\u2019\u00e0 90 jours apr\u00e8s l\u2019incident. Nous offrons aussi un suivi complet pendant jusqu\u2019\u00e0 trois mois apr\u00e8s la visite initiale.<\/p>\n<\/div>\n<\/div>\n<\/div>\n<\/div>\n<\/div>\n<div class=\"col-sm-6 col-md-4 mb-4\">\n<div class=\"toh-card h-100\">\n<div class=\"toh-card-inner\">\n<div class=\"toh-card-body\">\n<h5 class=\"toh-card-title\"><a href=\"\/fr\/services-cliniques\/deptpgrmcs\/programmes\/projet-pilote-provincial-sur-les-besoins-a-long-terme-en-matiere-de-ventilation\/\">Projet pilote provincial sur les besoins \u00e0 long terme en mati\u00e8re de ventilation<\/a><\/h5>\n<div class=\"toh-card-text\">\n<p>L\u2019H\u00f4pital d\u2019Ottawa et le programme CANVent collaborent avec le minist\u00e8re de la Sant\u00e9 et plusieurs autres h\u00f4pitaux dans le cadre d\u2019un projet pilote sur trois ans visant \u00e0 am\u00e9liorer les transitions cliniques et la qualit\u00e9 de vie des patients qui ont besoin d\u2019une ventilation \u00e0 long terme.<\/p>\n<\/div>\n<\/div>\n<\/div>\n<\/div>\n<\/div>\n<div class=\"col-sm-6 col-md-4 mb-4\">\n<div class=\"toh-card h-100\">\n<div class=\"toh-card-inner\">\n<div class=\"toh-card-body\">\n<h5 class=\"toh-card-title\"><a href=\"\/fr\/services-cliniques\/deptpgrmcs\/programmes\/reseau-des-travailleurs-de-lontario\/\">R\u00e9seau des travailleurs de l\u2019Ontario (OWN)<\/a><\/h5>\n<div class=\"toh-card-text\">\n<p>Le R\u00e9seau des travailleurs de l\u2019Ontario (OWN) est un r\u00e9seau provincial regroupant des h\u00f4pitaux et des professionnels de la sant\u00e9 exp\u00e9riment\u00e9s dans le but de fournir des soins de calibre mondial aux travailleurs de leurs collectivit\u00e9s. Bas\u00e9 \u00e0 L\u2019H\u00f4pital d\u2019Ottawa, le R\u00e9seau OWN est l\u2019un des plus importants fournisseurs de services de la Commission de la s\u00e9curit\u00e9 professionnelle et de l\u2019assurance contre les accidents du travail (WSIB), et gr\u00e2ce \u00e0 notre \u00e9quipe multidisciplinaire de professionnels aguerris, nous nous sommes engag\u00e9s \u00e0 offrir des soins sp\u00e9cialis\u00e9s aux travailleurs bless\u00e9s.<\/p>\n<\/div>\n<\/div>\n<\/div>\n<\/div>\n<\/div>\n<\/div>\n","protected":false},"excerpt":{"rendered":"<p>Centre de r\u00e9adaptation de L&rsquo;H\u00f4pital d&rsquo;Ottawa Le Centre de r\u00e9adaptation de L&rsquo;H\u00f4pital d&rsquo;Ottawa se sp\u00e9cialise dans la r\u00e9adaptation physique d&rsquo;adultes qui pr\u00e9sentent une maladie ou une blessure invalidante. On y offre des services de diagnostic et de r\u00e9adaptation aux patients hospitalis\u00e9s et aux patients externes touch\u00e9s par une amputation, un traumatisme cr\u00e2nien ou m\u00e9dullaire, un [&hellip;]<\/p>\n","protected":false},"author":25,"featured_media":0,"parent":56,"menu_order":2,"comment_status":"closed","ping_status":"closed","template":"","meta":{"_acf_changed":false,"_mc_calendar":[],"footnotes":""},"class_list":["post-7922","page","type-page","status-publish","hentry"],"acf":[],"wps_subtitle":"","_links":{"self":[{"href":"https:\/\/www.ottawahospital.on.ca\/fr\/wp-json\/wp\/v2\/pages\/7922","targetHints":{"allow":["GET"]}}],"collection":[{"href":"https:\/\/www.ottawahospital.on.ca\/fr\/wp-json\/wp\/v2\/pages"}],"about":[{"href":"https:\/\/www.ottawahospital.on.ca\/fr\/wp-json\/wp\/v2\/types\/page"}],"author":[{"embeddable":true,"href":"https:\/\/www.ottawahospital.on.ca\/fr\/wp-json\/wp\/v2\/users\/25"}],"replies":[{"embeddable":true,"href":"https:\/\/www.ottawahospital.on.ca\/fr\/wp-json\/wp\/v2\/comments?post=7922"}],"version-history":[{"count":0,"href":"https:\/\/www.ottawahospital.on.ca\/fr\/wp-json\/wp\/v2\/pages\/7922\/revisions"}],"up":[{"embeddable":true,"href":"https:\/\/www.ottawahospital.on.ca\/fr\/wp-json\/wp\/v2\/pages\/56"}],"wp:attachment":[{"href":"https:\/\/www.ottawahospital.on.ca\/fr\/wp-json\/wp\/v2\/media?parent=7922"}],"curies":[{"name":"wp","href":"https:\/\/api.w.org\/{rel}","templated":true}]}}