{"id":7916,"date":"2016-11-16T15:33:56","date_gmt":"2016-11-16T20:33:56","guid":{"rendered":"http:\/\/52.229.122.34\/fr\/?page_id=7916"},"modified":"2016-12-09T11:14:31","modified_gmt":"2016-12-09T16:14:31","slug":"service-de-suppleance-a-la-communication-orale-et-ecrite","status":"publish","type":"page","link":"https:\/\/www.ottawahospital.on.ca\/fr\/services-cliniques\/deptpgrmcs\/programmes\/service-de-suppleance-a-la-communication-orale-et-ecrite\/","title":{"rendered":"Service de suppl\u00e9ance \u00e0 la communication orale et \u00e9crite"},"content":{"rendered":"<div>\n<h2>Qu\u2019est-ce que le Service de suppl\u00e9ance \u00e0 la communication orale et \u00e9crite?<\/h2>\n<p>Le Service de suppl\u00e9ance \u00e0 la communication orale et \u00e9crite s\u2019adresse aux adultes qui ont des incapacit\u00e9s physiques. Par services de suppl\u00e9ance \u00e0 la communication orale et \u00e9crite, on entend diverses strat\u00e9gies et technologies utilis\u00e9es pour aider les personnes qui n\u2019arrivent pas \u00e0 parler ou \u00e0 \u00e9crire de mani\u00e8re autonome.<\/p>\n<p>Ces strat\u00e9gies peuvent comprendre des techniques de communication non verbale comme l\u2019expression du visage et le pointage \u00e0 l\u2019\u0153il, ainsi que des syst\u00e8mes comme :<\/p>\n<ul>\n<li>un tableau alphab\u00e9tique, un tableau de pictogrammes ou de symboles<\/li>\n<li>un appareil \u00e9lectronique produisant une voix synth\u00e9tique ou digitalis\u00e9e<\/li>\n<li>un syst\u00e8me informatique adapt\u00e9.<\/li>\n<\/ul>\n<h2>\u00c0 qui s\u2019adressent nos services?<\/h2>\n<p>Nous offrons des services aux adultes de 18 ans et plus qui ont une incapacit\u00e9 physique acquise ou cong\u00e9nitale et :<\/p>\n<ul>\n<li>qui n\u2019arrivent pas \u00e0 communiquer verbalement (p. ex. qui parlent peu ou pas, ou qui ont de la difficult\u00e9 \u00e0 comprendre la parole) et qui ont besoin d\u2019aide pour communiquer en personne au quotidien, ou<\/li>\n<li>qui ont besoin d&rsquo;\u00e9crire au quotidien, mais qui n&rsquo;arrivent pas le faire.<\/li>\n<\/ul>\n<h2>Qui sont les membres de notre \u00e9quipe?<\/h2>\n<p>Notre \u00e9quipe regroupe des professionnels de diff\u00e9rents secteurs, y compris :<\/p>\n<ul>\n<li>les troubles de la communication (orthophonistes)<\/li>\n<li>l\u2019ergoth\u00e9rapie<\/li>\n<li>les services techniques de r\u00e9adaptation.<\/li>\n<\/ul>\n<h2>Quels services offrons-nous?<\/h2>\n<p>Notre \u00e9quipe \u00e9value les capacit\u00e9s du patient et recommande un syst\u00e8me en fonction de ses besoins. Nous l\u2019aidons ensuite \u00e0 obtenir l\u2019\u00e9quipement requis et \u00e0 l\u2019ajuster.<\/p>\n<p>Notre service \u00e9tant reconnu par le Programme des appareils et accessoires fonctionnels (PAAF), nous pouvons recommander une gamme d\u2019appareils et obtenir du financement du PAAF pour la location et l\u2019achat de ces appareils. Nous les testons et offrons du soutien continu. <strong>Equipment trials and continued team support are provided.<\/strong><\/p>\n<h2>Comment peut-on obtenir une consultation?<\/h2>\n<p>\u00c0 titre de service du Centre de r\u00e9adaptation de L\u2019H\u00f4pital d\u2019Ottawa, nous acceptons les demandes de consultation de tous les physiatres du Centre. Les m\u00e9decins de famille peuvent \u00e9galement soumettre une demande de consultation, mais le patient doit d\u2019abord consulter un physiatre. Il faut \u00e9galement remplir un formulaire d\u2019\u00e9valuation.<\/p>\n<p><strong>Pour en savoir plus, t\u00e9l\u00e9phonez-nous au 613-737-7350, poste 78254.<\/strong>\n<\/div>\n","protected":false},"excerpt":{"rendered":"<p>Qu\u2019est-ce que le Service de suppl\u00e9ance \u00e0 la communication orale et \u00e9crite? Le Service de suppl\u00e9ance \u00e0 la communication orale et \u00e9crite s\u2019adresse aux adultes qui ont des incapacit\u00e9s physiques. Par services de suppl\u00e9ance \u00e0 la communication orale et \u00e9crite, on entend diverses strat\u00e9gies et technologies utilis\u00e9es pour aider les personnes qui n\u2019arrivent pas \u00e0 [&hellip;]<\/p>\n","protected":false},"author":25,"featured_media":0,"parent":7866,"menu_order":2,"comment_status":"closed","ping_status":"closed","template":"","meta":{"_acf_changed":false,"_mc_calendar":[],"footnotes":""},"class_list":["post-7916","page","type-page","status-publish","hentry"],"acf":[],"wps_subtitle":"","_links":{"self":[{"href":"https:\/\/www.ottawahospital.on.ca\/fr\/wp-json\/wp\/v2\/pages\/7916","targetHints":{"allow":["GET"]}}],"collection":[{"href":"https:\/\/www.ottawahospital.on.ca\/fr\/wp-json\/wp\/v2\/pages"}],"about":[{"href":"https:\/\/www.ottawahospital.on.ca\/fr\/wp-json\/wp\/v2\/types\/page"}],"author":[{"embeddable":true,"href":"https:\/\/www.ottawahospital.on.ca\/fr\/wp-json\/wp\/v2\/users\/25"}],"replies":[{"embeddable":true,"href":"https:\/\/www.ottawahospital.on.ca\/fr\/wp-json\/wp\/v2\/comments?post=7916"}],"version-history":[{"count":0,"href":"https:\/\/www.ottawahospital.on.ca\/fr\/wp-json\/wp\/v2\/pages\/7916\/revisions"}],"up":[{"embeddable":true,"href":"https:\/\/www.ottawahospital.on.ca\/fr\/wp-json\/wp\/v2\/pages\/7866"}],"wp:attachment":[{"href":"https:\/\/www.ottawahospital.on.ca\/fr\/wp-json\/wp\/v2\/media?parent=7916"}],"curies":[{"name":"wp","href":"https:\/\/api.w.org\/{rel}","templated":true}]}}