{"id":7874,"date":"2016-11-16T14:55:44","date_gmt":"2016-11-16T19:55:44","guid":{"rendered":"http:\/\/52.229.122.34\/fr\/?page_id=7874"},"modified":"2024-06-20T12:07:52","modified_gmt":"2024-06-20T16:07:52","slug":"lesions-cerebrales-acquises","status":"publish","type":"page","link":"https:\/\/www.ottawahospital.on.ca\/fr\/services-cliniques\/deptpgrmcs\/programmes\/lesions-cerebrales-acquises\/","title":{"rendered":"L\u00e9sions c\u00e9r\u00e9brales acquises"},"content":{"rendered":"<h2>Vue d&rsquo;ensemble<\/h2>\n<p>Le Programme des l\u00e9sions c\u00e9r\u00e9brales acquises du Centre de r\u00e9adaptation de L\u2019H\u00f4pital d\u2019Ottawa fournit un \u00e9ventail de soins ax\u00e9s sur le patient, du stade de soins de courte dur\u00e9e jusqu\u2019\u00e0 la r\u00e9int\u00e9gration dans la collectivit\u00e9. On y offre l\u2019\u00e9valuation et l\u2019intervention th\u00e9rapeutiques, ax\u00e9es sur les buts, qui portent sur les besoins cognitifs, comportementaux, psychosociaux et physiques. L\u2019objectif de ce programme de soins est d\u2019aider les personnes ayant une l\u00e9sion c\u00e9r\u00e9brale acquise \u00e0 atteindre un niveau maximal de fonctionnement.<\/p>\n<p>On offre des soins interdisciplinaires, comme la r\u00e9adaptation cognitive, la r\u00e9adaptation comportementale pour les patients qui ont de graves probl\u00e8mes comportementaux, la r\u00e9adaptation transitionnelle \u00e0 des milieux de vie autonome pour les patients qui ont le potentiel d\u2019acqu\u00e9rir les habilet\u00e9s n\u00e9cessaires.<\/p>\n<p>Voici les objectifs du Programme des l\u00e9sions c\u00e9r\u00e9brales acquises :<\/p>\n<ul>\n<li>Fournir des soins adapt\u00e9s aux besoins des patients par le biais d\u2019une \u00e9quipe bien structur\u00e9e<\/li>\n<li>S\u2019assurer que les patients obtiennent les meilleurs r\u00e9sultats possibles<\/li>\n<li>Orienter les ressources pour r\u00e9pondre de fa\u00e7on optimale aux besoins des patients.<\/li>\n<\/ul>\n<h2>Nos services<\/h2>\n<p>Le Programme des l\u00e9sions c\u00e9r\u00e9brales acquises offre des services dans les quatre domaines suivants\u00a0:<\/p>\n<p><a href=\"\/fr\/services-cliniques\/deptpgrmcs\/departements\/centre-de-readaptation\/services-et-cliniques\/programme-de-lesions-cerebrales-acquises\/service-aux-patients-hospitalises-ayant-une-lesion-cerebrale-acquise\/\">Service aux patients hospitalis\u00e9s ayant une l\u00e9sion c\u00e9r\u00e9brale acquise<\/a> (H\u00f4pital de jour et clinique externe)<\/p>\n<ul>\n<li>Nutrition clinique<\/li>\n<li>Pharmacie clinique<\/li>\n<li>Soins infirmiers<\/li>\n<li>Ergoth\u00e9rapie<\/li>\n<li>Physioth\u00e9rapie<\/li>\n<li>Physiatrie<\/li>\n<li>Psychologie<\/li>\n<li>Travail social<\/li>\n<li>Orthophonie<\/li>\n<li>Loisirs th\u00e9rapeutiques<\/li>\n<li>Counselling en r\u00e9adaptation professionnelle<\/li>\n<\/ul>\n<p><a href=\"\/fr\/services-cliniques\/deptpgrmcs\/cliniques-et-services\/readaptation-comportementale\/\" target=\"_blank\" rel=\"noopener noreferrer\">Service de r\u00e9adaptation comportementale<\/a><\/p>\n<ul>\n<li>\u00c9valuation initiale et soutien continu par un physiatre (m\u00e9decin sp\u00e9cialis\u00e9 dans la m\u00e9decine physique et la r\u00e9adaptation)<\/li>\n<li>\u00c9valuations et th\u00e9rapies propres aux diff\u00e9rentes disciplines, dont la nutrition clinique, les soins infirmiers, la psychiatrie, la psychologie, l\u2019ergoth\u00e9rapie, la physioth\u00e9rapie, l\u2019orthophonie, le travail social et les loisirs th\u00e9rapeutiques<\/li>\n<li>R\u00e9adaptation neurocognitive<\/li>\n<li>\u00c9valuation et intervention comportementales<\/li>\n<li>D\u00e9veloppement des comp\u00e9tences en communication<\/li>\n<li>Formation et soutien aux activit\u00e9s de la vie quotidienne<\/li>\n<li>D\u00e9veloppement des habilet\u00e9s r\u00e9cr\u00e9atives et de loisirs<\/li>\n<li>Counseling psychosocial<\/li>\n<li>Counseling et sensibilisation des clients, des familles et des fournisseurs de soins concernant les l\u00e9sions c\u00e9r\u00e9brales acquises<\/li>\n<li>Services de consultation pour les fournisseurs communautaires de services, et sensibilisation et soutien de formation de ces fournisseurs<\/li>\n<li>R\u00e9adaptation en milieu communautaire assur\u00e9e par des th\u00e9rapeutes en r\u00e9adaptation, sous la direction d\u2019un professionnel de la sant\u00e9 r\u00e9glement\u00e9<\/li>\n<li>Recherche d\u2019occasions pour le client de retrouver et de conserver un niveau optimal d\u2019autonomie physique, cognitive et psychosociale, en fonction d\u2019objectifs de r\u00e9adaptation ax\u00e9s sur le patient et sa famille<\/li>\n<\/ul>\n<p><a href=\"\/fr\/services-cliniques\/deptpgrmcs\/departements\/centre-de-readaptation\/services-et-cliniques\/programme-de-lesions-cerebrales-acquises\/centre-robin-easey\/\">Centre Robin-Easey<\/a><\/p>\n<ul>\n<li>Adaptation \u00e9motionnelle<\/li>\n<li>Autom\u00e9dication<\/li>\n<li>Connaissance de soi<\/li>\n<li>Contr\u00f4le de ses impulsions<\/li>\n<li>Utilisation du transport en commun<\/li>\n<li>Gestion de la col\u00e8re<\/li>\n<li>Gestion de la maison<\/li>\n<li>Gestion des finances<\/li>\n<li>Gestion du stress<\/li>\n<li>Habilet\u00e9s sociales<\/li>\n<li>Information sur les l\u00e9sions c\u00e9r\u00e9brales<\/li>\n<li>Organisation et planification<\/li>\n<li>Pr\u00e9paration \u00e0 exercer un m\u00e9tier<\/li>\n<li>Relations familiales<\/li>\n<li>R\u00e9solution de probl\u00e8mes<\/li>\n<li>Strat\u00e9gies de m\u00e9moire<\/li>\n<li>Utilisation des transports publics<\/li>\n<\/ul>\n<p><a href=\"\/fr\/services-cliniques\/deptpgrmcs\/cliniques-et-services\/lesions-cerebrales-acquises-clinique-externe\/\" target=\"_blank\" rel=\"noopener noreferrer\">Clinique externe de traitement des l\u00e9sions c\u00e9r\u00e9brales acquises<\/a><\/p>\n<ul>\n<li>\u00c9valuation initiale et soutien permanent par une infirmi\u00e8re autoris\u00e9e et un physiatre (m\u00e9decin sp\u00e9cialis\u00e9 dans la m\u00e9decine physique et la r\u00e9adaptation)<\/li>\n<li>\u00c9valuations et th\u00e9rapies propres aux diff\u00e9rentes disciplines, dont les suivantes\u00a0:\n<ul>\n<li>Soins infirmiers<\/li>\n<li>Ergoth\u00e9rapie<\/li>\n<li>Physioth\u00e9rapie<\/li>\n<li>Psychologie<\/li>\n<li>Orthophonie<\/li>\n<li>Travail social<\/li>\n<li>Loisirs th\u00e9rapeutiques<\/li>\n<\/ul>\n<\/li>\n<\/ul>\n<h2>Notre \u00e9quipe<\/h2>\n<p>L\u2019\u00e9quipe interdisciplinaire comprend des sp\u00e9cialistes dans les domaines suivants\u00a0:<\/p>\n<ul>\n<li>Conseiller(\u00e8re) en autonomie fonctionnelle<\/li>\n<li>Ergoth\u00e9rapie<\/li>\n<li>Loisirs th\u00e9rapeutiques<\/li>\n<li>Nutrition clinique<\/li>\n<li>Orthophonie<\/li>\n<li>Pharmacie clinique<\/li>\n<li>Physiatrie<\/li>\n<li>Physioth\u00e9rapie<\/li>\n<li>Psychologie<\/li>\n<li>Soins infirmiers<\/li>\n<li>Th\u00e9rapeute en r\u00e9adaptation<\/li>\n<li>Travail social<\/li>\n<li>Conseiller en r\u00e9adaptation professionnelle<\/li>\n<\/ul>\n<h2>Ressources pour les patients<\/h2>\n<ul>\n<li><a href=\"\/fr\/documents\/2017\/01\/p913frenchaug2012colourcover.pdf\" target=\"_blank\" rel=\"noopener noreferrer\">Vivre apr\u00e8s une l\u00e9sion c\u00e9r\u00e9brale : Guide \u00e0 l\u2019intention des aidants naturels et des familles<\/a><\/li>\n<li><a href=\"\/fr\/documents\/2017\/01\/p916frenchjanuary2012.pdf\" target=\"_blank\" rel=\"noopener noreferrer\">Vivre avec une l\u00e9sion c\u00e9r\u00e9brale : Guide \u00e0 l\u2019intention des patients<\/a><\/li>\n<li><a href=\"https:\/\/www.ottawahospital.on.ca\/fr\/documents\/2024\/06\/demo.pdf\/\">Guide sur la gu\u00e9rison apr\u00e8s un an\u00e9vrisme<\/a><\/li>\n<\/ul>\n<h2>Rendez-vous<\/h2>\n<p>Un h\u00f4pital, un m\u00e9decin, un professionnel de la sant\u00e9, un membre de votre famille ou une compagnie d\u2019assurance peuvent faire une demande de service. Le patient peut aussi faire lui-m\u00eame la demande de service.<\/p>\n<ul>\n<li>Le coordonnateur des admissions au Programme des l\u00e9sions c\u00e9r\u00e9brales acquises \u00e9tudie les demandes de service.<\/li>\n<li>Une fois la demande \u00e9valu\u00e9e, le physiatre du Programme des l\u00e9sions c\u00e9r\u00e9brales acquises dirige le patient vers la discipline ou le service le plus appropri\u00e9.<\/li>\n<li>Il dresse une liste d\u2019attente des patients.<\/li>\n<li>L\u2019admission se fait en fonction de la date de la demande, de l\u2019urgence du cas, de l\u2019\u00e9tat de pr\u00e9paration du patient et des services demand\u00e9s.<\/li>\n<\/ul>\n<p>Le Centre accepte les demandes des comt\u00e9s suivants :<\/p>\n<ul>\n<li>Renfrew<\/li>\n<li>Lanark<\/li>\n<li>Leeds et Grenville<\/li>\n<li>Stormont, Dundas et Glengarry<\/li>\n<li>Prescott et Russell<\/li>\n<li>Ottawa Carleton<\/li>\n<li>Ouest du Qu\u00e9bec (patients hospitalis\u00e9s seulement)<\/li>\n<\/ul>\n<p><strong>Remarque : Les services communautaires ne sont offerts que dans les comt\u00e9s \u00e9num\u00e9r\u00e9s. <\/strong>Les personnes d\u2019autres r\u00e9gions pourraient \u00eatre admissibles aux services pour patients hospitalis\u00e9s.<\/p>\n<div class=\"embed-responsive embed-responsive-16by9\"><iframe class=\"embed-responsive-item\" title=\"Video\" src=\"https:\/\/www.youtube.com\/embed\/ITsLHm7x5eE?rel=0&amp;modestbranding=1&amp;autohide=1&amp;showinfo=0&amp;controls=0\" frameborder=\"0\" allowfullscreen=\"allowfullscreen\"><\/iframe><\/div>\n<h2>Pour nous joindre<\/h2>\n<p>Veuillez adresser vos demandes de renseignements aux personnes suivantes\u00a0:<\/p>\n<p><strong>Infirmi\u00e8re de triage, admissions au Programme des l\u00e9sions c\u00e9r\u00e9brales acquises et au Service de r\u00e9adaptation comportementale pour patients hospitalis\u00e9s<br \/>\n<\/strong>Programme des l\u00e9sions c\u00e9r\u00e9brales acquises<br \/>\nCentre de r\u00e9adaptation de L\u2019H\u00f4pital d\u2019Ottawa<br \/>\n505, chemin Smyth, Ottawa, ON K1H 8M2<br \/>\nT\u00e9l\u00e9phone : 613-737-7350, poste 75685<br \/>\nT\u00e9l\u00e9copieur : 613-733-8336<\/p>\n<p><strong>Coordonnateur des admissions, Centre Robin Easey et Programme communautaire du Service de r\u00e9adaptation comportementale<br \/>\n<\/strong>Programme des l\u00e9sions c\u00e9r\u00e9brales acquises<br \/>\nCentre Robin Easey<br \/>\n125, rue Scrivens, Ottawa ON K2B 6H3<br \/>\nT\u00e9l\u00e9phone : 613-726-1558, poste 31<br \/>\nT\u00e9l\u00e9copieur : 613-726-1764<\/p>\n<h3>Veuillez adresser vos demandes concernant une consultation avec le D<sup>r<\/sup> Shawn Marshall,\u00a0 physiatre, \u00e0 la personne suivante :<\/h3>\n<p><strong>Infirmi\u00e8re clinicienne, Clinique externe de traitement des l\u00e9sions c\u00e9r\u00e9brales acquises<br \/>\n<\/strong>Programme des l\u00e9sions c\u00e9r\u00e9brales acquises<br \/>\nCentre de r\u00e9adaptation de L\u2019H\u00f4pital d\u2019Ottawa<br \/>\n505, chemin Smyth, Ottawa, ON K1H 8M2<br \/>\nT\u00e9l\u00e9phone : 613-737-7350, poste 75406<br \/>\nT\u00e9l\u00e9copieur : 613-733-8336<\/p>\n","protected":false},"excerpt":{"rendered":"<p>Vue d&rsquo;ensemble Le Programme des l\u00e9sions c\u00e9r\u00e9brales acquises du Centre de r\u00e9adaptation de L\u2019H\u00f4pital d\u2019Ottawa fournit un \u00e9ventail de soins ax\u00e9s sur le patient, du stade de soins de courte dur\u00e9e jusqu\u2019\u00e0 la r\u00e9int\u00e9gration dans la collectivit\u00e9. On y offre l\u2019\u00e9valuation et l\u2019intervention th\u00e9rapeutiques, ax\u00e9es sur les buts, qui portent sur les besoins cognitifs, comportementaux, [&hellip;]<\/p>\n","protected":false},"author":25,"featured_media":0,"parent":7866,"menu_order":1,"comment_status":"closed","ping_status":"closed","template":"","meta":{"_acf_changed":false,"_mc_calendar":[],"footnotes":""},"class_list":["post-7874","page","type-page","status-publish","hentry"],"acf":[],"wps_subtitle":"","_links":{"self":[{"href":"https:\/\/www.ottawahospital.on.ca\/fr\/wp-json\/wp\/v2\/pages\/7874","targetHints":{"allow":["GET"]}}],"collection":[{"href":"https:\/\/www.ottawahospital.on.ca\/fr\/wp-json\/wp\/v2\/pages"}],"about":[{"href":"https:\/\/www.ottawahospital.on.ca\/fr\/wp-json\/wp\/v2\/types\/page"}],"author":[{"embeddable":true,"href":"https:\/\/www.ottawahospital.on.ca\/fr\/wp-json\/wp\/v2\/users\/25"}],"replies":[{"embeddable":true,"href":"https:\/\/www.ottawahospital.on.ca\/fr\/wp-json\/wp\/v2\/comments?post=7874"}],"version-history":[{"count":0,"href":"https:\/\/www.ottawahospital.on.ca\/fr\/wp-json\/wp\/v2\/pages\/7874\/revisions"}],"up":[{"embeddable":true,"href":"https:\/\/www.ottawahospital.on.ca\/fr\/wp-json\/wp\/v2\/pages\/7866"}],"wp:attachment":[{"href":"https:\/\/www.ottawahospital.on.ca\/fr\/wp-json\/wp\/v2\/media?parent=7874"}],"curies":[{"name":"wp","href":"https:\/\/api.w.org\/{rel}","templated":true}]}}