{"id":78732,"date":"2023-09-08T14:40:14","date_gmt":"2023-09-08T18:40:14","guid":{"rendered":"https:\/\/www.ottawahospital.on.ca\/?page_id=78732"},"modified":"2023-09-08T14:42:54","modified_gmt":"2023-09-08T18:42:54","slug":"equipe-dintervention-en-matiere-de-bien-etre-mental","status":"publish","type":"page","link":"https:\/\/www.ottawahospital.on.ca\/fr\/services-cliniques\/deptpgrmcs\/departements\/sante-mentale\/nos-services\/equipe-dintervention-en-matiere-de-bien-etre-mental\/","title":{"rendered":"\u00c9quipe d&rsquo;Intervention en Mati\u00e8re de Bien-\u00eatre Mental"},"content":{"rendered":"\n<p>Gr\u00e2ce \u00e0 l&rsquo;\u00e9quipe d&rsquo;intervention en mati\u00e8re de bien-\u00eatre mental, les appelants au 9-1-1 confront\u00e9s \u00e0 un probl\u00e8me de sant\u00e9 mentale peuvent recevoir une \u00e9valuation m\u00e9dicale par un ambulancier param\u00e9dical et une \u00e9valuation de la sant\u00e9 mentale par un professionnel de la sant\u00e9 mentale qui peut fournir des r\u00e9f\u00e9rences de ressources, un plan de soins et organiser pour des soins de sant\u00e9 mentale de suivi. Ce type d&rsquo;intervention permet \u00e0 ces personnes de rester en s\u00e9curit\u00e9 dans la communaut\u00e9, en leur prodiguant les soins appropri\u00e9s quand et o\u00f9 elles en ont besoin.&nbsp;<\/p>\n\n\n\n<p>L\u2019\u00e9quipe offre \u00e9galement la possibilit\u00e9 d\u2019\u00eatre aiguill\u00e9 vers l\u2019\u00e9quipe mobile de crise (ECM) de L\u2019HO, qui relie les patients au programme communautaire de lits de crise. Cette alternative volontaire et communautaire destin\u00e9e aux personnes confront\u00e9es \u00e0 des crises de sant\u00e9 mentale qui ne n\u00e9cessitent pas d&rsquo;hospitalisation, mais qui b\u00e9n\u00e9ficieraient d&rsquo;un acc\u00e8s \u00e0 un h\u00e9bergement temporaire dans un environnement favorable, offre aux individus la possibilit\u00e9 d&rsquo;entreprendre des d\u00e9marches pour r\u00e9soudre leur crise par la r\u00e9solution de probl\u00e8mes, stabilisation des sympt\u00f4mes et liens vers des soutiens communautaires.<\/p>\n","protected":false},"excerpt":{"rendered":"<p>Gr\u00e2ce \u00e0 l&rsquo;\u00e9quipe d&rsquo;intervention en mati\u00e8re de bien-\u00eatre mental, les appelants au 9-1-1 confront\u00e9s \u00e0 un probl\u00e8me de sant\u00e9 mentale peuvent recevoir une \u00e9valuation m\u00e9dicale par un ambulancier param\u00e9dical et une \u00e9valuation de la sant\u00e9 mentale par un professionnel de la sant\u00e9 mentale qui peut fournir des r\u00e9f\u00e9rences de ressources, un plan de soins et [&hellip;]<\/p>\n","protected":false},"author":25,"featured_media":0,"parent":10918,"menu_order":12,"comment_status":"closed","ping_status":"closed","template":"","meta":{"_acf_changed":false,"_mc_calendar":[],"footnotes":""},"class_list":["post-78732","page","type-page","status-publish","hentry"],"acf":[],"wps_subtitle":"","_links":{"self":[{"href":"https:\/\/www.ottawahospital.on.ca\/fr\/wp-json\/wp\/v2\/pages\/78732","targetHints":{"allow":["GET"]}}],"collection":[{"href":"https:\/\/www.ottawahospital.on.ca\/fr\/wp-json\/wp\/v2\/pages"}],"about":[{"href":"https:\/\/www.ottawahospital.on.ca\/fr\/wp-json\/wp\/v2\/types\/page"}],"author":[{"embeddable":true,"href":"https:\/\/www.ottawahospital.on.ca\/fr\/wp-json\/wp\/v2\/users\/25"}],"replies":[{"embeddable":true,"href":"https:\/\/www.ottawahospital.on.ca\/fr\/wp-json\/wp\/v2\/comments?post=78732"}],"version-history":[{"count":0,"href":"https:\/\/www.ottawahospital.on.ca\/fr\/wp-json\/wp\/v2\/pages\/78732\/revisions"}],"up":[{"embeddable":true,"href":"https:\/\/www.ottawahospital.on.ca\/fr\/wp-json\/wp\/v2\/pages\/10918"}],"wp:attachment":[{"href":"https:\/\/www.ottawahospital.on.ca\/fr\/wp-json\/wp\/v2\/media?parent=78732"}],"curies":[{"name":"wp","href":"https:\/\/api.w.org\/{rel}","templated":true}]}}