{"id":78694,"date":"2023-09-07T14:00:23","date_gmt":"2023-09-07T18:00:23","guid":{"rendered":"https:\/\/www.ottawahospital.on.ca\/?page_id=78694"},"modified":"2025-10-28T10:25:13","modified_gmt":"2025-10-28T14:25:13","slug":"programme-dacces-au-depistage-champlain","status":"publish","type":"page","link":"https:\/\/www.ottawahospital.on.ca\/fr\/services-cliniques\/deptpgrmcs\/programmes\/programme-de-cancerologie\/nos-programmes-et-cliniques\/programme-dacces-au-depistage-champlain\/","title":{"rendered":"Programme d&rsquo;acc\u00e8s au d\u00e9pistage Champlain"},"content":{"rendered":"\n<p>Lanc\u00e9 en juillet 2023, le Programme d&rsquo;acc\u00e8s au d\u00e9pistage Champlain permet aux personnes admissibles qui vivent dans l\u2019Est de l\u2019Ontario et qui n\u2019ont pas de m\u00e9decin de famille d\u2019avoir acc\u00e8s \u00e0 des examens de d\u00e9pistage du cancer.<\/p>\n\n\n\n<h2 class=\"wp-block-heading\">Suis-je admissible \u00e0 des examens de d\u00e9pistage du cancer?<\/h2>\n\n\n\n<p>Nous offrons des examens de d\u00e9pistage pour les cancers qui ont des programmes de d\u00e9pistage structur\u00e9s&nbsp;: <strong>cancer du col de l\u2019ut\u00e9rus, du sein, du poumon et colorectal<\/strong>.<\/p>\n\n\n\n<p>Consultez le tableau ci-dessous pour savoir si vous \u00eates admissible!<\/p>\n\n\n\n<figure class=\"wp-block-table\"><table><tbody><tr><td><strong>Cancer du col de l\u2019ut\u00e9rus<\/strong><\/td><td><strong>Cancer du sein<\/strong><\/td><td><strong>Cancer du poumon<\/strong><\/td><td><strong>Cancer colorectal<\/strong><\/td><\/tr><tr><td>Test de d\u00e9pistage du VPH&nbsp;tous les 5&nbsp;ans entre 25&nbsp;et&nbsp;69&nbsp;ans.<\/td><td>Mammographie entre 40 et 74&nbsp;ans. Si vous avez des ant\u00e9c\u00e9dents familiaux de cancer du sein, adressez-vous \u00e0 l\u2019infirmi\u00e8re praticienne pour savoir s\u2019il convient de vous faire d\u00e9pister plus t\u00f4t.<\/td><td>Anciens ou actuels fumeurs (55 \u00e0 80\u00a0ans).<\/td><td>Analyse des selles (FOBT) tous les 2 ans (50 \u00e0 74 ans). Selon leurs ant\u00e9c\u00e9dents familiaux, certaines personnes pourraient \u00eatre admissibles \u00e0 une coloscopie de d\u00e9pistage. &nbsp;<\/td><\/tr><\/tbody><\/table><\/figure>\n\n\n\n<p><strong>Ce programme ne s\u2019applique pas \u00e0 vous si :<\/strong><\/p>\n\n\n\n<ul class=\"wp-block-list\">\n<li>vous r\u00e9sidez \u00e0 l\u2019ext\u00e9rieur de l\u2019Ontario ou n\u2019\u00eates pas couvert par l\u2019Assurance-sant\u00e9 de l\u2019Ontario (OHIP).<\/li>\n\n\n\n<li>vous avez des signes ou sympt\u00f4mes de cancer. Nous ne fournissons pas d\u2019autres services de soins primaires ou de diagnostic. Si vous avez actuellement des probl\u00e8mes de sant\u00e9, veuillez avoir acc\u00e8s \u00e0 des soins par le biais de cliniques sans rendez-vous.<\/li>\n<\/ul>\n\n\n\n<h2 class=\"wp-block-heading\">Comment prendre rendez-vous?<\/h2>\n\n\n\n<p>Les personnes peuvent appeler directement le Programme d&rsquo;acc\u00e8s au d\u00e9pistage Champlain au 1&nbsp;833&nbsp;551-4125 ou prendre rendez-vous <a href=\"https:\/\/outlook.office365.com\/owa\/calendar\/OutreachScreening@theottawahospital.onmicrosoft.com\/bookings\/\">en ligne<\/a>. &nbsp;&nbsp;<\/p>\n\n\n\n<p>Votre premier rendez-vous se fera au t\u00e9l\u00e9phone. Si un rendez-vous en personne s\u2019av\u00e8re n\u00e9cessaire, vous serez alors vu \u00e0 l\u2019un de nos centres de la r\u00e9gion.<\/p>\n\n\n\n<p>Veuillez prendre quelques instants pour prendre connaissance de notre <a href=\"https:\/\/www.ottawahospital.on.ca\/en\/documents\/2023\/09\/declaration-et-consentement-du-patient-depistage-du-cancer.pdf\">formulaire<\/a> de consentement.<\/p>\n\n\n\n<h2 class=\"wp-block-heading\">Notre \u00e9quipe<\/h2>\n\n\n\n<p>Lorsque vous aurez acc\u00e8s \u00e0 notre programme, vous serez en contact avec notre \u00ab super d\u00e9pisteuse \u00bb Sarah Junkin-Hepworth, une infirmi\u00e8re praticienne.<\/p>\n\n\n\n<figure class=\"wp-block-image size-full is-resized is-style-default\"><img decoding=\"async\" width=\"733\" height=\"489\" src=\"https:\/\/www.ottawahospital.on.ca\/wp-content\/uploads\/2023\/09\/Sarah-Junkin-Hepworth.jpg\" alt=\"Sarah Junkin-Hepworth\" class=\"wp-image-78690\" style=\"aspect-ratio:16\/9;object-fit:cover;width:841px\" srcset=\"https:\/\/www.ottawahospital.on.ca\/wp-content\/uploads\/2023\/09\/Sarah-Junkin-Hepworth.jpg 733w, https:\/\/www.ottawahospital.on.ca\/wp-content\/uploads\/2023\/09\/Sarah-Junkin-Hepworth-600x400.jpg 600w, https:\/\/www.ottawahospital.on.ca\/wp-content\/uploads\/2023\/09\/Sarah-Junkin-Hepworth-300x200.jpg 300w\" sizes=\"(max-width: 733px) 100vw, 733px\" \/><\/figure>\n\n\n\n<p>Le Programme d&rsquo;acc\u00e8s au d\u00e9pistage Champlain travaille en \u00e9troite collaboration avec des partenaires communautaires, parmi lesquels Sant\u00e9 publique Ottawa, des \u00e9quipes de Sant\u00e9 Ontario et des centres de sant\u00e9 communautaire, pour ne citer que quelques exemples.<\/p>\n\n\n\n<h2 class=\"wp-block-heading\">Ressources pour les patients<\/h2>\n\n\n\n<ul class=\"wp-block-list\">\n<li>Action Cancer Ontario<\/li>\n\n\n\n<li><a href=\"https:\/\/www.mycanceriq.ca\/\">Why I screen<\/a><\/li>\n\n\n\n<li><a href=\"https:\/\/www.mycanceriq.ca\/\">Mon QICancer<\/a><\/li>\n<\/ul>\n\n\n\n<h2 class=\"wp-block-heading\">Ressources pour les patients&nbsp;\u2013&nbsp;Qu\u00e9bec<\/h2>\n\n\n\n<ul class=\"wp-block-list\">\n<li><a href=\"https:\/\/cancerquebec.ca\/information-sur-le-cancer\/le-cancer\/depistages-et-examens\/\">Fondation qu\u00e9b\u00e9coise du cancer<\/a><\/li>\n<\/ul>\n\n\n\n<p>Ligne Info-cancer&nbsp;: 1&nbsp;800&nbsp;363-0063<\/p>\n","protected":false},"excerpt":{"rendered":"<p>Lanc\u00e9 en juillet 2023, le Programme d&rsquo;acc\u00e8s au d\u00e9pistage Champlain permet aux personnes admissibles qui vivent dans l\u2019Est de l\u2019Ontario et qui n\u2019ont pas de m\u00e9decin de famille d\u2019avoir acc\u00e8s \u00e0 des examens de d\u00e9pistage du cancer. Suis-je admissible \u00e0 des examens de d\u00e9pistage du cancer? Nous offrons des examens de d\u00e9pistage pour les cancers [&hellip;]<\/p>\n","protected":false},"author":25,"featured_media":0,"parent":8984,"menu_order":18,"comment_status":"closed","ping_status":"closed","template":"","meta":{"_acf_changed":false,"_mc_calendar":[],"footnotes":""},"class_list":["post-78694","page","type-page","status-publish","hentry"],"acf":[],"wps_subtitle":"","_links":{"self":[{"href":"https:\/\/www.ottawahospital.on.ca\/fr\/wp-json\/wp\/v2\/pages\/78694","targetHints":{"allow":["GET"]}}],"collection":[{"href":"https:\/\/www.ottawahospital.on.ca\/fr\/wp-json\/wp\/v2\/pages"}],"about":[{"href":"https:\/\/www.ottawahospital.on.ca\/fr\/wp-json\/wp\/v2\/types\/page"}],"author":[{"embeddable":true,"href":"https:\/\/www.ottawahospital.on.ca\/fr\/wp-json\/wp\/v2\/users\/25"}],"replies":[{"embeddable":true,"href":"https:\/\/www.ottawahospital.on.ca\/fr\/wp-json\/wp\/v2\/comments?post=78694"}],"version-history":[{"count":0,"href":"https:\/\/www.ottawahospital.on.ca\/fr\/wp-json\/wp\/v2\/pages\/78694\/revisions"}],"up":[{"embeddable":true,"href":"https:\/\/www.ottawahospital.on.ca\/fr\/wp-json\/wp\/v2\/pages\/8984"}],"wp:attachment":[{"href":"https:\/\/www.ottawahospital.on.ca\/fr\/wp-json\/wp\/v2\/media?parent=78694"}],"curies":[{"name":"wp","href":"https:\/\/api.w.org\/{rel}","templated":true}]}}