{"id":7857,"date":"2016-11-16T14:40:53","date_gmt":"2016-11-16T19:40:53","guid":{"rendered":"http:\/\/52.229.122.34\/fr\/?page_id=7857"},"modified":"2016-12-08T15:39:19","modified_gmt":"2016-12-08T20:39:19","slug":"deptpgrmcs","status":"publish","type":"page","link":"https:\/\/www.ottawahospital.on.ca\/fr\/services-cliniques\/deptpgrmcs\/","title":{"rendered":"D\u00e9partements, programmes, cliniques et services"},"content":{"rendered":"<h2>D\u00e9partements, programmes, cliniques et services<\/h2>\n<p><strong>Remarque :<\/strong> Pour faire une recherche dans l\u2019ensemble de ces services, veuillez utiliser l\u2019outil de recherche situ\u00e9 en haut de chaque page.<\/p>\n<p>Pour joindre un d\u00e9partement, un programme, une clinique ou un service, composez le num\u00e9ro principal de l\u2019H\u00f4pital (613-722-7000) et demandez de faire acheminer votre appel \u00e0 l\u2019endroit souhait\u00e9.<\/p>\n","protected":false},"excerpt":{"rendered":"<p>D\u00e9partements, programmes, cliniques et services Remarque : Pour faire une recherche dans l\u2019ensemble de ces services, veuillez utiliser l\u2019outil de recherche situ\u00e9 en haut de chaque page. Pour joindre un d\u00e9partement, un programme, une clinique ou un service, composez le num\u00e9ro principal de l\u2019H\u00f4pital (613-722-7000) et demandez de faire acheminer votre appel \u00e0 l\u2019endroit souhait\u00e9.<\/p>\n","protected":false},"author":25,"featured_media":0,"parent":56,"menu_order":1,"comment_status":"closed","ping_status":"closed","template":"Template - DPCS landing page.php","meta":{"_acf_changed":false,"_mc_calendar":[],"footnotes":""},"class_list":["post-7857","page","type-page","status-publish","hentry"],"acf":[],"wps_subtitle":"","_links":{"self":[{"href":"https:\/\/www.ottawahospital.on.ca\/fr\/wp-json\/wp\/v2\/pages\/7857","targetHints":{"allow":["GET"]}}],"collection":[{"href":"https:\/\/www.ottawahospital.on.ca\/fr\/wp-json\/wp\/v2\/pages"}],"about":[{"href":"https:\/\/www.ottawahospital.on.ca\/fr\/wp-json\/wp\/v2\/types\/page"}],"author":[{"embeddable":true,"href":"https:\/\/www.ottawahospital.on.ca\/fr\/wp-json\/wp\/v2\/users\/25"}],"replies":[{"embeddable":true,"href":"https:\/\/www.ottawahospital.on.ca\/fr\/wp-json\/wp\/v2\/comments?post=7857"}],"version-history":[{"count":0,"href":"https:\/\/www.ottawahospital.on.ca\/fr\/wp-json\/wp\/v2\/pages\/7857\/revisions"}],"up":[{"embeddable":true,"href":"https:\/\/www.ottawahospital.on.ca\/fr\/wp-json\/wp\/v2\/pages\/56"}],"wp:attachment":[{"href":"https:\/\/www.ottawahospital.on.ca\/fr\/wp-json\/wp\/v2\/media?parent=7857"}],"curies":[{"name":"wp","href":"https:\/\/api.w.org\/{rel}","templated":true}]}}