{"id":78347,"date":"2023-08-10T14:59:26","date_gmt":"2023-08-10T18:59:26","guid":{"rendered":"https:\/\/www.ottawahospital.on.ca\/?page_id=78347"},"modified":"2023-08-10T14:59:31","modified_gmt":"2023-08-10T18:59:31","slug":"la-clinique-dacces-rapide-pour-la-lombalgie-car-lb","status":"publish","type":"page","link":"https:\/\/www.ottawahospital.on.ca\/fr\/services-cliniques\/deptpgrmcs\/programmes\/la-clinique-dacces-rapide-pour-la-lombalgie-car-lb\/","title":{"rendered":"La Clinique d\u2019acc\u00e8s rapide pour la lombalgie (CAR-LB)"},"content":{"rendered":"\n<p>CAR-LB- est un programme financ\u00e9 par le minist\u00e8re de la Sant\u00e9 et des Soins de longue dur\u00e9e. C\u2019est une mod\u00e8le novateur de soins partag\u00e9s qui remonte aux causes pour g\u00e9rer la douleur dans le bas du dos. Dans les quatre semaines suivant sa recommandation au programme par un m\u00e9decin de soins primaires, le patient re\u00e7oit une \u00e9valuation de sa douleur au dos, de l\u2019enseignement et un plan d\u2019autogestion fond\u00e9 sur des donn\u00e9es scientifiques. &nbsp;<\/p>\n\n\n\n<p>Selon un mod\u00e8le d\u00e9centralis\u00e9, RAC-LBP offrent des services par l\u2019entremise de professionnels de la sant\u00e9 en milieu communautaire capables d\u2019assurer une \u00e9valuation approfondie et d\u2019\u00e9tablir des plans de soins avec la collaboration du patient et centers sur l\u2019enseignement et l\u2019autogestion. Les patients sont class\u00e9s en fonction de leur pr\u00e9sentation symptomatique, du risque de chronicit\u00e9\/d\u2019arthrite inflammatoire\/d\u00e9pendance aux opio\u00efdes, ce qui aide \u00e0 d\u00e9terminer leur plan clinique. &nbsp;<\/p>\n\n\n\n<p>Les patients qui ont besoin d\u2019une consultation en chirurgie, ou d\u2019imagerie diagnostique verront leur dossier transf\u00e9r\u00e9 \u00e0 un responsable de la pratique en milieu hospitalier (Campus Civic de L\u2019H\u00f4pital d\u2019Ottawa), qui s\u2019occupera ensuite de leur cas et qui pourrait devancer leur traitements. &nbsp;<\/p>\n\n\n\n<h2 class=\"wp-block-heading\">Buts de programme<\/h2>\n\n\n\n<ul class=\"wp-block-list\">\n<li>Am\u00e9liorer l\u2019\u00e9tat de sant\u00e9 et la satisfaction des soins de sant\u00e9 obtenus par les patients souffrants de douleur lombaire et\/ou de douleur reli\u00e9e \u00e0 la r\u00e9gion lombaire (radiculopathie) &gt; 6 semaines et &lt;12 mois &nbsp;<\/li>\n\n\n\n<li>R\u00e9duire l\u2019utilisation des IRMs non-n\u00e9cessaires &nbsp;<\/li>\n\n\n\n<li>R\u00e9duire l\u2019aiguillage non-n\u00e9cessaire aux sp\u00e9cialistes<\/li>\n<\/ul>\n\n\n\n<p>Les recommandations ne sont accept\u00e9es que par des fournisseurs de soins primaires enregistr\u00e9s (tels que m\u00e9decins de famille et infirmi\u00e8res praticiennes). Veuillez contacter <a href=\"mailto:lowbackrac@toh.ca\">lowbackrac@toh.ca<\/a> pour plus d&rsquo;informations.<\/p>\n","protected":false},"excerpt":{"rendered":"<p>CAR-LB- est un programme financ\u00e9 par le minist\u00e8re de la Sant\u00e9 et des Soins de longue dur\u00e9e. C\u2019est une mod\u00e8le novateur de soins partag\u00e9s qui remonte aux causes pour g\u00e9rer la douleur dans le bas du dos. Dans les quatre semaines suivant sa recommandation au programme par un m\u00e9decin de soins primaires, le patient re\u00e7oit [&hellip;]<\/p>\n","protected":false},"author":25,"featured_media":0,"parent":7866,"menu_order":0,"comment_status":"closed","ping_status":"closed","template":"","meta":{"_acf_changed":false,"_mc_calendar":[],"footnotes":""},"class_list":["post-78347","page","type-page","status-publish","hentry"],"acf":[],"wps_subtitle":"","_links":{"self":[{"href":"https:\/\/www.ottawahospital.on.ca\/fr\/wp-json\/wp\/v2\/pages\/78347","targetHints":{"allow":["GET"]}}],"collection":[{"href":"https:\/\/www.ottawahospital.on.ca\/fr\/wp-json\/wp\/v2\/pages"}],"about":[{"href":"https:\/\/www.ottawahospital.on.ca\/fr\/wp-json\/wp\/v2\/types\/page"}],"author":[{"embeddable":true,"href":"https:\/\/www.ottawahospital.on.ca\/fr\/wp-json\/wp\/v2\/users\/25"}],"replies":[{"embeddable":true,"href":"https:\/\/www.ottawahospital.on.ca\/fr\/wp-json\/wp\/v2\/comments?post=78347"}],"version-history":[{"count":0,"href":"https:\/\/www.ottawahospital.on.ca\/fr\/wp-json\/wp\/v2\/pages\/78347\/revisions"}],"up":[{"embeddable":true,"href":"https:\/\/www.ottawahospital.on.ca\/fr\/wp-json\/wp\/v2\/pages\/7866"}],"wp:attachment":[{"href":"https:\/\/www.ottawahospital.on.ca\/fr\/wp-json\/wp\/v2\/media?parent=78347"}],"curies":[{"name":"wp","href":"https:\/\/api.w.org\/{rel}","templated":true}]}}