{"id":78212,"date":"2023-07-25T10:52:39","date_gmt":"2023-07-25T14:52:39","guid":{"rendered":"https:\/\/www.ottawahospital.on.ca\/?page_id=78212"},"modified":"2023-07-25T10:52:44","modified_gmt":"2023-07-25T14:52:44","slug":"programme-dhepatite","status":"publish","type":"page","link":"https:\/\/www.ottawahospital.on.ca\/fr\/services-cliniques\/deptpgrmcs\/programmes\/programme-dhepatite\/","title":{"rendered":"Programme d\u2019h\u00e9patite"},"content":{"rendered":"\n<h2 class=\"wp-block-heading\">Le Programme d\u2019h\u00e9patite de L\u2019H\u00f4pital d\u2019Ottawa et de la r\u00e9gion<\/h2>\n\n\n\n<p>Bienvenue au Programme d\u2019h\u00e9patite de L\u2019H\u00f4pital d\u2019Ottawa et de la r\u00e9gion. Nous traitons les patients qui pr\u00e9sentent un risque \u00e9lev\u00e9 ou qui ont re\u00e7u un diagnostic d\u2019h\u00e9patite virale B ou C, en nous appuyant sur diverses cliniques hospitali\u00e8res, communautaires et virtuelles.<\/p>\n\n\n\n<h3 class=\"wp-block-heading\">\u00c0 notre sujet<\/h3>\n\n\n\n<p>Le <a href=\"https:\/\/www.ohri.ca\/profile\/CurtisCooper\">D<sup>r<\/sup> Curtis Cooper<\/a> dirige une \u00e9quipe d\u00e9vou\u00e9e d\u2019infirmi\u00e8res, de travailleuses sociales, de psychologues et de sp\u00e9cialistes de l\u2019h\u00e9patologie, des maladies infectieuses et de la m\u00e9decine interne qui collaborent pour cr\u00e9er un plan de traitement personnalis\u00e9.\u00a0<\/p>\n\n\n\n<h3 class=\"wp-block-heading\">Nos services<\/h3>\n\n\n\n<p>\u00c0 notre soutien concret \u00e0 l\u2019h\u00f4pital s\u2019ajoute notre collaboration avec des centres de sant\u00e9 communautaires, des bureaux de sant\u00e9 publics et des fournisseurs de soins de sant\u00e9 pour offrir \u00e0 chaque patient de notre programme des soins de calibre mondial, facilement accessibles et exempts de jugement.<\/p>\n\n\n\n<h3 class=\"wp-block-heading\">Cliniques virtuelles<\/h3>\n\n\n\n<p>Les patients de l\u2019ext\u00e9rieur d\u2019Ottawa et du Nunavut, ou sans acc\u00e8s local \u00e0 des soins de l\u2019h\u00e9patite virale, peuvent acc\u00e9der \u00e0 notre programme par l\u2019entremise de cliniques virtuelles h\u00e9berg\u00e9es par le R\u00e9seau T\u00e9l\u00e9m\u00e9decine Ontario. La D<sup>re<\/sup> Sarah Mansour, une sp\u00e9cialiste des maladies infectieuses, et une infirmi\u00e8re sont affect\u00e9es \u00e0 ce programme.<\/p>\n\n\n\n<h3 class=\"wp-block-heading\">Acc\u00e8s au programme<\/h3>\n\n\n\n<p>Le programme d\u2019h\u00e9patite de la r\u00e9gion privil\u00e9gie les demandes de consultation de la part d\u2019un m\u00e9decin. Toutefois, les patients peuvent aussi communiquer par t\u00e9l\u00e9phone avec le coordonnateur du programme pour d\u00e9terminer si le programme r\u00e9pond \u00e0 leurs besoins.<\/p>\n\n\n\n<p>Bureau\u00a0: 613\u00a0737-8899, poste\u00a076362<\/p>\n\n\n\n<p>Coordonnateur du programme\u00a0: 613\u00a0737-8899, poste\u00a079286<\/p>\n\n\n\n<p>T\u00e9l\u00e9copieur\u00a0: 613\u00a0739-6666<\/p>\n","protected":false},"excerpt":{"rendered":"<p>Le Programme d\u2019h\u00e9patite de L\u2019H\u00f4pital d\u2019Ottawa et de la r\u00e9gion Bienvenue au Programme d\u2019h\u00e9patite de L\u2019H\u00f4pital d\u2019Ottawa et de la r\u00e9gion. Nous traitons les patients qui pr\u00e9sentent un risque \u00e9lev\u00e9 ou qui ont re\u00e7u un diagnostic d\u2019h\u00e9patite virale B ou C, en nous appuyant sur diverses cliniques hospitali\u00e8res, communautaires et virtuelles. \u00c0 notre sujet Le [&hellip;]<\/p>\n","protected":false},"author":25,"featured_media":0,"parent":7866,"menu_order":0,"comment_status":"closed","ping_status":"closed","template":"","meta":{"_acf_changed":false,"_mc_calendar":[],"footnotes":""},"class_list":["post-78212","page","type-page","status-publish","hentry"],"acf":[],"wps_subtitle":"","_links":{"self":[{"href":"https:\/\/www.ottawahospital.on.ca\/fr\/wp-json\/wp\/v2\/pages\/78212","targetHints":{"allow":["GET"]}}],"collection":[{"href":"https:\/\/www.ottawahospital.on.ca\/fr\/wp-json\/wp\/v2\/pages"}],"about":[{"href":"https:\/\/www.ottawahospital.on.ca\/fr\/wp-json\/wp\/v2\/types\/page"}],"author":[{"embeddable":true,"href":"https:\/\/www.ottawahospital.on.ca\/fr\/wp-json\/wp\/v2\/users\/25"}],"replies":[{"embeddable":true,"href":"https:\/\/www.ottawahospital.on.ca\/fr\/wp-json\/wp\/v2\/comments?post=78212"}],"version-history":[{"count":0,"href":"https:\/\/www.ottawahospital.on.ca\/fr\/wp-json\/wp\/v2\/pages\/78212\/revisions"}],"up":[{"embeddable":true,"href":"https:\/\/www.ottawahospital.on.ca\/fr\/wp-json\/wp\/v2\/pages\/7866"}],"wp:attachment":[{"href":"https:\/\/www.ottawahospital.on.ca\/fr\/wp-json\/wp\/v2\/media?parent=78212"}],"curies":[{"name":"wp","href":"https:\/\/api.w.org\/{rel}","templated":true}]}}