{"id":77723,"date":"2023-06-20T15:22:27","date_gmt":"2023-06-20T19:22:27","guid":{"rendered":"https:\/\/www.ottawahospital.on.ca\/?page_id=77723"},"modified":"2025-11-21T09:29:01","modified_gmt":"2025-11-21T14:29:01","slug":"pourquoi-choisir","status":"publish","type":"page","link":"https:\/\/www.ottawahospital.on.ca\/fr\/possibilites-de-carriere\/pourquoi-choisir\/","title":{"rendered":"Pourquoi choisir L&rsquo;H\u00f4pital d&rsquo;Ottawa?"},"content":{"rendered":"\n<div class=\"wp-block-media-text alignfull has-media-on-the-right is-stacked-on-mobile is-vertically-aligned-center\"><div class=\"wp-block-media-text__content\">\n<h1 class=\"wp-block-heading has-text-align-center has-text-color\" style=\"color:#295d90;font-size:55px\"><strong>Nous redessinons l\u2019avenir des soins de sant\u00e9<\/strong><\/h1>\n<\/div><figure class=\"wp-block-media-text__media\"><img decoding=\"async\" width=\"970\" height=\"1024\" src=\"https:\/\/www.ottawahospital.on.ca\/wp-content\/uploads\/2023\/01\/Reshaping-Illustration-1-970x1024.png\" alt=\"Illustration d'un groupe de personnes travaillant dans un h\u00f4pital.\" class=\"wp-image-75435 size-full\" srcset=\"https:\/\/www.ottawahospital.on.ca\/wp-content\/uploads\/2023\/01\/Reshaping-Illustration-1-970x1024.png 970w, https:\/\/www.ottawahospital.on.ca\/wp-content\/uploads\/2023\/01\/Reshaping-Illustration-1-600x633.png 600w, https:\/\/www.ottawahospital.on.ca\/wp-content\/uploads\/2023\/01\/Reshaping-Illustration-1-284x300.png 284w, https:\/\/www.ottawahospital.on.ca\/wp-content\/uploads\/2023\/01\/Reshaping-Illustration-1-768x811.png 768w, https:\/\/www.ottawahospital.on.ca\/wp-content\/uploads\/2023\/01\/Reshaping-Illustration-1.png 1272w\" sizes=\"(max-width: 970px) 100vw, 970px\" \/><\/figure><\/div>\n\n\n\n<div style=\"height:20px\" aria-hidden=\"true\" class=\"wp-block-spacer\"><\/div>\n\n\n\n<p>Rejoignez l\u2019un des plus importants centres hospitaliers d\u2019enseignement et de recherche au Canada. L\u2019H\u00f4pital d\u2019Ottawa est le seul centre hospitalier de soins tertiaires dans la r\u00e9gion \u00e0 offrir des soins aux patients d\u2019Ottawa, de l\u2019Est de l\u2019Ontario, de l\u2019ouest du Qu\u00e9bec et du Nunavut.<\/p>\n\n\n\n<p>Nous sommes vos m\u00e9decins et vos infirmi\u00e8res, vos pr\u00e9pos\u00e9s et vos technologues, vos th\u00e9rapeutes, vos travailleuses sociales, vos commis et vos concierges. Ajoutons que nous sommes aussi vos professionnels des finances, de l\u2019information, des ressources humaines, de l\u2019approvisionnement et de la gestion. Ensemble, nous formons une v\u00e9ritable mini-collectivit\u00e9 de quelque 17\u2009000&nbsp;travailleurs repr\u00e9sentant une immense diversit\u00e9 d\u2019expertises, d\u2019exp\u00e9riences et de cultures.<\/p>\n\n\n\n<p>Dans les ann\u00e9es \u00e0 venir, L\u2019H\u00f4pital d\u2019Ottawa contribuera \u00e0 redessiner l\u2019avenir des soins de sant\u00e9 et \u00e0 refl\u00e9ter les besoins et les innovations propres au 21<sup>e<\/sup>&nbsp;si\u00e8cle, une \u00e8re o\u00f9 nous veillerons non seulement \u00e0 la sant\u00e9 du patient dans les murs de l\u2019h\u00f4pital, mais aussi \u00e0 celle de la personne vivant au sein de la collectivit\u00e9.<\/p>\n\n\n\n<div style=\"height:20px\" aria-hidden=\"true\" class=\"wp-block-spacer\"><\/div>\n\n\n\n<div class=\"wp-block-buttons is-content-justification-center is-layout-flex wp-container-core-buttons-is-layout-16018d1d wp-block-buttons-is-layout-flex\">\n<div class=\"wp-block-button\"><a class=\"wp-block-button__link has-white-color has-text-color has-background wp-element-button\" href=\"https:\/\/jobposting.ottawahospital.on.ca\/psc\/jobposting\/EMPLOYEE\/HRMS\/c\/HRS_HRAM_FL.HRS_CG_SEARCH_FL.GBL?Page=HRS_APP_SCHJOB_FL&amp;Action=U&amp;FOCUS=Applicant&amp;SiteId=2&amp;languageCD=CFR\" style=\"border-radius:0px;background-color:#295d90\" target=\"_blank\" rel=\"noreferrer noopener\"><strong>Possibilit\u00e9s de carri\u00e8re<\/strong><\/a><\/div>\n<\/div>\n\n\n\n<div style=\"height:20px\" aria-hidden=\"true\" class=\"wp-block-spacer\"><\/div>\n\n\n\n<h2 class=\"wp-block-heading\">Pourquoi choisir L\u2019H\u00f4pital d\u2019Ottawa?<\/h2>\n\n\n\n<h3 class=\"wp-block-heading\">Une r\u00e9mun\u00e9ration \u00e9tendue, moderne et concurrentielle<\/h3>\n\n\n\n<ul class=\"wp-block-list\">\n<li>Une paie concurrentielle qui offre un ensemble g\u00e9n\u00e9reux de cong\u00e9s de vacances et de maladie<\/li>\n\n\n\n<li>Des programmes de retraite progressifs<\/li>\n\n\n\n<li>Un R\u00e9gime de retraite avantageux auquel L\u2019H\u00f4pital d\u2019Ottawa contribue. <a href=\"https:\/\/www.hoopp.com\/\">Consultez le site Web du r\u00e9gime pour obtenir davantage de renseignements.<\/a><\/li>\n\n\n\n<li>Des avantages sociaux et une assurance pour vous et votre famille<\/li>\n\n\n\n<li>Les employ\u00e9s \u00e0 temps partiel et occasionnels re\u00e7oivent un pourcentage du salaire au lieu de certains avantages sociaux (jours f\u00e9ri\u00e9s, cong\u00e9s annuels et cong\u00e9s).<\/li>\n<\/ul>\n\n\n\n<h3 class=\"wp-block-heading\">Une culture d\u2019appartenance<\/h3>\n\n\n\n<p>Par l\u2019entremise du Conseil sur l\u2019\u00e9quit\u00e9, la diversit\u00e9 et l\u2019inclusion de L\u2019H\u00f4pital d\u2019Ottawa, nous sommes engag\u00e9s \u00e0 cr\u00e9er une culture de diversit\u00e9 et d\u2019inclusion dans laquelle le personnel, les patients et la collectivit\u00e9 se sentent accueillis, respect\u00e9s, valoris\u00e9s et en s\u00e9curit\u00e9.<\/p>\n\n\n\n<h3 class=\"wp-block-heading\">Nos valeurs fondamentales<\/h3>\n\n\n\n<ul class=\"wp-block-list\">\n<li><strong>Compassion&nbsp;<\/strong>: La compr\u00e9hension et le respect sont au c\u0153ur de tout ce que nous faisons. La compassion est pr\u00e9sente \u00e0 chaque chapitre de notre histoire et inspire notre avenir. Nous offrons des soins empreints de compassion et encourageons la compassion au sein de notre \u00e9quipe.<\/li>\n\n\n\n<li><strong>Engagement \u00e0 la qualit\u00e9&nbsp;<\/strong>: Les membres de notre \u00e9quipe se sont engag\u00e9s \u00e0 offrir des soins de qualit\u00e9 aux patients et \u00e0 assurer la s\u00e9curit\u00e9 de tout un chacun. Nous y parvenons en visant continuellement l\u2019excellence dans tous les aspects de nos activit\u00e9s.<\/li>\n\n\n\n<li><strong>Collaboration&nbsp;<\/strong>: Notre culture est fond\u00e9e sur le respect mutuel, le travail d\u2019\u00e9quipe et la compassion. Nous travaillons aux c\u00f4t\u00e9s de coll\u00e8gues de tous les \u00e9chelons, qui sont issus de milieux professionnels et culturels diversifi\u00e9s, avec la ferme intention de r\u00e9ussir main dans la main et de c\u00e9l\u00e9brer les r\u00e9alisations d\u2019autrui.<\/li>\n\n\n\n<li><strong>Respect de la personne&nbsp;<\/strong>: Nous tenons \u00e0 cr\u00e9er un espace pour le personnel, les patients et la collectivit\u00e9 qui soit \u00e0 la fois diversifi\u00e9 et inclusif, o\u00f9 les diff\u00e9rences sont c\u00e9l\u00e9br\u00e9es et o\u00f9 chacun se sent valoris\u00e9. Nous offrons un milieu de travail inclusif, nous encourageons la compr\u00e9hension et favorisons l\u2019empathie.<\/li>\n<\/ul>\n\n\n\n<h3 class=\"wp-block-heading\">L\u2019accent sur l&rsquo;engagement le mieux-\u00eatre et la reconnaissance<\/h3>\n\n\n\n<ul class=\"wp-block-list\">\n<li>Horaires flexibles<\/li>\n\n\n\n<li>Centre du mieux-\u00eatre et acc\u00e8s \u00e0 des services de m\u00e9decine familiale<\/li>\n\n\n\n<li>Centres GoodLife Fitness sur place<\/li>\n\n\n\n<li>Acc\u00e8s au soutien \u00e0 la sant\u00e9 mentale &#8211; psychologie, travail social, soutien par les pairs<\/li>\n\n\n\n<li>Programme d\u2019aide aux employ\u00e9s et \u00e0 leur famille<\/li>\n\n\n\n<li>C\u00e9l\u00e9bration du personnel&nbsp;: Semaine de reconnaissance du personnel, reconnaissance des ann\u00e9es de service et c\u00e9l\u00e9bration d\u2019hiver<\/li>\n\n\n\n<li>Rabais dans des commerces locaux<\/li>\n<\/ul>\n\n\n\n<h3 class=\"wp-block-heading\">Formation et perfectionnement professionnels<\/h3>\n\n\n\n<ul class=\"wp-block-list\">\n<li>Programmes internes de formation professionnelle et de perfectionnement en leadership align\u00e9s sur vos objectifs de carri\u00e8res<\/li>\n\n\n\n<li>Centre des carri\u00e8res pour soutenir les objectifs de carri\u00e8re de nos employ\u00e9s et offrir des soutiens, des outils et des ressources int\u00e9graux pour aider le personnel qui explore de nouveaux r\u00f4les et des plans de carri\u00e8re \u00e0 l\u2019H\u00f4pital<\/li>\n\n\n\n<li>Centre de simulation le plus grand au pays<\/li>\n\n\n\n<li>Cours de fran\u00e7ais<\/li>\n\n\n\n<li>Acc\u00e8s \u00e0 LinkedIn Learning<\/li>\n<\/ul>\n\n\n\n<h3 class=\"wp-block-heading\">Chef de file de l\u2019innovation en soins de sant\u00e9<\/h3>\n\n\n\n<p>Faites partie de la recherche de pointe, de traitements novateurs et de mod\u00e8les de soins \u00e9volu\u00e9s.<\/p>\n\n\n\n<ul class=\"wp-block-list\">\n<li>Esprits brillants, traitements avant-gardistes et installations de pointe.<\/li>\n\n\n\n<li>Notre nouveau campus rehaussera notre r\u00e9putation comme carrefour mondial de la d\u00e9couverte et de l\u2019innovation en m\u00e9decine avec son centre des neurosciences de calibre international.<\/li>\n\n\n\n<li>Possibilit\u00e9s de travailler au sein de mod\u00e8les de soins cliniques et de contribuer \u00e0 faire avancer la recherche r\u00e9volutionnaire.<\/li>\n<\/ul>\n\n\n\n<div style=\"height:20px\" aria-hidden=\"true\" class=\"wp-block-spacer\"><\/div>\n\n\n\n<div class=\"wp-block-group alignfull has-text-color has-background\" style=\"color:#000000;background-color:#ffffff\"><div class=\"wp-block-group__inner-container is-layout-flow wp-block-group-is-layout-flow\">\n<div style=\"height:10px\" aria-hidden=\"true\" class=\"wp-block-spacer\"><\/div>\n\n\n\n<h2 class=\"wp-block-heading has-text-align-center has-text-color\" id=\"schedule-a-visit\" style=\"color:#c15c2e;font-size:26px;line-height:1.15\">L\u2019H\u00f4pital d\u2019Ottawa souscrit au principe d\u2019\u00e9quit\u00e9 en mati\u00e8re d\u2019emploi. Il offre sur demande aux personnes ayant une incapacit\u00e9 des mesures d\u2019adaptation dans le cadre du processus de s\u00e9lection et en cours d\u2019emploi au besoin.<\/h2>\n\n\n\n<div class=\"wp-block-buttons is-horizontal is-content-justification-center is-layout-flex wp-container-core-buttons-is-layout-499968f5 wp-block-buttons-is-layout-flex\">\n<div class=\"wp-block-button has-custom-width wp-block-button__width-50\"><a class=\"wp-block-button__link has-text-color has-background has-custom-font-size wp-element-button\" href=\"https:\/\/jobposting.ottawahospital.on.ca\/psc\/jobposting\/EMPLOYEE\/HRMS\/c\/HRS_HRAM_FL.HRS_CG_SEARCH_FL.GBL?Page=HRS_APP_SCHJOB_FL&amp;Action=U&amp;FOCUS=Applicant&amp;SiteId=2&amp;languageCD=CFR\" style=\"border-radius:0px;color:#ffffff;background-color:#c15c2e;font-size:25px\" target=\"_blank\" rel=\"noreferrer noopener\"><strong>Possibilit\u00e9s de carri\u00e8re<\/strong><\/a><\/div>\n<\/div>\n\n\n\n<div style=\"height:45px\" aria-hidden=\"true\" class=\"wp-block-spacer\"><\/div>\n<\/div><\/div>\n","protected":false},"excerpt":{"rendered":"<p>Nous redessinons l\u2019avenir des soins de sant\u00e9 Rejoignez l\u2019un des plus importants centres hospitaliers d\u2019enseignement et de recherche au Canada. L\u2019H\u00f4pital d\u2019Ottawa est le seul centre hospitalier de soins tertiaires dans la r\u00e9gion \u00e0 offrir des soins aux patients d\u2019Ottawa, de l\u2019Est de l\u2019Ontario, de l\u2019ouest du Qu\u00e9bec et du Nunavut. Nous sommes vos m\u00e9decins [&hellip;]<\/p>\n","protected":false},"author":25,"featured_media":0,"parent":77122,"menu_order":1,"comment_status":"closed","ping_status":"closed","template":"","meta":{"_acf_changed":false,"_mc_calendar":[],"footnotes":""},"class_list":["post-77723","page","type-page","status-publish","hentry"],"acf":[],"wps_subtitle":"","_links":{"self":[{"href":"https:\/\/www.ottawahospital.on.ca\/fr\/wp-json\/wp\/v2\/pages\/77723","targetHints":{"allow":["GET"]}}],"collection":[{"href":"https:\/\/www.ottawahospital.on.ca\/fr\/wp-json\/wp\/v2\/pages"}],"about":[{"href":"https:\/\/www.ottawahospital.on.ca\/fr\/wp-json\/wp\/v2\/types\/page"}],"author":[{"embeddable":true,"href":"https:\/\/www.ottawahospital.on.ca\/fr\/wp-json\/wp\/v2\/users\/25"}],"replies":[{"embeddable":true,"href":"https:\/\/www.ottawahospital.on.ca\/fr\/wp-json\/wp\/v2\/comments?post=77723"}],"version-history":[{"count":0,"href":"https:\/\/www.ottawahospital.on.ca\/fr\/wp-json\/wp\/v2\/pages\/77723\/revisions"}],"up":[{"embeddable":true,"href":"https:\/\/www.ottawahospital.on.ca\/fr\/wp-json\/wp\/v2\/pages\/77122"}],"wp:attachment":[{"href":"https:\/\/www.ottawahospital.on.ca\/fr\/wp-json\/wp\/v2\/media?parent=77723"}],"curies":[{"name":"wp","href":"https:\/\/api.w.org\/{rel}","templated":true}]}}